{"id":10178,"date":"2025-04-03T07:56:55","date_gmt":"2025-04-03T07:56:55","guid":{"rendered":"https:\/\/test.thermshop.ee\/?post_type=product&#038;p=10178"},"modified":"2025-04-03T07:57:17","modified_gmt":"2025-04-03T07:57:17","slug":"xspecter-tcrow-elite-kinnitusalus-kandesusteem","status":"publish","type":"product","link":"https:\/\/test.thermshop.ee\/en\/toode\/xspecter-tcrow-elite-kinnitusalus-kandesusteem\/","title":{"rendered":"XSPECTER TCROW ELITE kinnitusalus\/kandes\u00fcsteem"},"content":{"rendered":"\t<div id=\"text-3113461557\" class=\"text\">\n\t\t\n<h2 class=\"uppercase\">XSPECTER TCROW ELITE kinnitusalus\/KANDES\u00dcSTEEM<\/h2>\n<p>XSPECTER TCROW ELITE on uusim kandes\u00fcsteemide versioon. Selles kinnitusaluses\/kandes\u00fcsteemis on kombineeritud k\u00f5ik parimad uuendused, et tagada veelgi suurem j\u00f5udlus ja mugavus. TCROW ELITE on varustatud kiirkinnitusega kaameraadapteriga. Metallist hammasrattad tagavad vastupidava ja vibratsioonivaba t\u00f6\u00f6. USB-C v\u00e4ljund v\u00f5imaldab kaamerat samaaegselt laadida. 1\/4&#8243; statiiviadapter v\u00f5imaldab kinnitada statiivile\u00a0 v\u00f5i kiirkinnitusega adapterile.\u00a0 Komplektis on kaasas ka kolmas statiivi alus ja kaugjuhtimispult. K\u00f5ik tarvikud on pakendatud mugavasse taktikalisse kotti. Selle kandes\u00fcsteemiga kogete t\u00e4iesti uusi v\u00f5imalusi.<\/p>\n\t\t\n<style>\n#text-3113461557 {\n  font-size: 1.05rem;\n  text-align: center;\n}\n<\/style>\n\t<\/div>\n\t\n\t<div id=\"gap-333894398\" class=\"gap-element clearfix\" style=\"display:block; height:auto;\">\n\t\t\n<style>\n#gap-333894398 {\n  padding-top: 30px;\n}\n<\/style>\n\t<\/div>\n\t\n<div class=\"text-center\"><div class=\"is-divider divider clearfix\" style=\"max-width:2000px;height:1px;\"><\/div><\/div>\n<div class=\"row align-middle align-center\"  id=\"row-39093371\">\n\n\t<div id=\"col-1586568509\" class=\"col small-12 large-12\"  >\n\t\t\t\t<div class=\"col-inner\"  >\n\t\t\t\n\t\t\t\n\t<div id=\"text-2277117398\" class=\"text\">\n\t\t\n<h2>Metallist hammasrattad<\/h2>\n<ul>\n<li>Sujuv video edastus reaalajas ja parem stabiilsus.<\/li>\n<li>Raskematele rakendustele ja kaameratele.<\/li>\n<li>Metallist hammasrataste komplekt.<\/li>\n<li>Suurem stabiilsus s\u00f5idu ajal.<\/li>\n<li>Suurendatud kandev\u00f5ime kuni 3.5 kg.<\/li>\n<li>Madala kuluvustasemega.<\/li>\n<li>Isem\u00e4\u00e4riv.<br \/>\n\t\t\n<style>\n#text-2277117398 {\n  text-align: left;\n}\n<\/style>\n\t<\/div>\n\t<\/li>\n<\/ul>\n\t\t<\/div>\n\t\t\t\t\t<\/div>\n\n\t\n<\/div>\n<div class=\"text-center\"><div class=\"is-divider divider clearfix\" style=\"max-width:2000px;height:1px;\"><\/div><\/div>\n<div class=\"row row-large row-full-width align-middle\"  id=\"row-774303757\">\n\n\t<div id=\"col-1230650091\" class=\"col small-12 large-12\"  >\n\t\t\t\t<div class=\"col-inner text-center\"  >\n\t\t\t\n\t\t\t\n\t<div id=\"text-1176976775\" class=\"text\">\n\t\t\n<h2>Saksa kvaliteet<\/h2>\n<p>XSPECTER TCROW on kompaktne ja mobiilne termo- ja \u00f6\u00f6vaatlusseadmete kandjas\u00fcsteem. T\u00e4nu 360 kraadisele p\u00f6\u00f6rdeulatusele on selle abil lihtne tuvastada metsloomi ja erinevaid ohtusid. TCROW s\u00fcsteem v\u00f5imaldab praktilist ja mugavat objektide tuvastamist s\u00f5idukist lahkumata. Kompaktne ja funktsioonidele orienteeritud disain, kaheteljeline juhtimiss\u00fcsteem ja kaugjuhtimispult muudavad selle kandmiss\u00fcsteemi asendamatuks abiliseks igale jahimehele v\u00f5i turvaettev\u00f5ttele.<\/p>\n<ul>\n<li>Reaalajas video voogedastus: video edastamine termokaamerast mobiilirakendusse.<\/li>\n<li>TCROW kandes\u00fcsteemi juhtimine: v\u00f5imaldab kandes\u00fcsteemi juhtida ja reguleerida.<\/li>\n<li>Erinevad t\u00f6\u00f6re\u017eiimid: toetab erinevaid re\u017eiime nagu n\u00e4iteks otsingu ja sihtm\u00e4rgi re\u017eiimid.<\/li>\n<li>Kohandatavad seaded: kohandage vastavalt vajadusele kaugjuhtimispuldi kiirust ja nuppe.<\/li>\n<li>Aku olek: integreeritud ekraan kandes\u00fcsteemi aku oleku kuvamiseks.<\/li>\n<li>V\u00e4rskendusfunktsioon: l\u00e4bi mobiilirakenduse on v\u00f5imalik operatsioonis\u00fcsteemi uuendada.<\/li>\n<li>Kokkusobivus termokaameratega: \u00fchildub k\u00f5ikide tuntumate kaameratega.<\/li>\n<\/ul>\n\t\t\n<style>\n#text-1176976775 {\n  text-align: left;\n}\n<\/style>\n\t<\/div>\n\t\n\t\t<\/div>\n\t\t\t\t\t<\/div>\n\n\t\n<\/div>\n<div class=\"text-center\"><div class=\"is-divider divider clearfix\" style=\"max-width:2000px;height:1px;\"><\/div><\/div>\n<div class=\"row row-large row-full-width align-middle\"  id=\"row-46637372\">\n\n\t<div id=\"col-986899152\" class=\"col small-12 large-12 small-col-first\"  >\n\t\t\t\t<div class=\"col-inner text-left\"  >\n\t\t\t\n\t\t\t\n\t<div id=\"text-1860012026\" class=\"text\">\n\t\t\n<h2>Toote omadused<\/h2>\n<ul>\n<li>2-teljeline g\u00fcroskoop stabiliseeritud statiiv- t\u00e4nu tugevale konstruktsioonile saab sellel kasutada ka suuremaid k\u00e4sivaatuskaameraid.<\/li>\n<li>Vee- ja tolmukindel.<\/li>\n<li>3 stabiilset jalga hoiavad seadet igal siledal pinnal.<\/li>\n<li>Bluetooth joystick (mini kaugjuhtimispult).<\/li>\n<li>Juhitav kaugjuhtimispuldi v\u00f5i APP-i abil.<\/li>\n<li>V\u00f5imas 3350 mAh liitiumaku.<\/li>\n<li>USB-C laadimispesa- v\u00f5imaldab l\u00fchikest laadimisaega isegi kasutamise ajal.<\/li>\n<li>USB-C v\u00e4ljund kaamera laadimiseks- v\u00f5imaldab kandjas\u00fcsteemile kinnitatud kaamerat laadida.<\/li>\n<li>Praktiline hoiukarp.<\/li>\n<li>Kaamera kiirkinnituse adapter.<br \/>\n\t\t\n<style>\n#text-1860012026 {\n  text-align: left;\n}\n<\/style>\n\t<\/div>\n\t<\/li>\n<\/ul>\n\t\t<\/div>\n\t\t\t\t\t<\/div>\n\n\t\n<\/div>\n<div class=\"text-center\"><div class=\"is-divider divider clearfix\" style=\"max-width:2000px;height:1px;\"><\/div><\/div>\n<div class=\"row row-large row-full-width align-middle\"  id=\"row-1859531561\">\n\n\t<div id=\"col-507162742\" class=\"col small-12 large-12\"  >\n\t\t\t\t<div class=\"col-inner text-center\"  >\n\t\t\t\n\t\t\t\n\t<div id=\"text-202198474\" class=\"text\">\n\t\t\n<h2>Komplekt sisaldab<\/h2>\n<ul>\n<li>1x TCROW ELITE kandes\u00fcsteem<\/li>\n<li>1x kaugjuhtimispult kattega<\/li>\n<li>1x HD mount<\/li>\n<li>1x kaamera kiirkinnituse adapter<\/li>\n<li>1x 1\/4&#8243; statiivi adapter<\/li>\n<li>1x 1\/4&#8243; ministatiiv<\/li>\n<li>1x USB-C Powersport (kaamera laadimiseks)<\/li>\n<li>1x TCROW ELITE TPU l\u00f6\u00f6gikaitse<\/li>\n<li>1xPRO kinnitushoob<\/li>\n<li>1x PRO kandekott<\/li>\n<li>1x laadimiskaabel<br \/>\n\t\t\n<style>\n#text-202198474 {\n  text-align: left;\n}\n<\/style>\n\t<\/div>\n\t<\/li>\n<\/ul>\n\t\t<\/div>\n\t\t\t\t\t<\/div>\n\n\t\n<\/div>\n\t<div id=\"text-2600878080\" class=\"text\">\n\t\t\n\t\t\n<style>\n#text-2600878080 {\n  text-align: center;\n}\n<\/style>\n\t<\/div>\n\t\n<p>&nbsp;<\/p>\n","protected":false},"excerpt":{"rendered":"<p>&nbsp;<\/p>\n","protected":false},"featured_media":10223,"template":"","meta":{"_themeisle_gutenberg_block_has_review":false},"product_brand":[],"product_cat":[321,2202],"product_tag":[2203],"class_list":{"0":"post-10178","1":"product","2":"type-product","3":"status-publish","4":"has-post-thumbnail","6":"product_cat-lisatarvikud","7":"product_cat-xspecter","8":"product_tag-xspecter","10":"first","11":"onbackorder","12":"taxable","13":"shipping-taxable","14":"purchasable","15":"product-type-simple"},"yoast_head":"<!-- This site is optimized with the Yoast SEO plugin v26.7 - https:\/\/yoast.com\/wordpress\/plugins\/seo\/ -->\n<title>XSPECTER TCROW ELITE kinnitusalus\/kandes\u00fcsteem<\/title>\n<meta name=\"description\" content=\"&nbsp;\" \/>\n<meta name=\"robots\" content=\"index, follow, max-snippet:-1, max-image-preview:large, max-video-preview:-1\" \/>\n<link rel=\"canonical\" href=\"https:\/\/test.thermshop.ee\/en\/toode\/xspecter-tcrow-elite-kinnitusalus-kandesusteem\/\" \/>\n<meta property=\"og:locale\" content=\"en_US\" \/>\n<meta property=\"og:type\" content=\"article\" \/>\n<meta property=\"og:title\" content=\"XSPECTER TCROW ELITE kinnitusalus\/kandes\u00fcsteem\" \/>\n<meta property=\"og:description\" content=\"&nbsp;\" \/>\n<meta property=\"og:url\" content=\"https:\/\/test.thermshop.ee\/en\/toode\/xspecter-tcrow-elite-kinnitusalus-kandesusteem\/\" \/>\n<meta property=\"og:site_name\" content=\"Thermshop pakub kvaliteetseid termoseadmeid\" \/>\n<meta property=\"article:publisher\" content=\"https:\/\/www.facebook.com\/profile.php?id=61554520052746\" \/>\n<meta property=\"article:modified_time\" content=\"2025-04-03T07:57:17+00:00\" \/>\n<meta property=\"og:image\" content=\"https:\/\/test.thermshop.ee\/wp-content\/uploads\/2025\/04\/XSPECTER-12.png\" \/>\n\t<meta property=\"og:image:width\" content=\"1000\" \/>\n\t<meta property=\"og:image:height\" content=\"1000\" \/>\n\t<meta property=\"og:image:type\" content=\"image\/png\" \/>\n<meta name=\"twitter:card\" content=\"summary_large_image\" \/>\n<meta name=\"twitter:label1\" content=\"Est. reading time\" \/>\n\t<meta name=\"twitter:data1\" content=\"3 minutes\" \/>\n<script type=\"application\/ld+json\" class=\"yoast-schema-graph\">{\"@context\":\"https:\/\/schema.org\",\"@graph\":[{\"@type\":\"WebPage\",\"@id\":\"https:\/\/test.thermshop.ee\/en\/toode\/xspecter-tcrow-elite-kinnitusalus-kandesusteem\/\",\"url\":\"https:\/\/test.thermshop.ee\/en\/toode\/xspecter-tcrow-elite-kinnitusalus-kandesusteem\/\",\"name\":\"XSPECTER TCROW ELITE kinnitusalus\/kandes\u00fcsteem\",\"isPartOf\":{\"@id\":\"https:\/\/test.thermshop.ee\/en\/#website\"},\"primaryImageOfPage\":{\"@id\":\"https:\/\/test.thermshop.ee\/en\/toode\/xspecter-tcrow-elite-kinnitusalus-kandesusteem\/#primaryimage\"},\"image\":{\"@id\":\"https:\/\/test.thermshop.ee\/en\/toode\/xspecter-tcrow-elite-kinnitusalus-kandesusteem\/#primaryimage\"},\"thumbnailUrl\":\"https:\/\/test.thermshop.ee\/wp-content\/uploads\/2025\/04\/XSPECTER-12.png\",\"datePublished\":\"2025-04-03T07:56:55+00:00\",\"dateModified\":\"2025-04-03T07:57:17+00:00\",\"description\":\"&nbsp;\",\"breadcrumb\":{\"@id\":\"https:\/\/test.thermshop.ee\/en\/toode\/xspecter-tcrow-elite-kinnitusalus-kandesusteem\/#breadcrumb\"},\"inLanguage\":\"en-US\",\"potentialAction\":[{\"@type\":\"ReadAction\",\"target\":[\"https:\/\/test.thermshop.ee\/en\/toode\/xspecter-tcrow-elite-kinnitusalus-kandesusteem\/\"]}]},{\"@type\":\"ImageObject\",\"inLanguage\":\"en-US\",\"@id\":\"https:\/\/test.thermshop.ee\/en\/toode\/xspecter-tcrow-elite-kinnitusalus-kandesusteem\/#primaryimage\",\"url\":\"https:\/\/test.thermshop.ee\/wp-content\/uploads\/2025\/04\/XSPECTER-12.png\",\"contentUrl\":\"https:\/\/test.thermshop.ee\/wp-content\/uploads\/2025\/04\/XSPECTER-12.png\",\"width\":1000,\"height\":1000},{\"@type\":\"BreadcrumbList\",\"@id\":\"https:\/\/test.thermshop.ee\/en\/toode\/xspecter-tcrow-elite-kinnitusalus-kandesusteem\/#breadcrumb\",\"itemListElement\":[{\"@type\":\"ListItem\",\"position\":1,\"name\":\"Home\",\"item\":\"https:\/\/test.thermshop.ee\/en\/\"},{\"@type\":\"ListItem\",\"position\":2,\"name\":\"e-shop\",\"item\":\"https:\/\/test.thermshop.ee\/en\/e-pood\/\"},{\"@type\":\"ListItem\",\"position\":3,\"name\":\"XSPECTER TCROW ELITE kinnitusalus\/kandes\u00fcsteem\"}]},{\"@type\":\"WebSite\",\"@id\":\"https:\/\/test.thermshop.ee\/en\/#website\",\"url\":\"https:\/\/test.thermshop.ee\/en\/\",\"name\":\"Thermshop pakub kvaliteetseid termoseadmeid\",\"description\":\"Thermshop\",\"publisher\":{\"@id\":\"https:\/\/test.thermshop.ee\/en\/#organization\"},\"potentialAction\":[{\"@type\":\"SearchAction\",\"target\":{\"@type\":\"EntryPoint\",\"urlTemplate\":\"https:\/\/test.thermshop.ee\/en\/?s={search_term_string}\"},\"query-input\":{\"@type\":\"PropertyValueSpecification\",\"valueRequired\":true,\"valueName\":\"search_term_string\"}}],\"inLanguage\":\"en-US\"},{\"@type\":\"Organization\",\"@id\":\"https:\/\/test.thermshop.ee\/en\/#organization\",\"name\":\"Thermshop\",\"url\":\"https:\/\/test.thermshop.ee\/en\/\",\"logo\":{\"@type\":\"ImageObject\",\"inLanguage\":\"en-US\",\"@id\":\"https:\/\/test.thermshop.ee\/en\/#\/schema\/logo\/image\/\",\"url\":\"https:\/\/test.thermshop.ee\/wp-content\/uploads\/2024\/10\/Nimetu-kujundus-12.png\",\"contentUrl\":\"https:\/\/test.thermshop.ee\/wp-content\/uploads\/2024\/10\/Nimetu-kujundus-12.png\",\"width\":500,\"height\":500,\"caption\":\"Thermshop\"},\"image\":{\"@id\":\"https:\/\/test.thermshop.ee\/en\/#\/schema\/logo\/image\/\"},\"sameAs\":[\"https:\/\/www.facebook.com\/profile.php?id=61554520052746\"]}]}<\/script>\n<!-- \/ Yoast SEO plugin. -->","yoast_head_json":{"title":"XSPECTER TCROW ELITE kinnitusalus\/kandes\u00fcsteem","description":"&nbsp;","robots":{"index":"index","follow":"follow","max-snippet":"max-snippet:-1","max-image-preview":"max-image-preview:large","max-video-preview":"max-video-preview:-1"},"canonical":"https:\/\/test.thermshop.ee\/en\/toode\/xspecter-tcrow-elite-kinnitusalus-kandesusteem\/","og_locale":"en_US","og_type":"article","og_title":"XSPECTER TCROW ELITE kinnitusalus\/kandes\u00fcsteem","og_description":"&nbsp;","og_url":"https:\/\/test.thermshop.ee\/en\/toode\/xspecter-tcrow-elite-kinnitusalus-kandesusteem\/","og_site_name":"Thermshop pakub kvaliteetseid termoseadmeid","article_publisher":"https:\/\/www.facebook.com\/profile.php?id=61554520052746","article_modified_time":"2025-04-03T07:57:17+00:00","og_image":[{"width":1000,"height":1000,"url":"https:\/\/test.thermshop.ee\/wp-content\/uploads\/2025\/04\/XSPECTER-12.png","type":"image\/png"}],"twitter_card":"summary_large_image","twitter_misc":{"Est. reading time":"3 minutes"},"schema":{"@context":"https:\/\/schema.org","@graph":[{"@type":"WebPage","@id":"https:\/\/test.thermshop.ee\/en\/toode\/xspecter-tcrow-elite-kinnitusalus-kandesusteem\/","url":"https:\/\/test.thermshop.ee\/en\/toode\/xspecter-tcrow-elite-kinnitusalus-kandesusteem\/","name":"XSPECTER TCROW ELITE kinnitusalus\/kandes\u00fcsteem","isPartOf":{"@id":"https:\/\/test.thermshop.ee\/en\/#website"},"primaryImageOfPage":{"@id":"https:\/\/test.thermshop.ee\/en\/toode\/xspecter-tcrow-elite-kinnitusalus-kandesusteem\/#primaryimage"},"image":{"@id":"https:\/\/test.thermshop.ee\/en\/toode\/xspecter-tcrow-elite-kinnitusalus-kandesusteem\/#primaryimage"},"thumbnailUrl":"https:\/\/test.thermshop.ee\/wp-content\/uploads\/2025\/04\/XSPECTER-12.png","datePublished":"2025-04-03T07:56:55+00:00","dateModified":"2025-04-03T07:57:17+00:00","description":"&nbsp;","breadcrumb":{"@id":"https:\/\/test.thermshop.ee\/en\/toode\/xspecter-tcrow-elite-kinnitusalus-kandesusteem\/#breadcrumb"},"inLanguage":"en-US","potentialAction":[{"@type":"ReadAction","target":["https:\/\/test.thermshop.ee\/en\/toode\/xspecter-tcrow-elite-kinnitusalus-kandesusteem\/"]}]},{"@type":"ImageObject","inLanguage":"en-US","@id":"https:\/\/test.thermshop.ee\/en\/toode\/xspecter-tcrow-elite-kinnitusalus-kandesusteem\/#primaryimage","url":"https:\/\/test.thermshop.ee\/wp-content\/uploads\/2025\/04\/XSPECTER-12.png","contentUrl":"https:\/\/test.thermshop.ee\/wp-content\/uploads\/2025\/04\/XSPECTER-12.png","width":1000,"height":1000},{"@type":"BreadcrumbList","@id":"https:\/\/test.thermshop.ee\/en\/toode\/xspecter-tcrow-elite-kinnitusalus-kandesusteem\/#breadcrumb","itemListElement":[{"@type":"ListItem","position":1,"name":"Home","item":"https:\/\/test.thermshop.ee\/en\/"},{"@type":"ListItem","position":2,"name":"e-shop","item":"https:\/\/test.thermshop.ee\/en\/e-pood\/"},{"@type":"ListItem","position":3,"name":"XSPECTER TCROW ELITE kinnitusalus\/kandes\u00fcsteem"}]},{"@type":"WebSite","@id":"https:\/\/test.thermshop.ee\/en\/#website","url":"https:\/\/test.thermshop.ee\/en\/","name":"Thermshop pakub kvaliteetseid termoseadmeid","description":"Thermshop","publisher":{"@id":"https:\/\/test.thermshop.ee\/en\/#organization"},"potentialAction":[{"@type":"SearchAction","target":{"@type":"EntryPoint","urlTemplate":"https:\/\/test.thermshop.ee\/en\/?s={search_term_string}"},"query-input":{"@type":"PropertyValueSpecification","valueRequired":true,"valueName":"search_term_string"}}],"inLanguage":"en-US"},{"@type":"Organization","@id":"https:\/\/test.thermshop.ee\/en\/#organization","name":"Thermshop","url":"https:\/\/test.thermshop.ee\/en\/","logo":{"@type":"ImageObject","inLanguage":"en-US","@id":"https:\/\/test.thermshop.ee\/en\/#\/schema\/logo\/image\/","url":"https:\/\/test.thermshop.ee\/wp-content\/uploads\/2024\/10\/Nimetu-kujundus-12.png","contentUrl":"https:\/\/test.thermshop.ee\/wp-content\/uploads\/2024\/10\/Nimetu-kujundus-12.png","width":500,"height":500,"caption":"Thermshop"},"image":{"@id":"https:\/\/test.thermshop.ee\/en\/#\/schema\/logo\/image\/"},"sameAs":["https:\/\/www.facebook.com\/profile.php?id=61554520052746"]}]}},"_links":{"self":[{"href":"https:\/\/test.thermshop.ee\/en\/wp-json\/wp\/v2\/product\/10178","targetHints":{"allow":["GET"]}}],"collection":[{"href":"https:\/\/test.thermshop.ee\/en\/wp-json\/wp\/v2\/product"}],"about":[{"href":"https:\/\/test.thermshop.ee\/en\/wp-json\/wp\/v2\/types\/product"}],"wp:featuredmedia":[{"embeddable":true,"href":"https:\/\/test.thermshop.ee\/en\/wp-json\/wp\/v2\/media\/10223"}],"wp:attachment":[{"href":"https:\/\/test.thermshop.ee\/en\/wp-json\/wp\/v2\/media?parent=10178"}],"wp:term":[{"taxonomy":"product_brand","embeddable":true,"href":"https:\/\/test.thermshop.ee\/en\/wp-json\/wp\/v2\/product_brand?post=10178"},{"taxonomy":"product_cat","embeddable":true,"href":"https:\/\/test.thermshop.ee\/en\/wp-json\/wp\/v2\/product_cat?post=10178"},{"taxonomy":"product_tag","embeddable":true,"href":"https:\/\/test.thermshop.ee\/en\/wp-json\/wp\/v2\/product_tag?post=10178"}],"curies":[{"name":"wp","href":"https:\/\/api.w.org\/{rel}","templated":true}]}}