{"id":15185,"date":"2026-02-12T11:51:54","date_gmt":"2026-02-12T11:51:54","guid":{"rendered":"https:\/\/test.thermshop.ee\/toode\/guide-tu635-pro-3-0\/"},"modified":"2026-02-13T06:51:25","modified_gmt":"2026-02-13T06:51:25","slug":"guide-tu635-pro-3-0","status":"publish","type":"product","link":"https:\/\/test.thermshop.ee\/en\/toode\/guide-tu635-pro-3-0\/","title":{"rendered":"Guide TU635 Pro 3.0"},"content":{"rendered":"\t<div class=\"img has-hover x md-x lg-x y md-y lg-y\" id=\"image_1725694160\">\n\t\t\t\t\t\t\t\t<div class=\"img-inner dark\" >\n\t\t\t<img loading=\"lazy\" decoding=\"async\" width=\"1020\" height=\"423\" src=\"https:\/\/test.thermshop.ee\/wp-content\/uploads\/2026\/02\/Guide-TU-Pro-3.0-1400x581.png\" class=\"attachment-large size-large\" alt=\"\" srcset=\"https:\/\/test.thermshop.ee\/wp-content\/uploads\/2026\/02\/Guide-TU-Pro-3.0-1400x581.png 1400w, https:\/\/test.thermshop.ee\/wp-content\/uploads\/2026\/02\/Guide-TU-Pro-3.0-800x332.png 800w, https:\/\/test.thermshop.ee\/wp-content\/uploads\/2026\/02\/Guide-TU-Pro-3.0-768x319.png 768w, https:\/\/test.thermshop.ee\/wp-content\/uploads\/2026\/02\/Guide-TU-Pro-3.0-1536x637.png 1536w, https:\/\/test.thermshop.ee\/wp-content\/uploads\/2026\/02\/Guide-TU-Pro-3.0-400x166.png 400w, https:\/\/test.thermshop.ee\/wp-content\/uploads\/2026\/02\/Guide-TU-Pro-3.0.png 1762w\" sizes=\"auto, (max-width: 1020px) 100vw, 1020px\" \/>\t\t\t\t\t\t\n\t\t\t\t\t<\/div>\n\t\t\t\t\t\t\t\t\n<style>\n#image_1725694160 {\n  width: 100%;\n}\n<\/style>\n\t<\/div>\n\t\n\t<div id=\"gap-620600793\" class=\"gap-element clearfix\" style=\"display:block; height:auto;\">\n\t\t\n<style>\n#gap-620600793 {\n  padding-top: 30px;\n}\n<\/style>\n\t<\/div>\n\t\n<div class=\"text-center\"><div class=\"is-divider divider clearfix\" style=\"max-width:2000px;height:1px;\"><\/div><\/div>\n<div class=\"row align-middle align-center\"  id=\"row-856695211\">\n\n\t<div id=\"col-507991819\" class=\"col medium-6 small-12 large-6\"  >\n\t\t\t\t<div class=\"col-inner\"  >\n\t\t\t\n\t\t\t\n\t<div id=\"text-471520733\" class=\"text\">\n\t\t\n<h2 class=\"wp-block-heading has-text-align-center\">LRF in Lens. One Shot, One Hit<\/h2>\n<p class=\"\" data-start=\"66\" data-end=\"306\">The innovative lens construction integrates the laser rangefinder into the objective lens, reducing overall device size for a compact, streamlined tube appearance. Meanwhile it eliminates parallax error for maximum ranging accuracy.  <\/p>\n\t\t\n<style>\n#text-471520733 {\n  text-align: center;\n}\n<\/style>\n\t<\/div>\n\t\n\t\t<\/div>\n\t\t\t\t\t<\/div>\n\n\t\n\n\t<div id=\"col-1050113078\" class=\"col medium-6 small-12 large-6\"  >\n\t\t\t\t<div class=\"col-inner\"  >\n\t\t\t\n\t\t\t\n\t<div class=\"img has-hover x md-x lg-x y md-y lg-y\" id=\"image_726942400\">\n\t\t\t\t\t\t\t\t<div class=\"img-inner dark\" >\n\t\t\t<img loading=\"lazy\" decoding=\"async\" width=\"506\" height=\"424\" src=\"https:\/\/test.thermshop.ee\/wp-content\/uploads\/2026\/02\/guide-tu-3.0-lrf.png\" class=\"attachment-large size-large\" alt=\"\" srcset=\"https:\/\/test.thermshop.ee\/wp-content\/uploads\/2026\/02\/guide-tu-3.0-lrf.png 506w, https:\/\/test.thermshop.ee\/wp-content\/uploads\/2026\/02\/guide-tu-3.0-lrf-477x400.png 477w, https:\/\/test.thermshop.ee\/wp-content\/uploads\/2026\/02\/guide-tu-3.0-lrf-400x335.png 400w\" sizes=\"auto, (max-width: 506px) 100vw, 506px\" \/>\t\t\t\t\t\t\n\t\t\t\t\t<\/div>\n\t\t\t\t\t\t\t\t\n<style>\n#image_726942400 {\n  width: 90%;\n}\n<\/style>\n\t<\/div>\n\t\n\t\t<\/div>\n\t\t\t\t\t<\/div>\n\n\t\n<\/div>\n<div class=\"text-center\"><div class=\"is-divider divider clearfix\" style=\"max-width:2000px;height:1px;\"><\/div><\/div>\n<div class=\"row align-middle align-center\"  id=\"row-971246497\">\n\n\t<div id=\"col-1998173292\" class=\"col medium-6 small-12 large-6\"  >\n\t\t\t\t<div class=\"col-inner\"  >\n\t\t\t\n\t\t\t\n\t<div class=\"img has-hover x md-x lg-x y md-y lg-y\" id=\"image_558874900\">\n\t\t\t\t\t\t\t\t<div class=\"img-inner dark\" >\n\t\t\t<img loading=\"lazy\" decoding=\"async\" width=\"508\" height=\"423\" src=\"https:\/\/test.thermshop.ee\/wp-content\/uploads\/2026\/02\/guide-tu-3.0-akud.png\" class=\"attachment-large size-large\" alt=\"\" srcset=\"https:\/\/test.thermshop.ee\/wp-content\/uploads\/2026\/02\/guide-tu-3.0-akud.png 508w, https:\/\/test.thermshop.ee\/wp-content\/uploads\/2026\/02\/guide-tu-3.0-akud-480x400.png 480w, https:\/\/test.thermshop.ee\/wp-content\/uploads\/2026\/02\/guide-tu-3.0-akud-400x333.png 400w\" sizes=\"auto, (max-width: 508px) 100vw, 508px\" \/>\t\t\t\t\t\t\n\t\t\t\t\t<\/div>\n\t\t\t\t\t\t\t\t\n<style>\n#image_558874900 {\n  width: 90%;\n}\n<\/style>\n\t<\/div>\n\t\n\t\t<\/div>\n\t\t\t\t\t<\/div>\n\n\t\n\n\t<div id=\"col-379479491\" class=\"col medium-6 small-12 large-6\"  >\n\t\t\t\t<div class=\"col-inner\"  >\n\t\t\t\n\t\t\t\n\t<div id=\"text-3358025941\" class=\"text\">\n\t\t\n<h2 class=\"wp-block-heading has-text-align-center\">Dual battery design worry-free power<\/h2>\n<p data-start=\"41\" data-end=\"146\">The dual battery system offers strong power backup for extended hunting sessions of up to 14 hours. Moreover, the replaceable standard 18650 batteries support hot swapping, enabling virtually unlimited runtime. <\/p>\n\t\t\n<style>\n#text-3358025941 {\n  text-align: center;\n}\n<\/style>\n\t<\/div>\n\t\n\t\t<\/div>\n\t\t\t\t\t<\/div>\n\n\t\n<\/div>\n<div class=\"text-center\"><div class=\"is-divider divider clearfix\" style=\"max-width:2000px;height:1px;\"><\/div><\/div>\n<div class=\"row align-middle align-center\"  id=\"row-926149740\">\n\n\t<div id=\"col-618972885\" class=\"col medium-6 small-12 large-6\"  >\n\t\t\t\t<div class=\"col-inner\"  >\n\t\t\t\n\t\t\t\n\t<div id=\"text-640082679\" class=\"text\">\n\t\t\n<h2 class=\"wp-block-heading has-text-align-center\">Ultralight design effortless handling<\/h2>\n<p data-start=\"45\" data-end=\"188\">The TU Pro 3.0 Series is built for all-day comfort, weighing only 730g~923g without sacrificing durability. Its meticulously balanced design reduces arm fatigue, ensuring easy carrying and comfortable handling during extended outdoor use. <\/p>\n\t\t\n<style>\n#text-640082679 {\n  text-align: center;\n}\n<\/style>\n\t<\/div>\n\t\n\t\t<\/div>\n\t\t\t\t\t<\/div>\n\n\t\n\n\t<div id=\"col-1984767614\" class=\"col medium-6 small-12 large-6\"  >\n\t\t\t\t<div class=\"col-inner\"  >\n\t\t\t\n\t\t\t\n\t<div class=\"img has-hover x md-x lg-x y md-y lg-y\" id=\"image_618790475\">\n\t\t\t\t\t\t\t\t<div class=\"img-inner dark\" >\n\t\t\t<img loading=\"lazy\" decoding=\"async\" width=\"502\" height=\"423\" src=\"https:\/\/test.thermshop.ee\/wp-content\/uploads\/2026\/02\/guide-tu-3.0-kerge-kaal.png\" class=\"attachment-large size-large\" alt=\"\" srcset=\"https:\/\/test.thermshop.ee\/wp-content\/uploads\/2026\/02\/guide-tu-3.0-kerge-kaal.png 502w, https:\/\/test.thermshop.ee\/wp-content\/uploads\/2026\/02\/guide-tu-3.0-kerge-kaal-475x400.png 475w, https:\/\/test.thermshop.ee\/wp-content\/uploads\/2026\/02\/guide-tu-3.0-kerge-kaal-400x337.png 400w\" sizes=\"auto, (max-width: 502px) 100vw, 502px\" \/>\t\t\t\t\t\t\n\t\t\t\t\t<\/div>\n\t\t\t\t\t\t\t\t\n<style>\n#image_618790475 {\n  width: 90%;\n}\n<\/style>\n\t<\/div>\n\t\n\t\t<\/div>\n\t\t\t\t\t<\/div>\n\n\t\n<\/div>\n<div class=\"text-center\"><div class=\"is-divider divider clearfix\" style=\"max-width:2000px;height:1px;\"><\/div><\/div>\n<div class=\"row align-middle align-center\"  id=\"row-619961299\">\n\n\t<div id=\"col-261846356\" class=\"col medium-6 small-12 large-6\"  >\n\t\t\t\t<div class=\"col-inner\"  >\n\t\t\t\n\t\t\t\n\t<div class=\"img has-hover x md-x lg-x y md-y lg-y\" id=\"image_894669771\">\n\t\t\t\t\t\t\t\t<div class=\"img-inner dark\" >\n\t\t\t<img loading=\"lazy\" decoding=\"async\" width=\"502\" height=\"422\" src=\"https:\/\/test.thermshop.ee\/wp-content\/uploads\/2026\/02\/guide-tu-3.0-lihtne-kasutada.png\" class=\"attachment-large size-large\" alt=\"\" srcset=\"https:\/\/test.thermshop.ee\/wp-content\/uploads\/2026\/02\/guide-tu-3.0-lihtne-kasutada.png 502w, https:\/\/test.thermshop.ee\/wp-content\/uploads\/2026\/02\/guide-tu-3.0-lihtne-kasutada-476x400.png 476w, https:\/\/test.thermshop.ee\/wp-content\/uploads\/2026\/02\/guide-tu-3.0-lihtne-kasutada-400x336.png 400w\" sizes=\"auto, (max-width: 502px) 100vw, 502px\" \/>\t\t\t\t\t\t\n\t\t\t\t\t<\/div>\n\t\t\t\t\t\t\t\t\n<style>\n#image_894669771 {\n  width: 90%;\n}\n<\/style>\n\t<\/div>\n\t\n\t\t<\/div>\n\t\t\t\t\t<\/div>\n\n\t\n\n\t<div id=\"col-105181027\" class=\"col medium-6 small-12 large-6\"  >\n\t\t\t\t<div class=\"col-inner\"  >\n\t\t\t\n\t\t\t\n\t<div id=\"text-73705850\" class=\"text\">\n\t\t\n<h2 class=\"wp-block-heading has-text-align-center\">Easy focus &amp; zoom intuitive operation<\/h2>\n<p data-start=\"63\" data-end=\"228\">P\u00f5hjalike v\u00e4litestide ja jahimeeste tagasiside p\u00f5hjal on TU Pro 3.0 viimistletud igas detailis \u2013 alates teravustamisrattast kuni suurendushoova ja nuppude paigutuseni. Ergonoomiline disain tagab mugavuse ning loomuliku ja intuitiivse juhtimise igas olukorras. <\/p>\n\t\t\n<style>\n#text-73705850 {\n  text-align: center;\n}\n<\/style>\n\t<\/div>\n\t\n\t\t<\/div>\n\t\t\t\t\t<\/div>\n\n\t\n<\/div>\n<div class=\"text-center\"><div class=\"is-divider divider clearfix\" style=\"max-width:2000px;height:1px;\"><\/div><\/div>\n<div class=\"row align-middle align-center\"  id=\"row-1224478810\">\n\n\t<div id=\"col-31485527\" class=\"col medium-6 small-12 large-6\"  >\n\t\t\t\t<div class=\"col-inner\"  >\n\t\t\t\n\t\t\t\n\t<div id=\"text-3864856259\" class=\"text\">\n\t\t\n<h2 class=\"wp-block-heading has-text-align-center\">Recoil resistance rugged and durable<\/h2>\n<p data-start=\"51\" data-end=\"172\">Engineered for all-weather reliability, TU Pro 3.0 performs flawlessly in rain, snow, or dust. It features shock resistance up to 6000J to withstand recoil and an IP68 waterproof rating for demanding outdoor missions. <\/p>\n\t\t\n<style>\n#text-3864856259 {\n  text-align: center;\n}\n<\/style>\n\t<\/div>\n\t\n\t\t<\/div>\n\t\t\t\t\t<\/div>\n\n\t\n\n\t<div id=\"col-1199190807\" class=\"col medium-6 small-12 large-6\"  >\n\t\t\t\t<div class=\"col-inner\"  >\n\t\t\t\n\t\t\t\n\t<div class=\"img has-hover x md-x lg-x y md-y lg-y\" id=\"image_819752125\">\n\t\t\t\t\t\t\t\t<div class=\"img-inner dark\" >\n\t\t\t<img loading=\"lazy\" decoding=\"async\" width=\"504\" height=\"420\" src=\"https:\/\/test.thermshop.ee\/wp-content\/uploads\/2026\/02\/guide-tu-3.0-vastupidavus.png\" class=\"attachment-large size-large\" alt=\"\" srcset=\"https:\/\/test.thermshop.ee\/wp-content\/uploads\/2026\/02\/guide-tu-3.0-vastupidavus.png 504w, https:\/\/test.thermshop.ee\/wp-content\/uploads\/2026\/02\/guide-tu-3.0-vastupidavus-480x400.png 480w, https:\/\/test.thermshop.ee\/wp-content\/uploads\/2026\/02\/guide-tu-3.0-vastupidavus-400x333.png 400w\" sizes=\"auto, (max-width: 504px) 100vw, 504px\" \/>\t\t\t\t\t\t\n\t\t\t\t\t<\/div>\n\t\t\t\t\t\t\t\t\n<style>\n#image_819752125 {\n  width: 90%;\n}\n<\/style>\n\t<\/div>\n\t\n\t\t<\/div>\n\t\t\t\t\t<\/div>\n\n\t\n<\/div>\n","protected":false},"excerpt":{"rendered":"<p>With the Guide TU Pro 3.0 series thermal imager, no obstacle is too big in the dark. Thermal sensitivity NETD 18mK delivers a high-quality image even in the most difficult weather conditions. The large AMOLED display provides rich colors and a great viewing experience. The laser rangefinder helps to accurately measure the distance to objects up to 1000 meters. The device offers up to 14 hours of continuous operation using 18650-type built-in and 18650-type replaceable batteries as power sources. The Guide TU Pro 3.0 can detect objects the size of a person from a maximum distance of 2600 meters.    <\/p>\n<p>&nbsp;<\/p>\n","protected":false},"featured_media":15123,"template":"","meta":{"_themeisle_gutenberg_block_has_review":false},"product_brand":[],"product_cat":[2851,2272,712],"product_tag":[2274,2361],"class_list":{"0":"post-15185","1":"product","2":"type-product","3":"status-publish","4":"has-post-thumbnail","6":"product_cat-tu-3-0-series","7":"product_cat-guide-sensmart-en","8":"product_cat-thermal-imaging-sight","9":"product_tag-guide-sensmart-en","10":"product_tag-thermal-imaging-sihts","12":"first","13":"instock","14":"sale","15":"taxable","16":"shipping-taxable","17":"purchasable","18":"product-type-simple"},"yoast_head":"<!-- This site is optimized with the Yoast SEO plugin v26.7 - https:\/\/yoast.com\/wordpress\/plugins\/seo\/ -->\n<title>Guide TU635 Pro 3.0<\/title>\n<meta name=\"description\" content=\"With the Guide TU Pro 3.0 series thermal imager, no obstacle is too big in the dark. Thermal sensitivity NETD 18mK delivers a high-quality image even in the most difficult weather conditions. The large AMOLED display provides rich colors and a great viewing experience. The laser rangefinder helps to accurately measure the distance to objects up to 1000 meters. The device offers up to 14 hours of continuous operation using 18650-type built-in and 18650-type replaceable batteries as power sources. The Guide TU Pro 3.0 can detect objects the size of a person from a maximum distance of 2600 meters.   &nbsp;\" \/>\n<meta name=\"robots\" content=\"index, follow, max-snippet:-1, max-image-preview:large, max-video-preview:-1\" \/>\n<link rel=\"canonical\" href=\"https:\/\/test.thermshop.ee\/en\/toode\/guide-tu635-pro-3-0\/\" \/>\n<meta property=\"og:locale\" content=\"en_US\" \/>\n<meta property=\"og:type\" content=\"article\" \/>\n<meta property=\"og:title\" content=\"Guide TU635 Pro 3.0\" \/>\n<meta property=\"og:description\" content=\"With the Guide TU Pro 3.0 series thermal imager, no obstacle is too big in the dark. Thermal sensitivity NETD 18mK delivers a high-quality image even in the most difficult weather conditions. The large AMOLED display provides rich colors and a great viewing experience. The laser rangefinder helps to accurately measure the distance to objects up to 1000 meters. The device offers up to 14 hours of continuous operation using 18650-type built-in and 18650-type replaceable batteries as power sources. The Guide TU Pro 3.0 can detect objects the size of a person from a maximum distance of 2600 meters.   &nbsp;\" \/>\n<meta property=\"og:url\" content=\"https:\/\/test.thermshop.ee\/en\/toode\/guide-tu635-pro-3-0\/\" \/>\n<meta property=\"og:site_name\" content=\"Thermshop pakub kvaliteetseid termoseadmeid\" \/>\n<meta property=\"article:publisher\" content=\"https:\/\/www.facebook.com\/profile.php?id=61554520052746\" \/>\n<meta property=\"article:modified_time\" content=\"2026-02-13T06:51:25+00:00\" \/>\n<meta property=\"og:image\" content=\"https:\/\/test.thermshop.ee\/wp-content\/uploads\/2026\/02\/Guide-TU635P-3-1.png\" \/>\n\t<meta property=\"og:image:width\" content=\"1000\" \/>\n\t<meta property=\"og:image:height\" content=\"1000\" \/>\n\t<meta property=\"og:image:type\" content=\"image\/png\" \/>\n<meta name=\"twitter:card\" content=\"summary_large_image\" \/>\n<meta name=\"twitter:label1\" content=\"Est. reading time\" \/>\n\t<meta name=\"twitter:data1\" content=\"2 minutes\" \/>\n<script type=\"application\/ld+json\" class=\"yoast-schema-graph\">{\"@context\":\"https:\/\/schema.org\",\"@graph\":[{\"@type\":\"WebPage\",\"@id\":\"https:\/\/test.thermshop.ee\/en\/toode\/guide-tu635-pro-3-0\/\",\"url\":\"https:\/\/test.thermshop.ee\/en\/toode\/guide-tu635-pro-3-0\/\",\"name\":\"Guide TU635 Pro 3.0\",\"isPartOf\":{\"@id\":\"https:\/\/test.thermshop.ee\/en\/#website\"},\"primaryImageOfPage\":{\"@id\":\"https:\/\/test.thermshop.ee\/en\/toode\/guide-tu635-pro-3-0\/#primaryimage\"},\"image\":{\"@id\":\"https:\/\/test.thermshop.ee\/en\/toode\/guide-tu635-pro-3-0\/#primaryimage\"},\"thumbnailUrl\":\"https:\/\/test.thermshop.ee\/wp-content\/uploads\/2026\/02\/Guide-TU635P-3-1.png\",\"datePublished\":\"2026-02-12T11:51:54+00:00\",\"dateModified\":\"2026-02-13T06:51:25+00:00\",\"description\":\"With the Guide TU Pro 3.0 series thermal imager, no obstacle is too big in the dark. Thermal sensitivity NETD 18mK delivers a high-quality image even in the most difficult weather conditions. The large AMOLED display provides rich colors and a great viewing experience. The laser rangefinder helps to accurately measure the distance to objects up to 1000 meters. The device offers up to 14 hours of continuous operation using 18650-type built-in and 18650-type replaceable batteries as power sources. The Guide TU Pro 3.0 can detect objects the size of a person from a maximum distance of 2600 meters. &nbsp;\",\"breadcrumb\":{\"@id\":\"https:\/\/test.thermshop.ee\/en\/toode\/guide-tu635-pro-3-0\/#breadcrumb\"},\"inLanguage\":\"en-US\",\"potentialAction\":[{\"@type\":\"ReadAction\",\"target\":[\"https:\/\/test.thermshop.ee\/en\/toode\/guide-tu635-pro-3-0\/\"]}]},{\"@type\":\"ImageObject\",\"inLanguage\":\"en-US\",\"@id\":\"https:\/\/test.thermshop.ee\/en\/toode\/guide-tu635-pro-3-0\/#primaryimage\",\"url\":\"https:\/\/test.thermshop.ee\/wp-content\/uploads\/2026\/02\/Guide-TU635P-3-1.png\",\"contentUrl\":\"https:\/\/test.thermshop.ee\/wp-content\/uploads\/2026\/02\/Guide-TU635P-3-1.png\",\"width\":1000,\"height\":1000},{\"@type\":\"BreadcrumbList\",\"@id\":\"https:\/\/test.thermshop.ee\/en\/toode\/guide-tu635-pro-3-0\/#breadcrumb\",\"itemListElement\":[{\"@type\":\"ListItem\",\"position\":1,\"name\":\"Home\",\"item\":\"https:\/\/test.thermshop.ee\/en\/\"},{\"@type\":\"ListItem\",\"position\":2,\"name\":\"e-shop\",\"item\":\"https:\/\/test.thermshop.ee\/en\/e-pood\/\"},{\"@type\":\"ListItem\",\"position\":3,\"name\":\"Guide TU635 Pro 3.0\"}]},{\"@type\":\"WebSite\",\"@id\":\"https:\/\/test.thermshop.ee\/en\/#website\",\"url\":\"https:\/\/test.thermshop.ee\/en\/\",\"name\":\"Thermshop pakub kvaliteetseid termoseadmeid\",\"description\":\"Thermshop\",\"publisher\":{\"@id\":\"https:\/\/test.thermshop.ee\/en\/#organization\"},\"potentialAction\":[{\"@type\":\"SearchAction\",\"target\":{\"@type\":\"EntryPoint\",\"urlTemplate\":\"https:\/\/test.thermshop.ee\/en\/?s={search_term_string}\"},\"query-input\":{\"@type\":\"PropertyValueSpecification\",\"valueRequired\":true,\"valueName\":\"search_term_string\"}}],\"inLanguage\":\"en-US\"},{\"@type\":\"Organization\",\"@id\":\"https:\/\/test.thermshop.ee\/en\/#organization\",\"name\":\"Thermshop\",\"url\":\"https:\/\/test.thermshop.ee\/en\/\",\"logo\":{\"@type\":\"ImageObject\",\"inLanguage\":\"en-US\",\"@id\":\"https:\/\/test.thermshop.ee\/en\/#\/schema\/logo\/image\/\",\"url\":\"https:\/\/test.thermshop.ee\/wp-content\/uploads\/2024\/10\/Nimetu-kujundus-12.png\",\"contentUrl\":\"https:\/\/test.thermshop.ee\/wp-content\/uploads\/2024\/10\/Nimetu-kujundus-12.png\",\"width\":500,\"height\":500,\"caption\":\"Thermshop\"},\"image\":{\"@id\":\"https:\/\/test.thermshop.ee\/en\/#\/schema\/logo\/image\/\"},\"sameAs\":[\"https:\/\/www.facebook.com\/profile.php?id=61554520052746\"]}]}<\/script>\n<!-- \/ Yoast SEO plugin. -->","yoast_head_json":{"title":"Guide TU635 Pro 3.0","description":"With the Guide TU Pro 3.0 series thermal imager, no obstacle is too big in the dark. Thermal sensitivity NETD 18mK delivers a high-quality image even in the most difficult weather conditions. The large AMOLED display provides rich colors and a great viewing experience. The laser rangefinder helps to accurately measure the distance to objects up to 1000 meters. The device offers up to 14 hours of continuous operation using 18650-type built-in and 18650-type replaceable batteries as power sources. The Guide TU Pro 3.0 can detect objects the size of a person from a maximum distance of 2600 meters.   &nbsp;","robots":{"index":"index","follow":"follow","max-snippet":"max-snippet:-1","max-image-preview":"max-image-preview:large","max-video-preview":"max-video-preview:-1"},"canonical":"https:\/\/test.thermshop.ee\/en\/toode\/guide-tu635-pro-3-0\/","og_locale":"en_US","og_type":"article","og_title":"Guide TU635 Pro 3.0","og_description":"With the Guide TU Pro 3.0 series thermal imager, no obstacle is too big in the dark. Thermal sensitivity NETD 18mK delivers a high-quality image even in the most difficult weather conditions. The large AMOLED display provides rich colors and a great viewing experience. The laser rangefinder helps to accurately measure the distance to objects up to 1000 meters. The device offers up to 14 hours of continuous operation using 18650-type built-in and 18650-type replaceable batteries as power sources. The Guide TU Pro 3.0 can detect objects the size of a person from a maximum distance of 2600 meters.   &nbsp;","og_url":"https:\/\/test.thermshop.ee\/en\/toode\/guide-tu635-pro-3-0\/","og_site_name":"Thermshop pakub kvaliteetseid termoseadmeid","article_publisher":"https:\/\/www.facebook.com\/profile.php?id=61554520052746","article_modified_time":"2026-02-13T06:51:25+00:00","og_image":[{"width":1000,"height":1000,"url":"https:\/\/test.thermshop.ee\/wp-content\/uploads\/2026\/02\/Guide-TU635P-3-1.png","type":"image\/png"}],"twitter_card":"summary_large_image","twitter_misc":{"Est. reading time":"2 minutes"},"schema":{"@context":"https:\/\/schema.org","@graph":[{"@type":"WebPage","@id":"https:\/\/test.thermshop.ee\/en\/toode\/guide-tu635-pro-3-0\/","url":"https:\/\/test.thermshop.ee\/en\/toode\/guide-tu635-pro-3-0\/","name":"Guide TU635 Pro 3.0","isPartOf":{"@id":"https:\/\/test.thermshop.ee\/en\/#website"},"primaryImageOfPage":{"@id":"https:\/\/test.thermshop.ee\/en\/toode\/guide-tu635-pro-3-0\/#primaryimage"},"image":{"@id":"https:\/\/test.thermshop.ee\/en\/toode\/guide-tu635-pro-3-0\/#primaryimage"},"thumbnailUrl":"https:\/\/test.thermshop.ee\/wp-content\/uploads\/2026\/02\/Guide-TU635P-3-1.png","datePublished":"2026-02-12T11:51:54+00:00","dateModified":"2026-02-13T06:51:25+00:00","description":"With the Guide TU Pro 3.0 series thermal imager, no obstacle is too big in the dark. Thermal sensitivity NETD 18mK delivers a high-quality image even in the most difficult weather conditions. The large AMOLED display provides rich colors and a great viewing experience. The laser rangefinder helps to accurately measure the distance to objects up to 1000 meters. The device offers up to 14 hours of continuous operation using 18650-type built-in and 18650-type replaceable batteries as power sources. The Guide TU Pro 3.0 can detect objects the size of a person from a maximum distance of 2600 meters. &nbsp;","breadcrumb":{"@id":"https:\/\/test.thermshop.ee\/en\/toode\/guide-tu635-pro-3-0\/#breadcrumb"},"inLanguage":"en-US","potentialAction":[{"@type":"ReadAction","target":["https:\/\/test.thermshop.ee\/en\/toode\/guide-tu635-pro-3-0\/"]}]},{"@type":"ImageObject","inLanguage":"en-US","@id":"https:\/\/test.thermshop.ee\/en\/toode\/guide-tu635-pro-3-0\/#primaryimage","url":"https:\/\/test.thermshop.ee\/wp-content\/uploads\/2026\/02\/Guide-TU635P-3-1.png","contentUrl":"https:\/\/test.thermshop.ee\/wp-content\/uploads\/2026\/02\/Guide-TU635P-3-1.png","width":1000,"height":1000},{"@type":"BreadcrumbList","@id":"https:\/\/test.thermshop.ee\/en\/toode\/guide-tu635-pro-3-0\/#breadcrumb","itemListElement":[{"@type":"ListItem","position":1,"name":"Home","item":"https:\/\/test.thermshop.ee\/en\/"},{"@type":"ListItem","position":2,"name":"e-shop","item":"https:\/\/test.thermshop.ee\/en\/e-pood\/"},{"@type":"ListItem","position":3,"name":"Guide TU635 Pro 3.0"}]},{"@type":"WebSite","@id":"https:\/\/test.thermshop.ee\/en\/#website","url":"https:\/\/test.thermshop.ee\/en\/","name":"Thermshop pakub kvaliteetseid termoseadmeid","description":"Thermshop","publisher":{"@id":"https:\/\/test.thermshop.ee\/en\/#organization"},"potentialAction":[{"@type":"SearchAction","target":{"@type":"EntryPoint","urlTemplate":"https:\/\/test.thermshop.ee\/en\/?s={search_term_string}"},"query-input":{"@type":"PropertyValueSpecification","valueRequired":true,"valueName":"search_term_string"}}],"inLanguage":"en-US"},{"@type":"Organization","@id":"https:\/\/test.thermshop.ee\/en\/#organization","name":"Thermshop","url":"https:\/\/test.thermshop.ee\/en\/","logo":{"@type":"ImageObject","inLanguage":"en-US","@id":"https:\/\/test.thermshop.ee\/en\/#\/schema\/logo\/image\/","url":"https:\/\/test.thermshop.ee\/wp-content\/uploads\/2024\/10\/Nimetu-kujundus-12.png","contentUrl":"https:\/\/test.thermshop.ee\/wp-content\/uploads\/2024\/10\/Nimetu-kujundus-12.png","width":500,"height":500,"caption":"Thermshop"},"image":{"@id":"https:\/\/test.thermshop.ee\/en\/#\/schema\/logo\/image\/"},"sameAs":["https:\/\/www.facebook.com\/profile.php?id=61554520052746"]}]}},"_links":{"self":[{"href":"https:\/\/test.thermshop.ee\/en\/wp-json\/wp\/v2\/product\/15185","targetHints":{"allow":["GET"]}}],"collection":[{"href":"https:\/\/test.thermshop.ee\/en\/wp-json\/wp\/v2\/product"}],"about":[{"href":"https:\/\/test.thermshop.ee\/en\/wp-json\/wp\/v2\/types\/product"}],"wp:featuredmedia":[{"embeddable":true,"href":"https:\/\/test.thermshop.ee\/en\/wp-json\/wp\/v2\/media\/15123"}],"wp:attachment":[{"href":"https:\/\/test.thermshop.ee\/en\/wp-json\/wp\/v2\/media?parent=15185"}],"wp:term":[{"taxonomy":"product_brand","embeddable":true,"href":"https:\/\/test.thermshop.ee\/en\/wp-json\/wp\/v2\/product_brand?post=15185"},{"taxonomy":"product_cat","embeddable":true,"href":"https:\/\/test.thermshop.ee\/en\/wp-json\/wp\/v2\/product_cat?post=15185"},{"taxonomy":"product_tag","embeddable":true,"href":"https:\/\/test.thermshop.ee\/en\/wp-json\/wp\/v2\/product_tag?post=15185"}],"curies":[{"name":"wp","href":"https:\/\/api.w.org\/{rel}","templated":true}]}}