{"id":4057,"date":"2013-08-11T19:22:53","date_gmt":"2013-08-11T19:22:53","guid":{"rendered":"https:\/\/test.thermshop.ee\/ota-yhteytta\/"},"modified":"2025-08-19T08:55:50","modified_gmt":"2025-08-19T08:55:50","slug":"ota-yhteytta","status":"publish","type":"page","link":"https:\/\/test.thermshop.ee\/fi\/ota-yhteytta\/","title":{"rendered":"Ota yhteytt\u00e4"},"content":{"rendered":"\n\t<section class=\"section dark\" id=\"section_591075616\">\n\t\t<div class=\"section-bg fill\" >\n\t\t\t\t\t\t\t\t\t<div class=\"section-bg-overlay absolute fill\"><\/div>\n\t\t\t\n\n\t\t<\/div>\n\n\t\t\t<div class=\"ux-shape-divider ux-shape-divider--top ux-shape-divider--style-curve-opacity ux-shape-divider--flip\">\n\t\t<svg viewBox=\"0 0 1000 100\" xmlns=\"http:\/\/www.w3.org\/2000\/svg\" preserveAspectRatio=\"none\">\n\t\t<path class=\"ux-shape-fill\" opacity=\"0.15\" d=\"M0 14C0 14 88.64 17.48 300 50C560 90 814 77 1003 40L1015 68L1018 104H0V14Z\"\/>\n\t\t<path class=\"ux-shape-fill\" opacity=\"0.3\" d=\"M0 45C0 45 271 90.13 500 77C657 68 830 30 1015 14V100H0V45Z\"\/>\n\t\t<path class=\"ux-shape-fill\" d=\"M0 58C0 58 188.29 90 508 90C798 90 1002 55 1002 55V100H0V58Z\"\/>\n<\/svg>\n\t<\/div>\n\n\n\t\t<div class=\"section-content relative\">\n\t\t\t\n<div class=\"row row-divided\" style=\"max-width:1500px\" id=\"row-771229503\">\n\n\t<div id=\"col-351198390\" class=\"col medium-4 small-12 large-4\"  >\n\t\t\t\t<div class=\"col-inner text-shadow-2\"  >\n\t\t\t\n\t\t\t\n\t<div id=\"text-1073639573\" class=\"text\">\n\t\t\n<h3 class=\"alt-font\"><span style=\"font-size: 150%;\">Tietoja meist\u00e4&#8230;<\/span><\/h3>\n<p>\n\t\t\n<style>\n#text-1073639573 {\n  font-size: 2.4rem;\n  line-height: 0.9;\n}\n<\/style>\n\t<\/div>\n\t\n<h2 class=\"uppercase\">Kuka me olemme ja miksi valita ThermShopista termolaite?<\/h2>\n<p>Thermshop toi ensimm\u00e4isen\u00e4 Viron markkinoille ThermTec- ja Nocpix-tuotteet, ja t\u00e4m\u00e4n ansiosta tied\u00e4mme n\u00e4ist\u00e4 tuotteista kaiken. Uskomme, ett\u00e4 meill\u00e4 on Viron suurin valikoima l\u00e4mp\u00f6kaukoputkia eri valmistajilta, mukaan lukien Hikmicro, Thermtec, Nocpix, Infiray ja Guide sensmart. Olemme omistautuneet korkealaatuisten ja luotettavien l\u00e4mp\u00f6kaukoputkien ja l\u00e4mp\u00f6havaintomonokkeleiden myyntiin. Tiimiimme kuuluu mets\u00e4st\u00e4ji\u00e4, joilla on yli 20 vuoden mets\u00e4styskokemus ja jotka ovat valmiita jakamaan tiet\u00e4myst\u00e4\u00e4n ja auttamaan sinua valitsemaan oikean laitteen.   <\/p>\n<\/p>\n\t\t<\/div>\n\t\t\t\t\t<\/div>\n\n\t\n\n\t<div id=\"col-749327310\" class=\"col medium-4 small-12 large-4\"  >\n\t\t\t\t<div class=\"col-inner text-shadow-2\"  >\n\t\t\t\n\t\t\t\n<p>Nykyisill\u00e4 markkinoilla on paljon erilaisia termolaitteiden tarjoajia, ja usein tuotevalikoima esitell\u00e4\u00e4n houkuttelevien mainosten kautta. T\u00e4m\u00e4 tekee oikean valinnan tekemisest\u00e4 hankalaa, erityisesti silloin, kun ei ole mahdollisuutta testata laitteita k\u00e4yt\u00e4nn\u00f6ss\u00e4. Thermshop erottuu t\u00e4ss\u00e4 suhteessa suuresti muista myyjist\u00e4, koska tarjoamme asiakkaille mahdollisuuden testata tuotetta oikeasti luonnossa. Meilt\u00e4 ostaessasi ei tarvitse tehd\u00e4 valintaa pelk\u00e4n kuvan, videon tai kaupasta teht\u00e4v\u00e4n nopean tuotekatsauksen perusteella, vaan jo todellisen k\u00e4ytt\u00f6kokemuksen pohjalta. Ja jos asiakkaalla on halu vertailla meilt\u00e4 ostettavia laitteita muiden valmistajien laitteisiin, ei se ole meille ongelma. Meid\u00e4n tarjoamissa laitteissa on kaikki ominaisuudet, joita pid\u00e4mme t\u00e4rkein\u00e4. Laitteet ovat innovatiivisia ja laadukkaita, erinomaisella suorituskyvyll\u00e4, kest\u00e4v\u00e4t hyvin meid\u00e4n ilmastossamme esiintyvi\u00e4 ankaria s\u00e4\u00e4olosuhteita ja niill\u00e4 on pitk\u00e4 valmistajalle my\u00f6nnetty takuu.       <\/p>\n\t\t<\/div>\n\t\t\t\t\t<\/div>\n\n\t\n\n\t<div id=\"col-2059027791\" class=\"col medium-4 small-12 large-4\"  >\n\t\t\t\t<div class=\"col-inner text-shadow-2\"  >\n\t\t\t\n\t\t\t\n<p>Meid\u00e4n alueellamme on saatavilla tekninen tuki, joten jokaiseen kysymykseen l\u00f6ydet\u00e4\u00e4n nopea ja ammattimainen ratkaisu. Tuotevalikoima on laaja, ja tavoitteena on tarjota paras hinta, suorituskyky ja laatu-suhde.<\/p>\n<p>Thermshop luotiin tarjoamaan asiantuntevaa neuvontaa ja parhaita l\u00e4mp\u00f6laitteita. Meill\u00e4 on siviiliaseiden ja ammusten k\u00e4sittelylupa. Jokainen asiakas on meille t\u00e4rke\u00e4, ja meill\u00e4 on aina aikaa kuunnella teit\u00e4, neuvoa ja auttaa l\u00f6yt\u00e4m\u00e4\u00e4n parhaat ratkaisut tarpeisiinne.  <\/p>\n\t\t<\/div>\n\t\t\t\t\t<\/div>\n\n\t\n<\/div>\n\t\t<\/div>\n\n\t\t\n<style>\n#section_591075616 {\n  padding-top: 100px;\n  padding-bottom: 100px;\n  background-color: rgb(0, 0, 0);\n}\n#section_591075616 .section-bg-overlay {\n  background-color: rgba(0, 0, 0, 0.4);\n}\n#section_591075616 .ux-shape-divider--top svg {\n  height: 100px;\n  --divider-top-width: 100%;\n}\n#section_591075616 .ux-shape-divider--top .ux-shape-fill {\n  fill: #f7591f;\n}\n<\/style>\n\t<\/section>\n\t\n\n\t<section class=\"section dark\" id=\"section_714791415\">\n\t\t<div class=\"section-bg fill\" >\n\t\t\t<img loading=\"lazy\" decoding=\"async\" width=\"1920\" height=\"1080\" src=\"https:\/\/test.thermshop.ee\/wp-content\/uploads\/2024\/09\/Esilehe-banner-blur.png\" class=\"bg attachment- size-\" alt=\"\" \/>\t\t\t\t\t\t\n\t\t\t\n\n\t\t<\/div>\n\n\t\t\t<div class=\"ux-shape-divider ux-shape-divider--top ux-shape-divider--style-curve-opacity ux-shape-divider--flip\">\n\t\t<svg viewBox=\"0 0 1000 100\" xmlns=\"http:\/\/www.w3.org\/2000\/svg\" preserveAspectRatio=\"none\">\n\t\t<path class=\"ux-shape-fill\" opacity=\"0.15\" d=\"M0 14C0 14 88.64 17.48 300 50C560 90 814 77 1003 40L1015 68L1018 104H0V14Z\"\/>\n\t\t<path class=\"ux-shape-fill\" opacity=\"0.3\" d=\"M0 45C0 45 271 90.13 500 77C657 68 830 30 1015 14V100H0V45Z\"\/>\n\t\t<path class=\"ux-shape-fill\" d=\"M0 58C0 58 188.29 90 508 90C798 90 1002 55 1002 55V100H0V58Z\"\/>\n<\/svg>\n\t<\/div>\n\n\t<div class=\"ux-shape-divider ux-shape-divider--bottom ux-shape-divider--style-tilt ux-shape-divider--flip\">\n\t\t<svg viewBox=\"0 0 1000 100\" xmlns=\"http:\/\/www.w3.org\/2000\/svg\" preserveAspectRatio=\"none\">\n\t<path class=\"ux-shape-fill\" d=\"M1000 100V0L-40 100H1000Z\"\/>\n<\/svg>\n\t<\/div>\n\n\t\t<div class=\"section-content relative\">\n\t\t\t\n<div class=\"row align-center\"  id=\"row-1606548664\">\n\n\t<div id=\"col-449542651\" class=\"col medium-10 small-12 large-10\"  >\n\t\t\t\t<div class=\"col-inner text-center\"  >\n\t\t\t\n\t\t\t\n\t<div id=\"text-3683379207\" class=\"text\">\n\t\t\n<p>&nbsp;<\/p>\n<h2 class=\"uppercase\">Ota yhteytt\u00e4<\/h2>\n<p>T\u00e4yt\u00e4 alla oleva yhteydenottolomake, niin vastaamme sinulle mahdollisimman pian!<\/p>\n<p>\n\t\t\n<style>\n#text-3683379207 {\n  text-align: right;\n}\n<\/style>\n\t<\/div>\n\t\n\t\t<\/div>\n\t\t\t\t\t<\/div>\n\n\t\n<\/div>\n\t\t<\/div>\n\n\t\t\n<style>\n#section_714791415 {\n  padding-top: 10px;\n  padding-bottom: 10px;\n  background-color: rgb(40, 40, 40);\n}\n#section_714791415 .section-bg img {\n  object-position: 1% 58%;\n}\n#section_714791415 .ux-shape-divider--top svg {\n  height: 150px;\n  --divider-top-width: 100%;\n}\n#section_714791415 .ux-shape-divider--top .ux-shape-fill {\n  fill: rgb(0,0,0);\n}\n#section_714791415 .ux-shape-divider--bottom svg {\n  height: 55px;\n  --divider-width: 100%;\n}\n<\/style>\n\t<\/section>\n\t\n\t<div id=\"gap-1066334365\" class=\"gap-element clearfix\" style=\"display:block; height:auto;\">\n\t\t\n<style>\n#gap-1066334365 {\n  padding-top: 55px;\n}\n<\/style>\n\t<\/div>\n\t\n<div class=\"row\"  id=\"row-1294011821\">\n\n\t<div id=\"col-2045235147\" class=\"col medium-6 large-6\"  >\n\t\t\t\t<div class=\"col-inner\"  >\n\t\t\t\n\t\t\t\n<div class=\"container section-title-container\" ><h3 class=\"section-title section-title-normal\"><b aria-hidden=\"true\"><\/b><span class=\"section-title-main\" >USEIN KYSYTYT KYSYMYKSET<\/span><b aria-hidden=\"true\"><\/b><\/h3><\/div>\n<p class=\"lead\">Lis\u00e4\u00e4 vastauksia l\u00f6yd\u00e4t <a href=\"https:\/\/test.thermshop.ee\/fi\/ukk-info\/\">T\u00c4\u00c4LT\u00c4<\/a><\/p>\n<p>\n<div class=\"accordion\">\n\t<div id=\"accordion-2759051542\" class=\"accordion-item\">\n\t\t<a id=\"accordion-2759051542-label\" class=\"accordion-title plain\" href=\"#accordion-item-l\u00e4hetet\u00e4\u00e4nk\u00f6-tilatusta-tavarasta-lasku?\" aria-expanded=\"false\" aria-controls=\"accordion-2759051542-content\">\n\t\t\t<button class=\"toggle\" aria-label=\"Toggle\"><i class=\"icon-angle-down\" aria-hidden=\"true\"><\/i><\/button>\n\t\t\t<span>L\u00e4hetet\u00e4\u00e4nk\u00f6 tilatusta tavarasta lasku?<\/span>\n\t\t<\/a>\n\t\t<div id=\"accordion-2759051542-content\" class=\"accordion-inner\" aria-labelledby=\"accordion-2759051542-label\">\n\t\t\t\n<p>Kyll\u00e4, l\u00e4het\u00e4mme tilatusta tavarasta laskun teille s\u00e4hk\u00f6postitse. S\u00e4ilytt\u00e4k\u00e4\u00e4 kuitti koko takuuajan.<\/p>\n\t\t<\/div>\n\t<\/div>\n\t\n\t<div id=\"accordion-479778032\" class=\"accordion-item\">\n\t\t<a id=\"accordion-479778032-label\" class=\"accordion-title plain\" href=\"#accordion-item-kuinka-pitk\u00e4-on-toimitusaika?\" aria-expanded=\"false\" aria-controls=\"accordion-479778032-content\">\n\t\t\t<button class=\"toggle\" aria-label=\"Toggle\"><i class=\"icon-angle-down\" aria-hidden=\"true\"><\/i><\/button>\n\t\t\t<span>Kuinka pitk\u00e4 on toimitusaika?<\/span>\n\t\t<\/a>\n\t\t<div id=\"accordion-479778032-content\" class=\"accordion-inner\" aria-labelledby=\"accordion-479778032-label\">\n\t\t\t\n<p>Jos tuote on varastossamme, l\u00e4het\u00e4mme ennen klo 15.00 tehdyt tilaukset viel\u00e4 samana p\u00e4iv\u00e4n\u00e4. Toimitusaika voi vaihdella valitun toimitustavan ja sijainnin mukaan, ja se voi olla jopa 7\u201314 ty\u00f6p\u00e4iv\u00e4\u00e4 (esimerkiksi Suomeen). Yleisesti ottaen teemme kuitenkin kaikkemme, jotta tuote toimitettaisiin teille mahdollisimman nopeasti. Jos tuote on loppunut varastosta tai toimitusaika ylitt\u00e4\u00e4 7\u201314 ty\u00f6p\u00e4iv\u00e4\u00e4, otamme teihin varmasti yhteytt\u00e4.  <\/p>\n\t\t<\/div>\n\t<\/div>\n\t\n\t<div id=\"accordion-3412992367\" class=\"accordion-item\">\n\t\t<a id=\"accordion-3412992367-label\" class=\"accordion-title plain\" href=\"#accordion-item-mit\u00e4-maksutapaa-voi-k\u00e4ytt\u00e4\u00e4-verkkokaupasta-tuotteita-ostaessa?\" aria-expanded=\"false\" aria-controls=\"accordion-3412992367-content\">\n\t\t\t<button class=\"toggle\" aria-label=\"Toggle\"><i class=\"icon-angle-down\" aria-hidden=\"true\"><\/i><\/button>\n\t\t\t<span>Mit\u00e4 maksutapaa voi k\u00e4ytt\u00e4\u00e4 verkkokaupasta tuotteita ostaessa?<\/span>\n\t\t<\/a>\n\t\t<div id=\"accordion-3412992367-content\" class=\"accordion-inner\" aria-labelledby=\"accordion-3412992367-label\">\n\t\t\t\n<p>Verkkokaupassamme voit valita eri maksuvaihtoehtojen v\u00e4lill\u00e4. Voit maksaa tuotteesta pankkiviitteen kautta, tehd\u00e4 korttimaksun (mukaan lukien Apple Pay ja Google Pay) tai k\u00e4ytt\u00e4\u00e4 osamaksua tai maksa my\u00f6hemmin -ratkaisua kustannusten jakamiseksi.<\/p>\n\t\t<\/div>\n\t<\/div>\n\t\n\t<div id=\"accordion-2777123097\" class=\"accordion-item\">\n\t\t<a id=\"accordion-2777123097-label\" class=\"accordion-title plain\" href=\"#accordion-item-voiko-termosihikuita-tilata-pakettiautomaatteihin,-postitoimipaikkaan-tai-kuriirilla?\" aria-expanded=\"false\" aria-controls=\"accordion-2777123097-content\">\n\t\t\t<button class=\"toggle\" aria-label=\"Toggle\"><i class=\"icon-angle-down\" aria-hidden=\"true\"><\/i><\/button>\n\t\t\t<span>Voiko termosihikuita tilata pakettiautomaatteihin, postitoimipaikkaan tai kuriirilla?<\/span>\n\t\t<\/a>\n\t\t<div id=\"accordion-2777123097-content\" class=\"accordion-inner\" aria-labelledby=\"accordion-2777123097-label\">\n\t\t\t\n<p>Toimitettaessa l\u00e4mp\u00f6t\u00e4ht\u00e4imi\u00e4 noudatamme Viron voimassa olevia lakeja.<\/p>\n\t\t<\/div>\n\t<\/div>\n\t\n\t<div id=\"accordion-3085884118\" class=\"accordion-item\">\n\t\t<a id=\"accordion-3085884118-label\" class=\"accordion-title plain\" href=\"#accordion-item-voiko-l\u00e4mp\u00f6kiikarit\u00e4ht\u00e4imet-ostaa-ja-omistaa-kuka-tahansa?\" aria-expanded=\"false\" aria-controls=\"accordion-3085884118-content\">\n\t\t\t<button class=\"toggle\" aria-label=\"Toggle\"><i class=\"icon-angle-down\" aria-hidden=\"true\"><\/i><\/button>\n\t\t\t<span>Voiko l\u00e4mp\u00f6kiikarit\u00e4ht\u00e4imet ostaa ja omistaa kuka tahansa?<\/span>\n\t\t<\/a>\n\t\t<div id=\"accordion-3085884118-content\" class=\"accordion-inner\" aria-labelledby=\"accordion-3085884118-label\">\n\t\t\t\n<p>Ei. L\u00e4mp\u00f6t\u00e4ht\u00e4imet k\u00e4sitell\u00e4\u00e4n Aseasetuksen (AseS \u00a7 201 mom. 1, mom. 5) mukaan y\u00f6suunnattimena, jonka hankintaoikeus my\u00f6nnet\u00e4\u00e4n mets\u00e4stystarkoituksiin my\u00f6nnetyll\u00e4 aseluvalla, johon on rekister\u00f6ity mets\u00e4stystarkoituksiin k\u00e4ytett\u00e4v\u00e4 kiv\u00e4\u00e4ri. <\/p>\n\t\t<\/div>\n\t<\/div>\n\t\n<\/div>\n\t\t<\/div>\n\t\t\t\t\t<\/div>\n\n\t\n\n\t<div id=\"col-1996213360\" class=\"col medium-6 large-6\"  >\n\t\t\t\t<div class=\"col-inner\"  >\n\t\t\t\n\t\t\t\n<div class=\"container section-title-container\" ><h3 class=\"section-title section-title-normal\"><b aria-hidden=\"true\"><\/b><span class=\"section-title-main\" >YHTEYDENOTTO MEIHIN<\/span><b aria-hidden=\"true\"><\/b><\/h3><\/div>\n<style id=\"wpforms-css-vars-3922\">\n\t\t\t\t#wpforms-3922 {\n\t\t\t\t\n\t\t\t}\n\t\t\t<\/style><div class=\"wpforms-container wpforms-container-full wpforms-render-modern\" id=\"wpforms-3922\"><form id=\"wpforms-form-3922\" class=\"wpforms-validate wpforms-form wpforms-ajax-form\" data-formid=\"3922\" method=\"post\" enctype=\"multipart\/form-data\" action=\"\/fi\/wp-json\/wp\/v2\/pages\/4057\" data-token=\"9faa89098087ac89e5322174f897fb4b\" data-token-time=\"1776702395\"><noscript class=\"wpforms-error-noscript\">Please enable JavaScript in your browser to complete this form.<\/noscript><div id=\"wpforms-error-noscript\" style=\"display: none;\">Please enable JavaScript in your browser to complete this form.<\/div><div class=\"wpforms-field-container\"><div id=\"wpforms-3922-field_1-container\" class=\"wpforms-field wpforms-field-name\" data-field-id=\"1\"><label class=\"wpforms-field-label\" for=\"wpforms-3922-field_1\">Nimi <span class=\"wpforms-required-label\" aria-hidden=\"true\">*<\/span><\/label><input type=\"text\" id=\"wpforms-3922-field_1\" class=\"wpforms-field-medium wpforms-field-required\" name=\"wpforms[fields][1]\" aria-errormessage=\"wpforms-3922-field_1-error\" required><\/div><div id=\"wpforms-3922-field_2-container\" class=\"wpforms-field wpforms-field-email\" data-field-id=\"2\"><label class=\"wpforms-field-label\" for=\"wpforms-3922-field_2\">E-mail <span class=\"wpforms-required-label\" aria-hidden=\"true\">*<\/span><\/label><input type=\"email\" id=\"wpforms-3922-field_2\" class=\"wpforms-field-medium wpforms-field-required\" name=\"wpforms[fields][2]\" spellcheck=\"false\" aria-errormessage=\"wpforms-3922-field_2-error\" required><\/div>\t\t<div id=\"wpforms-3922-field_4-container\"\n\t\t\tclass=\"wpforms-field wpforms-field-text\"\n\t\t\tdata-field-type=\"text\"\n\t\t\tdata-field-id=\"4\"\n\t\t\t>\n\t\t\t<label class=\"wpforms-field-label\" for=\"wpforms-3922-field_4\" >E-mail Teema Nimi<\/label>\n\t\t\t<input type=\"text\" id=\"wpforms-3922-field_4\" class=\"wpforms-field-medium\" name=\"wpforms[fields][4]\" >\n\t\t<\/div>\n\t\t<div id=\"wpforms-3922-field_3-container\" class=\"wpforms-field wpforms-field-textarea\" data-field-id=\"3\"><label class=\"wpforms-field-label\" for=\"wpforms-3922-field_3\">Teema<\/label><textarea id=\"wpforms-3922-field_3\" class=\"wpforms-field-medium\" name=\"wpforms[fields][3]\" aria-errormessage=\"wpforms-3922-field_3-error\" ><\/textarea><\/div><script>\n\t\t\t\t( function() {\n\t\t\t\t\tconst style = document.createElement( 'style' );\n\t\t\t\t\tstyle.appendChild( document.createTextNode( '#wpforms-3922-field_4-container { position: absolute !important; overflow: hidden !important; display: inline !important; height: 1px !important; width: 1px !important; z-index: -1000 !important; padding: 0 !important; } #wpforms-3922-field_4-container input { visibility: hidden; } #wpforms-conversational-form-page #wpforms-3922-field_4-container label { counter-increment: none; }' ) );\n\t\t\t\t\tdocument.head.appendChild( style );\n\t\t\t\t\tdocument.currentScript?.remove();\n\t\t\t\t} )();\n\t\t\t<\/script><\/div><!-- .wpforms-field-container --><div class=\"wpforms-submit-container\" ><input type=\"hidden\" name=\"wpforms[id]\" value=\"3922\"><input type=\"hidden\" name=\"page_title\" value=\"\"><input type=\"hidden\" name=\"page_url\" value=\"https:\/\/test.thermshop.ee\/fi\/wp-json\/wp\/v2\/pages\/4057\"><input type=\"hidden\" name=\"url_referer\" value=\"\"><button type=\"submit\" name=\"wpforms[submit]\" id=\"wpforms-submit-3922\" class=\"wpforms-submit\" data-alt-text=\"Saadan...\" data-submit-text=\"Saada\" aria-live=\"assertive\" value=\"wpforms-submit\">Saada<\/button><img loading=\"lazy\" decoding=\"async\" src=\"https:\/\/test.thermshop.ee\/wp-content\/plugins\/wpforms-lite\/assets\/images\/submit-spin.svg\" class=\"wpforms-submit-spinner\" style=\"display: none;\" width=\"26\" height=\"26\" alt=\"Loading\"><\/div><\/form><\/div>  <!-- .wpforms-container -->\n\t\t<\/div>\n\t\t\t\t\t<\/div>\n\n\t\n<\/div>\n<p>&nbsp;<\/p>\n","protected":false},"excerpt":{"rendered":"<p>&nbsp;<\/p>\n","protected":false},"author":1,"featured_media":1705,"parent":0,"menu_order":0,"comment_status":"closed","ping_status":"closed","template":"page-blank.php","meta":{"_themeisle_gutenberg_block_has_review":false,"footnotes":""},"class_list":["post-4057","page","type-page","status-publish","has-post-thumbnail","hentry"],"yoast_head":"<!-- This site is optimized with the Yoast SEO plugin v26.7 - https:\/\/yoast.com\/wordpress\/plugins\/seo\/ -->\n<title>Ota yhteytt\u00e4 - Thermshop pakub kvaliteetseid termoseadmeid<\/title>\n<meta name=\"robots\" content=\"index, follow, max-snippet:-1, max-image-preview:large, max-video-preview:-1\" \/>\n<link rel=\"canonical\" href=\"https:\/\/test.thermshop.ee\/fi\/ota-yhteytta\/\" \/>\n<meta property=\"og:locale\" content=\"fi_FI\" \/>\n<meta property=\"og:type\" content=\"article\" \/>\n<meta property=\"og:title\" content=\"Ota yhteytt\u00e4 - Thermshop pakub kvaliteetseid termoseadmeid\" \/>\n<meta property=\"og:description\" content=\"&nbsp;\" \/>\n<meta property=\"og:url\" content=\"https:\/\/test.thermshop.ee\/fi\/ota-yhteytta\/\" \/>\n<meta property=\"og:site_name\" content=\"Thermshop pakub kvaliteetseid termoseadmeid\" \/>\n<meta property=\"article:publisher\" content=\"https:\/\/www.facebook.com\/profile.php?id=61554520052746\" \/>\n<meta property=\"article:modified_time\" content=\"2025-08-19T08:55:50+00:00\" \/>\n<meta property=\"og:image\" content=\"https:\/\/test.thermshop.ee\/wp-content\/uploads\/2016\/08\/dummy-1.jpg\" \/>\n\t<meta property=\"og:image:width\" content=\"400\" \/>\n\t<meta property=\"og:image:height\" content=\"260\" \/>\n\t<meta property=\"og:image:type\" content=\"image\/jpeg\" \/>\n<meta name=\"twitter:card\" content=\"summary_large_image\" \/>\n<meta name=\"twitter:label1\" content=\"Arvioitu lukuaika\" \/>\n\t<meta name=\"twitter:data1\" content=\"3 minuuttia\" \/>\n<script type=\"application\/ld+json\" class=\"yoast-schema-graph\">{\"@context\":\"https:\/\/schema.org\",\"@graph\":[{\"@type\":\"WebPage\",\"@id\":\"https:\/\/test.thermshop.ee\/fi\/ota-yhteytta\/\",\"url\":\"https:\/\/test.thermshop.ee\/fi\/ota-yhteytta\/\",\"name\":\"Ota yhteytt\u00e4 - Thermshop pakub kvaliteetseid termoseadmeid\",\"isPartOf\":{\"@id\":\"https:\/\/test.thermshop.ee\/fi\/#website\"},\"primaryImageOfPage\":{\"@id\":\"https:\/\/test.thermshop.ee\/fi\/ota-yhteytta\/#primaryimage\"},\"image\":{\"@id\":\"https:\/\/test.thermshop.ee\/fi\/ota-yhteytta\/#primaryimage\"},\"thumbnailUrl\":\"https:\/\/test.thermshop.ee\/wp-content\/uploads\/2016\/08\/dummy-1.jpg\",\"datePublished\":\"2013-08-11T19:22:53+00:00\",\"dateModified\":\"2025-08-19T08:55:50+00:00\",\"breadcrumb\":{\"@id\":\"https:\/\/test.thermshop.ee\/fi\/ota-yhteytta\/#breadcrumb\"},\"inLanguage\":\"fi\",\"potentialAction\":[{\"@type\":\"ReadAction\",\"target\":[\"https:\/\/test.thermshop.ee\/fi\/ota-yhteytta\/\"]}]},{\"@type\":\"ImageObject\",\"inLanguage\":\"fi\",\"@id\":\"https:\/\/test.thermshop.ee\/fi\/ota-yhteytta\/#primaryimage\",\"url\":\"https:\/\/test.thermshop.ee\/wp-content\/uploads\/2016\/08\/dummy-1.jpg\",\"contentUrl\":\"https:\/\/test.thermshop.ee\/wp-content\/uploads\/2016\/08\/dummy-1.jpg\",\"width\":400,\"height\":260},{\"@type\":\"BreadcrumbList\",\"@id\":\"https:\/\/test.thermshop.ee\/fi\/ota-yhteytta\/#breadcrumb\",\"itemListElement\":[{\"@type\":\"ListItem\",\"position\":1,\"name\":\"Home\",\"item\":\"https:\/\/test.thermshop.ee\/fi\/\"},{\"@type\":\"ListItem\",\"position\":2,\"name\":\"Ota yhteytt\u00e4\"}]},{\"@type\":\"WebSite\",\"@id\":\"https:\/\/test.thermshop.ee\/fi\/#website\",\"url\":\"https:\/\/test.thermshop.ee\/fi\/\",\"name\":\"Thermshop pakub kvaliteetseid termoseadmeid\",\"description\":\"Thermshop\",\"publisher\":{\"@id\":\"https:\/\/test.thermshop.ee\/fi\/#organization\"},\"potentialAction\":[{\"@type\":\"SearchAction\",\"target\":{\"@type\":\"EntryPoint\",\"urlTemplate\":\"https:\/\/test.thermshop.ee\/fi\/?s={search_term_string}\"},\"query-input\":{\"@type\":\"PropertyValueSpecification\",\"valueRequired\":true,\"valueName\":\"search_term_string\"}}],\"inLanguage\":\"fi\"},{\"@type\":\"Organization\",\"@id\":\"https:\/\/test.thermshop.ee\/fi\/#organization\",\"name\":\"Thermshop\",\"url\":\"https:\/\/test.thermshop.ee\/fi\/\",\"logo\":{\"@type\":\"ImageObject\",\"inLanguage\":\"fi\",\"@id\":\"https:\/\/test.thermshop.ee\/fi\/#\/schema\/logo\/image\/\",\"url\":\"https:\/\/test.thermshop.ee\/wp-content\/uploads\/2024\/10\/Nimetu-kujundus-12.png\",\"contentUrl\":\"https:\/\/test.thermshop.ee\/wp-content\/uploads\/2024\/10\/Nimetu-kujundus-12.png\",\"width\":500,\"height\":500,\"caption\":\"Thermshop\"},\"image\":{\"@id\":\"https:\/\/test.thermshop.ee\/fi\/#\/schema\/logo\/image\/\"},\"sameAs\":[\"https:\/\/www.facebook.com\/profile.php?id=61554520052746\"]}]}<\/script>\n<!-- \/ Yoast SEO plugin. -->","yoast_head_json":{"title":"Ota yhteytt\u00e4 - Thermshop pakub kvaliteetseid termoseadmeid","robots":{"index":"index","follow":"follow","max-snippet":"max-snippet:-1","max-image-preview":"max-image-preview:large","max-video-preview":"max-video-preview:-1"},"canonical":"https:\/\/test.thermshop.ee\/fi\/ota-yhteytta\/","og_locale":"fi_FI","og_type":"article","og_title":"Ota yhteytt\u00e4 - Thermshop pakub kvaliteetseid termoseadmeid","og_description":"&nbsp;","og_url":"https:\/\/test.thermshop.ee\/fi\/ota-yhteytta\/","og_site_name":"Thermshop pakub kvaliteetseid termoseadmeid","article_publisher":"https:\/\/www.facebook.com\/profile.php?id=61554520052746","article_modified_time":"2025-08-19T08:55:50+00:00","og_image":[{"width":400,"height":260,"url":"https:\/\/test.thermshop.ee\/wp-content\/uploads\/2016\/08\/dummy-1.jpg","type":"image\/jpeg"}],"twitter_card":"summary_large_image","twitter_misc":{"Arvioitu lukuaika":"3 minuuttia"},"schema":{"@context":"https:\/\/schema.org","@graph":[{"@type":"WebPage","@id":"https:\/\/test.thermshop.ee\/fi\/ota-yhteytta\/","url":"https:\/\/test.thermshop.ee\/fi\/ota-yhteytta\/","name":"Ota yhteytt\u00e4 - Thermshop pakub kvaliteetseid termoseadmeid","isPartOf":{"@id":"https:\/\/test.thermshop.ee\/fi\/#website"},"primaryImageOfPage":{"@id":"https:\/\/test.thermshop.ee\/fi\/ota-yhteytta\/#primaryimage"},"image":{"@id":"https:\/\/test.thermshop.ee\/fi\/ota-yhteytta\/#primaryimage"},"thumbnailUrl":"https:\/\/test.thermshop.ee\/wp-content\/uploads\/2016\/08\/dummy-1.jpg","datePublished":"2013-08-11T19:22:53+00:00","dateModified":"2025-08-19T08:55:50+00:00","breadcrumb":{"@id":"https:\/\/test.thermshop.ee\/fi\/ota-yhteytta\/#breadcrumb"},"inLanguage":"fi","potentialAction":[{"@type":"ReadAction","target":["https:\/\/test.thermshop.ee\/fi\/ota-yhteytta\/"]}]},{"@type":"ImageObject","inLanguage":"fi","@id":"https:\/\/test.thermshop.ee\/fi\/ota-yhteytta\/#primaryimage","url":"https:\/\/test.thermshop.ee\/wp-content\/uploads\/2016\/08\/dummy-1.jpg","contentUrl":"https:\/\/test.thermshop.ee\/wp-content\/uploads\/2016\/08\/dummy-1.jpg","width":400,"height":260},{"@type":"BreadcrumbList","@id":"https:\/\/test.thermshop.ee\/fi\/ota-yhteytta\/#breadcrumb","itemListElement":[{"@type":"ListItem","position":1,"name":"Home","item":"https:\/\/test.thermshop.ee\/fi\/"},{"@type":"ListItem","position":2,"name":"Ota yhteytt\u00e4"}]},{"@type":"WebSite","@id":"https:\/\/test.thermshop.ee\/fi\/#website","url":"https:\/\/test.thermshop.ee\/fi\/","name":"Thermshop pakub kvaliteetseid termoseadmeid","description":"Thermshop","publisher":{"@id":"https:\/\/test.thermshop.ee\/fi\/#organization"},"potentialAction":[{"@type":"SearchAction","target":{"@type":"EntryPoint","urlTemplate":"https:\/\/test.thermshop.ee\/fi\/?s={search_term_string}"},"query-input":{"@type":"PropertyValueSpecification","valueRequired":true,"valueName":"search_term_string"}}],"inLanguage":"fi"},{"@type":"Organization","@id":"https:\/\/test.thermshop.ee\/fi\/#organization","name":"Thermshop","url":"https:\/\/test.thermshop.ee\/fi\/","logo":{"@type":"ImageObject","inLanguage":"fi","@id":"https:\/\/test.thermshop.ee\/fi\/#\/schema\/logo\/image\/","url":"https:\/\/test.thermshop.ee\/wp-content\/uploads\/2024\/10\/Nimetu-kujundus-12.png","contentUrl":"https:\/\/test.thermshop.ee\/wp-content\/uploads\/2024\/10\/Nimetu-kujundus-12.png","width":500,"height":500,"caption":"Thermshop"},"image":{"@id":"https:\/\/test.thermshop.ee\/fi\/#\/schema\/logo\/image\/"},"sameAs":["https:\/\/www.facebook.com\/profile.php?id=61554520052746"]}]}},"_links":{"self":[{"href":"https:\/\/test.thermshop.ee\/fi\/wp-json\/wp\/v2\/pages\/4057","targetHints":{"allow":["GET"]}}],"collection":[{"href":"https:\/\/test.thermshop.ee\/fi\/wp-json\/wp\/v2\/pages"}],"about":[{"href":"https:\/\/test.thermshop.ee\/fi\/wp-json\/wp\/v2\/types\/page"}],"author":[{"embeddable":true,"href":"https:\/\/test.thermshop.ee\/fi\/wp-json\/wp\/v2\/users\/1"}],"replies":[{"embeddable":true,"href":"https:\/\/test.thermshop.ee\/fi\/wp-json\/wp\/v2\/comments?post=4057"}],"version-history":[{"count":11,"href":"https:\/\/test.thermshop.ee\/fi\/wp-json\/wp\/v2\/pages\/4057\/revisions"}],"predecessor-version":[{"id":13553,"href":"https:\/\/test.thermshop.ee\/fi\/wp-json\/wp\/v2\/pages\/4057\/revisions\/13553"}],"wp:featuredmedia":[{"embeddable":true,"href":"https:\/\/test.thermshop.ee\/fi\/wp-json\/wp\/v2\/media\/1705"}],"wp:attachment":[{"href":"https:\/\/test.thermshop.ee\/fi\/wp-json\/wp\/v2\/media?parent=4057"}],"curies":[{"name":"wp","href":"https:\/\/api.w.org\/{rel}","templated":true}]}}