{"id":5667,"date":"2024-10-13T16:51:40","date_gmt":"2024-10-13T16:51:40","guid":{"rendered":"https:\/\/test.thermshop.ee\/myyntiehdot\/"},"modified":"2025-02-19T12:31:08","modified_gmt":"2025-02-19T12:31:08","slug":"myyntiehdot","status":"publish","type":"page","link":"https:\/\/test.thermshop.ee\/fi\/myyntiehdot\/","title":{"rendered":"Myyntiehdot"},"content":{"rendered":"<p class=\"ty-mainbox-title\">Verkkokaupan www.thermshop.ee (j\u00e4ljemp\u00e4n\u00e4 Verkkokauppa) omistaja on Jofrap O\u00dc, rekisteritunnus 12685109, joka sijaitsee Keilassa, Harjumaassa.<\/p>\n<div class=\"ty-mainbox-body\">\n<div class=\"ty-wysiwyg-content\">\n<p><strong>Myyntisopimuksen voimassaolo, tuote- ja hintatiedot<\/strong><\/p>\n<ul>\n<li>Myyntiehdot koskevat tavaroiden ostamista verkkokaupasta.<\/li>\n<li>Verkkokaupassa myyt\u00e4vien tuotteiden hinnat on ilmoitettu tuotteiden vieress\u00e4. Valitun palvelun tapauksessa hintaan lis\u00e4t\u00e4\u00e4n huonetoimitusmaksu. <\/li>\n<li>Toimitusmaksu riippuu toimitustavasta.<\/li>\n<li>Tuotteen kuljetushinta ThermShopin verkkokaupassa n\u00e4kyy maksamisen yhteydess\u00e4 sek\u00e4 my\u00f6s ostolaskussa.<\/li>\n<li>Toimituskulu n\u00e4kyy ostajalle tilauksen tekemisen yhteydess\u00e4.<\/li>\n<li>Tuotteen\/tuotteiden kuljetushinta lasketaan automaattisesti. Oletamme, ett\u00e4 yksi tilaus on tarkoitettu toimitettavaksi yhdelle osoitteelle. Mik\u00e4li haluatte tilata tuotteen\/tuotteita eri osoitteisiin, teid\u00e4n on teht\u00e4v\u00e4 erilliset tilaukset tai maksettava lis\u00e4kuljetuskustannuksista ThermShopin esitt\u00e4m\u00e4n laskun mukaan.  <\/li>\n<li>Tuotetiedot on esitetty verkkokaupassa suoraan tuotteen yhteydess\u00e4.<\/li>\n<li>Verkkosivustolla olevien tuotteiden kuvilla on havainnollistava merkitys.<\/li>\n<li>Jos haluat maksaa tavarasi k\u00e4teisell\u00e4, tarjoamme my\u00f6s t\u00e4llaisen maksuratkaisun. T\u00e4ss\u00e4 tapauksessa ota meihin suoraan yhteytt\u00e4 tuotteen ostamiseksi. \u00c4l\u00e4 tee tilausta verkkokaupan kautta. Toimitamme sinulle my\u00f6s kassakuitin tavaroiden mukana.   <\/li>\n<li>Meill\u00e4 on oikeus muuttaa ehtoja yksipuolisesti (esimerkiksi korjata tuotteen hintaa) ja t\u00e4ydent\u00e4\u00e4 niit\u00e4 julkaisemalla uudet ehdot verkkosivustolla www.thermshop.ee. Jos teette tilauksen ennen ehtojen muutosten voimaantuloa, teihin sovelletaan tilauksen tekemishetkell\u00e4 voimassa olevia ehtoja. <\/li>\n<li>Hinnat ovat euroissa ja sis\u00e4lt\u00e4v\u00e4t Virossa voimassa olevan arvonlis\u00e4veron.<\/li>\n<\/ul>\n<p><strong>Paperiton laskutus.<\/strong><\/p>\n<ul>\n<li>K\u00e4yt\u00e4mme toiminnassamme paperitonta laskutusta ja t\u00e4ss\u00e4 yhteydess\u00e4 kaikki laskutukseen liittyv\u00e4t asiakirjat (ennakkolasku, tavaralasku, hyvityslasku, k\u00e4teislasku) l\u00e4hetet\u00e4\u00e4n tilauksen yhteydess\u00e4 ilmoitettuun s\u00e4hk\u00f6postiosoitteeseen.<\/li>\n<li>Kun maksat k\u00e4teisell\u00e4 tavaran vastaanoton yhteydess\u00e4, l\u00e4het\u00e4mme sinulle k\u00e4teislaskun antamaasi s\u00e4hk\u00f6postiosoitteeseen.<\/li>\n<\/ul>\n<p><strong>Tilauksen tekeminen<\/strong><\/p>\n<ul>\n<li>Tavaran tilaamiseksi tulee lis\u00e4t\u00e4 halutut tuotteet ostoskoriin. Tilauksen tekemiseksi tulee t\u00e4ytt\u00e4\u00e4 vaaditut tietokent\u00e4t ja valita sopiva tuotteiden toimitustapa. T\u00e4m\u00e4n j\u00e4lkeen n\u00e4yt\u00f6lle ilmestyy maksun suuruus, jonka voi maksaa k\u00e4ytett\u00e4viss\u00e4 olevien maksutapojen avulla.  <\/li>\n<li>Sopimus astuu voimaan tilauksen vahvistamisen j\u00e4lkeen puhelimitse ja vahvistuss\u00e4hk\u00f6postin vastaanottamisen j\u00e4lkeen.<\/li>\n<li>Mik\u00e4li tilattua tavaraa ei voida toimittaa tavaran loppumisen vuoksi tai jostain muusta syyst\u00e4, siit\u00e4 ilmoitetaan ostajalle mahdollisimman pian ja maksetut rahat (mukaan lukien tavaran toimituskulut) palautetaan viipym\u00e4tt\u00e4, kuitenkin viimeist\u00e4\u00e4n 14 p\u00e4iv\u00e4n kuluessa ilmoituksen l\u00e4hett\u00e4misest\u00e4.<\/li>\n<\/ul>\n<p><strong>Toimitus<\/strong><\/p>\n<ul>\n<li>Tuotteita toimitetaan ymp\u00e4ri Suomea.<\/li>\n<li>Tuotteen toimituskulut maksaa ostaja, ja vastaava hintatieto n\u00e4kyy toimitustavan yhteydess\u00e4.<\/li>\n<li>Suomessa toimitettavat l\u00e4hetykset saapuvat ostajan ilmoittamaan kohteeseen tuotteen yhteydess\u00e4 ilmoitetun toimitusajan mukaisesti.<\/li>\n<li>Poikkeustapauksissa tuotteen todellinen toimitusaika voi olla verkossa ilmoitettua pidempi. T\u00e4llaisissa tilanteissa asiakkaalle informoidaan puhelimitse tai s\u00e4hk\u00f6postitse ja tavarat toimitetaan asiakkaan kanssa tehdyn sopimuksen mukaisesti. Mik\u00e4li asiakas haluaa hyvityksen, palautamme maksetun summan mahdollisimman pian, kuitenkin viimeist\u00e4\u00e4n 14 p\u00e4iv\u00e4n kuluessa.  <\/li>\n<li>Voit noutaa tavarat toimistoltamme Keilassa, Nooruse katu 8, tai tilata tavarat eri pakettiautomaateista.<\/li>\n<\/ul>\n<p><strong>Peruusoikeus<\/strong><\/p>\n<ul>\n<li>Tilauksen vastaanottamisen j\u00e4lkeen ostajalla on oikeus perua verkkokaupassa solmittu sopimus 14 p\u00e4iv\u00e4n kuluessa.<\/li>\n<li>Peruusoikeus ei koske, jos ostajana on oikeushenkil\u00f6.<\/li>\n<li>14 p\u00e4iv\u00e4n palautusoikeuden k\u00e4ytt\u00e4miseksi tilattua tuotetta ei saa k\u00e4ytt\u00e4\u00e4 muulla tavalla kuin mit\u00e4 on tarpeen tuotteen luonteen, ominaisuuksien ja toiminnan varmistamiseksi tavalla, joka on sallittu tuotteen testaamiseksi fyysisess\u00e4 myym\u00e4l\u00e4ss\u00e4. Jos tuotetta on k\u00e4ytetty muuhun tarkoitukseen kuin sen luonteen, ominaisuuksien ja toiminnan varmistamiseksi, tai siin\u00e4 on k\u00e4yt\u00f6n tai kulumisen merkkej\u00e4, Verkkokaupalla on oikeus alentaa palautettavaa maksua tuotteen arvon v\u00e4henemisen mukaisesti.<\/li>\n<li>Kauba tagastamiseks tuleb esitada kauba ostmisest taganemise avaldus ning saata see e-posti aadressile <a href=\"mailto:info@thermshop.ee\">info@thermshop.ee<\/a> hiljemalt 14 p\u00e4eva jooksul kauba k\u00e4ttesaamisest.<\/li>\n<li>Tuotteen palautuskulut maksaa ostaja.<\/li>\n<li>Verkkokauppa palauttaa palautettavan tavaran vastaanottamisen yhteydess\u00e4 ostajalle viipym\u00e4tt\u00e4, mutta ei my\u00f6hemmin kuin 14 p\u00e4iv\u00e4n kuluessa peruutusilmoituksen vastaanottamisesta, kaikki ostajalta sopimuksen perusteella saadut maksut.<\/li>\n<li>Verkkokauppa voi kielt\u00e4yty\u00e4 palauttamasta maksua, kunnes se on vastaanottanut sopimuksen kohteena olevan tavaran tai kunnes ostaja on esitt\u00e4nyt todisteet tavaran palauttamisesta, riippuen siit\u00e4, kumpi tapahtuu ensin.<\/li>\n<li>Jos ostaja on selv\u00e4sti valinnut verkkokaupan tarjoamasta halvimmasta tavallisesta toimitustavasta poikkeavan toimitustavan, verkkokauppa ei ole velvollinen palauttamaan ostajalle kustannuksia, jotka ylitt\u00e4v\u00e4t tavallisen toimitustavan aiheuttamat kustannukset.<\/li>\n<li>Verkkokaupalla on oikeus peruuttaa myyntisopimus ja vaatia ostajalta tuotteen palauttamista, jos tuotteen hinta verkkokaupassa on virheen vuoksi merkitty merkitt\u00e4v\u00e4sti alle tuotteen markkinahinnan.<\/li>\n<\/ul>\n<p><strong>Vaatimuksen esitt\u00e4misoikeus<\/strong><\/p>\n<ul>\n<li>Kaikilla tuotteilla on v\u00e4hint\u00e4\u00e4n kahden vuoden valmistajan takuu. Verkkokauppa vastaa ostajalle myytyjen tuotteiden sopimusehtojen vastaisuudesta tai virheest\u00e4, joka oli olemassa jo tavaran luovutushetkell\u00e4 ja joka ilmenee kahden vuoden kuluessa tavaran luovuttamisesta ostajalle. Ensimm\u00e4isen kuuden kuukauden kuluessa tavaran toimittamisesta ostajalle oletetaan, ett\u00e4 virhe oli olemassa jo tavaran toimitushetkell\u00e4. Verkkokaupan vastuulla on kumota vastaava olettamus.   <\/li>\n<li>Puutteiden ilmenemisest\u00e4 ostajalla on lain mukaan oikeus k\u00e4\u00e4nty\u00e4 verkkokaupan puoleen viimeist\u00e4\u00e4n kahden kuukauden kuluessa, l\u00e4hett\u00e4m\u00e4ll\u00e4 s\u00e4hk\u00f6postia osoitteeseen <a href=\"mailto:info@thermshop.ee\">info@thermshop.ee<\/a> tai soittamalla numeroon: +372 56 471 844.<\/li>\n<li>Verkkokauppa ei vastaa puutteista, jotka ovat syntyneet tavaran luovuttamisen j\u00e4lkeen ostajalle.<\/li>\n<li>Jos verkkokaupasta ostetussa tuotteessa on puutteita, joista verkkokauppa vastaa, verkkokauppa korjaa tai vaihtaa puutteellisen tuotteen. Jos tuotteen korjaaminen tai vaihtaminen ei ole mahdollista, verkkokauppa palauttaa ostajalle kaikki myyntisopimukseen liittyv\u00e4t maksut. <\/li>\n<li>Verkkokauppa vastaa kuluttajan esitt\u00e4m\u00e4\u00e4n valitukseen kirjallisesti tai kirjallista todisteita mahdollistavassa muodossa 15 p\u00e4iv\u00e4n kuluessa.<\/li>\n<\/ul>\n<p><strong>Suora markkinointi ja henkil\u00f6tietojen k\u00e4sittely<\/strong><\/p>\n<ul>\n<li>Verkkokauppa k\u00e4ytt\u00e4\u00e4 ostajan sy\u00f6tt\u00e4mi\u00e4 henkil\u00f6tietoja (mukaan lukien nimi, puhelinnumero, osoite, s\u00e4hk\u00f6postiosoite, pankkitiedot) vain tilauksen k\u00e4sittelyyn ja tuotteen l\u00e4hett\u00e4miseen ostajalle. Verkkokauppa l\u00e4hett\u00e4\u00e4 ostajalle uutiskirjeit\u00e4 ja tarjouksia ostajan s\u00e4hk\u00f6postiosoitteeseen vain, jos ostaja on ilmaissut halukkuutensa sy\u00f6tt\u00e4m\u00e4ll\u00e4 verkkosivustolle s\u00e4hk\u00f6postiosoitteensa ja ilmoittamalla halustaan vastaanottaa suoramainontaa. <\/li>\n<li>Ostajalla on aina mahdollisuus luopua s\u00e4hk\u00f6postitse l\u00e4hetett\u00e4vist\u00e4 tarjouksista ja uutiskirjeist\u00e4 ilmoittamalla siit\u00e4 meille s\u00e4hk\u00f6postitse tai noudattamalla tarjouksia sis\u00e4lt\u00e4v\u00e4ss\u00e4 s\u00e4hk\u00f6postissa annettuja ohjeita.<\/li>\n<\/ul>\n<p><strong>Henkil\u00f6tietojen luovuttaminen kolmansille osapuolille<\/strong><\/p>\n<ul>\n<li>Ostettujen tuotteiden laadun arvioimiseksi asiakkaaseen voidaan ottaa yhteytt\u00e4 s\u00e4hk\u00f6postitse tilauksen toimittamisen j\u00e4lkeen. Asiakasta pyydet\u00e4\u00e4n j\u00e4tt\u00e4m\u00e4\u00e4n tuotearvostelu ja arvioimaan ostettua tuotetta. T\u00e4m\u00e4n tavoitteen saavuttamiseksi ostajan s\u00e4hk\u00f6postiosoite voidaan luovuttaa kolmansille osapuolille. Jofrap O\u00dc k\u00e4ytt\u00e4\u00e4 asiakkaiden palautteen hallintaan TestFreaks AB -alustaa, Norrtullsgatan 6, 113 29 Tukholma, Ruotsi.   <\/li>\n<li>Jos olet tilannut www.thermshop.ee uutiskirjeen ja ilmoittanut s\u00e4hk\u00f6postiosoitteesi, se voidaan v\u00e4litt\u00e4\u00e4 kolmansille osapuolille. thermshop.ee uutiskirjeiden l\u00e4hetyspalvelun tarjoaa UAB MailerLite, Jono Basanavi\u010diaus g. 15, LT-03108 Vilna, Liettua.  <\/li>\n<\/ul>\n<p style=\"font-weight: 400;\"><strong> Vastuu ja ylivoimainen este<\/strong><\/p>\n<ul>\n<li>Kumpikaan osapuoli ei ole vastuussa toisen osapuolen toiminnasta, eik\u00e4 sen katsota rikkovan n\u00e4it\u00e4 ehtoja, jos se on viiv\u00e4stynyt tai j\u00e4tt\u00e4nyt t\u00e4ytt\u00e4m\u00e4tt\u00e4 mink\u00e4\u00e4n velvollisuuden, jos viiv\u00e4styksen tai t\u00e4ytt\u00e4m\u00e4tt\u00f6myyden syy ei ollut kyseisen osapuolen kontrolloitavissa (ylivoimainen este).<\/li>\n<li>Emme korvaa teille moraalista vahinkoa, joka voi aiheutua teille toimitusaikojen, hintojen ja muiden ehtojen muutoksista n\u00e4iden ehtojen puitteissa.<\/li>\n<li>Emme korvaa teille toimitusaikojen, hintojen ja muiden ehtojen muuttamisen seurauksena syntyneit\u00e4 k\u00e4ytt\u00e4m\u00e4tt\u00f6mi\u00e4 mahdollisuuksia.<\/li>\n<li>Vastaamme teille n\u00e4iden ehtojen rikkomisesta aiheutuneista vahingoista Viron tasavallassa voimassa olevien lakien s\u00e4\u00e4nt\u00f6jen mukaisissa tapauksissa ja laajuudessa.<\/li>\n<li>Te vastaatte meille n\u00e4iden ehtojen rikkomisesta aiheutuneista vahingoista Viron tasavallassa voimassa olevien lakien s\u00e4\u00e4nt\u00f6jen mukaisissa tapauksissa ja laajuudessa.<\/li>\n<\/ul>\n<p><strong>Riitojen ratkaiseminen<\/strong><\/p>\n<ul>\n<li>Mik\u00e4li sinulla on verkkokauppaa koskevia valituksia, ne tulee l\u00e4hett\u00e4\u00e4 s\u00e4hk\u00f6postilla osoitteeseen <a href=\"mailto:info@thermshop.ee\">info@thermshop.ee <\/a>tai puhelimitse: +372 56 471 844. Mik\u00e4li ostaja ja Verkkokauppa eiv\u00e4t pysty ratkaisemaan erimielisyytt\u00e4 sopimuksella, ostaja voi ottaa yhteytt\u00e4 <a href=\"https:\/\/komisjon.ee\/et\">kuluttajariitalautakuntaan<\/a>. Voit tutustua menettelyehtoihin ja j\u00e4tt\u00e4\u00e4 hakemuksen<a href=\"https:\/\/komisjon.ee\/et\/avalduse-esitamine\"> t\u00e4\u00e4ll\u00e4<\/a>. Kuluttajariitalautakunnan toimivaltaan kuuluu ostajan ja Verkkokaupan v\u00e4lisest\u00e4 sopimuksesta aiheutuvien riitojen ratkaiseminen. Ostajan valituksen k\u00e4sittely komissiossa on maksuton Jos et ole tyytyv\u00e4inen saamaasi vastaukseen tilaamistasi tavaroista tai palveluista, voit tehd\u00e4 pyynn\u00f6n Euroopan online-riitojenratkaisukomissiolle <a href=\"http:\/\/ec.europa.eu\/odr\/\">http:\/\/ec.europa.eu\/odr\/<\/a> ja ilmoittaa siit\u00e4 meille. Ennen kaikkea pyrimme ratkaisemaan erimielisyydet ja riidat neuvotteluin. Sek\u00e4 sinulla ett\u00e4 meill\u00e4 on oikeus hakea kuluttajansuojalautakunnalta tai Viron valtion tuomioistuimelta oikeuksiesi turvaamiseksi.     <\/li>\n<li>N\u00e4iss\u00e4 ehdoissa s\u00e4\u00e4ntelem\u00e4tt\u00f6miss\u00e4 asioissa noudatamme meid\u00e4n ja teid\u00e4n Viroon sovellettavaa lains\u00e4\u00e4d\u00e4nt\u00f6\u00e4 sek\u00e4 muita oikeusaktien m\u00e4\u00e4r\u00e4yksi\u00e4, jotka s\u00e4\u00e4telev\u00e4t osapuolten v\u00e4list\u00e4 suhdetta.<\/li>\n<\/ul>\n<\/div>\n<\/div>\n\n\t<section class=\"section\" id=\"section_708795593\">\n\t\t<div class=\"section-bg fill\" >\n\t\t\t\t\t\t\t\t\t\n\t\t\t\n\n\t\t<\/div>\n\n\t\t\n\n\t\t<div class=\"section-content relative\">\n\t\t\t\t\t<\/div>\n\n\t\t\n<style>\n#section_708795593 {\n  padding-top: 30px;\n  padding-bottom: 30px;\n}\n<\/style>\n\t<\/section>\n\t\n<div class=\"row\"  id=\"row-845061755\"><\/div>\n\n\t<div id=\"col-1871082644\" class=\"col small-12 large-12\"  >\n\t\t\t\t<div class=\"col-inner\"  >\n\t\t\t\n\t\t\t\t\t<\/div>\n\t\t\t\t\t<\/div>\n\n\t\n<p>&nbsp;<\/p>\n","protected":false},"excerpt":{"rendered":"<p>Verkkokaupan www.thermshop.ee (j\u00e4ljemp\u00e4n\u00e4 Verkkokauppa) omistaja on Jofrap O\u00dc, rekisteritunnus 12685109, joka sijaitsee Keilassa, Harjumaassa. Myyntisopimuksen voimassaolo, tuote- ja hintatiedot Myyntiehdot koskevat tavaroiden ostamista verkkokaupasta. Verkkokaupassa myyt\u00e4vien tuotteiden hinnat on ilmoitettu tuotteiden vieress\u00e4. Valitun palvelun tapauksessa hintaan lis\u00e4t\u00e4\u00e4n huonetoimitusmaksu. Toimitusmaksu riippuu toimitustavasta. Tuotteen kuljetushinta ThermShopin verkkokaupassa n\u00e4kyy maksamisen yhteydess\u00e4 sek\u00e4 my\u00f6s ostolaskussa. Toimituskulu n\u00e4kyy ostajalle tilauksen [&#8230;]\n","protected":false},"author":1,"featured_media":0,"parent":0,"menu_order":0,"comment_status":"closed","ping_status":"closed","template":"","meta":{"_themeisle_gutenberg_block_has_review":false,"footnotes":""},"class_list":["post-5667","page","type-page","status-publish","hentry"],"yoast_head":"<!-- This site is optimized with the Yoast SEO plugin v26.7 - https:\/\/yoast.com\/wordpress\/plugins\/seo\/ -->\n<title>Myyntiehdot - Thermshop pakub kvaliteetseid termoseadmeid<\/title>\n<meta name=\"robots\" content=\"index, follow, max-snippet:-1, max-image-preview:large, max-video-preview:-1\" \/>\n<link rel=\"canonical\" href=\"https:\/\/test.thermshop.ee\/fi\/myyntiehdot\/\" \/>\n<meta property=\"og:locale\" content=\"fi_FI\" \/>\n<meta property=\"og:type\" content=\"article\" \/>\n<meta property=\"og:title\" content=\"Myyntiehdot - Thermshop pakub kvaliteetseid termoseadmeid\" \/>\n<meta property=\"og:description\" content=\"Verkkokaupan www.thermshop.ee (j\u00e4ljemp\u00e4n\u00e4 Verkkokauppa) omistaja on Jofrap O\u00dc, rekisteritunnus 12685109, joka sijaitsee Keilassa, Harjumaassa. Myyntisopimuksen voimassaolo, tuote- ja hintatiedot Myyntiehdot koskevat tavaroiden ostamista verkkokaupasta. Verkkokaupassa myyt\u00e4vien tuotteiden hinnat on ilmoitettu tuotteiden vieress\u00e4. Valitun palvelun tapauksessa hintaan lis\u00e4t\u00e4\u00e4n huonetoimitusmaksu. Toimitusmaksu riippuu toimitustavasta. Tuotteen kuljetushinta ThermShopin verkkokaupassa n\u00e4kyy maksamisen yhteydess\u00e4 sek\u00e4 my\u00f6s ostolaskussa. Toimituskulu n\u00e4kyy ostajalle tilauksen [...]\" \/>\n<meta property=\"og:url\" content=\"https:\/\/test.thermshop.ee\/fi\/myyntiehdot\/\" \/>\n<meta property=\"og:site_name\" content=\"Thermshop pakub kvaliteetseid termoseadmeid\" \/>\n<meta property=\"article:publisher\" content=\"https:\/\/www.facebook.com\/profile.php?id=61554520052746\" \/>\n<meta property=\"article:modified_time\" content=\"2025-02-19T12:31:08+00:00\" \/>\n<meta name=\"twitter:card\" content=\"summary_large_image\" \/>\n<meta name=\"twitter:label1\" content=\"Arvioitu lukuaika\" \/>\n\t<meta name=\"twitter:data1\" content=\"6 minuuttia\" \/>\n<script type=\"application\/ld+json\" class=\"yoast-schema-graph\">{\"@context\":\"https:\/\/schema.org\",\"@graph\":[{\"@type\":\"WebPage\",\"@id\":\"https:\/\/test.thermshop.ee\/fi\/myyntiehdot\/\",\"url\":\"https:\/\/test.thermshop.ee\/fi\/myyntiehdot\/\",\"name\":\"Myyntiehdot - Thermshop pakub kvaliteetseid termoseadmeid\",\"isPartOf\":{\"@id\":\"https:\/\/test.thermshop.ee\/fi\/#website\"},\"datePublished\":\"2024-10-13T16:51:40+00:00\",\"dateModified\":\"2025-02-19T12:31:08+00:00\",\"breadcrumb\":{\"@id\":\"https:\/\/test.thermshop.ee\/fi\/myyntiehdot\/#breadcrumb\"},\"inLanguage\":\"fi\",\"potentialAction\":[{\"@type\":\"ReadAction\",\"target\":[\"https:\/\/test.thermshop.ee\/fi\/myyntiehdot\/\"]}]},{\"@type\":\"BreadcrumbList\",\"@id\":\"https:\/\/test.thermshop.ee\/fi\/myyntiehdot\/#breadcrumb\",\"itemListElement\":[{\"@type\":\"ListItem\",\"position\":1,\"name\":\"Home\",\"item\":\"https:\/\/test.thermshop.ee\/fi\/\"},{\"@type\":\"ListItem\",\"position\":2,\"name\":\"Myyntiehdot\"}]},{\"@type\":\"WebSite\",\"@id\":\"https:\/\/test.thermshop.ee\/fi\/#website\",\"url\":\"https:\/\/test.thermshop.ee\/fi\/\",\"name\":\"Thermshop pakub kvaliteetseid termoseadmeid\",\"description\":\"Thermshop\",\"publisher\":{\"@id\":\"https:\/\/test.thermshop.ee\/fi\/#organization\"},\"potentialAction\":[{\"@type\":\"SearchAction\",\"target\":{\"@type\":\"EntryPoint\",\"urlTemplate\":\"https:\/\/test.thermshop.ee\/fi\/?s={search_term_string}\"},\"query-input\":{\"@type\":\"PropertyValueSpecification\",\"valueRequired\":true,\"valueName\":\"search_term_string\"}}],\"inLanguage\":\"fi\"},{\"@type\":\"Organization\",\"@id\":\"https:\/\/test.thermshop.ee\/fi\/#organization\",\"name\":\"Thermshop\",\"url\":\"https:\/\/test.thermshop.ee\/fi\/\",\"logo\":{\"@type\":\"ImageObject\",\"inLanguage\":\"fi\",\"@id\":\"https:\/\/test.thermshop.ee\/fi\/#\/schema\/logo\/image\/\",\"url\":\"https:\/\/test.thermshop.ee\/wp-content\/uploads\/2024\/10\/Nimetu-kujundus-12.png\",\"contentUrl\":\"https:\/\/test.thermshop.ee\/wp-content\/uploads\/2024\/10\/Nimetu-kujundus-12.png\",\"width\":500,\"height\":500,\"caption\":\"Thermshop\"},\"image\":{\"@id\":\"https:\/\/test.thermshop.ee\/fi\/#\/schema\/logo\/image\/\"},\"sameAs\":[\"https:\/\/www.facebook.com\/profile.php?id=61554520052746\"]}]}<\/script>\n<!-- \/ Yoast SEO plugin. -->","yoast_head_json":{"title":"Myyntiehdot - Thermshop pakub kvaliteetseid termoseadmeid","robots":{"index":"index","follow":"follow","max-snippet":"max-snippet:-1","max-image-preview":"max-image-preview:large","max-video-preview":"max-video-preview:-1"},"canonical":"https:\/\/test.thermshop.ee\/fi\/myyntiehdot\/","og_locale":"fi_FI","og_type":"article","og_title":"Myyntiehdot - Thermshop pakub kvaliteetseid termoseadmeid","og_description":"Verkkokaupan www.thermshop.ee (j\u00e4ljemp\u00e4n\u00e4 Verkkokauppa) omistaja on Jofrap O\u00dc, rekisteritunnus 12685109, joka sijaitsee Keilassa, Harjumaassa. Myyntisopimuksen voimassaolo, tuote- ja hintatiedot Myyntiehdot koskevat tavaroiden ostamista verkkokaupasta. Verkkokaupassa myyt\u00e4vien tuotteiden hinnat on ilmoitettu tuotteiden vieress\u00e4. Valitun palvelun tapauksessa hintaan lis\u00e4t\u00e4\u00e4n huonetoimitusmaksu. Toimitusmaksu riippuu toimitustavasta. Tuotteen kuljetushinta ThermShopin verkkokaupassa n\u00e4kyy maksamisen yhteydess\u00e4 sek\u00e4 my\u00f6s ostolaskussa. Toimituskulu n\u00e4kyy ostajalle tilauksen [...]","og_url":"https:\/\/test.thermshop.ee\/fi\/myyntiehdot\/","og_site_name":"Thermshop pakub kvaliteetseid termoseadmeid","article_publisher":"https:\/\/www.facebook.com\/profile.php?id=61554520052746","article_modified_time":"2025-02-19T12:31:08+00:00","twitter_card":"summary_large_image","twitter_misc":{"Arvioitu lukuaika":"6 minuuttia"},"schema":{"@context":"https:\/\/schema.org","@graph":[{"@type":"WebPage","@id":"https:\/\/test.thermshop.ee\/fi\/myyntiehdot\/","url":"https:\/\/test.thermshop.ee\/fi\/myyntiehdot\/","name":"Myyntiehdot - Thermshop pakub kvaliteetseid termoseadmeid","isPartOf":{"@id":"https:\/\/test.thermshop.ee\/fi\/#website"},"datePublished":"2024-10-13T16:51:40+00:00","dateModified":"2025-02-19T12:31:08+00:00","breadcrumb":{"@id":"https:\/\/test.thermshop.ee\/fi\/myyntiehdot\/#breadcrumb"},"inLanguage":"fi","potentialAction":[{"@type":"ReadAction","target":["https:\/\/test.thermshop.ee\/fi\/myyntiehdot\/"]}]},{"@type":"BreadcrumbList","@id":"https:\/\/test.thermshop.ee\/fi\/myyntiehdot\/#breadcrumb","itemListElement":[{"@type":"ListItem","position":1,"name":"Home","item":"https:\/\/test.thermshop.ee\/fi\/"},{"@type":"ListItem","position":2,"name":"Myyntiehdot"}]},{"@type":"WebSite","@id":"https:\/\/test.thermshop.ee\/fi\/#website","url":"https:\/\/test.thermshop.ee\/fi\/","name":"Thermshop pakub kvaliteetseid termoseadmeid","description":"Thermshop","publisher":{"@id":"https:\/\/test.thermshop.ee\/fi\/#organization"},"potentialAction":[{"@type":"SearchAction","target":{"@type":"EntryPoint","urlTemplate":"https:\/\/test.thermshop.ee\/fi\/?s={search_term_string}"},"query-input":{"@type":"PropertyValueSpecification","valueRequired":true,"valueName":"search_term_string"}}],"inLanguage":"fi"},{"@type":"Organization","@id":"https:\/\/test.thermshop.ee\/fi\/#organization","name":"Thermshop","url":"https:\/\/test.thermshop.ee\/fi\/","logo":{"@type":"ImageObject","inLanguage":"fi","@id":"https:\/\/test.thermshop.ee\/fi\/#\/schema\/logo\/image\/","url":"https:\/\/test.thermshop.ee\/wp-content\/uploads\/2024\/10\/Nimetu-kujundus-12.png","contentUrl":"https:\/\/test.thermshop.ee\/wp-content\/uploads\/2024\/10\/Nimetu-kujundus-12.png","width":500,"height":500,"caption":"Thermshop"},"image":{"@id":"https:\/\/test.thermshop.ee\/fi\/#\/schema\/logo\/image\/"},"sameAs":["https:\/\/www.facebook.com\/profile.php?id=61554520052746"]}]}},"_links":{"self":[{"href":"https:\/\/test.thermshop.ee\/fi\/wp-json\/wp\/v2\/pages\/5667","targetHints":{"allow":["GET"]}}],"collection":[{"href":"https:\/\/test.thermshop.ee\/fi\/wp-json\/wp\/v2\/pages"}],"about":[{"href":"https:\/\/test.thermshop.ee\/fi\/wp-json\/wp\/v2\/types\/page"}],"author":[{"embeddable":true,"href":"https:\/\/test.thermshop.ee\/fi\/wp-json\/wp\/v2\/users\/1"}],"replies":[{"embeddable":true,"href":"https:\/\/test.thermshop.ee\/fi\/wp-json\/wp\/v2\/comments?post=5667"}],"version-history":[{"count":10,"href":"https:\/\/test.thermshop.ee\/fi\/wp-json\/wp\/v2\/pages\/5667\/revisions"}],"predecessor-version":[{"id":9738,"href":"https:\/\/test.thermshop.ee\/fi\/wp-json\/wp\/v2\/pages\/5667\/revisions\/9738"}],"wp:attachment":[{"href":"https:\/\/test.thermshop.ee\/fi\/wp-json\/wp\/v2\/media?parent=5667"}],"curies":[{"name":"wp","href":"https:\/\/api.w.org\/{rel}","templated":true}]}}