{"id":9744,"date":"2024-09-09T07:25:54","date_gmt":"2024-09-09T07:25:54","guid":{"rendered":"https:\/\/test.thermshop.ee\/tietosuojakaytanto\/"},"modified":"2024-09-09T07:25:54","modified_gmt":"2024-09-09T07:25:54","slug":"tietosuojakaytanto","status":"publish","type":"page","link":"https:\/\/test.thermshop.ee\/fi\/tietosuojakaytanto\/","title":{"rendered":"Tietosuojak\u00e4yt\u00e4nt\u00f6"},"content":{"rendered":"<p><strong><u>Tietosuojak\u00e4yt\u00e4nt\u00f6<\/u><\/strong><\/p>\n<p>Vastuullinen henkil\u00f6tietojen k\u00e4sittelij\u00e4 on Jofrap O\u00dc, jonka rekisteritunnus on 12685109, osoite Nooruse 8, Keila, 76607, Harjumaa. T\u00e4ss\u00e4 tietosuojak\u00e4yt\u00e4nn\u00f6ss\u00e4 selit\u00e4mme, kuinka ker\u00e4\u00e4mme, k\u00e4yt\u00e4mme, jaamme ja suojaamme tietoja, joita ker\u00e4\u00e4mme thermshop.ee-sivuston (j\u00e4ljemp\u00e4n\u00e4 verkkosivusto) tai s\u00e4hk\u00f6postiosoitteen info@thermshop.ee (j\u00e4ljemp\u00e4n\u00e4 s\u00e4hk\u00f6postiosoite) k\u00e4ytt\u00e4jilt\u00e4. <\/p>\n<p><strong>K\u00e4sitelt\u00e4v\u00e4t henkil\u00f6tiedot<\/strong><\/p>\n<p>K\u00e4sittelemme seuraavia henkil\u00f6tietoja: nimi, puhelinnumero, s\u00e4hk\u00f6postiosoite, tavaroiden toimitusosoite, pankkitilinumero, tavaran hinta ja maksuihin liittyv\u00e4t tiedot, henkil\u00f6tunnus ja muut tiedot voimassa olevan lains\u00e4\u00e4d\u00e4nn\u00f6n mukaisesti.<\/p>\n<p><strong>Henkil\u00f6tietojen ker\u00e4\u00e4minen<\/strong><\/p>\n<p>Kun k\u00e4yt\u00e4t verkkosivustoamme tai s\u00e4hk\u00f6postiosoitettamme, voimme ker\u00e4t\u00e4 tietoja, jotka annat meille vapaaehtoisesti.<\/p>\n<p><strong>Riitojen ratkaiseminen<\/strong><\/p>\n<p>Henkil\u00f6tietojen k\u00e4sittelyyn liittyv\u00e4t erimielisyydet ratkaistaan \u200b\u200basiakaspalvelun kautta osoitteessa info@thermshop.ee. Valvontaviranomainen on Tietosuojatarkastus, joka toimii oikeusministeri\u00f6n alaisuudessa. <\/p>\n<p><strong>Henkil\u00f6tietojen s\u00e4ilytys<\/strong><\/p>\n<p>Riitatapauksissa henkil\u00f6tietoja s\u00e4ilytet\u00e4\u00e4n vanhentumisajan loppuun tai kunnes vaatimus on t\u00e4ytetty. Kirjanpitoon tarvittavat henkil\u00f6tiedot s\u00e4ilytet\u00e4\u00e4n kirjanpitolain mukaisesti. Muut henkil\u00f6tiedot ja tiedot, joilla on sovellettavasta lains\u00e4\u00e4d\u00e4nn\u00f6st\u00e4 johtuva s\u00e4ilytysvelvollisuus, s\u00e4ilytet\u00e4\u00e4n sovellettavan lains\u00e4\u00e4d\u00e4nn\u00f6n mukaisesti.  <\/p>\n<p><strong>Henkil\u00f6tietojen jakaminen<\/strong><\/p>\n<p>Henkil\u00f6tietoja ei jaeta kolmansille osapuolille, ellei se ole tarpeen palvelun tarjoamiseksi (esimerkiksi tavaroiden toimittamiseksi) tai lakis\u00e4\u00e4teisten vaatimusten t\u00e4ytt\u00e4miseksi.<\/p>\n<p><strong>Henkil\u00f6tietojen turvallisuus<\/strong><\/p>\n<p>Toteutamme asianmukaisia \u200b\u200bteknisi\u00e4 ja organisatorisia turvatoimenpiteit\u00e4 henkil\u00f6tietojesi suojaamiseksi vahingossa tapahtuvalta tai laittomalta tuhoutumiselta, katoamiselta, muuttamiselta, luvattomalta paljastamiselta tai luvattomien osapuolten p\u00e4\u00e4sylt\u00e4.<\/p>\n<p><strong>Sinun oikeutesi<\/strong><\/p>\n<p>Sinulla on oikeus saada p\u00e4\u00e4sy henkil\u00f6tietoihisi, pyyt\u00e4\u00e4 niiden korjaamista, poistamista tai k\u00e4sittelyn rajoittamista sek\u00e4 vastustaa henkil\u00f6tietojesi k\u00e4sittely\u00e4. Jos haluat k\u00e4ytt\u00e4\u00e4 n\u00e4it\u00e4 oikeuksia tai sinulla on kysytt\u00e4v\u00e4\u00e4 tietosuojaselosteesta, ota meihin yhteytt\u00e4 s\u00e4hk\u00f6postitse osoitteeseen info@thermshop.ee. <\/p>\n<p><strong>Muutoksia tietosuojak\u00e4yt\u00e4nt\u00f6\u00f6n<\/strong><\/p>\n<p>Voimme muuttaa t\u00e4t\u00e4 tietosuojak\u00e4yt\u00e4nt\u00f6\u00e4 ajoittain. Kaikki muutokset tulevat voimaan, kun ne julkaistaan \u200b\u200bverkkosivuillamme. <\/p>\n","protected":false},"excerpt":{"rendered":"<p>Tietosuojak\u00e4yt\u00e4nt\u00f6 Vastuullinen henkil\u00f6tietojen k\u00e4sittelij\u00e4 on Jofrap O\u00dc, jonka rekisteritunnus on 12685109, osoite Nooruse 8, Keila, 76607, Harjumaa. T\u00e4ss\u00e4 tietosuojak\u00e4yt\u00e4nn\u00f6ss\u00e4 selit\u00e4mme, kuinka ker\u00e4\u00e4mme, k\u00e4yt\u00e4mme, jaamme ja suojaamme tietoja, joita ker\u00e4\u00e4mme thermshop.ee-sivuston (j\u00e4ljemp\u00e4n\u00e4 verkkosivusto) tai s\u00e4hk\u00f6postiosoitteen info@thermshop.ee (j\u00e4ljemp\u00e4n\u00e4 s\u00e4hk\u00f6postiosoite) k\u00e4ytt\u00e4jilt\u00e4. K\u00e4sitelt\u00e4v\u00e4t henkil\u00f6tiedot K\u00e4sittelemme seuraavia henkil\u00f6tietoja: nimi, puhelinnumero, s\u00e4hk\u00f6postiosoite, tavaroiden toimitusosoite, pankkitilinumero, tavaran hinta ja maksuihin liittyv\u00e4t tiedot, [&#8230;]\n","protected":false},"author":1,"featured_media":0,"parent":0,"menu_order":0,"comment_status":"closed","ping_status":"open","template":"","meta":{"_themeisle_gutenberg_block_has_review":false,"footnotes":""},"class_list":["post-9744","page","type-page","status-publish","hentry"],"yoast_head":"<!-- This site is optimized with the Yoast SEO plugin v26.7 - https:\/\/yoast.com\/wordpress\/plugins\/seo\/ -->\n<title>Tietosuojak\u00e4yt\u00e4nt\u00f6 - Thermshop pakub kvaliteetseid termoseadmeid<\/title>\n<meta name=\"robots\" content=\"index, follow, max-snippet:-1, max-image-preview:large, max-video-preview:-1\" \/>\n<link rel=\"canonical\" href=\"https:\/\/test.thermshop.ee\/fi\/tietosuojakaytanto\/\" \/>\n<meta property=\"og:locale\" content=\"fi_FI\" \/>\n<meta property=\"og:type\" content=\"article\" \/>\n<meta property=\"og:title\" content=\"Tietosuojak\u00e4yt\u00e4nt\u00f6 - Thermshop pakub kvaliteetseid termoseadmeid\" \/>\n<meta property=\"og:description\" content=\"Tietosuojak\u00e4yt\u00e4nt\u00f6 Vastuullinen henkil\u00f6tietojen k\u00e4sittelij\u00e4 on Jofrap O\u00dc, jonka rekisteritunnus on 12685109, osoite Nooruse 8, Keila, 76607, Harjumaa. T\u00e4ss\u00e4 tietosuojak\u00e4yt\u00e4nn\u00f6ss\u00e4 selit\u00e4mme, kuinka ker\u00e4\u00e4mme, k\u00e4yt\u00e4mme, jaamme ja suojaamme tietoja, joita ker\u00e4\u00e4mme thermshop.ee-sivuston (j\u00e4ljemp\u00e4n\u00e4 verkkosivusto) tai s\u00e4hk\u00f6postiosoitteen info@thermshop.ee (j\u00e4ljemp\u00e4n\u00e4 s\u00e4hk\u00f6postiosoite) k\u00e4ytt\u00e4jilt\u00e4. K\u00e4sitelt\u00e4v\u00e4t henkil\u00f6tiedot K\u00e4sittelemme seuraavia henkil\u00f6tietoja: nimi, puhelinnumero, s\u00e4hk\u00f6postiosoite, tavaroiden toimitusosoite, pankkitilinumero, tavaran hinta ja maksuihin liittyv\u00e4t tiedot, [...]\" \/>\n<meta property=\"og:url\" content=\"https:\/\/test.thermshop.ee\/fi\/tietosuojakaytanto\/\" \/>\n<meta property=\"og:site_name\" content=\"Thermshop pakub kvaliteetseid termoseadmeid\" \/>\n<meta property=\"article:publisher\" content=\"https:\/\/www.facebook.com\/profile.php?id=61554520052746\" \/>\n<meta name=\"twitter:card\" content=\"summary_large_image\" \/>\n<meta name=\"twitter:label1\" content=\"Arvioitu lukuaika\" \/>\n\t<meta name=\"twitter:data1\" content=\"2 minuuttia\" \/>\n<script type=\"application\/ld+json\" class=\"yoast-schema-graph\">{\"@context\":\"https:\/\/schema.org\",\"@graph\":[{\"@type\":\"WebPage\",\"@id\":\"https:\/\/test.thermshop.ee\/fi\/tietosuojakaytanto\/\",\"url\":\"https:\/\/test.thermshop.ee\/fi\/tietosuojakaytanto\/\",\"name\":\"Tietosuojak\u00e4yt\u00e4nt\u00f6 - Thermshop pakub kvaliteetseid termoseadmeid\",\"isPartOf\":{\"@id\":\"https:\/\/test.thermshop.ee\/fi\/#website\"},\"datePublished\":\"2024-09-09T07:25:54+00:00\",\"breadcrumb\":{\"@id\":\"https:\/\/test.thermshop.ee\/fi\/tietosuojakaytanto\/#breadcrumb\"},\"inLanguage\":\"fi\",\"potentialAction\":[{\"@type\":\"ReadAction\",\"target\":[\"https:\/\/test.thermshop.ee\/fi\/tietosuojakaytanto\/\"]}]},{\"@type\":\"BreadcrumbList\",\"@id\":\"https:\/\/test.thermshop.ee\/fi\/tietosuojakaytanto\/#breadcrumb\",\"itemListElement\":[{\"@type\":\"ListItem\",\"position\":1,\"name\":\"Home\",\"item\":\"https:\/\/test.thermshop.ee\/fi\/\"},{\"@type\":\"ListItem\",\"position\":2,\"name\":\"Tietosuojak\u00e4yt\u00e4nt\u00f6\"}]},{\"@type\":\"WebSite\",\"@id\":\"https:\/\/test.thermshop.ee\/fi\/#website\",\"url\":\"https:\/\/test.thermshop.ee\/fi\/\",\"name\":\"Thermshop pakub kvaliteetseid termoseadmeid\",\"description\":\"Thermshop\",\"publisher\":{\"@id\":\"https:\/\/test.thermshop.ee\/fi\/#organization\"},\"potentialAction\":[{\"@type\":\"SearchAction\",\"target\":{\"@type\":\"EntryPoint\",\"urlTemplate\":\"https:\/\/test.thermshop.ee\/fi\/?s={search_term_string}\"},\"query-input\":{\"@type\":\"PropertyValueSpecification\",\"valueRequired\":true,\"valueName\":\"search_term_string\"}}],\"inLanguage\":\"fi\"},{\"@type\":\"Organization\",\"@id\":\"https:\/\/test.thermshop.ee\/fi\/#organization\",\"name\":\"Thermshop\",\"url\":\"https:\/\/test.thermshop.ee\/fi\/\",\"logo\":{\"@type\":\"ImageObject\",\"inLanguage\":\"fi\",\"@id\":\"https:\/\/test.thermshop.ee\/fi\/#\/schema\/logo\/image\/\",\"url\":\"https:\/\/test.thermshop.ee\/wp-content\/uploads\/2024\/10\/Nimetu-kujundus-12.png\",\"contentUrl\":\"https:\/\/test.thermshop.ee\/wp-content\/uploads\/2024\/10\/Nimetu-kujundus-12.png\",\"width\":500,\"height\":500,\"caption\":\"Thermshop\"},\"image\":{\"@id\":\"https:\/\/test.thermshop.ee\/fi\/#\/schema\/logo\/image\/\"},\"sameAs\":[\"https:\/\/www.facebook.com\/profile.php?id=61554520052746\"]}]}<\/script>\n<!-- \/ Yoast SEO plugin. -->","yoast_head_json":{"title":"Tietosuojak\u00e4yt\u00e4nt\u00f6 - Thermshop pakub kvaliteetseid termoseadmeid","robots":{"index":"index","follow":"follow","max-snippet":"max-snippet:-1","max-image-preview":"max-image-preview:large","max-video-preview":"max-video-preview:-1"},"canonical":"https:\/\/test.thermshop.ee\/fi\/tietosuojakaytanto\/","og_locale":"fi_FI","og_type":"article","og_title":"Tietosuojak\u00e4yt\u00e4nt\u00f6 - Thermshop pakub kvaliteetseid termoseadmeid","og_description":"Tietosuojak\u00e4yt\u00e4nt\u00f6 Vastuullinen henkil\u00f6tietojen k\u00e4sittelij\u00e4 on Jofrap O\u00dc, jonka rekisteritunnus on 12685109, osoite Nooruse 8, Keila, 76607, Harjumaa. T\u00e4ss\u00e4 tietosuojak\u00e4yt\u00e4nn\u00f6ss\u00e4 selit\u00e4mme, kuinka ker\u00e4\u00e4mme, k\u00e4yt\u00e4mme, jaamme ja suojaamme tietoja, joita ker\u00e4\u00e4mme thermshop.ee-sivuston (j\u00e4ljemp\u00e4n\u00e4 verkkosivusto) tai s\u00e4hk\u00f6postiosoitteen info@thermshop.ee (j\u00e4ljemp\u00e4n\u00e4 s\u00e4hk\u00f6postiosoite) k\u00e4ytt\u00e4jilt\u00e4. K\u00e4sitelt\u00e4v\u00e4t henkil\u00f6tiedot K\u00e4sittelemme seuraavia henkil\u00f6tietoja: nimi, puhelinnumero, s\u00e4hk\u00f6postiosoite, tavaroiden toimitusosoite, pankkitilinumero, tavaran hinta ja maksuihin liittyv\u00e4t tiedot, [...]","og_url":"https:\/\/test.thermshop.ee\/fi\/tietosuojakaytanto\/","og_site_name":"Thermshop pakub kvaliteetseid termoseadmeid","article_publisher":"https:\/\/www.facebook.com\/profile.php?id=61554520052746","twitter_card":"summary_large_image","twitter_misc":{"Arvioitu lukuaika":"2 minuuttia"},"schema":{"@context":"https:\/\/schema.org","@graph":[{"@type":"WebPage","@id":"https:\/\/test.thermshop.ee\/fi\/tietosuojakaytanto\/","url":"https:\/\/test.thermshop.ee\/fi\/tietosuojakaytanto\/","name":"Tietosuojak\u00e4yt\u00e4nt\u00f6 - Thermshop pakub kvaliteetseid termoseadmeid","isPartOf":{"@id":"https:\/\/test.thermshop.ee\/fi\/#website"},"datePublished":"2024-09-09T07:25:54+00:00","breadcrumb":{"@id":"https:\/\/test.thermshop.ee\/fi\/tietosuojakaytanto\/#breadcrumb"},"inLanguage":"fi","potentialAction":[{"@type":"ReadAction","target":["https:\/\/test.thermshop.ee\/fi\/tietosuojakaytanto\/"]}]},{"@type":"BreadcrumbList","@id":"https:\/\/test.thermshop.ee\/fi\/tietosuojakaytanto\/#breadcrumb","itemListElement":[{"@type":"ListItem","position":1,"name":"Home","item":"https:\/\/test.thermshop.ee\/fi\/"},{"@type":"ListItem","position":2,"name":"Tietosuojak\u00e4yt\u00e4nt\u00f6"}]},{"@type":"WebSite","@id":"https:\/\/test.thermshop.ee\/fi\/#website","url":"https:\/\/test.thermshop.ee\/fi\/","name":"Thermshop pakub kvaliteetseid termoseadmeid","description":"Thermshop","publisher":{"@id":"https:\/\/test.thermshop.ee\/fi\/#organization"},"potentialAction":[{"@type":"SearchAction","target":{"@type":"EntryPoint","urlTemplate":"https:\/\/test.thermshop.ee\/fi\/?s={search_term_string}"},"query-input":{"@type":"PropertyValueSpecification","valueRequired":true,"valueName":"search_term_string"}}],"inLanguage":"fi"},{"@type":"Organization","@id":"https:\/\/test.thermshop.ee\/fi\/#organization","name":"Thermshop","url":"https:\/\/test.thermshop.ee\/fi\/","logo":{"@type":"ImageObject","inLanguage":"fi","@id":"https:\/\/test.thermshop.ee\/fi\/#\/schema\/logo\/image\/","url":"https:\/\/test.thermshop.ee\/wp-content\/uploads\/2024\/10\/Nimetu-kujundus-12.png","contentUrl":"https:\/\/test.thermshop.ee\/wp-content\/uploads\/2024\/10\/Nimetu-kujundus-12.png","width":500,"height":500,"caption":"Thermshop"},"image":{"@id":"https:\/\/test.thermshop.ee\/fi\/#\/schema\/logo\/image\/"},"sameAs":["https:\/\/www.facebook.com\/profile.php?id=61554520052746"]}]}},"_links":{"self":[{"href":"https:\/\/test.thermshop.ee\/fi\/wp-json\/wp\/v2\/pages\/9744","targetHints":{"allow":["GET"]}}],"collection":[{"href":"https:\/\/test.thermshop.ee\/fi\/wp-json\/wp\/v2\/pages"}],"about":[{"href":"https:\/\/test.thermshop.ee\/fi\/wp-json\/wp\/v2\/types\/page"}],"author":[{"embeddable":true,"href":"https:\/\/test.thermshop.ee\/fi\/wp-json\/wp\/v2\/users\/1"}],"replies":[{"embeddable":true,"href":"https:\/\/test.thermshop.ee\/fi\/wp-json\/wp\/v2\/comments?post=9744"}],"version-history":[{"count":0,"href":"https:\/\/test.thermshop.ee\/fi\/wp-json\/wp\/v2\/pages\/9744\/revisions"}],"wp:attachment":[{"href":"https:\/\/test.thermshop.ee\/fi\/wp-json\/wp\/v2\/media?parent=9744"}],"curies":[{"name":"wp","href":"https:\/\/api.w.org\/{rel}","templated":true}]}}