{"id":10363,"date":"2025-04-05T07:15:31","date_gmt":"2025-04-05T07:15:31","guid":{"rendered":"https:\/\/test.thermshop.ee\/?post_type=product&#038;p=10363"},"modified":"2025-07-28T11:50:51","modified_gmt":"2025-07-28T11:50:51","slug":"reolink-go-g450-4k-4g-camo-rajakaamera","status":"publish","type":"product","link":"https:\/\/test.thermshop.ee\/fi\/tuote\/reolink-go-g450-4k-4g-camo-rajakaamera\/","title":{"rendered":"Reolink Go G450 4K 4G camo rajakaamera"},"content":{"rendered":"\t<div id=\"text-991036593\" class=\"text\">\n\t\t\n<h2 class=\"uppercase\">Reolink Go G450 4K 4G camo rajakaamera<\/h2>\n<p>Reolink GO seeria G450 4K 4G kaamera \u2013 avasta loodust igal ajal 360\u00b0 otse\u00fclekandega.<br data-start=\"84\" data-end=\"87\" \/>Loodud ekspertide poolt looduse j\u00e4lgimiseks: See p\u00f6\u00f6ratav ja kallutatav rajakaamera pakub 360\u00b0 vaatev\u00e4lja, v\u00f5imaldades katta suuremaid alasid kui kunagi varem. Rakenduse kaudu saad h\u00f5lpsasti reguleerida kaamera nurka ning j\u00e4lgida k\u00f5ike, mida soovid.<br \/>\n\t\t\n<style>\n#text-991036593 {\n  font-size: 1.05rem;\n  text-align: center;\n}\n<\/style>\n\t<\/div>\n\t\n\t<div id=\"gap-1958283757\" class=\"gap-element clearfix\" style=\"display:block; height:auto;\">\n\t\t\n<style>\n#gap-1958283757 {\n  padding-top: 30px;\n}\n<\/style>\n\t<\/div>\n\t\n<div class=\"text-center\"><div class=\"is-divider divider clearfix\" style=\"max-width:2000px;height:1px;\"><\/div><\/div>\n<div class=\"row align-middle align-center\"  id=\"row-2043514025\">\n<\/div>\n\n\t<div id=\"col-1782826052\" class=\"col medium-11 small-12 large-11\"  >\n\t\t\t\t<div class=\"col-inner\"  >\n\t\t\t\n\t\t\t\t\t<\/div>\n\t\t\t\t\t<\/div>\n\n\t\n<ul>\n<li>8 MP, 3840 x 2160 resolutsioon<\/li>\n<li>4G ja LTE \u00fchendus<\/li>\n<li>Sisseehitatud 6000 mAh aku<\/li>\n<li>Targad reaalajas teavitused: saad push-teavitusi oma telefoni v\u00f5i e-kirju koos videopiltidega.<\/li>\n<li>Otse\u00fclekanded igal ajal: 2K resolutsioon (2560\u00d71440 pikslit) pakub kristallselgeid pilte looduse p\u00f5nevatest hetkedest<\/li>\n<li>Kohanda oma kaarti rakenduses, lisades markerid kohtadele, kus loomad ilmuvad v\u00f5i kuhu on kaamera paigaldatud<\/li>\n<li>Lihtne kasutada: GO seeria G450 on ideaalne valik jahimeestele ja loodusvaatlejatele<\/li>\n<li>Pimedas n\u00e4htamatud IR LED-id (940 nm) aitavad kaameral j\u00e4\u00e4dvustada loomi ilma neid segamata<\/li>\n<li>Kiire 0,5 sekundi p\u00e4\u00e4stiku reageerimine aitab tabada kiiresti liikuvad v\u00f5i raskesti j\u00e4lgitavad loomad<\/li>\n<li>Toide akust v\u00f5i p\u00e4ikesepaneelist<\/li>\n<li>Inimese tuvastamine ja kahesuunaline heli<\/li>\n<li>Intelligentne loomade tuvastamine<\/li>\n<li>4G LTE \u00fchendus: GO seeria G450 on 100% juhtmeta rajakaamera, mis t\u00f6\u00f6tab 4G LTE mobiilsidev\u00f5rgus<\/li>\n<li>Tugi kuni 128 GB SD-kaardile<\/li>\n<\/ul>\n<p>Kaasasolevad tarvikud:<\/p>\n<ul>\n<li>Reolink Go Ranger PT \u00d71<\/li>\n<li>Eelinstalleeritud 32 GB microSD-kaart \u00d71<\/li>\n<li>Klamber \u00d71<\/li>\n<li>P\u00e4ikesepaneel 2 \u00d71<\/li>\n<li>USB-C kaabel \u00d71<\/li>\n<li>Reset-n\u00f5el \u00d71<\/li>\n<li>Kiirjuhend \u00d71<\/li>\n<li>Kruvide pakk \u00d71<\/li>\n<li>Paigaldusmall \u00d71<\/li>\n<\/ul>\n<p>&nbsp;<\/p>\n<p>&nbsp;<\/p>\n","protected":false},"excerpt":{"rendered":"<p>Reolink GO seeria G450 4K 4G kaamera \u2013 avasta loodust igal ajal 360\u00b0 otse\u00fclekandega.<br data-start=\"84\" data-end=\"87\" \/>Loodud ekspertide poolt looduse j\u00e4lgimiseks: See p\u00f6\u00f6ratav ja kallutatav rajakaamera pakub 360\u00b0 vaatev\u00e4lja, v\u00f5imaldades katta suuremaid alasid kui kunagi varem. Rakenduse kaudu saad h\u00f5lpsasti reguleerida kaamera nurka ning j\u00e4lgida k\u00f5ike, mida soovid.<\/p>\n","protected":false},"featured_media":10359,"template":"","meta":{"_themeisle_gutenberg_block_has_review":false},"product_brand":[],"product_cat":[2206],"product_tag":[136,2207],"class_list":{"0":"post-10363","1":"product","2":"type-product","3":"status-publish","4":"has-post-thumbnail","6":"product_cat-rajakaamerad","7":"product_tag-allahindlus","8":"product_tag-reolink","10":"first","11":"instock","12":"sale","13":"taxable","14":"shipping-taxable","15":"purchasable","16":"product-type-simple"},"yoast_head":"<!-- This site is optimized with the Yoast SEO plugin v26.7 - https:\/\/yoast.com\/wordpress\/plugins\/seo\/ -->\n<title>Reolink Go G450 4K 4G camo rajakaamera<\/title>\n<meta name=\"description\" content=\"Reolink GO seeria G450 4K 4G kaamera \u2013 avasta loodust igal ajal 360\u00b0 otse\u00fclekandega.Loodud ekspertide poolt looduse j\u00e4lgimiseks.\" \/>\n<meta name=\"robots\" content=\"index, follow, max-snippet:-1, max-image-preview:large, max-video-preview:-1\" \/>\n<link rel=\"canonical\" href=\"https:\/\/test.thermshop.ee\/fi\/tuote\/reolink-go-g450-4k-4g-camo-rajakaamera\/\" \/>\n<meta property=\"og:locale\" content=\"fi_FI\" \/>\n<meta property=\"og:type\" content=\"article\" \/>\n<meta property=\"og:title\" content=\"Reolink Go G450 4K 4G camo rajakaamera\" \/>\n<meta property=\"og:description\" content=\"Reolink GO seeria G450 4K 4G kaamera \u2013 avasta loodust igal ajal 360\u00b0 otse\u00fclekandega.Loodud ekspertide poolt looduse j\u00e4lgimiseks.\" \/>\n<meta property=\"og:url\" content=\"https:\/\/test.thermshop.ee\/fi\/tuote\/reolink-go-g450-4k-4g-camo-rajakaamera\/\" \/>\n<meta property=\"og:site_name\" content=\"Thermshop pakub kvaliteetseid termoseadmeid\" \/>\n<meta property=\"article:publisher\" content=\"https:\/\/www.facebook.com\/profile.php?id=61554520052746\" \/>\n<meta property=\"article:modified_time\" content=\"2025-07-28T11:50:51+00:00\" \/>\n<meta property=\"og:image\" content=\"https:\/\/test.thermshop.ee\/wp-content\/uploads\/2025\/04\/Kuj.-Hunt-Pro-koopia-1.png\" \/>\n\t<meta property=\"og:image:width\" content=\"1000\" \/>\n\t<meta property=\"og:image:height\" content=\"1000\" \/>\n\t<meta property=\"og:image:type\" content=\"image\/png\" \/>\n<meta name=\"twitter:card\" content=\"summary_large_image\" \/>\n<meta name=\"twitter:label1\" content=\"Arvioitu lukuaika\" \/>\n\t<meta name=\"twitter:data1\" content=\"2 minuuttia\" \/>\n<script type=\"application\/ld+json\" class=\"yoast-schema-graph\">{\"@context\":\"https:\/\/schema.org\",\"@graph\":[{\"@type\":\"WebPage\",\"@id\":\"https:\/\/test.thermshop.ee\/fi\/tuote\/reolink-go-g450-4k-4g-camo-rajakaamera\/\",\"url\":\"https:\/\/test.thermshop.ee\/fi\/tuote\/reolink-go-g450-4k-4g-camo-rajakaamera\/\",\"name\":\"Reolink Go G450 4K 4G camo rajakaamera\",\"isPartOf\":{\"@id\":\"https:\/\/test.thermshop.ee\/fi\/#website\"},\"primaryImageOfPage\":{\"@id\":\"https:\/\/test.thermshop.ee\/fi\/tuote\/reolink-go-g450-4k-4g-camo-rajakaamera\/#primaryimage\"},\"image\":{\"@id\":\"https:\/\/test.thermshop.ee\/fi\/tuote\/reolink-go-g450-4k-4g-camo-rajakaamera\/#primaryimage\"},\"thumbnailUrl\":\"https:\/\/test.thermshop.ee\/wp-content\/uploads\/2025\/04\/Kuj.-Hunt-Pro-koopia-1.png\",\"datePublished\":\"2025-04-05T07:15:31+00:00\",\"dateModified\":\"2025-07-28T11:50:51+00:00\",\"description\":\"Reolink GO seeria G450 4K 4G kaamera \u2013 avasta loodust igal ajal 360\u00b0 otse\u00fclekandega.Loodud ekspertide poolt looduse j\u00e4lgimiseks.\",\"breadcrumb\":{\"@id\":\"https:\/\/test.thermshop.ee\/fi\/tuote\/reolink-go-g450-4k-4g-camo-rajakaamera\/#breadcrumb\"},\"inLanguage\":\"fi\",\"potentialAction\":[{\"@type\":\"ReadAction\",\"target\":[\"https:\/\/test.thermshop.ee\/fi\/tuote\/reolink-go-g450-4k-4g-camo-rajakaamera\/\"]}]},{\"@type\":\"ImageObject\",\"inLanguage\":\"fi\",\"@id\":\"https:\/\/test.thermshop.ee\/fi\/tuote\/reolink-go-g450-4k-4g-camo-rajakaamera\/#primaryimage\",\"url\":\"https:\/\/test.thermshop.ee\/wp-content\/uploads\/2025\/04\/Kuj.-Hunt-Pro-koopia-1.png\",\"contentUrl\":\"https:\/\/test.thermshop.ee\/wp-content\/uploads\/2025\/04\/Kuj.-Hunt-Pro-koopia-1.png\",\"width\":1000,\"height\":1000},{\"@type\":\"BreadcrumbList\",\"@id\":\"https:\/\/test.thermshop.ee\/fi\/tuote\/reolink-go-g450-4k-4g-camo-rajakaamera\/#breadcrumb\",\"itemListElement\":[{\"@type\":\"ListItem\",\"position\":1,\"name\":\"Home\",\"item\":\"https:\/\/test.thermshop.ee\/fi\/\"},{\"@type\":\"ListItem\",\"position\":2,\"name\":\"Verkkokauppa\",\"item\":\"https:\/\/test.thermshop.ee\/e-pood\/\"},{\"@type\":\"ListItem\",\"position\":3,\"name\":\"Reolink Go G450 4K 4G camo rajakaamera\"}]},{\"@type\":\"WebSite\",\"@id\":\"https:\/\/test.thermshop.ee\/fi\/#website\",\"url\":\"https:\/\/test.thermshop.ee\/fi\/\",\"name\":\"Thermshop pakub kvaliteetseid termoseadmeid\",\"description\":\"Thermshop\",\"publisher\":{\"@id\":\"https:\/\/test.thermshop.ee\/fi\/#organization\"},\"potentialAction\":[{\"@type\":\"SearchAction\",\"target\":{\"@type\":\"EntryPoint\",\"urlTemplate\":\"https:\/\/test.thermshop.ee\/fi\/?s={search_term_string}\"},\"query-input\":{\"@type\":\"PropertyValueSpecification\",\"valueRequired\":true,\"valueName\":\"search_term_string\"}}],\"inLanguage\":\"fi\"},{\"@type\":\"Organization\",\"@id\":\"https:\/\/test.thermshop.ee\/fi\/#organization\",\"name\":\"Thermshop\",\"url\":\"https:\/\/test.thermshop.ee\/fi\/\",\"logo\":{\"@type\":\"ImageObject\",\"inLanguage\":\"fi\",\"@id\":\"https:\/\/test.thermshop.ee\/fi\/#\/schema\/logo\/image\/\",\"url\":\"https:\/\/test.thermshop.ee\/wp-content\/uploads\/2024\/10\/Nimetu-kujundus-12.png\",\"contentUrl\":\"https:\/\/test.thermshop.ee\/wp-content\/uploads\/2024\/10\/Nimetu-kujundus-12.png\",\"width\":500,\"height\":500,\"caption\":\"Thermshop\"},\"image\":{\"@id\":\"https:\/\/test.thermshop.ee\/fi\/#\/schema\/logo\/image\/\"},\"sameAs\":[\"https:\/\/www.facebook.com\/profile.php?id=61554520052746\"]}]}<\/script>\n<!-- \/ Yoast SEO plugin. -->","yoast_head_json":{"title":"Reolink Go G450 4K 4G camo rajakaamera","description":"Reolink GO seeria G450 4K 4G kaamera \u2013 avasta loodust igal ajal 360\u00b0 otse\u00fclekandega.Loodud ekspertide poolt looduse j\u00e4lgimiseks.","robots":{"index":"index","follow":"follow","max-snippet":"max-snippet:-1","max-image-preview":"max-image-preview:large","max-video-preview":"max-video-preview:-1"},"canonical":"https:\/\/test.thermshop.ee\/fi\/tuote\/reolink-go-g450-4k-4g-camo-rajakaamera\/","og_locale":"fi_FI","og_type":"article","og_title":"Reolink Go G450 4K 4G camo rajakaamera","og_description":"Reolink GO seeria G450 4K 4G kaamera \u2013 avasta loodust igal ajal 360\u00b0 otse\u00fclekandega.Loodud ekspertide poolt looduse j\u00e4lgimiseks.","og_url":"https:\/\/test.thermshop.ee\/fi\/tuote\/reolink-go-g450-4k-4g-camo-rajakaamera\/","og_site_name":"Thermshop pakub kvaliteetseid termoseadmeid","article_publisher":"https:\/\/www.facebook.com\/profile.php?id=61554520052746","article_modified_time":"2025-07-28T11:50:51+00:00","og_image":[{"width":1000,"height":1000,"url":"https:\/\/test.thermshop.ee\/wp-content\/uploads\/2025\/04\/Kuj.-Hunt-Pro-koopia-1.png","type":"image\/png"}],"twitter_card":"summary_large_image","twitter_misc":{"Arvioitu lukuaika":"2 minuuttia"},"schema":{"@context":"https:\/\/schema.org","@graph":[{"@type":"WebPage","@id":"https:\/\/test.thermshop.ee\/fi\/tuote\/reolink-go-g450-4k-4g-camo-rajakaamera\/","url":"https:\/\/test.thermshop.ee\/fi\/tuote\/reolink-go-g450-4k-4g-camo-rajakaamera\/","name":"Reolink Go G450 4K 4G camo rajakaamera","isPartOf":{"@id":"https:\/\/test.thermshop.ee\/fi\/#website"},"primaryImageOfPage":{"@id":"https:\/\/test.thermshop.ee\/fi\/tuote\/reolink-go-g450-4k-4g-camo-rajakaamera\/#primaryimage"},"image":{"@id":"https:\/\/test.thermshop.ee\/fi\/tuote\/reolink-go-g450-4k-4g-camo-rajakaamera\/#primaryimage"},"thumbnailUrl":"https:\/\/test.thermshop.ee\/wp-content\/uploads\/2025\/04\/Kuj.-Hunt-Pro-koopia-1.png","datePublished":"2025-04-05T07:15:31+00:00","dateModified":"2025-07-28T11:50:51+00:00","description":"Reolink GO seeria G450 4K 4G kaamera \u2013 avasta loodust igal ajal 360\u00b0 otse\u00fclekandega.Loodud ekspertide poolt looduse j\u00e4lgimiseks.","breadcrumb":{"@id":"https:\/\/test.thermshop.ee\/fi\/tuote\/reolink-go-g450-4k-4g-camo-rajakaamera\/#breadcrumb"},"inLanguage":"fi","potentialAction":[{"@type":"ReadAction","target":["https:\/\/test.thermshop.ee\/fi\/tuote\/reolink-go-g450-4k-4g-camo-rajakaamera\/"]}]},{"@type":"ImageObject","inLanguage":"fi","@id":"https:\/\/test.thermshop.ee\/fi\/tuote\/reolink-go-g450-4k-4g-camo-rajakaamera\/#primaryimage","url":"https:\/\/test.thermshop.ee\/wp-content\/uploads\/2025\/04\/Kuj.-Hunt-Pro-koopia-1.png","contentUrl":"https:\/\/test.thermshop.ee\/wp-content\/uploads\/2025\/04\/Kuj.-Hunt-Pro-koopia-1.png","width":1000,"height":1000},{"@type":"BreadcrumbList","@id":"https:\/\/test.thermshop.ee\/fi\/tuote\/reolink-go-g450-4k-4g-camo-rajakaamera\/#breadcrumb","itemListElement":[{"@type":"ListItem","position":1,"name":"Home","item":"https:\/\/test.thermshop.ee\/fi\/"},{"@type":"ListItem","position":2,"name":"Verkkokauppa","item":"https:\/\/test.thermshop.ee\/e-pood\/"},{"@type":"ListItem","position":3,"name":"Reolink Go G450 4K 4G camo rajakaamera"}]},{"@type":"WebSite","@id":"https:\/\/test.thermshop.ee\/fi\/#website","url":"https:\/\/test.thermshop.ee\/fi\/","name":"Thermshop pakub kvaliteetseid termoseadmeid","description":"Thermshop","publisher":{"@id":"https:\/\/test.thermshop.ee\/fi\/#organization"},"potentialAction":[{"@type":"SearchAction","target":{"@type":"EntryPoint","urlTemplate":"https:\/\/test.thermshop.ee\/fi\/?s={search_term_string}"},"query-input":{"@type":"PropertyValueSpecification","valueRequired":true,"valueName":"search_term_string"}}],"inLanguage":"fi"},{"@type":"Organization","@id":"https:\/\/test.thermshop.ee\/fi\/#organization","name":"Thermshop","url":"https:\/\/test.thermshop.ee\/fi\/","logo":{"@type":"ImageObject","inLanguage":"fi","@id":"https:\/\/test.thermshop.ee\/fi\/#\/schema\/logo\/image\/","url":"https:\/\/test.thermshop.ee\/wp-content\/uploads\/2024\/10\/Nimetu-kujundus-12.png","contentUrl":"https:\/\/test.thermshop.ee\/wp-content\/uploads\/2024\/10\/Nimetu-kujundus-12.png","width":500,"height":500,"caption":"Thermshop"},"image":{"@id":"https:\/\/test.thermshop.ee\/fi\/#\/schema\/logo\/image\/"},"sameAs":["https:\/\/www.facebook.com\/profile.php?id=61554520052746"]}]}},"_links":{"self":[{"href":"https:\/\/test.thermshop.ee\/fi\/wp-json\/wp\/v2\/product\/10363","targetHints":{"allow":["GET"]}}],"collection":[{"href":"https:\/\/test.thermshop.ee\/fi\/wp-json\/wp\/v2\/product"}],"about":[{"href":"https:\/\/test.thermshop.ee\/fi\/wp-json\/wp\/v2\/types\/product"}],"wp:featuredmedia":[{"embeddable":true,"href":"https:\/\/test.thermshop.ee\/fi\/wp-json\/wp\/v2\/media\/10359"}],"wp:attachment":[{"href":"https:\/\/test.thermshop.ee\/fi\/wp-json\/wp\/v2\/media?parent=10363"}],"wp:term":[{"taxonomy":"product_brand","embeddable":true,"href":"https:\/\/test.thermshop.ee\/fi\/wp-json\/wp\/v2\/product_brand?post=10363"},{"taxonomy":"product_cat","embeddable":true,"href":"https:\/\/test.thermshop.ee\/fi\/wp-json\/wp\/v2\/product_cat?post=10363"},{"taxonomy":"product_tag","embeddable":true,"href":"https:\/\/test.thermshop.ee\/fi\/wp-json\/wp\/v2\/product_tag?post=10363"}],"curies":[{"name":"wp","href":"https:\/\/api.w.org\/{rel}","templated":true}]}}