{"id":10825,"date":"2025-04-25T07:19:25","date_gmt":"2025-04-25T07:19:25","guid":{"rendered":"https:\/\/test.thermshop.ee\/?post_type=product&#038;p=10825"},"modified":"2026-03-04T13:37:18","modified_gmt":"2026-03-04T13:37:18","slug":"infiray-pfn-640-v2","status":"publish","type":"product","link":"https:\/\/test.thermshop.ee\/fi\/tuote\/infiray-pfn-640-v2\/","title":{"rendered":"Falcon PFN 640+ V2"},"content":{"rendered":"\t<div id=\"gap-815527326\" class=\"gap-element clearfix\" style=\"display:block; height:auto;\">\n\t\t\n<style>\n#gap-815527326 {\n  padding-top: 30px;\n}\n<\/style>\n\t<\/div>\n\t\n<div class=\"row align-middle align-center\"  id=\"row-51798047\">\n\n\t<div id=\"col-68773356\" class=\"col medium-11 small-12 large-11\"  >\n\t\t\t\t<div class=\"col-inner text-left\"  >\n\t\t\t\n\t\t\t\n\t<div id=\"text-3618229720\" class=\"text\">\n\t\t\n<h2>Falcon PFN 640+ V2<\/h2>\n<p class=\"\" data-start=\"74\" data-end=\"324\"><strong data-start=\"74\" data-end=\"91\">Falcon PFN640+ V2<\/strong> on taktikaline, mitmeotstarbeline termokaamera, mis on loodud maksimaalse mitmek\u00fclgsuse ja j\u00f5udluse saavutamiseks. Seadet saab kasutada nii monokulaarsena kui ka kinnitada kiivrile v\u00f5i relvale, samuti paigaldada optikakinnitusena. T\u00e4nu t\u00e4iustatud 640\u00d7480 resolutsiooniga 12\u03bcm sensorile, 60 Hz kaadrisagedusele ja erakordselt tundlikule (\u226415mK) soojusandurile edastab kaamera detailseid ja sujuvaid pilte, v\u00f5imaldades tuvastada ka k\u00f5ige v\u00e4iksemaid temperatuurierinevusi. <strong data-start=\"74\" data-end=\"91\">Falcon PFN640+ V2 <\/strong>pakub suurep\u00e4rast tuvastusv\u00f5imekust: inimese \u00e4ratundmine on v\u00f5imalik kuni 1180 meetri kauguselt, s\u00f5iduki tuvastamine aga kuni 1597 meetri kauguselt. T\u00e4nu kompaktsele ja kergele disainile on kaamerat mugav kaasas kanda ning see sobitub h\u00f5lpsasti erinevate kasutusstsenaariumitega.<\/p>\n\t\t\n<style>\n#text-3618229720 {\n  text-align: center;\n}\n<\/style>\n\t<\/div>\n\t\n\t\t<\/div>\n\t\t\t\t\t<\/div>\n\n\t\n<\/div>\n<div class=\"text-center\"><div class=\"is-divider divider clearfix\" style=\"max-width:2000px;height:1px;\"><\/div><\/div>\n<div class=\"row align-middle align-center\"  id=\"row-1534418619\">\n\n\t<div id=\"col-138207493\" class=\"col medium-5 small-12 large-5\"  >\n\t\t\t\t<div class=\"col-inner\"  >\n\t\t\t\n\t\t\t\n<p>Kompektis kaasasolevad tarvikud:<br \/>\n\u2013 Pehme kandekott<br \/>\n\u2013 Silmaklapid (2 tk. \u2013 \u00fcks Picatinny kinnitamiseks, teine \u200b\u200bkiivri kinnitamiseks ja kinnitusena kasutamiseks)<br \/>\n\u2013 kiivrihoidja (minirail)<br \/>\n&#8211; Laadimis- ja andmekaablid (USB-C)<br \/>\n&#8211; USB-toiteadapter<br \/>\n\u2013 Akulaadija<br \/>\n&#8211; 2 x 18650 akut (USB-C)<br \/>\n\u2013 Akukate 18650 ja 18700 akudele<br \/>\n\u2013 Picatinny kinnitus<br \/>\n\u2013 \u00dchendus PFalconi ja kiivrihoidja vahel<br \/>\n\u2013 Mikrokiudlapp<br \/>\n&#8211; T\u00f6\u00f6riistakomplekt<br \/>\n\u2013 Kruvid (n\u00fcrid otsad \u2013 kiivri kinnituseks \/ kolmnurksed otsad \u2013 Picatinny kinnituseks)<\/p>\n\t\t<\/div>\n\t\t\t\t\t<\/div>\n\n\t\n\n\t<div id=\"col-584249616\" class=\"col medium-7 small-12 large-7\"  >\n\t\t\t\t<div class=\"col-inner\"  >\n\t\t\t\n\t\t\t\n\t<div class=\"img has-hover x md-x lg-x y md-y lg-y\" id=\"image_1593003043\">\n\t\t\t\t\t\t\t\t<div class=\"img-inner dark\" >\n\t\t\t<img loading=\"lazy\" decoding=\"async\" width=\"940\" height=\"788\" src=\"https:\/\/test.thermshop.ee\/wp-content\/uploads\/2025\/04\/Kasutusotstarbed.png\" class=\"attachment-large size-large\" alt=\"\" srcset=\"https:\/\/test.thermshop.ee\/wp-content\/uploads\/2025\/04\/Kasutusotstarbed.png 940w, https:\/\/test.thermshop.ee\/wp-content\/uploads\/2025\/04\/Kasutusotstarbed-477x400.png 477w, https:\/\/test.thermshop.ee\/wp-content\/uploads\/2025\/04\/Kasutusotstarbed-768x644.png 768w, https:\/\/test.thermshop.ee\/wp-content\/uploads\/2025\/04\/Kasutusotstarbed-400x335.png 400w\" sizes=\"auto, (max-width: 940px) 100vw, 940px\" \/>\t\t\t\t\t\t\n\t\t\t\t\t<\/div>\n\t\t\t\t\t\t\t\t\n<style>\n#image_1593003043 {\n  width: 100%;\n}\n<\/style>\n\t<\/div>\n\t\n\t\t<\/div>\n\t\t\t\t\t<\/div>\n\n\t\n<\/div>\n<div class=\"text-center\"><div class=\"is-divider divider clearfix\" style=\"max-width:2000px;height:1px;\"><\/div><\/div>\n<div class=\"row row-large row-full-width align-middle\"  id=\"row-1648026061\">\n\n\t<div id=\"col-384768669\" class=\"col small-12 large-12\"  >\n\t\t\t\t<div class=\"col-inner text-center\"  >\n\t\t\t\n\t\t\t\n\t<div class=\"img has-hover x md-x lg-x y md-y lg-y\" id=\"image_456817483\">\n\t\t\t\t\t\t\t\t<div class=\"img-inner dark\" >\n\t\t\t<img loading=\"lazy\" decoding=\"async\" width=\"940\" height=\"788\" src=\"https:\/\/test.thermshop.ee\/wp-content\/uploads\/2025\/04\/Kasutusotstarbed-1.png\" class=\"attachment-large size-large\" alt=\"\" srcset=\"https:\/\/test.thermshop.ee\/wp-content\/uploads\/2025\/04\/Kasutusotstarbed-1.png 940w, https:\/\/test.thermshop.ee\/wp-content\/uploads\/2025\/04\/Kasutusotstarbed-1-477x400.png 477w, https:\/\/test.thermshop.ee\/wp-content\/uploads\/2025\/04\/Kasutusotstarbed-1-768x644.png 768w, https:\/\/test.thermshop.ee\/wp-content\/uploads\/2025\/04\/Kasutusotstarbed-1-400x335.png 400w\" sizes=\"auto, (max-width: 940px) 100vw, 940px\" \/>\t\t\t\t\t\t\n\t\t\t\t\t<\/div>\n\t\t\t\t\t\t\t\t\n<style>\n#image_456817483 {\n  width: 100%;\n}\n<\/style>\n\t<\/div>\n\t\n\t\t<\/div>\n\t\t\t\t\t<\/div>\n\n\t\n<\/div>\n\t<div id=\"text-3441630132\" class=\"text\">\n\t\t\n\t\t\n<style>\n#text-3441630132 {\n  text-align: center;\n}\n<\/style>\n\t<\/div>\n\t\n<p>&nbsp;<\/p>\n","protected":false},"excerpt":{"rendered":"<p><strong data-start=\"74\" data-end=\"91\">InfiRay\/Falcon PFN640+ V2<\/strong> on taktikaline, mitmeotstarbeline termokaamera, mis on loodud maksimaalse mitmek\u00fclgsuse ja j\u00f5udluse saavutamiseks. Seadet saab kasutada nii monokulaarsena kui ka kinnitada kiivrile v\u00f5i relvale, samuti paigaldada optikakinnitusena. T\u00e4nu t\u00e4iustatud 640\u00d7480 resolutsiooniga 12\u03bcm sensorile, 60 Hz kaadrisagedusele ja erakordselt tundlikule (\u226415mK) soojusandurile edastab kaamera detailseid ja sujuvaid pilte, v\u00f5imaldades tuvastada ka k\u00f5ige v\u00e4iksemaid temperatuurierinevusi. <strong data-start=\"74\" data-end=\"91\">InfiRay\/Falcon PFN640+ V2 <\/strong>pakub suurep\u00e4rast tuvastusv\u00f5imekust: inimese \u00e4ratundmine on v\u00f5imalik kuni 1180 meetri kauguselt, s\u00f5iduki tuvastamine aga kuni 1597 meetri kauguselt. T\u00e4nu kompaktsele ja kergele disainile on kaamerat mugav kaasas kanda ning see sobitub h\u00f5lpsasti erinevate kasutusstsenaariumitega.<\/p>\n","protected":false},"featured_media":10873,"template":"","meta":{"_themeisle_gutenberg_block_has_review":false},"product_brand":[],"product_cat":[2185,68,2249],"product_tag":[1588],"class_list":{"0":"post-10825","1":"product","2":"type-product","3":"status-publish","4":"has-post-thumbnail","6":"product_cat-infiray","7":"product_cat-termosihik","8":"product_cat-pfn640","9":"product_tag-infiray","11":"first","12":"onbackorder","13":"taxable","14":"shipping-taxable","15":"purchasable","16":"product-type-simple"},"yoast_head":"<!-- This site is optimized with the Yoast SEO plugin v26.7 - https:\/\/yoast.com\/wordpress\/plugins\/seo\/ -->\n<title>Falcon PFN 640+ V2<\/title>\n<meta name=\"description\" content=\"InfiRay\/Falcon PFN640+ V2 on taktikaline, mitmeotstarbeline termokaamera, mis on loodud maksimaalse mitmek\u00fclgsuse ja j\u00f5udluse saavutamiseks. Seadet saab kasutada nii monokulaarsena kui ka kinnitada kiivrile v\u00f5i relvale, samuti paigaldada optikakinnitusena. T\u00e4nu t\u00e4iustatud 640\u00d7480 resolutsiooniga 12\u03bcm sensorile, 60 Hz kaadrisagedusele ja erakordselt tundlikule (\u226415mK) soojusandurile edastab kaamera detailseid ja sujuvaid pilte, v\u00f5imaldades tuvastada ka k\u00f5ige v\u00e4iksemaid temperatuurierinevusi. InfiRay\/Falcon PFN640+ V2 pakub suurep\u00e4rast tuvastusv\u00f5imekust: inimese \u00e4ratundmine on v\u00f5imalik kuni 1180 meetri kauguselt, s\u00f5iduki tuvastamine aga kuni 1597 meetri kauguselt. T\u00e4nu kompaktsele ja kergele disainile on kaamerat mugav kaasas kanda ning see sobitub h\u00f5lpsasti erinevate kasutusstsenaariumitega.\" \/>\n<meta name=\"robots\" content=\"index, follow, max-snippet:-1, max-image-preview:large, max-video-preview:-1\" \/>\n<link rel=\"canonical\" href=\"https:\/\/test.thermshop.ee\/fi\/tuote\/infiray-pfn-640-v2\/\" \/>\n<meta property=\"og:locale\" content=\"fi_FI\" \/>\n<meta property=\"og:type\" content=\"article\" \/>\n<meta property=\"og:title\" content=\"Falcon PFN 640+ V2\" \/>\n<meta property=\"og:description\" content=\"InfiRay\/Falcon PFN640+ V2 on taktikaline, mitmeotstarbeline termokaamera, mis on loodud maksimaalse mitmek\u00fclgsuse ja j\u00f5udluse saavutamiseks. Seadet saab kasutada nii monokulaarsena kui ka kinnitada kiivrile v\u00f5i relvale, samuti paigaldada optikakinnitusena. T\u00e4nu t\u00e4iustatud 640\u00d7480 resolutsiooniga 12\u03bcm sensorile, 60 Hz kaadrisagedusele ja erakordselt tundlikule (\u226415mK) soojusandurile edastab kaamera detailseid ja sujuvaid pilte, v\u00f5imaldades tuvastada ka k\u00f5ige v\u00e4iksemaid temperatuurierinevusi. InfiRay\/Falcon PFN640+ V2 pakub suurep\u00e4rast tuvastusv\u00f5imekust: inimese \u00e4ratundmine on v\u00f5imalik kuni 1180 meetri kauguselt, s\u00f5iduki tuvastamine aga kuni 1597 meetri kauguselt. T\u00e4nu kompaktsele ja kergele disainile on kaamerat mugav kaasas kanda ning see sobitub h\u00f5lpsasti erinevate kasutusstsenaariumitega.\" \/>\n<meta property=\"og:url\" content=\"https:\/\/test.thermshop.ee\/fi\/tuote\/infiray-pfn-640-v2\/\" \/>\n<meta property=\"og:site_name\" content=\"Thermshop pakub kvaliteetseid termoseadmeid\" \/>\n<meta property=\"article:publisher\" content=\"https:\/\/www.facebook.com\/profile.php?id=61554520052746\" \/>\n<meta property=\"article:modified_time\" content=\"2026-03-04T13:37:18+00:00\" \/>\n<meta property=\"og:image\" content=\"https:\/\/test.thermshop.ee\/wp-content\/uploads\/2025\/04\/PFN640-8.png\" \/>\n\t<meta property=\"og:image:width\" content=\"1000\" \/>\n\t<meta property=\"og:image:height\" content=\"1000\" \/>\n\t<meta property=\"og:image:type\" content=\"image\/png\" \/>\n<meta name=\"twitter:card\" content=\"summary_large_image\" \/>\n<meta name=\"twitter:label1\" content=\"Arvioitu lukuaika\" \/>\n\t<meta name=\"twitter:data1\" content=\"2 minuuttia\" \/>\n<script type=\"application\/ld+json\" class=\"yoast-schema-graph\">{\"@context\":\"https:\/\/schema.org\",\"@graph\":[{\"@type\":\"WebPage\",\"@id\":\"https:\/\/test.thermshop.ee\/fi\/tuote\/infiray-pfn-640-v2\/\",\"url\":\"https:\/\/test.thermshop.ee\/fi\/tuote\/infiray-pfn-640-v2\/\",\"name\":\"Falcon PFN 640+ V2\",\"isPartOf\":{\"@id\":\"https:\/\/test.thermshop.ee\/fi\/#website\"},\"primaryImageOfPage\":{\"@id\":\"https:\/\/test.thermshop.ee\/fi\/tuote\/infiray-pfn-640-v2\/#primaryimage\"},\"image\":{\"@id\":\"https:\/\/test.thermshop.ee\/fi\/tuote\/infiray-pfn-640-v2\/#primaryimage\"},\"thumbnailUrl\":\"https:\/\/test.thermshop.ee\/wp-content\/uploads\/2025\/04\/PFN640-8.png\",\"datePublished\":\"2025-04-25T07:19:25+00:00\",\"dateModified\":\"2026-03-04T13:37:18+00:00\",\"description\":\"InfiRay\/Falcon PFN640+ V2 on taktikaline, mitmeotstarbeline termokaamera, mis on loodud maksimaalse mitmek\u00fclgsuse ja j\u00f5udluse saavutamiseks. Seadet saab kasutada nii monokulaarsena kui ka kinnitada kiivrile v\u00f5i relvale, samuti paigaldada optikakinnitusena. T\u00e4nu t\u00e4iustatud 640\u00d7480 resolutsiooniga 12\u03bcm sensorile, 60 Hz kaadrisagedusele ja erakordselt tundlikule (\u226415mK) soojusandurile edastab kaamera detailseid ja sujuvaid pilte, v\u00f5imaldades tuvastada ka k\u00f5ige v\u00e4iksemaid temperatuurierinevusi. InfiRay\/Falcon PFN640+ V2 pakub suurep\u00e4rast tuvastusv\u00f5imekust: inimese \u00e4ratundmine on v\u00f5imalik kuni 1180 meetri kauguselt, s\u00f5iduki tuvastamine aga kuni 1597 meetri kauguselt. T\u00e4nu kompaktsele ja kergele disainile on kaamerat mugav kaasas kanda ning see sobitub h\u00f5lpsasti erinevate kasutusstsenaariumitega.\",\"breadcrumb\":{\"@id\":\"https:\/\/test.thermshop.ee\/fi\/tuote\/infiray-pfn-640-v2\/#breadcrumb\"},\"inLanguage\":\"fi\",\"potentialAction\":[{\"@type\":\"ReadAction\",\"target\":[\"https:\/\/test.thermshop.ee\/fi\/tuote\/infiray-pfn-640-v2\/\"]}]},{\"@type\":\"ImageObject\",\"inLanguage\":\"fi\",\"@id\":\"https:\/\/test.thermshop.ee\/fi\/tuote\/infiray-pfn-640-v2\/#primaryimage\",\"url\":\"https:\/\/test.thermshop.ee\/wp-content\/uploads\/2025\/04\/PFN640-8.png\",\"contentUrl\":\"https:\/\/test.thermshop.ee\/wp-content\/uploads\/2025\/04\/PFN640-8.png\",\"width\":1000,\"height\":1000},{\"@type\":\"BreadcrumbList\",\"@id\":\"https:\/\/test.thermshop.ee\/fi\/tuote\/infiray-pfn-640-v2\/#breadcrumb\",\"itemListElement\":[{\"@type\":\"ListItem\",\"position\":1,\"name\":\"Home\",\"item\":\"https:\/\/test.thermshop.ee\/fi\/\"},{\"@type\":\"ListItem\",\"position\":2,\"name\":\"Verkkokauppa\",\"item\":\"https:\/\/test.thermshop.ee\/e-pood\/\"},{\"@type\":\"ListItem\",\"position\":3,\"name\":\"Falcon PFN 640+ V2\"}]},{\"@type\":\"WebSite\",\"@id\":\"https:\/\/test.thermshop.ee\/fi\/#website\",\"url\":\"https:\/\/test.thermshop.ee\/fi\/\",\"name\":\"Thermshop pakub kvaliteetseid termoseadmeid\",\"description\":\"Thermshop\",\"publisher\":{\"@id\":\"https:\/\/test.thermshop.ee\/fi\/#organization\"},\"potentialAction\":[{\"@type\":\"SearchAction\",\"target\":{\"@type\":\"EntryPoint\",\"urlTemplate\":\"https:\/\/test.thermshop.ee\/fi\/?s={search_term_string}\"},\"query-input\":{\"@type\":\"PropertyValueSpecification\",\"valueRequired\":true,\"valueName\":\"search_term_string\"}}],\"inLanguage\":\"fi\"},{\"@type\":\"Organization\",\"@id\":\"https:\/\/test.thermshop.ee\/fi\/#organization\",\"name\":\"Thermshop\",\"url\":\"https:\/\/test.thermshop.ee\/fi\/\",\"logo\":{\"@type\":\"ImageObject\",\"inLanguage\":\"fi\",\"@id\":\"https:\/\/test.thermshop.ee\/fi\/#\/schema\/logo\/image\/\",\"url\":\"https:\/\/test.thermshop.ee\/wp-content\/uploads\/2024\/10\/Nimetu-kujundus-12.png\",\"contentUrl\":\"https:\/\/test.thermshop.ee\/wp-content\/uploads\/2024\/10\/Nimetu-kujundus-12.png\",\"width\":500,\"height\":500,\"caption\":\"Thermshop\"},\"image\":{\"@id\":\"https:\/\/test.thermshop.ee\/fi\/#\/schema\/logo\/image\/\"},\"sameAs\":[\"https:\/\/www.facebook.com\/profile.php?id=61554520052746\"]}]}<\/script>\n<!-- \/ Yoast SEO plugin. -->","yoast_head_json":{"title":"Falcon PFN 640+ V2","description":"InfiRay\/Falcon PFN640+ V2 on taktikaline, mitmeotstarbeline termokaamera, mis on loodud maksimaalse mitmek\u00fclgsuse ja j\u00f5udluse saavutamiseks. Seadet saab kasutada nii monokulaarsena kui ka kinnitada kiivrile v\u00f5i relvale, samuti paigaldada optikakinnitusena. T\u00e4nu t\u00e4iustatud 640\u00d7480 resolutsiooniga 12\u03bcm sensorile, 60 Hz kaadrisagedusele ja erakordselt tundlikule (\u226415mK) soojusandurile edastab kaamera detailseid ja sujuvaid pilte, v\u00f5imaldades tuvastada ka k\u00f5ige v\u00e4iksemaid temperatuurierinevusi. InfiRay\/Falcon PFN640+ V2 pakub suurep\u00e4rast tuvastusv\u00f5imekust: inimese \u00e4ratundmine on v\u00f5imalik kuni 1180 meetri kauguselt, s\u00f5iduki tuvastamine aga kuni 1597 meetri kauguselt. T\u00e4nu kompaktsele ja kergele disainile on kaamerat mugav kaasas kanda ning see sobitub h\u00f5lpsasti erinevate kasutusstsenaariumitega.","robots":{"index":"index","follow":"follow","max-snippet":"max-snippet:-1","max-image-preview":"max-image-preview:large","max-video-preview":"max-video-preview:-1"},"canonical":"https:\/\/test.thermshop.ee\/fi\/tuote\/infiray-pfn-640-v2\/","og_locale":"fi_FI","og_type":"article","og_title":"Falcon PFN 640+ V2","og_description":"InfiRay\/Falcon PFN640+ V2 on taktikaline, mitmeotstarbeline termokaamera, mis on loodud maksimaalse mitmek\u00fclgsuse ja j\u00f5udluse saavutamiseks. Seadet saab kasutada nii monokulaarsena kui ka kinnitada kiivrile v\u00f5i relvale, samuti paigaldada optikakinnitusena. T\u00e4nu t\u00e4iustatud 640\u00d7480 resolutsiooniga 12\u03bcm sensorile, 60 Hz kaadrisagedusele ja erakordselt tundlikule (\u226415mK) soojusandurile edastab kaamera detailseid ja sujuvaid pilte, v\u00f5imaldades tuvastada ka k\u00f5ige v\u00e4iksemaid temperatuurierinevusi. InfiRay\/Falcon PFN640+ V2 pakub suurep\u00e4rast tuvastusv\u00f5imekust: inimese \u00e4ratundmine on v\u00f5imalik kuni 1180 meetri kauguselt, s\u00f5iduki tuvastamine aga kuni 1597 meetri kauguselt. T\u00e4nu kompaktsele ja kergele disainile on kaamerat mugav kaasas kanda ning see sobitub h\u00f5lpsasti erinevate kasutusstsenaariumitega.","og_url":"https:\/\/test.thermshop.ee\/fi\/tuote\/infiray-pfn-640-v2\/","og_site_name":"Thermshop pakub kvaliteetseid termoseadmeid","article_publisher":"https:\/\/www.facebook.com\/profile.php?id=61554520052746","article_modified_time":"2026-03-04T13:37:18+00:00","og_image":[{"width":1000,"height":1000,"url":"https:\/\/test.thermshop.ee\/wp-content\/uploads\/2025\/04\/PFN640-8.png","type":"image\/png"}],"twitter_card":"summary_large_image","twitter_misc":{"Arvioitu lukuaika":"2 minuuttia"},"schema":{"@context":"https:\/\/schema.org","@graph":[{"@type":"WebPage","@id":"https:\/\/test.thermshop.ee\/fi\/tuote\/infiray-pfn-640-v2\/","url":"https:\/\/test.thermshop.ee\/fi\/tuote\/infiray-pfn-640-v2\/","name":"Falcon PFN 640+ V2","isPartOf":{"@id":"https:\/\/test.thermshop.ee\/fi\/#website"},"primaryImageOfPage":{"@id":"https:\/\/test.thermshop.ee\/fi\/tuote\/infiray-pfn-640-v2\/#primaryimage"},"image":{"@id":"https:\/\/test.thermshop.ee\/fi\/tuote\/infiray-pfn-640-v2\/#primaryimage"},"thumbnailUrl":"https:\/\/test.thermshop.ee\/wp-content\/uploads\/2025\/04\/PFN640-8.png","datePublished":"2025-04-25T07:19:25+00:00","dateModified":"2026-03-04T13:37:18+00:00","description":"InfiRay\/Falcon PFN640+ V2 on taktikaline, mitmeotstarbeline termokaamera, mis on loodud maksimaalse mitmek\u00fclgsuse ja j\u00f5udluse saavutamiseks. Seadet saab kasutada nii monokulaarsena kui ka kinnitada kiivrile v\u00f5i relvale, samuti paigaldada optikakinnitusena. T\u00e4nu t\u00e4iustatud 640\u00d7480 resolutsiooniga 12\u03bcm sensorile, 60 Hz kaadrisagedusele ja erakordselt tundlikule (\u226415mK) soojusandurile edastab kaamera detailseid ja sujuvaid pilte, v\u00f5imaldades tuvastada ka k\u00f5ige v\u00e4iksemaid temperatuurierinevusi. InfiRay\/Falcon PFN640+ V2 pakub suurep\u00e4rast tuvastusv\u00f5imekust: inimese \u00e4ratundmine on v\u00f5imalik kuni 1180 meetri kauguselt, s\u00f5iduki tuvastamine aga kuni 1597 meetri kauguselt. T\u00e4nu kompaktsele ja kergele disainile on kaamerat mugav kaasas kanda ning see sobitub h\u00f5lpsasti erinevate kasutusstsenaariumitega.","breadcrumb":{"@id":"https:\/\/test.thermshop.ee\/fi\/tuote\/infiray-pfn-640-v2\/#breadcrumb"},"inLanguage":"fi","potentialAction":[{"@type":"ReadAction","target":["https:\/\/test.thermshop.ee\/fi\/tuote\/infiray-pfn-640-v2\/"]}]},{"@type":"ImageObject","inLanguage":"fi","@id":"https:\/\/test.thermshop.ee\/fi\/tuote\/infiray-pfn-640-v2\/#primaryimage","url":"https:\/\/test.thermshop.ee\/wp-content\/uploads\/2025\/04\/PFN640-8.png","contentUrl":"https:\/\/test.thermshop.ee\/wp-content\/uploads\/2025\/04\/PFN640-8.png","width":1000,"height":1000},{"@type":"BreadcrumbList","@id":"https:\/\/test.thermshop.ee\/fi\/tuote\/infiray-pfn-640-v2\/#breadcrumb","itemListElement":[{"@type":"ListItem","position":1,"name":"Home","item":"https:\/\/test.thermshop.ee\/fi\/"},{"@type":"ListItem","position":2,"name":"Verkkokauppa","item":"https:\/\/test.thermshop.ee\/e-pood\/"},{"@type":"ListItem","position":3,"name":"Falcon PFN 640+ V2"}]},{"@type":"WebSite","@id":"https:\/\/test.thermshop.ee\/fi\/#website","url":"https:\/\/test.thermshop.ee\/fi\/","name":"Thermshop pakub kvaliteetseid termoseadmeid","description":"Thermshop","publisher":{"@id":"https:\/\/test.thermshop.ee\/fi\/#organization"},"potentialAction":[{"@type":"SearchAction","target":{"@type":"EntryPoint","urlTemplate":"https:\/\/test.thermshop.ee\/fi\/?s={search_term_string}"},"query-input":{"@type":"PropertyValueSpecification","valueRequired":true,"valueName":"search_term_string"}}],"inLanguage":"fi"},{"@type":"Organization","@id":"https:\/\/test.thermshop.ee\/fi\/#organization","name":"Thermshop","url":"https:\/\/test.thermshop.ee\/fi\/","logo":{"@type":"ImageObject","inLanguage":"fi","@id":"https:\/\/test.thermshop.ee\/fi\/#\/schema\/logo\/image\/","url":"https:\/\/test.thermshop.ee\/wp-content\/uploads\/2024\/10\/Nimetu-kujundus-12.png","contentUrl":"https:\/\/test.thermshop.ee\/wp-content\/uploads\/2024\/10\/Nimetu-kujundus-12.png","width":500,"height":500,"caption":"Thermshop"},"image":{"@id":"https:\/\/test.thermshop.ee\/fi\/#\/schema\/logo\/image\/"},"sameAs":["https:\/\/www.facebook.com\/profile.php?id=61554520052746"]}]}},"_links":{"self":[{"href":"https:\/\/test.thermshop.ee\/fi\/wp-json\/wp\/v2\/product\/10825","targetHints":{"allow":["GET"]}}],"collection":[{"href":"https:\/\/test.thermshop.ee\/fi\/wp-json\/wp\/v2\/product"}],"about":[{"href":"https:\/\/test.thermshop.ee\/fi\/wp-json\/wp\/v2\/types\/product"}],"wp:featuredmedia":[{"embeddable":true,"href":"https:\/\/test.thermshop.ee\/fi\/wp-json\/wp\/v2\/media\/10873"}],"wp:attachment":[{"href":"https:\/\/test.thermshop.ee\/fi\/wp-json\/wp\/v2\/media?parent=10825"}],"wp:term":[{"taxonomy":"product_brand","embeddable":true,"href":"https:\/\/test.thermshop.ee\/fi\/wp-json\/wp\/v2\/product_brand?post=10825"},{"taxonomy":"product_cat","embeddable":true,"href":"https:\/\/test.thermshop.ee\/fi\/wp-json\/wp\/v2\/product_cat?post=10825"},{"taxonomy":"product_tag","embeddable":true,"href":"https:\/\/test.thermshop.ee\/fi\/wp-json\/wp\/v2\/product_tag?post=10825"}],"curies":[{"name":"wp","href":"https:\/\/api.w.org\/{rel}","templated":true}]}}