{"id":11456,"date":"2025-05-28T07:11:41","date_gmt":"2025-05-28T07:11:41","guid":{"rendered":"https:\/\/test.thermshop.ee\/?post_type=product&#038;p=11456"},"modified":"2025-07-18T13:47:19","modified_gmt":"2025-07-18T13:47:19","slug":"nitecore-emr06-kaasaskantav-elektrooniline-saasetorjevahend","status":"publish","type":"product","link":"https:\/\/test.thermshop.ee\/fi\/tuote\/nitecore-emr06-kaasaskantav-elektrooniline-saasetorjevahend\/","title":{"rendered":"NITECORE EMR06 kaasaskantav elektrooniline s\u00e4\u00e4set\u00f5rjevahend"},"content":{"rendered":"\t<div id=\"text-2921463752\" class=\"text\">\n\t\t\n<h2 class=\"uppercase\">NITECORE EMR06<\/h2>\n<p class=\"thin-font\">NITECORE EMR06 on kaasaegne ja kasutajas\u00f5bralik seade, mis on loodud s\u00e4\u00e4skede ja teiste verdimevate putukate t\u00f5husaks peletamiseks. Sellel on sisseehitatud 1800 mAh Li-ion aku, mis v\u00f5imaldab kuni 3,5-tunnist t\u00f6\u00f6aega, mist\u00f5ttu pole vaja muretseda gaasit\u00e4ite p\u00e4rast. Vajadusel saab seadet lihtsalt laadida n\u00e4iteks toitepanga v\u00f5i muu USB-toiteallika abil. EMR06 kasutamine on \u00e4\u00e4rmiselt lihtne \u2013 sisesta t\u00f5rjeplaat ja l\u00fclita seade sisse. Seade aktiveerub kohe ning saavutab maksimaalse kaitseefekti umbes 10 minutiga. T\u00f5hus kaitsev\u00f6\u00f6nd ulatub kuni 25 m\u00b2-ni.<\/p>\n\t\t\n<style>\n#text-2921463752 {\n  font-size: 1rem;\n  text-align: center;\n}\n<\/style>\n\t<\/div>\n\t\n\t<div id=\"gap-1409308604\" class=\"gap-element clearfix\" style=\"display:block; height:auto;\">\n\t\t\n<style>\n#gap-1409308604 {\n  padding-top: 30px;\n}\n<\/style>\n\t<\/div>\n\t\n\n\t<section class=\"section\" id=\"section_364342818\">\n\t\t<div class=\"section-bg fill\" >\n\t\t\t\t\t\t\t\t\t\n\t\t\t\n\n\t\t<\/div>\n\n\t\t\n\n\t\t<div class=\"section-content relative\">\n\t\t\t\n\t<div class=\"img has-hover x md-x lg-x y md-y lg-y\" id=\"image_1242450296\">\n\t\t\t\t\t\t\t\t<div class=\"img-inner dark\" >\n\t\t\t<img loading=\"lazy\" decoding=\"async\" width=\"793\" height=\"447\" src=\"https:\/\/test.thermshop.ee\/wp-content\/uploads\/2025\/05\/Nitecore-EMR06-omadused-3.png\" class=\"attachment-large size-large\" alt=\"\" srcset=\"https:\/\/test.thermshop.ee\/wp-content\/uploads\/2025\/05\/Nitecore-EMR06-omadused-3.png 793w, https:\/\/test.thermshop.ee\/wp-content\/uploads\/2025\/05\/Nitecore-EMR06-omadused-3-710x400.png 710w, https:\/\/test.thermshop.ee\/wp-content\/uploads\/2025\/05\/Nitecore-EMR06-omadused-3-768x433.png 768w, https:\/\/test.thermshop.ee\/wp-content\/uploads\/2025\/05\/Nitecore-EMR06-omadused-3-400x225.png 400w\" sizes=\"auto, (max-width: 793px) 100vw, 793px\" \/>\t\t\t\t\t\t\n\t\t\t\t\t<\/div>\n\t\t\t\t\t\t\t\t\n<style>\n#image_1242450296 {\n  width: 96%;\n}\n<\/style>\n\t<\/div>\n\t\n\t\t<\/div>\n\n\t\t\n<style>\n#section_364342818 {\n  padding-top: 30px;\n  padding-bottom: 30px;\n}\n<\/style>\n\t<\/section>\n\t\n<div class=\"text-center\"><div class=\"is-divider divider clearfix\" style=\"max-width:2000px;height:1px;\"><\/div><\/div>\n<div class=\"row align-middle align-center\"  id=\"row-1663826068\">\n\n\t<div id=\"col-1857598668\" class=\"col medium-4 small-12 large-4\"  >\n\t\t\t\t<div class=\"col-inner\"  >\n\t\t\t\n\t\t\t\n\t<div class=\"img has-hover x md-x lg-x y md-y lg-y\" id=\"image_1695111016\">\n\t\t\t\t\t\t\t\t<div class=\"img-inner dark\" >\n\t\t\t<img loading=\"lazy\" decoding=\"async\" width=\"817\" height=\"456\" src=\"https:\/\/test.thermshop.ee\/wp-content\/uploads\/2025\/05\/Nitecore-EMR06-omadused-4.png\" class=\"attachment-large size-large\" alt=\"\" srcset=\"https:\/\/test.thermshop.ee\/wp-content\/uploads\/2025\/05\/Nitecore-EMR06-omadused-4.png 817w, https:\/\/test.thermshop.ee\/wp-content\/uploads\/2025\/05\/Nitecore-EMR06-omadused-4-717x400.png 717w, https:\/\/test.thermshop.ee\/wp-content\/uploads\/2025\/05\/Nitecore-EMR06-omadused-4-768x429.png 768w, https:\/\/test.thermshop.ee\/wp-content\/uploads\/2025\/05\/Nitecore-EMR06-omadused-4-400x223.png 400w\" sizes=\"auto, (max-width: 817px) 100vw, 817px\" \/>\t\t\t\t\t\t\n\t\t\t\t\t<\/div>\n\t\t\t\t\t\t\t\t\n<style>\n#image_1695111016 {\n  width: 100%;\n}\n<\/style>\n\t<\/div>\n\t\n\t\t<\/div>\n\t\t\t\t\t<\/div>\n\n\t\n\n\t<div id=\"col-1011588438\" class=\"col medium-4 small-12 large-4\"  >\n\t\t\t\t<div class=\"col-inner text-left\"  >\n\t\t\t\n\t\t\t\n\t<div id=\"text-524188040\" class=\"text\">\n\t\t\n<h2>V\u00e4ga praktiline ja kompaktne<\/h2>\n<p>NITECORE EMR06 on \u00fclimalt praktiline ja kompaktne seade, mille m\u00f5\u00f5tmed on 55 \u00d7 91,5 \u00d7 28,3 mm ja kaal k\u00f5igest 71 g. T\u00e4nu oma v\u00e4ikesele suurusele ei takista see liikumist ning on lihtsasti kaasaskantav. Seadme saab mugavalt kinnitada v\u00f6\u00f6le, taskusse v\u00f5i seljakotile ning see \u00fchildub ka MOLLE s\u00fcsteemiga \u2013 komplektis on kaasas vastav kinnitus. Ideaalne kaaslane matkale, telkimisele, jahile v\u00f5i kalale.<\/p>\n\t\t\n<style>\n#text-524188040 {\n  text-align: center;\n}\n<\/style>\n\t<\/div>\n\t\n\t\t<\/div>\n\t\t\t\t\t<\/div>\n\n\t\n\n\t<div id=\"col-1325459111\" class=\"col medium-4 small-12 large-4\"  >\n\t\t\t\t<div class=\"col-inner\"  >\n\t\t\t\n\t\t\t\n\t<div class=\"img has-hover x md-x lg-x y md-y lg-y\" id=\"image_1395624263\">\n\t\t\t\t\t\t\t\t<div class=\"img-inner dark\" >\n\t\t\t<img loading=\"lazy\" decoding=\"async\" width=\"809\" height=\"452\" src=\"https:\/\/test.thermshop.ee\/wp-content\/uploads\/2025\/05\/Nitecore-EMR06-omadused-5.png\" class=\"attachment-large size-large\" alt=\"\" srcset=\"https:\/\/test.thermshop.ee\/wp-content\/uploads\/2025\/05\/Nitecore-EMR06-omadused-5.png 809w, https:\/\/test.thermshop.ee\/wp-content\/uploads\/2025\/05\/Nitecore-EMR06-omadused-5-716x400.png 716w, https:\/\/test.thermshop.ee\/wp-content\/uploads\/2025\/05\/Nitecore-EMR06-omadused-5-768x429.png 768w, https:\/\/test.thermshop.ee\/wp-content\/uploads\/2025\/05\/Nitecore-EMR06-omadused-5-400x223.png 400w\" sizes=\"auto, (max-width: 809px) 100vw, 809px\" \/>\t\t\t\t\t\t\n\t\t\t\t\t<\/div>\n\t\t\t\t\t\t\t\t\n<style>\n#image_1395624263 {\n  width: 100%;\n}\n<\/style>\n\t<\/div>\n\t\n\t\t<\/div>\n\t\t\t\t\t<\/div>\n\n\t\n<\/div>\n<div class=\"text-center\"><div class=\"is-divider divider clearfix\" style=\"max-width:2000px;height:1px;\"><\/div><\/div>\n<div class=\"row row-large row-full-width align-middle\"  id=\"row-1155097706\">\n\n\t<div id=\"col-798962368\" class=\"col medium-6 small-12 large-6\"  >\n\t\t\t\t<div class=\"col-inner text-center\"  >\n\t\t\t\n\t<div class=\"is-border\"\n\t\tstyle=\"border-width:0px 0px 0px 0px;\">\n\t<\/div>\n\t\t\t\n\t<div class=\"img has-hover x md-x lg-x y md-y lg-y\" id=\"image_663207361\">\n\t\t\t\t\t\t\t\t<div class=\"img-inner dark\" >\n\t\t\t<img loading=\"lazy\" decoding=\"async\" width=\"729\" height=\"408\" src=\"https:\/\/test.thermshop.ee\/wp-content\/uploads\/2025\/05\/Nitecore-EMR06-omadused-1.png\" class=\"attachment-original size-original\" alt=\"\" srcset=\"https:\/\/test.thermshop.ee\/wp-content\/uploads\/2025\/05\/Nitecore-EMR06-omadused-1.png 729w, https:\/\/test.thermshop.ee\/wp-content\/uploads\/2025\/05\/Nitecore-EMR06-omadused-1-715x400.png 715w, https:\/\/test.thermshop.ee\/wp-content\/uploads\/2025\/05\/Nitecore-EMR06-omadused-1-400x224.png 400w\" sizes=\"auto, (max-width: 729px) 100vw, 729px\" \/>\t\t\t\t\t\t\n\t\t\t\t\t<\/div>\n\t\t\t\t\t\t\t\t\n<style>\n#image_663207361 {\n  width: 100%;\n}\n<\/style>\n\t<\/div>\n\t\n\t\t<\/div>\n\t\t\t\t\t<\/div>\n\n\t\n\n\t<div id=\"col-1333032739\" class=\"col medium-6 small-12 large-6 small-col-first\"  >\n\t\t\t\t<div class=\"col-inner text-left\"  >\n\t\t\t\n\t\t\t\n\t<div id=\"text-2702832546\" class=\"text\">\n\t\t\n<h2>IP kaitseaste<\/h2>\n<p>NITECORE EMR06 vastab IPX5 veekindlusstandardile, mis t\u00e4hendab, et seadet saab muretult kasutada ka vihmastes v\u00f5i niisketes oludes. Lisaks on seade l\u00f6\u00f6gikindel kuni 1 meetri k\u00f5rguselt kukkumisel, s\u00e4ilitades oma t\u00f6\u00f6v\u00f5ime ka juhuslike p\u00f5rutuste korral. Need vastupidavusomadused teevad EMR06-st usaldusv\u00e4\u00e4rse kaaslase nii reisimisel kui ka looduses aktiivsete tegevuste ajal.<\/p>\n\t\t\n<style>\n#text-2702832546 {\n  text-align: center;\n}\n<\/style>\n\t<\/div>\n\t\n\t\t<\/div>\n\t\t\t\t\t<\/div>\n\n\t\n<\/div>\n<div class=\"text-center\"><div class=\"is-divider divider clearfix\" style=\"max-width:2000px;height:1px;\"><\/div><\/div>\n<div class=\"row align-middle align-center\"  id=\"row-1511546688\">\n\n\t<div id=\"col-882349427\" class=\"col medium-6 small-12 large-6\"  >\n\t\t\t\t<div class=\"col-inner text-left\"  >\n\t\t\t\n\t\t\t\n\t<div id=\"text-33028807\" class=\"text\">\n\t\t\n<h2>Uus FCB 2.0 k\u00fcttes\u00fcsteem<\/h2>\n<p>Uuendatud FCB 2.0 (Flexible Ceramic Block) k\u00fcttes\u00fcsteem tagab veelgi parema t\u00f5hususe. See tehnoloogia kasutab painduvat keraamilist elementi, mis kuumeneb kiiresti ja jaotab soojust \u00fchtlaselt, saavutades kuni 165\u00b0C temperatuuri. Tulemuseks on t\u00f5rjeaine kiire ja t\u00f5hus aurustumine, mis suurendab kaitset putukate vastu.<\/p>\n\t\t\n<style>\n#text-33028807 {\n  text-align: center;\n}\n<\/style>\n\t<\/div>\n\t\n\t\t<\/div>\n\t\t\t\t\t<\/div>\n\n\t\n\n\t<div id=\"col-406201184\" class=\"col medium-6 small-12 large-6\"  >\n\t\t\t\t<div class=\"col-inner\"  >\n\t\t\t\n\t\t\t\n\t<div class=\"img has-hover x md-x lg-x y md-y lg-y\" id=\"image_1276906283\">\n\t\t\t\t\t\t\t\t<div class=\"img-inner dark\" >\n\t\t\t<img loading=\"lazy\" decoding=\"async\" width=\"738\" height=\"414\" src=\"https:\/\/test.thermshop.ee\/wp-content\/uploads\/2025\/05\/Nitecore-EMR06-omadused-2.png\" class=\"attachment-large size-large\" alt=\"\" srcset=\"https:\/\/test.thermshop.ee\/wp-content\/uploads\/2025\/05\/Nitecore-EMR06-omadused-2.png 738w, https:\/\/test.thermshop.ee\/wp-content\/uploads\/2025\/05\/Nitecore-EMR06-omadused-2-713x400.png 713w, https:\/\/test.thermshop.ee\/wp-content\/uploads\/2025\/05\/Nitecore-EMR06-omadused-2-400x224.png 400w\" sizes=\"auto, (max-width: 738px) 100vw, 738px\" \/>\t\t\t\t\t\t\n\t\t\t\t\t<\/div>\n\t\t\t\t\t\t\t\t\n<style>\n#image_1276906283 {\n  width: 100%;\n}\n<\/style>\n\t<\/div>\n\t\n\t\t<\/div>\n\t\t\t\t\t<\/div>\n\n\t\n<\/div>\n<div class=\"text-center\"><div class=\"is-divider divider clearfix\" style=\"max-width:2000px;height:1px;\"><\/div><\/div>\n\t<div id=\"text-3593312228\" class=\"text\">\n\t\t\n\t\t\n<style>\n#text-3593312228 {\n  text-align: center;\n}\n<\/style>\n\t<\/div>\n\t\n","protected":false},"excerpt":{"rendered":"<p>NITECORE EMR06 on kaasaegne ja kasutajas\u00f5bralik seade, mis on loodud s\u00e4\u00e4skede ja teiste verdimevate putukate t\u00f5husaks peletamiseks. Sellel on sisseehitatud 1800 mAh Li-ion aku, mis v\u00f5imaldab kuni 3,5-tunnist t\u00f6\u00f6aega, mist\u00f5ttu pole vaja muretseda gaasit\u00e4ite p\u00e4rast. Vajadusel saab seadet lihtsalt laadida n\u00e4iteks toitepanga v\u00f5i muu USB-toiteallika abil. EMR06 kasutamine on \u00e4\u00e4rmiselt lihtne \u2013 sisesta t\u00f5rjeplaat ja l\u00fclita seade sisse. Seade aktiveerub kohe ning saavutab maksimaalse kaitseefekti umbes 10 minutiga. T\u00f5hus kaitsev\u00f6\u00f6nd ulatub kuni 25 m\u00b2-ni.<\/p>\n","protected":false},"featured_media":11481,"template":"","meta":{"_themeisle_gutenberg_block_has_review":false},"product_brand":[],"product_cat":[2325,499],"product_tag":[136,2326],"class_list":{"0":"post-11456","1":"product","2":"type-product","3":"status-publish","4":"has-post-thumbnail","6":"product_cat-nitecore","7":"product_cat-saasetorje-vahendid","8":"product_tag-allahindlus","9":"product_tag-nitecore","11":"first","12":"instock","13":"sale","14":"taxable","15":"shipping-taxable","16":"purchasable","17":"product-type-simple"},"yoast_head":"<!-- This site is optimized with the Yoast SEO plugin v26.7 - https:\/\/yoast.com\/wordpress\/plugins\/seo\/ -->\n<title>NITECORE EMR06 kaasaskantav elektrooniline s\u00e4\u00e4set\u00f5rjevahend<\/title>\n<meta name=\"description\" content=\"NITECORE EMR06 on kaasaegne ja kasutajas\u00f5bralik seade, mis on loodud s\u00e4\u00e4skede ja teiste verdimevate putukate t\u00f5husaks peletamiseks. Sellel on sisseehitatud 1800 mAh Li-ion aku, mis v\u00f5imaldab kuni 3,5-tunnist t\u00f6\u00f6aega, mist\u00f5ttu pole vaja muretseda gaasit\u00e4ite p\u00e4rast. Vajadusel saab seadet lihtsalt laadida n\u00e4iteks toitepanga v\u00f5i muu USB-toiteallika abil. EMR06 kasutamine on \u00e4\u00e4rmiselt lihtne \u2013 sisesta t\u00f5rjeplaat ja l\u00fclita seade sisse. Seade aktiveerub kohe ning saavutab maksimaalse kaitseefekti umbes 10 minutiga. T\u00f5hus kaitsev\u00f6\u00f6nd ulatub kuni 25 m\u00b2-ni.\" \/>\n<meta name=\"robots\" content=\"index, follow, max-snippet:-1, max-image-preview:large, max-video-preview:-1\" \/>\n<link rel=\"canonical\" href=\"https:\/\/test.thermshop.ee\/fi\/tuote\/nitecore-emr06-kaasaskantav-elektrooniline-saasetorjevahend\/\" \/>\n<meta property=\"og:locale\" content=\"fi_FI\" \/>\n<meta property=\"og:type\" content=\"article\" \/>\n<meta property=\"og:title\" content=\"NITECORE EMR06 kaasaskantav elektrooniline s\u00e4\u00e4set\u00f5rjevahend\" \/>\n<meta property=\"og:description\" content=\"NITECORE EMR06 on kaasaegne ja kasutajas\u00f5bralik seade, mis on loodud s\u00e4\u00e4skede ja teiste verdimevate putukate t\u00f5husaks peletamiseks. Sellel on sisseehitatud 1800 mAh Li-ion aku, mis v\u00f5imaldab kuni 3,5-tunnist t\u00f6\u00f6aega, mist\u00f5ttu pole vaja muretseda gaasit\u00e4ite p\u00e4rast. Vajadusel saab seadet lihtsalt laadida n\u00e4iteks toitepanga v\u00f5i muu USB-toiteallika abil. EMR06 kasutamine on \u00e4\u00e4rmiselt lihtne \u2013 sisesta t\u00f5rjeplaat ja l\u00fclita seade sisse. Seade aktiveerub kohe ning saavutab maksimaalse kaitseefekti umbes 10 minutiga. T\u00f5hus kaitsev\u00f6\u00f6nd ulatub kuni 25 m\u00b2-ni.\" \/>\n<meta property=\"og:url\" content=\"https:\/\/test.thermshop.ee\/fi\/tuote\/nitecore-emr06-kaasaskantav-elektrooniline-saasetorjevahend\/\" \/>\n<meta property=\"og:site_name\" content=\"Thermshop pakub kvaliteetseid termoseadmeid\" \/>\n<meta property=\"article:publisher\" content=\"https:\/\/www.facebook.com\/profile.php?id=61554520052746\" \/>\n<meta property=\"article:modified_time\" content=\"2025-07-18T13:47:19+00:00\" \/>\n<meta property=\"og:image\" content=\"https:\/\/test.thermshop.ee\/wp-content\/uploads\/2025\/05\/Nitecore_EMR06.png\" \/>\n\t<meta property=\"og:image:width\" content=\"1000\" \/>\n\t<meta property=\"og:image:height\" content=\"1000\" \/>\n\t<meta property=\"og:image:type\" content=\"image\/png\" \/>\n<meta name=\"twitter:card\" content=\"summary_large_image\" \/>\n<meta name=\"twitter:label1\" content=\"Arvioitu lukuaika\" \/>\n\t<meta name=\"twitter:data1\" content=\"2 minuuttia\" \/>\n<script type=\"application\/ld+json\" class=\"yoast-schema-graph\">{\"@context\":\"https:\/\/schema.org\",\"@graph\":[{\"@type\":\"WebPage\",\"@id\":\"https:\/\/test.thermshop.ee\/fi\/tuote\/nitecore-emr06-kaasaskantav-elektrooniline-saasetorjevahend\/\",\"url\":\"https:\/\/test.thermshop.ee\/fi\/tuote\/nitecore-emr06-kaasaskantav-elektrooniline-saasetorjevahend\/\",\"name\":\"NITECORE EMR06 kaasaskantav elektrooniline s\u00e4\u00e4set\u00f5rjevahend\",\"isPartOf\":{\"@id\":\"https:\/\/test.thermshop.ee\/fi\/#website\"},\"primaryImageOfPage\":{\"@id\":\"https:\/\/test.thermshop.ee\/fi\/tuote\/nitecore-emr06-kaasaskantav-elektrooniline-saasetorjevahend\/#primaryimage\"},\"image\":{\"@id\":\"https:\/\/test.thermshop.ee\/fi\/tuote\/nitecore-emr06-kaasaskantav-elektrooniline-saasetorjevahend\/#primaryimage\"},\"thumbnailUrl\":\"https:\/\/test.thermshop.ee\/wp-content\/uploads\/2025\/05\/Nitecore_EMR06.png\",\"datePublished\":\"2025-05-28T07:11:41+00:00\",\"dateModified\":\"2025-07-18T13:47:19+00:00\",\"description\":\"NITECORE EMR06 on kaasaegne ja kasutajas\u00f5bralik seade, mis on loodud s\u00e4\u00e4skede ja teiste verdimevate putukate t\u00f5husaks peletamiseks. Sellel on sisseehitatud 1800 mAh Li-ion aku, mis v\u00f5imaldab kuni 3,5-tunnist t\u00f6\u00f6aega, mist\u00f5ttu pole vaja muretseda gaasit\u00e4ite p\u00e4rast. Vajadusel saab seadet lihtsalt laadida n\u00e4iteks toitepanga v\u00f5i muu USB-toiteallika abil. EMR06 kasutamine on \u00e4\u00e4rmiselt lihtne \u2013 sisesta t\u00f5rjeplaat ja l\u00fclita seade sisse. Seade aktiveerub kohe ning saavutab maksimaalse kaitseefekti umbes 10 minutiga. T\u00f5hus kaitsev\u00f6\u00f6nd ulatub kuni 25 m\u00b2-ni.\",\"breadcrumb\":{\"@id\":\"https:\/\/test.thermshop.ee\/fi\/tuote\/nitecore-emr06-kaasaskantav-elektrooniline-saasetorjevahend\/#breadcrumb\"},\"inLanguage\":\"fi\",\"potentialAction\":[{\"@type\":\"ReadAction\",\"target\":[\"https:\/\/test.thermshop.ee\/fi\/tuote\/nitecore-emr06-kaasaskantav-elektrooniline-saasetorjevahend\/\"]}]},{\"@type\":\"ImageObject\",\"inLanguage\":\"fi\",\"@id\":\"https:\/\/test.thermshop.ee\/fi\/tuote\/nitecore-emr06-kaasaskantav-elektrooniline-saasetorjevahend\/#primaryimage\",\"url\":\"https:\/\/test.thermshop.ee\/wp-content\/uploads\/2025\/05\/Nitecore_EMR06.png\",\"contentUrl\":\"https:\/\/test.thermshop.ee\/wp-content\/uploads\/2025\/05\/Nitecore_EMR06.png\",\"width\":1000,\"height\":1000},{\"@type\":\"BreadcrumbList\",\"@id\":\"https:\/\/test.thermshop.ee\/fi\/tuote\/nitecore-emr06-kaasaskantav-elektrooniline-saasetorjevahend\/#breadcrumb\",\"itemListElement\":[{\"@type\":\"ListItem\",\"position\":1,\"name\":\"Home\",\"item\":\"https:\/\/test.thermshop.ee\/fi\/\"},{\"@type\":\"ListItem\",\"position\":2,\"name\":\"Verkkokauppa\",\"item\":\"https:\/\/test.thermshop.ee\/e-pood\/\"},{\"@type\":\"ListItem\",\"position\":3,\"name\":\"NITECORE EMR06 kaasaskantav elektrooniline s\u00e4\u00e4set\u00f5rjevahend\"}]},{\"@type\":\"WebSite\",\"@id\":\"https:\/\/test.thermshop.ee\/fi\/#website\",\"url\":\"https:\/\/test.thermshop.ee\/fi\/\",\"name\":\"Thermshop pakub kvaliteetseid termoseadmeid\",\"description\":\"Thermshop\",\"publisher\":{\"@id\":\"https:\/\/test.thermshop.ee\/fi\/#organization\"},\"potentialAction\":[{\"@type\":\"SearchAction\",\"target\":{\"@type\":\"EntryPoint\",\"urlTemplate\":\"https:\/\/test.thermshop.ee\/fi\/?s={search_term_string}\"},\"query-input\":{\"@type\":\"PropertyValueSpecification\",\"valueRequired\":true,\"valueName\":\"search_term_string\"}}],\"inLanguage\":\"fi\"},{\"@type\":\"Organization\",\"@id\":\"https:\/\/test.thermshop.ee\/fi\/#organization\",\"name\":\"Thermshop\",\"url\":\"https:\/\/test.thermshop.ee\/fi\/\",\"logo\":{\"@type\":\"ImageObject\",\"inLanguage\":\"fi\",\"@id\":\"https:\/\/test.thermshop.ee\/fi\/#\/schema\/logo\/image\/\",\"url\":\"https:\/\/test.thermshop.ee\/wp-content\/uploads\/2024\/10\/Nimetu-kujundus-12.png\",\"contentUrl\":\"https:\/\/test.thermshop.ee\/wp-content\/uploads\/2024\/10\/Nimetu-kujundus-12.png\",\"width\":500,\"height\":500,\"caption\":\"Thermshop\"},\"image\":{\"@id\":\"https:\/\/test.thermshop.ee\/fi\/#\/schema\/logo\/image\/\"},\"sameAs\":[\"https:\/\/www.facebook.com\/profile.php?id=61554520052746\"]}]}<\/script>\n<!-- \/ Yoast SEO plugin. -->","yoast_head_json":{"title":"NITECORE EMR06 kaasaskantav elektrooniline s\u00e4\u00e4set\u00f5rjevahend","description":"NITECORE EMR06 on kaasaegne ja kasutajas\u00f5bralik seade, mis on loodud s\u00e4\u00e4skede ja teiste verdimevate putukate t\u00f5husaks peletamiseks. Sellel on sisseehitatud 1800 mAh Li-ion aku, mis v\u00f5imaldab kuni 3,5-tunnist t\u00f6\u00f6aega, mist\u00f5ttu pole vaja muretseda gaasit\u00e4ite p\u00e4rast. Vajadusel saab seadet lihtsalt laadida n\u00e4iteks toitepanga v\u00f5i muu USB-toiteallika abil. EMR06 kasutamine on \u00e4\u00e4rmiselt lihtne \u2013 sisesta t\u00f5rjeplaat ja l\u00fclita seade sisse. Seade aktiveerub kohe ning saavutab maksimaalse kaitseefekti umbes 10 minutiga. T\u00f5hus kaitsev\u00f6\u00f6nd ulatub kuni 25 m\u00b2-ni.","robots":{"index":"index","follow":"follow","max-snippet":"max-snippet:-1","max-image-preview":"max-image-preview:large","max-video-preview":"max-video-preview:-1"},"canonical":"https:\/\/test.thermshop.ee\/fi\/tuote\/nitecore-emr06-kaasaskantav-elektrooniline-saasetorjevahend\/","og_locale":"fi_FI","og_type":"article","og_title":"NITECORE EMR06 kaasaskantav elektrooniline s\u00e4\u00e4set\u00f5rjevahend","og_description":"NITECORE EMR06 on kaasaegne ja kasutajas\u00f5bralik seade, mis on loodud s\u00e4\u00e4skede ja teiste verdimevate putukate t\u00f5husaks peletamiseks. Sellel on sisseehitatud 1800 mAh Li-ion aku, mis v\u00f5imaldab kuni 3,5-tunnist t\u00f6\u00f6aega, mist\u00f5ttu pole vaja muretseda gaasit\u00e4ite p\u00e4rast. Vajadusel saab seadet lihtsalt laadida n\u00e4iteks toitepanga v\u00f5i muu USB-toiteallika abil. EMR06 kasutamine on \u00e4\u00e4rmiselt lihtne \u2013 sisesta t\u00f5rjeplaat ja l\u00fclita seade sisse. Seade aktiveerub kohe ning saavutab maksimaalse kaitseefekti umbes 10 minutiga. T\u00f5hus kaitsev\u00f6\u00f6nd ulatub kuni 25 m\u00b2-ni.","og_url":"https:\/\/test.thermshop.ee\/fi\/tuote\/nitecore-emr06-kaasaskantav-elektrooniline-saasetorjevahend\/","og_site_name":"Thermshop pakub kvaliteetseid termoseadmeid","article_publisher":"https:\/\/www.facebook.com\/profile.php?id=61554520052746","article_modified_time":"2025-07-18T13:47:19+00:00","og_image":[{"width":1000,"height":1000,"url":"https:\/\/test.thermshop.ee\/wp-content\/uploads\/2025\/05\/Nitecore_EMR06.png","type":"image\/png"}],"twitter_card":"summary_large_image","twitter_misc":{"Arvioitu lukuaika":"2 minuuttia"},"schema":{"@context":"https:\/\/schema.org","@graph":[{"@type":"WebPage","@id":"https:\/\/test.thermshop.ee\/fi\/tuote\/nitecore-emr06-kaasaskantav-elektrooniline-saasetorjevahend\/","url":"https:\/\/test.thermshop.ee\/fi\/tuote\/nitecore-emr06-kaasaskantav-elektrooniline-saasetorjevahend\/","name":"NITECORE EMR06 kaasaskantav elektrooniline s\u00e4\u00e4set\u00f5rjevahend","isPartOf":{"@id":"https:\/\/test.thermshop.ee\/fi\/#website"},"primaryImageOfPage":{"@id":"https:\/\/test.thermshop.ee\/fi\/tuote\/nitecore-emr06-kaasaskantav-elektrooniline-saasetorjevahend\/#primaryimage"},"image":{"@id":"https:\/\/test.thermshop.ee\/fi\/tuote\/nitecore-emr06-kaasaskantav-elektrooniline-saasetorjevahend\/#primaryimage"},"thumbnailUrl":"https:\/\/test.thermshop.ee\/wp-content\/uploads\/2025\/05\/Nitecore_EMR06.png","datePublished":"2025-05-28T07:11:41+00:00","dateModified":"2025-07-18T13:47:19+00:00","description":"NITECORE EMR06 on kaasaegne ja kasutajas\u00f5bralik seade, mis on loodud s\u00e4\u00e4skede ja teiste verdimevate putukate t\u00f5husaks peletamiseks. Sellel on sisseehitatud 1800 mAh Li-ion aku, mis v\u00f5imaldab kuni 3,5-tunnist t\u00f6\u00f6aega, mist\u00f5ttu pole vaja muretseda gaasit\u00e4ite p\u00e4rast. Vajadusel saab seadet lihtsalt laadida n\u00e4iteks toitepanga v\u00f5i muu USB-toiteallika abil. EMR06 kasutamine on \u00e4\u00e4rmiselt lihtne \u2013 sisesta t\u00f5rjeplaat ja l\u00fclita seade sisse. Seade aktiveerub kohe ning saavutab maksimaalse kaitseefekti umbes 10 minutiga. T\u00f5hus kaitsev\u00f6\u00f6nd ulatub kuni 25 m\u00b2-ni.","breadcrumb":{"@id":"https:\/\/test.thermshop.ee\/fi\/tuote\/nitecore-emr06-kaasaskantav-elektrooniline-saasetorjevahend\/#breadcrumb"},"inLanguage":"fi","potentialAction":[{"@type":"ReadAction","target":["https:\/\/test.thermshop.ee\/fi\/tuote\/nitecore-emr06-kaasaskantav-elektrooniline-saasetorjevahend\/"]}]},{"@type":"ImageObject","inLanguage":"fi","@id":"https:\/\/test.thermshop.ee\/fi\/tuote\/nitecore-emr06-kaasaskantav-elektrooniline-saasetorjevahend\/#primaryimage","url":"https:\/\/test.thermshop.ee\/wp-content\/uploads\/2025\/05\/Nitecore_EMR06.png","contentUrl":"https:\/\/test.thermshop.ee\/wp-content\/uploads\/2025\/05\/Nitecore_EMR06.png","width":1000,"height":1000},{"@type":"BreadcrumbList","@id":"https:\/\/test.thermshop.ee\/fi\/tuote\/nitecore-emr06-kaasaskantav-elektrooniline-saasetorjevahend\/#breadcrumb","itemListElement":[{"@type":"ListItem","position":1,"name":"Home","item":"https:\/\/test.thermshop.ee\/fi\/"},{"@type":"ListItem","position":2,"name":"Verkkokauppa","item":"https:\/\/test.thermshop.ee\/e-pood\/"},{"@type":"ListItem","position":3,"name":"NITECORE EMR06 kaasaskantav elektrooniline s\u00e4\u00e4set\u00f5rjevahend"}]},{"@type":"WebSite","@id":"https:\/\/test.thermshop.ee\/fi\/#website","url":"https:\/\/test.thermshop.ee\/fi\/","name":"Thermshop pakub kvaliteetseid termoseadmeid","description":"Thermshop","publisher":{"@id":"https:\/\/test.thermshop.ee\/fi\/#organization"},"potentialAction":[{"@type":"SearchAction","target":{"@type":"EntryPoint","urlTemplate":"https:\/\/test.thermshop.ee\/fi\/?s={search_term_string}"},"query-input":{"@type":"PropertyValueSpecification","valueRequired":true,"valueName":"search_term_string"}}],"inLanguage":"fi"},{"@type":"Organization","@id":"https:\/\/test.thermshop.ee\/fi\/#organization","name":"Thermshop","url":"https:\/\/test.thermshop.ee\/fi\/","logo":{"@type":"ImageObject","inLanguage":"fi","@id":"https:\/\/test.thermshop.ee\/fi\/#\/schema\/logo\/image\/","url":"https:\/\/test.thermshop.ee\/wp-content\/uploads\/2024\/10\/Nimetu-kujundus-12.png","contentUrl":"https:\/\/test.thermshop.ee\/wp-content\/uploads\/2024\/10\/Nimetu-kujundus-12.png","width":500,"height":500,"caption":"Thermshop"},"image":{"@id":"https:\/\/test.thermshop.ee\/fi\/#\/schema\/logo\/image\/"},"sameAs":["https:\/\/www.facebook.com\/profile.php?id=61554520052746"]}]}},"_links":{"self":[{"href":"https:\/\/test.thermshop.ee\/fi\/wp-json\/wp\/v2\/product\/11456","targetHints":{"allow":["GET"]}}],"collection":[{"href":"https:\/\/test.thermshop.ee\/fi\/wp-json\/wp\/v2\/product"}],"about":[{"href":"https:\/\/test.thermshop.ee\/fi\/wp-json\/wp\/v2\/types\/product"}],"wp:featuredmedia":[{"embeddable":true,"href":"https:\/\/test.thermshop.ee\/fi\/wp-json\/wp\/v2\/media\/11481"}],"wp:attachment":[{"href":"https:\/\/test.thermshop.ee\/fi\/wp-json\/wp\/v2\/media?parent=11456"}],"wp:term":[{"taxonomy":"product_brand","embeddable":true,"href":"https:\/\/test.thermshop.ee\/fi\/wp-json\/wp\/v2\/product_brand?post=11456"},{"taxonomy":"product_cat","embeddable":true,"href":"https:\/\/test.thermshop.ee\/fi\/wp-json\/wp\/v2\/product_cat?post=11456"},{"taxonomy":"product_tag","embeddable":true,"href":"https:\/\/test.thermshop.ee\/fi\/wp-json\/wp\/v2\/product_tag?post=11456"}],"curies":[{"name":"wp","href":"https:\/\/api.w.org\/{rel}","templated":true}]}}