{"id":13539,"date":"2025-08-29T07:45:58","date_gmt":"2025-08-29T07:45:58","guid":{"rendered":"https:\/\/test.thermshop.ee\/?post_type=product&#038;p=13539"},"modified":"2025-12-15T16:59:33","modified_gmt":"2025-12-15T16:59:33","slug":"guide-tb650-2-0-clip-on-termosihik","status":"publish","type":"product","link":"https:\/\/test.thermshop.ee\/fi\/tuote\/guide-tb650-2-0-clip-on-termosihik\/","title":{"rendered":"Guide TB650 2.0 clip-on termosihik"},"content":{"rendered":"\t<div id=\"gap-2070037065\" class=\"gap-element clearfix\" style=\"display:block; height:auto;\">\n\t\t\n<style>\n#gap-2070037065 {\n  padding-top: 30px;\n}\n<\/style>\n\t<\/div>\n\t\n<div class=\"text-center\"><div class=\"is-divider divider clearfix\" style=\"max-width:2000px;height:1px;\"><\/div><\/div>\n<div class=\"row align-middle align-center\"  id=\"row-1201427504\">\n\n\t<div id=\"col-1339526739\" class=\"col medium-11 small-12 large-11\"  >\n\t\t\t\t<div class=\"col-inner\"  >\n\t\t\t\n\t\t\t\n\t<div id=\"text-1929250924\" class=\"text\">\n\t\t\n<h2 class=\"wp-block-heading has-text-align-center\">Katikuvaba re\u017eiim<\/h2>\n<p class=\"\" data-start=\"66\" data-end=\"306\">G-Zero katikuvaba disain pakub k\u00e4ivitamisel t\u00f5elist nullkatiku kogemust, v\u00e4listades pildi hangumise, mis v\u00f5ib p\u00f5hjustada sihtm\u00e4rkide tabamata j\u00e4\u00e4mist v\u00f5i kriitilisi hetki sihtimise ajal. See v\u00e4hendab ka katiku kalibreerimise m\u00fcra, tagades vaikse ja katkematu t\u00f6\u00f6.<\/p>\n<p class=\"\" data-start=\"66\" data-end=\"306\">M\u00e4rkus: katiku moodul on alles hoitud, et tagada k\u00f5rge pildikvaliteet k\u00e4ivitamise ajal ja oluliste temperatuurik\u00f5ikumiste korral.<\/p>\n\t\t\n<style>\n#text-1929250924 {\n  text-align: center;\n}\n<\/style>\n\t<\/div>\n\t\n\t\t<\/div>\n\t\t\t\t\t<\/div>\n\n\t\n<\/div>\n\t<div class=\"img has-hover x md-x lg-x y md-y lg-y\" id=\"image_375101705\">\n\t\t\t\t\t\t\t\t<div class=\"img-inner dark\" >\n\t\t\t<img loading=\"lazy\" decoding=\"async\" width=\"655\" height=\"551\" src=\"https:\/\/test.thermshop.ee\/wp-content\/uploads\/2025\/08\/G-Zero.jpg\" class=\"attachment-large size-large\" alt=\"\" srcset=\"https:\/\/test.thermshop.ee\/wp-content\/uploads\/2025\/08\/G-Zero.jpg 655w, https:\/\/test.thermshop.ee\/wp-content\/uploads\/2025\/08\/G-Zero-475x400.jpg 475w, https:\/\/test.thermshop.ee\/wp-content\/uploads\/2025\/08\/G-Zero-400x336.jpg 400w\" sizes=\"auto, (max-width: 655px) 100vw, 655px\" \/>\t\t\t\t\t\t\n\t\t\t\t\t<\/div>\n\t\t\t\t\t\t\t\t\n<style>\n#image_375101705 {\n  width: 100%;\n}\n<\/style>\n\t<\/div>\n\t\n<div class=\"text-center\"><div class=\"is-divider divider clearfix\" style=\"max-width:2000px;height:1px;\"><\/div><\/div>\n<div class=\"row row-large row-full-width align-middle\"  id=\"row-294572759\">\n\n\t<div id=\"col-580930736\" class=\"col small-12 large-12\"  >\n\t\t\t\t<div class=\"col-inner text-center\"  >\n\t\t\t\n\t<div class=\"is-border\"\n\t\tstyle=\"border-width:0px 0px 0px 0px;\">\n\t<\/div>\n\t\t\t\n\t<div id=\"text-2373981630\" class=\"text\">\n\t\t\n<h2 class=\"wp-block-heading has-text-align-center\">H\u00fcpervalguse algoritmiga nutikam selgus<\/h2>\n<p class=\"\" data-start=\"0\" data-end=\"208\">Tehisintellektil p\u00f5hinev h\u00fcpervalguse algoritm koos \u00fclitundliku termodetektoriga tagab tipptasemel selguse peente detailide, v\u00e4hendatud m\u00fcra ja optimeeritud kontrasti abil pikamaavaatluseks.<\/p>\n\t\t\n<style>\n#text-2373981630 {\n  text-align: center;\n}\n<\/style>\n\t<\/div>\n\t\n\t\t<\/div>\n\t\t\t\t\t<\/div>\n\n\t\n<\/div>\n\t<div class=\"img has-hover x md-x lg-x y md-y lg-y\" id=\"image_1225940210\">\n\t\t\t\t\t\t\t\t<div class=\"img-inner dark\" >\n\t\t\t<img loading=\"lazy\" decoding=\"async\" width=\"698\" height=\"521\" src=\"https:\/\/test.thermshop.ee\/wp-content\/uploads\/2025\/08\/2.-Hyper-Light-Algorithm-Smarter-Clarity.jpg\" class=\"attachment-original size-original\" alt=\"\" srcset=\"https:\/\/test.thermshop.ee\/wp-content\/uploads\/2025\/08\/2.-Hyper-Light-Algorithm-Smarter-Clarity.jpg 698w, https:\/\/test.thermshop.ee\/wp-content\/uploads\/2025\/08\/2.-Hyper-Light-Algorithm-Smarter-Clarity-536x400.jpg 536w, https:\/\/test.thermshop.ee\/wp-content\/uploads\/2025\/08\/2.-Hyper-Light-Algorithm-Smarter-Clarity-400x299.jpg 400w\" sizes=\"auto, (max-width: 698px) 100vw, 698px\" \/>\t\t\t\t\t\t\n\t\t\t\t\t<\/div>\n\t\t\t\t\t\t\t\t\n<style>\n#image_1225940210 {\n  width: 100%;\n}\n<\/style>\n\t<\/div>\n\t\n<div class=\"text-center\"><div class=\"is-divider divider clearfix\" style=\"max-width:2000px;height:1px;\"><\/div><\/div>\n<div class=\"row row-large row-full-width align-middle\"  id=\"row-306914859\">\n\n\t<div id=\"col-928061615\" class=\"col small-12 large-12 small-col-first\"  >\n\t\t\t\t<div class=\"col-inner text-left\"  >\n\t\t\t\n\t\t\t\n\t<div id=\"text-3517686968\" class=\"text\">\n\t\t\n<h2 class=\"wp-block-heading has-text-align-center\">18650 t\u00fc\u00fcpi akuga pikem t\u00f6\u00f6aeg<\/h2>\n<p class=\"\" data-start=\"0\" data-end=\"208\">Kasutaja mugavuse huvides kasutab TB 2.0 seeria standardset 18650 t\u00fc\u00fcpi akut, mis on soodne ning laialt levinud. Seda on lihtne laadida ja vahetada. Iga aku kestab kuni 5 tundi ja on \u00fchilduv teiste Guide seadmetega. Madala energiatarbega disain v\u00e4hendab energiatarbimist, tagades pikema t\u00f6\u00f6aja.<\/p>\n\t\t\n<style>\n#text-3517686968 {\n  text-align: center;\n}\n<\/style>\n\t<\/div>\n\t\n\t\t<\/div>\n\t\t\t\t\t<\/div>\n\n\t\n<\/div>\n\t<div class=\"img has-hover x md-x lg-x y md-y lg-y\" id=\"image_1304990895\">\n\t\t\t\t\t\t\t\t<div class=\"img-inner dark\" >\n\t\t\t<img loading=\"lazy\" decoding=\"async\" width=\"652\" height=\"550\" src=\"https:\/\/test.thermshop.ee\/wp-content\/uploads\/2025\/08\/Aku-TB-2.0.jpg\" class=\"attachment-original size-original\" alt=\"\" srcset=\"https:\/\/test.thermshop.ee\/wp-content\/uploads\/2025\/08\/Aku-TB-2.0.jpg 652w, https:\/\/test.thermshop.ee\/wp-content\/uploads\/2025\/08\/Aku-TB-2.0-474x400.jpg 474w, https:\/\/test.thermshop.ee\/wp-content\/uploads\/2025\/08\/Aku-TB-2.0-400x337.jpg 400w\" sizes=\"auto, (max-width: 652px) 100vw, 652px\" \/>\t\t\t\t\t\t\n\t\t\t\t\t<\/div>\n\t\t\t\t\t\t\t\t\n<style>\n#image_1304990895 {\n  width: 100%;\n}\n<\/style>\n\t<\/div>\n\t\n<div class=\"text-center\"><div class=\"is-divider divider clearfix\" style=\"max-width:2000px;height:1px;\"><\/div><\/div>\n<div class=\"row align-middle align-center\"  id=\"row-865762878\">\n\n\t<div id=\"col-697998319\" class=\"col medium-11 small-12 large-11\"  >\n\t\t\t\t<div class=\"col-inner text-left\"  >\n\t\t\t\n\t\t\t\n\t<div id=\"text-2541951828\" class=\"text\">\n\t\t\n<h2 class=\"wp-block-heading has-text-align-center\">\u00dclimalt t\u00e4pne nullimine<\/h2>\n<p>TB 2.0 seeria pakub suurep\u00e4rast nullimist\u00e4psust \u00fclit\u00e4pse 1,22 cm @ 100 m klikiga reguleerimisega. \u00dchildub kuni 15-kordse suurendusega p\u00e4evaoptikatega ja tagab erakordse t\u00e4psuse igal lasul.<br \/>\n\t\t\n<style>\n#text-2541951828 {\n  text-align: center;\n}\n<\/style>\n\t<\/div>\n\t\n\t\t<\/div>\n\t\t\t\t\t<\/div>\n\n\t\n<\/div>\n\t<div class=\"img has-hover x md-x lg-x y md-y lg-y\" id=\"image_1681435032\">\n\t\t\t\t\t\t\t\t<div class=\"img-inner dark\" >\n\t\t\t<img loading=\"lazy\" decoding=\"async\" width=\"652\" height=\"546\" src=\"https:\/\/test.thermshop.ee\/wp-content\/uploads\/2025\/08\/Nullimine-TB-2.0.jpg\" class=\"attachment-large size-large\" alt=\"\" srcset=\"https:\/\/test.thermshop.ee\/wp-content\/uploads\/2025\/08\/Nullimine-TB-2.0.jpg 652w, https:\/\/test.thermshop.ee\/wp-content\/uploads\/2025\/08\/Nullimine-TB-2.0-478x400.jpg 478w, https:\/\/test.thermshop.ee\/wp-content\/uploads\/2025\/08\/Nullimine-TB-2.0-400x335.jpg 400w\" sizes=\"auto, (max-width: 652px) 100vw, 652px\" \/>\t\t\t\t\t\t\n\t\t\t\t\t<\/div>\n\t\t\t\t\t\t\t\t\n<style>\n#image_1681435032 {\n  width: 100%;\n}\n<\/style>\n\t<\/div>\n\t\n<div class=\"text-center\"><div class=\"is-divider divider clearfix\" style=\"max-width:2000px;height:1px;\"><\/div><\/div>\n<div class=\"row row-large row-full-width align-middle\"  id=\"row-724336590\">\n\n\t<div id=\"col-834744741\" class=\"col small-12 large-12 small-col-first\"  >\n\t\t\t\t<div class=\"col-inner text-left\"  >\n\t\t\t\n\t\t\t\n\t<div id=\"text-359336198\" class=\"text\">\n\t\t\n<h2 class=\"wp-block-heading has-text-align-center\">Virutaalne sihikurist ja mugav kohalik album<\/h2>\n<p class=\"\" data-start=\"0\" data-end=\"249\">TB 2.0 seeria suudab salvestatud videotele virtuaalse sihikuristi lisada, et simuleerida reaalseid jahistsenaariume, pakkudes autentset ja kaasahaaravat kogemust. Seadme kohalik album v\u00f5imaldab salvestatud fotosid\/videoid koheselt seadmes taasesitada, jagada ja anal\u00fc\u00fcsida.<\/p>\n\t\t\n<style>\n#text-359336198 {\n  text-align: center;\n}\n<\/style>\n\t<\/div>\n\t\n\t\t<\/div>\n\t\t\t\t\t<\/div>\n\n\t\n\n<style>\n#row-724336590 > .col > .col-inner {\n  padding: 22px 0px 0px 0px;\n}\n<\/style>\n<\/div>\n\t<div class=\"img has-hover x md-x lg-x y md-y lg-y\" id=\"image_1695171312\">\n\t\t\t\t\t\t\t\t<div class=\"img-inner dark\" >\n\t\t\t<img loading=\"lazy\" decoding=\"async\" width=\"656\" height=\"550\" src=\"https:\/\/test.thermshop.ee\/wp-content\/uploads\/2025\/08\/Sihikurist-GUIDE-TB-2.0.jpg\" class=\"attachment-large size-large\" alt=\"\" srcset=\"https:\/\/test.thermshop.ee\/wp-content\/uploads\/2025\/08\/Sihikurist-GUIDE-TB-2.0.jpg 656w, https:\/\/test.thermshop.ee\/wp-content\/uploads\/2025\/08\/Sihikurist-GUIDE-TB-2.0-477x400.jpg 477w, https:\/\/test.thermshop.ee\/wp-content\/uploads\/2025\/08\/Sihikurist-GUIDE-TB-2.0-400x335.jpg 400w\" sizes=\"auto, (max-width: 656px) 100vw, 656px\" \/>\t\t\t\t\t\t\n\t\t\t\t\t<\/div>\n\t\t\t\t\t\t\t\t\n<style>\n#image_1695171312 {\n  width: 100%;\n}\n<\/style>\n\t<\/div>\n\t\n<div class=\"text-center\"><div class=\"is-divider divider clearfix\" style=\"max-width:2000px;height:1px;\"><\/div><\/div>\n<div class=\"row row-large row-full-width align-middle\"  id=\"row-1805394716\">\n\n\t<div id=\"col-1462266773\" class=\"col small-12 large-12\"  >\n\t\t\t\t<div class=\"col-inner\"  >\n\t\t\t\n\t\t\t\n\t<div id=\"text-3155518050\" class=\"text\">\n\t\t\n<h2 class=\"wp-block-heading has-text-align-center\">Mugav k\u00e4sitlemine t\u00e4nu kergele ja tasakaalustatud korpusele<\/h2>\n<p class=\"\" data-start=\"0\" data-end=\"344\">Vaid 480 g kaaluv peopesasuurune clip-on seadme korpus on kompaktsem ja v\u00e4iksemate m\u00f5\u00f5tmetega. Selle h\u00e4sti tasakaalustatud disain tagab p\u00e4evaoptikale kinnitatuna \u00fchtlase kaalujaotuse, muutes jahivarustuse k\u00e4sitsemise ja kasutamise mugavamaks.<\/p>\n\t\t\n<style>\n#text-3155518050 {\n  text-align: center;\n}\n<\/style>\n\t<\/div>\n\t\n\t\t<\/div>\n\t\t\t\t\t<\/div>\n\n\t\n\n<style>\n#row-1805394716 > .col > .col-inner {\n  padding: 22px 0px 0px 0px;\n}\n<\/style>\n<\/div>\n\t<div class=\"img has-hover x md-x lg-x y md-y lg-y\" id=\"image_1372302414\">\n\t\t\t\t\t\t\t\t<div class=\"img-inner dark\" >\n\t\t\t<img loading=\"lazy\" decoding=\"async\" width=\"698\" height=\"521\" src=\"https:\/\/test.thermshop.ee\/wp-content\/uploads\/2025\/08\/8.-Lightweight.-Balanced-Comfortable-Handling.jpg\" class=\"attachment-large size-large\" alt=\"\" srcset=\"https:\/\/test.thermshop.ee\/wp-content\/uploads\/2025\/08\/8.-Lightweight.-Balanced-Comfortable-Handling.jpg 698w, https:\/\/test.thermshop.ee\/wp-content\/uploads\/2025\/08\/8.-Lightweight.-Balanced-Comfortable-Handling-536x400.jpg 536w, https:\/\/test.thermshop.ee\/wp-content\/uploads\/2025\/08\/8.-Lightweight.-Balanced-Comfortable-Handling-400x299.jpg 400w\" sizes=\"auto, (max-width: 698px) 100vw, 698px\" \/>\t\t\t\t\t\t\n\t\t\t\t\t<\/div>\n\t\t\t\t\t\t\t\t\n<style>\n#image_1372302414 {\n  width: 100%;\n}\n<\/style>\n\t<\/div>\n\t\n","protected":false},"excerpt":{"rendered":"<p>Uhiuue Guide TB 2.0 seeria clip-on seadmega ei ole \u00fckski takistus liiga suur. Termiline tundlikkus NETD 18mK edastab kvaliteetse pildi isegi keerulisemates ilmastikutingimustes. Magneesiumsulamist korpus muudab seadme kaalu k\u00e4ep\u00e4raselt kergeks, kuid samal ajal suurendab selle t\u00e4psust. AMOLED ekraan pakub rikkalikke v\u00e4rve ja suurep\u00e4rast vaatluskogemust. Seade pakub kuni 5 tunni pikkust j\u00e4rjestikust t\u00f6\u00f6aega, kasutades toiteallikana 18650 t\u00fc\u00fcpi akut. Inimese suurused objektid suudab Guide TB 2.0 tuvastada maksimaalselt 2600 meetri kauguselt.<\/p>\n","protected":false},"featured_media":13667,"template":"","meta":{"_themeisle_gutenberg_block_has_review":false},"product_brand":[],"product_cat":[2210,2648],"product_tag":[136,2212,2665,2353],"class_list":{"0":"post-13539","1":"product","2":"type-product","3":"status-publish","4":"has-post-thumbnail","6":"product_cat-guide-sensmart","7":"product_cat-tb-2-0-seeria","8":"product_tag-allahindlus","9":"product_tag-guide-sensmart","10":"product_tag-tb-2-0-seeria","11":"product_tag-termosihikud","13":"first","14":"instock","15":"sale","16":"taxable","17":"shipping-taxable","18":"purchasable","19":"product-type-simple"},"yoast_head":"<!-- This site is optimized with the Yoast SEO plugin v26.7 - https:\/\/yoast.com\/wordpress\/plugins\/seo\/ -->\n<title>Guide TB650 2.0 clip-on termosihik<\/title>\n<meta name=\"description\" content=\"Uhiuue Guide TB 2.0 seeria clip-on seadmega ei ole \u00fckski takistus liiga suur. Termiline tundlikkus NETD 18mK edastab kvaliteetse pildi isegi keerulisemates ilmastikutingimustes. Magneesiumsulamist korpus muudab seadme kaalu k\u00e4ep\u00e4raselt kergeks, kuid samal ajal suurendab selle t\u00e4psust. AMOLED ekraan pakub rikkalikke v\u00e4rve ja suurep\u00e4rast vaatluskogemust. Seade pakub kuni 5 tunni pikkust j\u00e4rjestikust t\u00f6\u00f6aega, kasutades toiteallikana 18650 t\u00fc\u00fcpi akut. Inimese suurused objektid suudab Guide TB 2.0 tuvastada maksimaalselt 2600 meetri kauguselt.\" \/>\n<meta name=\"robots\" content=\"index, follow, max-snippet:-1, max-image-preview:large, max-video-preview:-1\" \/>\n<link rel=\"canonical\" href=\"https:\/\/test.thermshop.ee\/fi\/tuote\/guide-tb650-2-0-clip-on-termosihik\/\" \/>\n<meta property=\"og:locale\" content=\"fi_FI\" \/>\n<meta property=\"og:type\" content=\"article\" \/>\n<meta property=\"og:title\" content=\"Guide TB650 2.0 clip-on termosihik\" \/>\n<meta property=\"og:description\" content=\"Uhiuue Guide TB 2.0 seeria clip-on seadmega ei ole \u00fckski takistus liiga suur. Termiline tundlikkus NETD 18mK edastab kvaliteetse pildi isegi keerulisemates ilmastikutingimustes. Magneesiumsulamist korpus muudab seadme kaalu k\u00e4ep\u00e4raselt kergeks, kuid samal ajal suurendab selle t\u00e4psust. AMOLED ekraan pakub rikkalikke v\u00e4rve ja suurep\u00e4rast vaatluskogemust. Seade pakub kuni 5 tunni pikkust j\u00e4rjestikust t\u00f6\u00f6aega, kasutades toiteallikana 18650 t\u00fc\u00fcpi akut. Inimese suurused objektid suudab Guide TB 2.0 tuvastada maksimaalselt 2600 meetri kauguselt.\" \/>\n<meta property=\"og:url\" content=\"https:\/\/test.thermshop.ee\/fi\/tuote\/guide-tb650-2-0-clip-on-termosihik\/\" \/>\n<meta property=\"og:site_name\" content=\"Thermshop pakub kvaliteetseid termoseadmeid\" \/>\n<meta property=\"article:publisher\" content=\"https:\/\/www.facebook.com\/profile.php?id=61554520052746\" \/>\n<meta property=\"article:modified_time\" content=\"2025-12-15T16:59:33+00:00\" \/>\n<meta property=\"og:image\" content=\"https:\/\/test.thermshop.ee\/wp-content\/uploads\/2025\/08\/Guide-TB650-11.png\" \/>\n\t<meta property=\"og:image:width\" content=\"1000\" \/>\n\t<meta property=\"og:image:height\" content=\"1000\" \/>\n\t<meta property=\"og:image:type\" content=\"image\/png\" \/>\n<meta name=\"twitter:card\" content=\"summary_large_image\" \/>\n<meta name=\"twitter:label1\" content=\"Arvioitu lukuaika\" \/>\n\t<meta name=\"twitter:data1\" content=\"3 minuuttia\" \/>\n<script type=\"application\/ld+json\" class=\"yoast-schema-graph\">{\"@context\":\"https:\/\/schema.org\",\"@graph\":[{\"@type\":\"WebPage\",\"@id\":\"https:\/\/test.thermshop.ee\/fi\/tuote\/guide-tb650-2-0-clip-on-termosihik\/\",\"url\":\"https:\/\/test.thermshop.ee\/fi\/tuote\/guide-tb650-2-0-clip-on-termosihik\/\",\"name\":\"Guide TB650 2.0 clip-on termosihik\",\"isPartOf\":{\"@id\":\"https:\/\/test.thermshop.ee\/fi\/#website\"},\"primaryImageOfPage\":{\"@id\":\"https:\/\/test.thermshop.ee\/fi\/tuote\/guide-tb650-2-0-clip-on-termosihik\/#primaryimage\"},\"image\":{\"@id\":\"https:\/\/test.thermshop.ee\/fi\/tuote\/guide-tb650-2-0-clip-on-termosihik\/#primaryimage\"},\"thumbnailUrl\":\"https:\/\/test.thermshop.ee\/wp-content\/uploads\/2025\/08\/Guide-TB650-11.png\",\"datePublished\":\"2025-08-29T07:45:58+00:00\",\"dateModified\":\"2025-12-15T16:59:33+00:00\",\"description\":\"Uhiuue Guide TB 2.0 seeria clip-on seadmega ei ole \u00fckski takistus liiga suur. Termiline tundlikkus NETD 18mK edastab kvaliteetse pildi isegi keerulisemates ilmastikutingimustes. Magneesiumsulamist korpus muudab seadme kaalu k\u00e4ep\u00e4raselt kergeks, kuid samal ajal suurendab selle t\u00e4psust. AMOLED ekraan pakub rikkalikke v\u00e4rve ja suurep\u00e4rast vaatluskogemust. Seade pakub kuni 5 tunni pikkust j\u00e4rjestikust t\u00f6\u00f6aega, kasutades toiteallikana 18650 t\u00fc\u00fcpi akut. Inimese suurused objektid suudab Guide TB 2.0 tuvastada maksimaalselt 2600 meetri kauguselt.\",\"breadcrumb\":{\"@id\":\"https:\/\/test.thermshop.ee\/fi\/tuote\/guide-tb650-2-0-clip-on-termosihik\/#breadcrumb\"},\"inLanguage\":\"fi\",\"potentialAction\":[{\"@type\":\"ReadAction\",\"target\":[\"https:\/\/test.thermshop.ee\/fi\/tuote\/guide-tb650-2-0-clip-on-termosihik\/\"]}]},{\"@type\":\"ImageObject\",\"inLanguage\":\"fi\",\"@id\":\"https:\/\/test.thermshop.ee\/fi\/tuote\/guide-tb650-2-0-clip-on-termosihik\/#primaryimage\",\"url\":\"https:\/\/test.thermshop.ee\/wp-content\/uploads\/2025\/08\/Guide-TB650-11.png\",\"contentUrl\":\"https:\/\/test.thermshop.ee\/wp-content\/uploads\/2025\/08\/Guide-TB650-11.png\",\"width\":1000,\"height\":1000},{\"@type\":\"BreadcrumbList\",\"@id\":\"https:\/\/test.thermshop.ee\/fi\/tuote\/guide-tb650-2-0-clip-on-termosihik\/#breadcrumb\",\"itemListElement\":[{\"@type\":\"ListItem\",\"position\":1,\"name\":\"Home\",\"item\":\"https:\/\/test.thermshop.ee\/fi\/\"},{\"@type\":\"ListItem\",\"position\":2,\"name\":\"Verkkokauppa\",\"item\":\"https:\/\/test.thermshop.ee\/e-pood\/\"},{\"@type\":\"ListItem\",\"position\":3,\"name\":\"Guide TB650 2.0 clip-on termosihik\"}]},{\"@type\":\"WebSite\",\"@id\":\"https:\/\/test.thermshop.ee\/fi\/#website\",\"url\":\"https:\/\/test.thermshop.ee\/fi\/\",\"name\":\"Thermshop pakub kvaliteetseid termoseadmeid\",\"description\":\"Thermshop\",\"publisher\":{\"@id\":\"https:\/\/test.thermshop.ee\/fi\/#organization\"},\"potentialAction\":[{\"@type\":\"SearchAction\",\"target\":{\"@type\":\"EntryPoint\",\"urlTemplate\":\"https:\/\/test.thermshop.ee\/fi\/?s={search_term_string}\"},\"query-input\":{\"@type\":\"PropertyValueSpecification\",\"valueRequired\":true,\"valueName\":\"search_term_string\"}}],\"inLanguage\":\"fi\"},{\"@type\":\"Organization\",\"@id\":\"https:\/\/test.thermshop.ee\/fi\/#organization\",\"name\":\"Thermshop\",\"url\":\"https:\/\/test.thermshop.ee\/fi\/\",\"logo\":{\"@type\":\"ImageObject\",\"inLanguage\":\"fi\",\"@id\":\"https:\/\/test.thermshop.ee\/fi\/#\/schema\/logo\/image\/\",\"url\":\"https:\/\/test.thermshop.ee\/wp-content\/uploads\/2024\/10\/Nimetu-kujundus-12.png\",\"contentUrl\":\"https:\/\/test.thermshop.ee\/wp-content\/uploads\/2024\/10\/Nimetu-kujundus-12.png\",\"width\":500,\"height\":500,\"caption\":\"Thermshop\"},\"image\":{\"@id\":\"https:\/\/test.thermshop.ee\/fi\/#\/schema\/logo\/image\/\"},\"sameAs\":[\"https:\/\/www.facebook.com\/profile.php?id=61554520052746\"]}]}<\/script>\n<!-- \/ Yoast SEO plugin. -->","yoast_head_json":{"title":"Guide TB650 2.0 clip-on termosihik","description":"Uhiuue Guide TB 2.0 seeria clip-on seadmega ei ole \u00fckski takistus liiga suur. Termiline tundlikkus NETD 18mK edastab kvaliteetse pildi isegi keerulisemates ilmastikutingimustes. Magneesiumsulamist korpus muudab seadme kaalu k\u00e4ep\u00e4raselt kergeks, kuid samal ajal suurendab selle t\u00e4psust. AMOLED ekraan pakub rikkalikke v\u00e4rve ja suurep\u00e4rast vaatluskogemust. Seade pakub kuni 5 tunni pikkust j\u00e4rjestikust t\u00f6\u00f6aega, kasutades toiteallikana 18650 t\u00fc\u00fcpi akut. Inimese suurused objektid suudab Guide TB 2.0 tuvastada maksimaalselt 2600 meetri kauguselt.","robots":{"index":"index","follow":"follow","max-snippet":"max-snippet:-1","max-image-preview":"max-image-preview:large","max-video-preview":"max-video-preview:-1"},"canonical":"https:\/\/test.thermshop.ee\/fi\/tuote\/guide-tb650-2-0-clip-on-termosihik\/","og_locale":"fi_FI","og_type":"article","og_title":"Guide TB650 2.0 clip-on termosihik","og_description":"Uhiuue Guide TB 2.0 seeria clip-on seadmega ei ole \u00fckski takistus liiga suur. Termiline tundlikkus NETD 18mK edastab kvaliteetse pildi isegi keerulisemates ilmastikutingimustes. Magneesiumsulamist korpus muudab seadme kaalu k\u00e4ep\u00e4raselt kergeks, kuid samal ajal suurendab selle t\u00e4psust. AMOLED ekraan pakub rikkalikke v\u00e4rve ja suurep\u00e4rast vaatluskogemust. Seade pakub kuni 5 tunni pikkust j\u00e4rjestikust t\u00f6\u00f6aega, kasutades toiteallikana 18650 t\u00fc\u00fcpi akut. Inimese suurused objektid suudab Guide TB 2.0 tuvastada maksimaalselt 2600 meetri kauguselt.","og_url":"https:\/\/test.thermshop.ee\/fi\/tuote\/guide-tb650-2-0-clip-on-termosihik\/","og_site_name":"Thermshop pakub kvaliteetseid termoseadmeid","article_publisher":"https:\/\/www.facebook.com\/profile.php?id=61554520052746","article_modified_time":"2025-12-15T16:59:33+00:00","og_image":[{"width":1000,"height":1000,"url":"https:\/\/test.thermshop.ee\/wp-content\/uploads\/2025\/08\/Guide-TB650-11.png","type":"image\/png"}],"twitter_card":"summary_large_image","twitter_misc":{"Arvioitu lukuaika":"3 minuuttia"},"schema":{"@context":"https:\/\/schema.org","@graph":[{"@type":"WebPage","@id":"https:\/\/test.thermshop.ee\/fi\/tuote\/guide-tb650-2-0-clip-on-termosihik\/","url":"https:\/\/test.thermshop.ee\/fi\/tuote\/guide-tb650-2-0-clip-on-termosihik\/","name":"Guide TB650 2.0 clip-on termosihik","isPartOf":{"@id":"https:\/\/test.thermshop.ee\/fi\/#website"},"primaryImageOfPage":{"@id":"https:\/\/test.thermshop.ee\/fi\/tuote\/guide-tb650-2-0-clip-on-termosihik\/#primaryimage"},"image":{"@id":"https:\/\/test.thermshop.ee\/fi\/tuote\/guide-tb650-2-0-clip-on-termosihik\/#primaryimage"},"thumbnailUrl":"https:\/\/test.thermshop.ee\/wp-content\/uploads\/2025\/08\/Guide-TB650-11.png","datePublished":"2025-08-29T07:45:58+00:00","dateModified":"2025-12-15T16:59:33+00:00","description":"Uhiuue Guide TB 2.0 seeria clip-on seadmega ei ole \u00fckski takistus liiga suur. Termiline tundlikkus NETD 18mK edastab kvaliteetse pildi isegi keerulisemates ilmastikutingimustes. Magneesiumsulamist korpus muudab seadme kaalu k\u00e4ep\u00e4raselt kergeks, kuid samal ajal suurendab selle t\u00e4psust. AMOLED ekraan pakub rikkalikke v\u00e4rve ja suurep\u00e4rast vaatluskogemust. Seade pakub kuni 5 tunni pikkust j\u00e4rjestikust t\u00f6\u00f6aega, kasutades toiteallikana 18650 t\u00fc\u00fcpi akut. Inimese suurused objektid suudab Guide TB 2.0 tuvastada maksimaalselt 2600 meetri kauguselt.","breadcrumb":{"@id":"https:\/\/test.thermshop.ee\/fi\/tuote\/guide-tb650-2-0-clip-on-termosihik\/#breadcrumb"},"inLanguage":"fi","potentialAction":[{"@type":"ReadAction","target":["https:\/\/test.thermshop.ee\/fi\/tuote\/guide-tb650-2-0-clip-on-termosihik\/"]}]},{"@type":"ImageObject","inLanguage":"fi","@id":"https:\/\/test.thermshop.ee\/fi\/tuote\/guide-tb650-2-0-clip-on-termosihik\/#primaryimage","url":"https:\/\/test.thermshop.ee\/wp-content\/uploads\/2025\/08\/Guide-TB650-11.png","contentUrl":"https:\/\/test.thermshop.ee\/wp-content\/uploads\/2025\/08\/Guide-TB650-11.png","width":1000,"height":1000},{"@type":"BreadcrumbList","@id":"https:\/\/test.thermshop.ee\/fi\/tuote\/guide-tb650-2-0-clip-on-termosihik\/#breadcrumb","itemListElement":[{"@type":"ListItem","position":1,"name":"Home","item":"https:\/\/test.thermshop.ee\/fi\/"},{"@type":"ListItem","position":2,"name":"Verkkokauppa","item":"https:\/\/test.thermshop.ee\/e-pood\/"},{"@type":"ListItem","position":3,"name":"Guide TB650 2.0 clip-on termosihik"}]},{"@type":"WebSite","@id":"https:\/\/test.thermshop.ee\/fi\/#website","url":"https:\/\/test.thermshop.ee\/fi\/","name":"Thermshop pakub kvaliteetseid termoseadmeid","description":"Thermshop","publisher":{"@id":"https:\/\/test.thermshop.ee\/fi\/#organization"},"potentialAction":[{"@type":"SearchAction","target":{"@type":"EntryPoint","urlTemplate":"https:\/\/test.thermshop.ee\/fi\/?s={search_term_string}"},"query-input":{"@type":"PropertyValueSpecification","valueRequired":true,"valueName":"search_term_string"}}],"inLanguage":"fi"},{"@type":"Organization","@id":"https:\/\/test.thermshop.ee\/fi\/#organization","name":"Thermshop","url":"https:\/\/test.thermshop.ee\/fi\/","logo":{"@type":"ImageObject","inLanguage":"fi","@id":"https:\/\/test.thermshop.ee\/fi\/#\/schema\/logo\/image\/","url":"https:\/\/test.thermshop.ee\/wp-content\/uploads\/2024\/10\/Nimetu-kujundus-12.png","contentUrl":"https:\/\/test.thermshop.ee\/wp-content\/uploads\/2024\/10\/Nimetu-kujundus-12.png","width":500,"height":500,"caption":"Thermshop"},"image":{"@id":"https:\/\/test.thermshop.ee\/fi\/#\/schema\/logo\/image\/"},"sameAs":["https:\/\/www.facebook.com\/profile.php?id=61554520052746"]}]}},"_links":{"self":[{"href":"https:\/\/test.thermshop.ee\/fi\/wp-json\/wp\/v2\/product\/13539","targetHints":{"allow":["GET"]}}],"collection":[{"href":"https:\/\/test.thermshop.ee\/fi\/wp-json\/wp\/v2\/product"}],"about":[{"href":"https:\/\/test.thermshop.ee\/fi\/wp-json\/wp\/v2\/types\/product"}],"wp:featuredmedia":[{"embeddable":true,"href":"https:\/\/test.thermshop.ee\/fi\/wp-json\/wp\/v2\/media\/13667"}],"wp:attachment":[{"href":"https:\/\/test.thermshop.ee\/fi\/wp-json\/wp\/v2\/media?parent=13539"}],"wp:term":[{"taxonomy":"product_brand","embeddable":true,"href":"https:\/\/test.thermshop.ee\/fi\/wp-json\/wp\/v2\/product_brand?post=13539"},{"taxonomy":"product_cat","embeddable":true,"href":"https:\/\/test.thermshop.ee\/fi\/wp-json\/wp\/v2\/product_cat?post=13539"},{"taxonomy":"product_tag","embeddable":true,"href":"https:\/\/test.thermshop.ee\/fi\/wp-json\/wp\/v2\/product_tag?post=13539"}],"curies":[{"name":"wp","href":"https:\/\/api.w.org\/{rel}","templated":true}]}}