{"id":15101,"date":"2026-02-12T11:51:54","date_gmt":"2026-02-12T11:51:54","guid":{"rendered":"https:\/\/test.thermshop.ee\/?post_type=product&#038;p=15101"},"modified":"2026-02-12T11:52:42","modified_gmt":"2026-02-12T11:52:42","slug":"guide-tu635p-3-0","status":"publish","type":"product","link":"https:\/\/test.thermshop.ee\/fi\/tuote\/guide-tu635p-3-0\/","title":{"rendered":"Guide TU635 Pro 3.0"},"content":{"rendered":"\t<div class=\"img has-hover x md-x lg-x y md-y lg-y\" id=\"image_74300800\">\n\t\t\t\t\t\t\t\t<div class=\"img-inner dark\" >\n\t\t\t<img loading=\"lazy\" decoding=\"async\" width=\"1020\" height=\"423\" src=\"https:\/\/test.thermshop.ee\/wp-content\/uploads\/2026\/02\/Guide-TU-Pro-3.0-1400x581.png\" class=\"attachment-large size-large\" alt=\"\" srcset=\"https:\/\/test.thermshop.ee\/wp-content\/uploads\/2026\/02\/Guide-TU-Pro-3.0-1400x581.png 1400w, https:\/\/test.thermshop.ee\/wp-content\/uploads\/2026\/02\/Guide-TU-Pro-3.0-800x332.png 800w, https:\/\/test.thermshop.ee\/wp-content\/uploads\/2026\/02\/Guide-TU-Pro-3.0-768x319.png 768w, https:\/\/test.thermshop.ee\/wp-content\/uploads\/2026\/02\/Guide-TU-Pro-3.0-1536x637.png 1536w, https:\/\/test.thermshop.ee\/wp-content\/uploads\/2026\/02\/Guide-TU-Pro-3.0-400x166.png 400w, https:\/\/test.thermshop.ee\/wp-content\/uploads\/2026\/02\/Guide-TU-Pro-3.0.png 1762w\" sizes=\"auto, (max-width: 1020px) 100vw, 1020px\" \/>\t\t\t\t\t\t\n\t\t\t\t\t<\/div>\n\t\t\t\t\t\t\t\t\n<style>\n#image_74300800 {\n  width: 100%;\n}\n<\/style>\n\t<\/div>\n\t\n\t<div id=\"gap-331868365\" class=\"gap-element clearfix\" style=\"display:block; height:auto;\">\n\t\t\n<style>\n#gap-331868365 {\n  padding-top: 30px;\n}\n<\/style>\n\t<\/div>\n\t\n<div class=\"text-center\"><div class=\"is-divider divider clearfix\" style=\"max-width:2000px;height:1px;\"><\/div><\/div>\n<div class=\"row align-middle align-center\"  id=\"row-739132404\">\n\n\t<div id=\"col-624235677\" class=\"col medium-6 small-12 large-6\"  >\n\t\t\t\t<div class=\"col-inner\"  >\n\t\t\t\n\t\t\t\n\t<div id=\"text-3949106038\" class=\"text\">\n\t\t\n<h2 class=\"wp-block-heading has-text-align-center\">Objektiivi sisse integreeritud laserkaugusm\u00f5\u00f5tja<\/h2>\n<p class=\"\" data-start=\"66\" data-end=\"306\">Uuenduslik objektiivi konstruktsioon \u00fchendab laserkaugusm\u00f5\u00f5tja otse objektiivi sisse, v\u00e4hendades seadme \u00fcldm\u00f5\u00f5tmeid ning tagab kompaktse ja voolujoonelise torukujulise disaini. Samal ajal k\u00f5rvaldab see parallaksi vea, tagades maksimaalse kaugusem\u00f5\u00f5tmise t\u00e4psuse. Pildil on illustreeriv t\u00e4hendus.<\/p>\n\t\t\n<style>\n#text-3949106038 {\n  text-align: center;\n}\n<\/style>\n\t<\/div>\n\t\n\t\t<\/div>\n\t\t\t\t\t<\/div>\n\n\t\n\n\t<div id=\"col-1835322970\" class=\"col medium-6 small-12 large-6\"  >\n\t\t\t\t<div class=\"col-inner\"  >\n\t\t\t\n\t\t\t\n\t<div class=\"img has-hover x md-x lg-x y md-y lg-y\" id=\"image_1896591238\">\n\t\t\t\t\t\t\t\t<div class=\"img-inner dark\" >\n\t\t\t<img loading=\"lazy\" decoding=\"async\" width=\"506\" height=\"424\" src=\"https:\/\/test.thermshop.ee\/wp-content\/uploads\/2026\/02\/guide-tu-3.0-lrf.png\" class=\"attachment-large size-large\" alt=\"\" srcset=\"https:\/\/test.thermshop.ee\/wp-content\/uploads\/2026\/02\/guide-tu-3.0-lrf.png 506w, https:\/\/test.thermshop.ee\/wp-content\/uploads\/2026\/02\/guide-tu-3.0-lrf-477x400.png 477w, https:\/\/test.thermshop.ee\/wp-content\/uploads\/2026\/02\/guide-tu-3.0-lrf-400x335.png 400w\" sizes=\"auto, (max-width: 506px) 100vw, 506px\" \/>\t\t\t\t\t\t\n\t\t\t\t\t<\/div>\n\t\t\t\t\t\t\t\t\n<style>\n#image_1896591238 {\n  width: 90%;\n}\n<\/style>\n\t<\/div>\n\t\n\t\t<\/div>\n\t\t\t\t\t<\/div>\n\n\t\n<\/div>\n<div class=\"text-center\"><div class=\"is-divider divider clearfix\" style=\"max-width:2000px;height:1px;\"><\/div><\/div>\n<div class=\"row align-middle align-center\"  id=\"row-1577687005\">\n\n\t<div id=\"col-802459420\" class=\"col medium-6 small-12 large-6\"  >\n\t\t\t\t<div class=\"col-inner\"  >\n\t\t\t\n\t\t\t\n\t<div class=\"img has-hover x md-x lg-x y md-y lg-y\" id=\"image_1253272240\">\n\t\t\t\t\t\t\t\t<div class=\"img-inner dark\" >\n\t\t\t<img loading=\"lazy\" decoding=\"async\" width=\"508\" height=\"423\" src=\"https:\/\/test.thermshop.ee\/wp-content\/uploads\/2026\/02\/guide-tu-3.0-akud.png\" class=\"attachment-large size-large\" alt=\"\" srcset=\"https:\/\/test.thermshop.ee\/wp-content\/uploads\/2026\/02\/guide-tu-3.0-akud.png 508w, https:\/\/test.thermshop.ee\/wp-content\/uploads\/2026\/02\/guide-tu-3.0-akud-480x400.png 480w, https:\/\/test.thermshop.ee\/wp-content\/uploads\/2026\/02\/guide-tu-3.0-akud-400x333.png 400w\" sizes=\"auto, (max-width: 508px) 100vw, 508px\" \/>\t\t\t\t\t\t\n\t\t\t\t\t<\/div>\n\t\t\t\t\t\t\t\t\n<style>\n#image_1253272240 {\n  width: 90%;\n}\n<\/style>\n\t<\/div>\n\t\n\t\t<\/div>\n\t\t\t\t\t<\/div>\n\n\t\n\n\t<div id=\"col-1984667490\" class=\"col medium-6 small-12 large-6\"  >\n\t\t\t\t<div class=\"col-inner\"  >\n\t\t\t\n\t\t\t\n\t<div id=\"text-3205859565\" class=\"text\">\n\t\t\n<h2 class=\"wp-block-heading has-text-align-center\">Kahe akuga s\u00fcsteem \u2013 muretu toide<\/h2>\n<p data-start=\"41\" data-end=\"146\">Kahe akuga toites\u00fcsteem tagab usaldusv\u00e4\u00e4rse varutoite pikemateks, kuni 14-tunnisteks jahiretkedeks. Seade kasutab 18650 t\u00fc\u00fcpi standard akusid.<\/p>\n\t\t\n<style>\n#text-3205859565 {\n  text-align: center;\n}\n<\/style>\n\t<\/div>\n\t\n\t\t<\/div>\n\t\t\t\t\t<\/div>\n\n\t\n<\/div>\n<div class=\"text-center\"><div class=\"is-divider divider clearfix\" style=\"max-width:2000px;height:1px;\"><\/div><\/div>\n<div class=\"row align-middle align-center\"  id=\"row-40303008\">\n\n\t<div id=\"col-2086732739\" class=\"col medium-6 small-12 large-6\"  >\n\t\t\t\t<div class=\"col-inner\"  >\n\t\t\t\n\t\t\t\n\t<div id=\"text-300476854\" class=\"text\">\n\t\t\n<h2 class=\"wp-block-heading has-text-align-center\">\u00dclimalt kerge disain<\/h2>\n<p data-start=\"45\" data-end=\"188\">Guide TU Pro 3.0 seeria on loodud mugavaks kasutamiseks kogu p\u00e4eva v\u00e4ltel, kaaludes vaid 730\u2013923 g, ilma et see teeks j\u00e4releandmisi vastupidavuses. Hoolikalt tasakaalustatud konstruktsioon v\u00e4hendab k\u00e4te v\u00e4simist ning tagab mugava kandmise ja lihtsa k\u00e4sitsemise ka pikemaajalisel v\u00e4litingimustes kasutamisel.<\/p>\n\t\t\n<style>\n#text-300476854 {\n  text-align: center;\n}\n<\/style>\n\t<\/div>\n\t\n\t\t<\/div>\n\t\t\t\t\t<\/div>\n\n\t\n\n\t<div id=\"col-1969407085\" class=\"col medium-6 small-12 large-6\"  >\n\t\t\t\t<div class=\"col-inner\"  >\n\t\t\t\n\t\t\t\n\t<div class=\"img has-hover x md-x lg-x y md-y lg-y\" id=\"image_886798038\">\n\t\t\t\t\t\t\t\t<div class=\"img-inner dark\" >\n\t\t\t<img loading=\"lazy\" decoding=\"async\" width=\"502\" height=\"423\" src=\"https:\/\/test.thermshop.ee\/wp-content\/uploads\/2026\/02\/guide-tu-3.0-kerge-kaal.png\" class=\"attachment-large size-large\" alt=\"\" srcset=\"https:\/\/test.thermshop.ee\/wp-content\/uploads\/2026\/02\/guide-tu-3.0-kerge-kaal.png 502w, https:\/\/test.thermshop.ee\/wp-content\/uploads\/2026\/02\/guide-tu-3.0-kerge-kaal-475x400.png 475w, https:\/\/test.thermshop.ee\/wp-content\/uploads\/2026\/02\/guide-tu-3.0-kerge-kaal-400x337.png 400w\" sizes=\"auto, (max-width: 502px) 100vw, 502px\" \/>\t\t\t\t\t\t\n\t\t\t\t\t<\/div>\n\t\t\t\t\t\t\t\t\n<style>\n#image_886798038 {\n  width: 90%;\n}\n<\/style>\n\t<\/div>\n\t\n\t\t<\/div>\n\t\t\t\t\t<\/div>\n\n\t\n<\/div>\n<div class=\"text-center\"><div class=\"is-divider divider clearfix\" style=\"max-width:2000px;height:1px;\"><\/div><\/div>\n<div class=\"row align-middle align-center\"  id=\"row-1371324274\">\n\n\t<div id=\"col-807296030\" class=\"col medium-6 small-12 large-6\"  >\n\t\t\t\t<div class=\"col-inner\"  >\n\t\t\t\n\t\t\t\n\t<div class=\"img has-hover x md-x lg-x y md-y lg-y\" id=\"image_542529642\">\n\t\t\t\t\t\t\t\t<div class=\"img-inner dark\" >\n\t\t\t<img loading=\"lazy\" decoding=\"async\" width=\"502\" height=\"422\" src=\"https:\/\/test.thermshop.ee\/wp-content\/uploads\/2026\/02\/guide-tu-3.0-lihtne-kasutada.png\" class=\"attachment-large size-large\" alt=\"\" srcset=\"https:\/\/test.thermshop.ee\/wp-content\/uploads\/2026\/02\/guide-tu-3.0-lihtne-kasutada.png 502w, https:\/\/test.thermshop.ee\/wp-content\/uploads\/2026\/02\/guide-tu-3.0-lihtne-kasutada-476x400.png 476w, https:\/\/test.thermshop.ee\/wp-content\/uploads\/2026\/02\/guide-tu-3.0-lihtne-kasutada-400x336.png 400w\" sizes=\"auto, (max-width: 502px) 100vw, 502px\" \/>\t\t\t\t\t\t\n\t\t\t\t\t<\/div>\n\t\t\t\t\t\t\t\t\n<style>\n#image_542529642 {\n  width: 90%;\n}\n<\/style>\n\t<\/div>\n\t\n\t\t<\/div>\n\t\t\t\t\t<\/div>\n\n\t\n\n\t<div id=\"col-2142108313\" class=\"col medium-6 small-12 large-6\"  >\n\t\t\t\t<div class=\"col-inner\"  >\n\t\t\t\n\t\t\t\n\t<div id=\"text-1987855202\" class=\"text\">\n\t\t\n<h2 class=\"wp-block-heading has-text-align-center\">Lihtne teravustamine ja suurendamine \u2013 intuitiivne kasutus<\/h2>\n<p data-start=\"63\" data-end=\"228\">P\u00f5hjalike v\u00e4litestide ja jahimeeste tagasiside p\u00f5hjal on TU Pro 3.0 viimistletud igas detailis \u2013 alates teravustamisrattast kuni suurendushoova ja nuppude paigutuseni. Ergonoomiline disain tagab mugavuse ning loomuliku ja intuitiivse juhtimise igas olukorras.<\/p>\n\t\t\n<style>\n#text-1987855202 {\n  text-align: center;\n}\n<\/style>\n\t<\/div>\n\t\n\t\t<\/div>\n\t\t\t\t\t<\/div>\n\n\t\n<\/div>\n<div class=\"text-center\"><div class=\"is-divider divider clearfix\" style=\"max-width:2000px;height:1px;\"><\/div><\/div>\n<div class=\"row align-middle align-center\"  id=\"row-1454851560\">\n\n\t<div id=\"col-632847642\" class=\"col medium-6 small-12 large-6\"  >\n\t\t\t\t<div class=\"col-inner\"  >\n\t\t\t\n\t\t\t\n\t<div id=\"text-1254714490\" class=\"text\">\n\t\t\n<h2 class=\"wp-block-heading has-text-align-center\">Tagasil\u00f6\u00f6gikindel \u2013 vastupidav ja t\u00f6\u00f6kindel<\/h2>\n<p data-start=\"51\" data-end=\"172\">TU Pro 3.0 on loodud usaldusv\u00e4\u00e4rseks toimimiseks iga ilmaga ning t\u00f6\u00f6tab t\u00f5rgeteta vihmas, lumes ja tolmuses keskkonnas. Seade talub kuni 6000 J tagasil\u00f6\u00f6gienergiat ning vastab IP68 veekindlusstandardile, sobides ka n\u00f5udlikeks v\u00e4litingimustes kasutamiseks.<\/p>\n\t\t\n<style>\n#text-1254714490 {\n  text-align: center;\n}\n<\/style>\n\t<\/div>\n\t\n\t\t<\/div>\n\t\t\t\t\t<\/div>\n\n\t\n\n\t<div id=\"col-825006401\" class=\"col medium-6 small-12 large-6\"  >\n\t\t\t\t<div class=\"col-inner\"  >\n\t\t\t\n\t\t\t\n\t<div class=\"img has-hover x md-x lg-x y md-y lg-y\" id=\"image_821685643\">\n\t\t\t\t\t\t\t\t<div class=\"img-inner dark\" >\n\t\t\t<img loading=\"lazy\" decoding=\"async\" width=\"504\" height=\"420\" src=\"https:\/\/test.thermshop.ee\/wp-content\/uploads\/2026\/02\/guide-tu-3.0-vastupidavus.png\" class=\"attachment-large size-large\" alt=\"\" srcset=\"https:\/\/test.thermshop.ee\/wp-content\/uploads\/2026\/02\/guide-tu-3.0-vastupidavus.png 504w, https:\/\/test.thermshop.ee\/wp-content\/uploads\/2026\/02\/guide-tu-3.0-vastupidavus-480x400.png 480w, https:\/\/test.thermshop.ee\/wp-content\/uploads\/2026\/02\/guide-tu-3.0-vastupidavus-400x333.png 400w\" sizes=\"auto, (max-width: 504px) 100vw, 504px\" \/>\t\t\t\t\t\t\n\t\t\t\t\t<\/div>\n\t\t\t\t\t\t\t\t\n<style>\n#image_821685643 {\n  width: 90%;\n}\n<\/style>\n\t<\/div>\n\t\n\t\t<\/div>\n\t\t\t\t\t<\/div>\n\n\t\n<\/div>\n","protected":false},"excerpt":{"rendered":"<p>Guide TU Pro 3.0 seeria termosihikuga ei ole \u00fckski takistus pimedas liiga suur Termiline tundlikkus NETD 18mK edastab kvaliteetse pildi isegi keerulisemates ilmastikutingimustes. Suur AMOLED ekraan pakub rikkalikke v\u00e4rve ja suurep\u00e4rast vaatluskogemust. Laserkaugusm\u00f5\u00f5tja on abiks t\u00e4pseks objektide kauguse m\u00f5\u00f5tmiseks kuni 1000 meetrit. Seade pakub kuni 14 tunni pikkust j\u00e4rjestikust t\u00f6\u00f6aega, kasutades toiteallikatena 18650 t\u00fc\u00fcpi sisseehitatud ja samuti 18650 t\u00fc\u00fcpi vahetatavaid akusid. Inimese suurused objektid suudab Guide TU Pro 3.0 tuvastada maksimaalselt 2600 meetri kauguselt.<\/p>\n<p>&nbsp;<\/p>\n","protected":false},"featured_media":15122,"template":"","meta":{"_themeisle_gutenberg_block_has_review":false},"product_brand":[],"product_cat":[2836,2210,68],"product_tag":[2212,2353],"class_list":{"0":"post-15101","1":"product","2":"type-product","3":"status-publish","4":"has-post-thumbnail","6":"product_cat-tu-3-0","7":"product_cat-guide-sensmart","8":"product_cat-termosihik","9":"product_tag-guide-sensmart","10":"product_tag-termosihikud","12":"first","13":"instock","14":"sale","15":"taxable","16":"shipping-taxable","17":"purchasable","18":"product-type-simple"},"yoast_head":"<!-- This site is optimized with the Yoast SEO plugin v26.7 - https:\/\/yoast.com\/wordpress\/plugins\/seo\/ -->\n<title>Guide TU635 Pro 3.0<\/title>\n<meta name=\"description\" content=\"Guide TU Pro 3.0 seeria termosihikuga ei ole \u00fckski takistus pimedas liiga suur Termiline tundlikkus NETD 18mK edastab kvaliteetse pildi isegi keerulisemates ilmastikutingimustes. Suur AMOLED ekraan pakub rikkalikke v\u00e4rve ja suurep\u00e4rast vaatluskogemust. Laserkaugusm\u00f5\u00f5tja on abiks t\u00e4pseks objektide kauguse m\u00f5\u00f5tmiseks kuni 1000 meetrit. Seade pakub kuni 14 tunni pikkust j\u00e4rjestikust t\u00f6\u00f6aega, kasutades toiteallikatena 18650 t\u00fc\u00fcpi sisseehitatud ja samuti 18650 t\u00fc\u00fcpi vahetatavaid akusid. Inimese suurused objektid suudab Guide TU Pro 3.0 tuvastada maksimaalselt 2600 meetri kauguselt.  &nbsp;\" \/>\n<meta name=\"robots\" content=\"index, follow, max-snippet:-1, max-image-preview:large, max-video-preview:-1\" \/>\n<link rel=\"canonical\" href=\"https:\/\/test.thermshop.ee\/fi\/tuote\/guide-tu635p-3-0\/\" \/>\n<meta property=\"og:locale\" content=\"fi_FI\" \/>\n<meta property=\"og:type\" content=\"article\" \/>\n<meta property=\"og:title\" content=\"Guide TU635 Pro 3.0\" \/>\n<meta property=\"og:description\" content=\"Guide TU Pro 3.0 seeria termosihikuga ei ole \u00fckski takistus pimedas liiga suur Termiline tundlikkus NETD 18mK edastab kvaliteetse pildi isegi keerulisemates ilmastikutingimustes. Suur AMOLED ekraan pakub rikkalikke v\u00e4rve ja suurep\u00e4rast vaatluskogemust. Laserkaugusm\u00f5\u00f5tja on abiks t\u00e4pseks objektide kauguse m\u00f5\u00f5tmiseks kuni 1000 meetrit. Seade pakub kuni 14 tunni pikkust j\u00e4rjestikust t\u00f6\u00f6aega, kasutades toiteallikatena 18650 t\u00fc\u00fcpi sisseehitatud ja samuti 18650 t\u00fc\u00fcpi vahetatavaid akusid. Inimese suurused objektid suudab Guide TU Pro 3.0 tuvastada maksimaalselt 2600 meetri kauguselt.  &nbsp;\" \/>\n<meta property=\"og:url\" content=\"https:\/\/test.thermshop.ee\/fi\/tuote\/guide-tu635p-3-0\/\" \/>\n<meta property=\"og:site_name\" content=\"Thermshop pakub kvaliteetseid termoseadmeid\" \/>\n<meta property=\"article:publisher\" content=\"https:\/\/www.facebook.com\/profile.php?id=61554520052746\" \/>\n<meta property=\"article:modified_time\" content=\"2026-02-12T11:52:42+00:00\" \/>\n<meta property=\"og:image\" content=\"https:\/\/test.thermshop.ee\/wp-content\/uploads\/2026\/02\/Guide-TU635P-3-1.png\" \/>\n\t<meta property=\"og:image:width\" content=\"1000\" \/>\n\t<meta property=\"og:image:height\" content=\"1000\" \/>\n\t<meta property=\"og:image:type\" content=\"image\/png\" \/>\n<meta name=\"twitter:card\" content=\"summary_large_image\" \/>\n<meta name=\"twitter:label1\" content=\"Arvioitu lukuaika\" \/>\n\t<meta name=\"twitter:data1\" content=\"2 minuuttia\" \/>\n<script type=\"application\/ld+json\" class=\"yoast-schema-graph\">{\"@context\":\"https:\/\/schema.org\",\"@graph\":[{\"@type\":\"WebPage\",\"@id\":\"https:\/\/test.thermshop.ee\/fi\/tuote\/guide-tu635p-3-0\/\",\"url\":\"https:\/\/test.thermshop.ee\/fi\/tuote\/guide-tu635p-3-0\/\",\"name\":\"Guide TU635 Pro 3.0\",\"isPartOf\":{\"@id\":\"https:\/\/test.thermshop.ee\/fi\/#website\"},\"primaryImageOfPage\":{\"@id\":\"https:\/\/test.thermshop.ee\/fi\/tuote\/guide-tu635p-3-0\/#primaryimage\"},\"image\":{\"@id\":\"https:\/\/test.thermshop.ee\/fi\/tuote\/guide-tu635p-3-0\/#primaryimage\"},\"thumbnailUrl\":\"https:\/\/test.thermshop.ee\/wp-content\/uploads\/2026\/02\/Guide-TU635P-3-1.png\",\"datePublished\":\"2026-02-12T11:51:54+00:00\",\"dateModified\":\"2026-02-12T11:52:42+00:00\",\"description\":\"Guide TU Pro 3.0 seeria termosihikuga ei ole \u00fckski takistus pimedas liiga suur Termiline tundlikkus NETD 18mK edastab kvaliteetse pildi isegi keerulisemates ilmastikutingimustes. Suur AMOLED ekraan pakub rikkalikke v\u00e4rve ja suurep\u00e4rast vaatluskogemust. Laserkaugusm\u00f5\u00f5tja on abiks t\u00e4pseks objektide kauguse m\u00f5\u00f5tmiseks kuni 1000 meetrit. Seade pakub kuni 14 tunni pikkust j\u00e4rjestikust t\u00f6\u00f6aega, kasutades toiteallikatena 18650 t\u00fc\u00fcpi sisseehitatud ja samuti 18650 t\u00fc\u00fcpi vahetatavaid akusid. Inimese suurused objektid suudab Guide TU Pro 3.0 tuvastada maksimaalselt 2600 meetri kauguselt. &nbsp;\",\"breadcrumb\":{\"@id\":\"https:\/\/test.thermshop.ee\/fi\/tuote\/guide-tu635p-3-0\/#breadcrumb\"},\"inLanguage\":\"fi\",\"potentialAction\":[{\"@type\":\"ReadAction\",\"target\":[\"https:\/\/test.thermshop.ee\/fi\/tuote\/guide-tu635p-3-0\/\"]}]},{\"@type\":\"ImageObject\",\"inLanguage\":\"fi\",\"@id\":\"https:\/\/test.thermshop.ee\/fi\/tuote\/guide-tu635p-3-0\/#primaryimage\",\"url\":\"https:\/\/test.thermshop.ee\/wp-content\/uploads\/2026\/02\/Guide-TU635P-3-1.png\",\"contentUrl\":\"https:\/\/test.thermshop.ee\/wp-content\/uploads\/2026\/02\/Guide-TU635P-3-1.png\",\"width\":1000,\"height\":1000},{\"@type\":\"BreadcrumbList\",\"@id\":\"https:\/\/test.thermshop.ee\/fi\/tuote\/guide-tu635p-3-0\/#breadcrumb\",\"itemListElement\":[{\"@type\":\"ListItem\",\"position\":1,\"name\":\"Home\",\"item\":\"https:\/\/test.thermshop.ee\/fi\/\"},{\"@type\":\"ListItem\",\"position\":2,\"name\":\"Verkkokauppa\",\"item\":\"https:\/\/test.thermshop.ee\/e-pood\/\"},{\"@type\":\"ListItem\",\"position\":3,\"name\":\"Guide TU635 Pro 3.0\"}]},{\"@type\":\"WebSite\",\"@id\":\"https:\/\/test.thermshop.ee\/fi\/#website\",\"url\":\"https:\/\/test.thermshop.ee\/fi\/\",\"name\":\"Thermshop pakub kvaliteetseid termoseadmeid\",\"description\":\"Thermshop\",\"publisher\":{\"@id\":\"https:\/\/test.thermshop.ee\/fi\/#organization\"},\"potentialAction\":[{\"@type\":\"SearchAction\",\"target\":{\"@type\":\"EntryPoint\",\"urlTemplate\":\"https:\/\/test.thermshop.ee\/fi\/?s={search_term_string}\"},\"query-input\":{\"@type\":\"PropertyValueSpecification\",\"valueRequired\":true,\"valueName\":\"search_term_string\"}}],\"inLanguage\":\"fi\"},{\"@type\":\"Organization\",\"@id\":\"https:\/\/test.thermshop.ee\/fi\/#organization\",\"name\":\"Thermshop\",\"url\":\"https:\/\/test.thermshop.ee\/fi\/\",\"logo\":{\"@type\":\"ImageObject\",\"inLanguage\":\"fi\",\"@id\":\"https:\/\/test.thermshop.ee\/fi\/#\/schema\/logo\/image\/\",\"url\":\"https:\/\/test.thermshop.ee\/wp-content\/uploads\/2024\/10\/Nimetu-kujundus-12.png\",\"contentUrl\":\"https:\/\/test.thermshop.ee\/wp-content\/uploads\/2024\/10\/Nimetu-kujundus-12.png\",\"width\":500,\"height\":500,\"caption\":\"Thermshop\"},\"image\":{\"@id\":\"https:\/\/test.thermshop.ee\/fi\/#\/schema\/logo\/image\/\"},\"sameAs\":[\"https:\/\/www.facebook.com\/profile.php?id=61554520052746\"]}]}<\/script>\n<!-- \/ Yoast SEO plugin. -->","yoast_head_json":{"title":"Guide TU635 Pro 3.0","description":"Guide TU Pro 3.0 seeria termosihikuga ei ole \u00fckski takistus pimedas liiga suur Termiline tundlikkus NETD 18mK edastab kvaliteetse pildi isegi keerulisemates ilmastikutingimustes. Suur AMOLED ekraan pakub rikkalikke v\u00e4rve ja suurep\u00e4rast vaatluskogemust. Laserkaugusm\u00f5\u00f5tja on abiks t\u00e4pseks objektide kauguse m\u00f5\u00f5tmiseks kuni 1000 meetrit. Seade pakub kuni 14 tunni pikkust j\u00e4rjestikust t\u00f6\u00f6aega, kasutades toiteallikatena 18650 t\u00fc\u00fcpi sisseehitatud ja samuti 18650 t\u00fc\u00fcpi vahetatavaid akusid. Inimese suurused objektid suudab Guide TU Pro 3.0 tuvastada maksimaalselt 2600 meetri kauguselt.  &nbsp;","robots":{"index":"index","follow":"follow","max-snippet":"max-snippet:-1","max-image-preview":"max-image-preview:large","max-video-preview":"max-video-preview:-1"},"canonical":"https:\/\/test.thermshop.ee\/fi\/tuote\/guide-tu635p-3-0\/","og_locale":"fi_FI","og_type":"article","og_title":"Guide TU635 Pro 3.0","og_description":"Guide TU Pro 3.0 seeria termosihikuga ei ole \u00fckski takistus pimedas liiga suur Termiline tundlikkus NETD 18mK edastab kvaliteetse pildi isegi keerulisemates ilmastikutingimustes. Suur AMOLED ekraan pakub rikkalikke v\u00e4rve ja suurep\u00e4rast vaatluskogemust. Laserkaugusm\u00f5\u00f5tja on abiks t\u00e4pseks objektide kauguse m\u00f5\u00f5tmiseks kuni 1000 meetrit. Seade pakub kuni 14 tunni pikkust j\u00e4rjestikust t\u00f6\u00f6aega, kasutades toiteallikatena 18650 t\u00fc\u00fcpi sisseehitatud ja samuti 18650 t\u00fc\u00fcpi vahetatavaid akusid. Inimese suurused objektid suudab Guide TU Pro 3.0 tuvastada maksimaalselt 2600 meetri kauguselt.  &nbsp;","og_url":"https:\/\/test.thermshop.ee\/fi\/tuote\/guide-tu635p-3-0\/","og_site_name":"Thermshop pakub kvaliteetseid termoseadmeid","article_publisher":"https:\/\/www.facebook.com\/profile.php?id=61554520052746","article_modified_time":"2026-02-12T11:52:42+00:00","og_image":[{"width":1000,"height":1000,"url":"https:\/\/test.thermshop.ee\/wp-content\/uploads\/2026\/02\/Guide-TU635P-3-1.png","type":"image\/png"}],"twitter_card":"summary_large_image","twitter_misc":{"Arvioitu lukuaika":"2 minuuttia"},"schema":{"@context":"https:\/\/schema.org","@graph":[{"@type":"WebPage","@id":"https:\/\/test.thermshop.ee\/fi\/tuote\/guide-tu635p-3-0\/","url":"https:\/\/test.thermshop.ee\/fi\/tuote\/guide-tu635p-3-0\/","name":"Guide TU635 Pro 3.0","isPartOf":{"@id":"https:\/\/test.thermshop.ee\/fi\/#website"},"primaryImageOfPage":{"@id":"https:\/\/test.thermshop.ee\/fi\/tuote\/guide-tu635p-3-0\/#primaryimage"},"image":{"@id":"https:\/\/test.thermshop.ee\/fi\/tuote\/guide-tu635p-3-0\/#primaryimage"},"thumbnailUrl":"https:\/\/test.thermshop.ee\/wp-content\/uploads\/2026\/02\/Guide-TU635P-3-1.png","datePublished":"2026-02-12T11:51:54+00:00","dateModified":"2026-02-12T11:52:42+00:00","description":"Guide TU Pro 3.0 seeria termosihikuga ei ole \u00fckski takistus pimedas liiga suur Termiline tundlikkus NETD 18mK edastab kvaliteetse pildi isegi keerulisemates ilmastikutingimustes. Suur AMOLED ekraan pakub rikkalikke v\u00e4rve ja suurep\u00e4rast vaatluskogemust. Laserkaugusm\u00f5\u00f5tja on abiks t\u00e4pseks objektide kauguse m\u00f5\u00f5tmiseks kuni 1000 meetrit. Seade pakub kuni 14 tunni pikkust j\u00e4rjestikust t\u00f6\u00f6aega, kasutades toiteallikatena 18650 t\u00fc\u00fcpi sisseehitatud ja samuti 18650 t\u00fc\u00fcpi vahetatavaid akusid. Inimese suurused objektid suudab Guide TU Pro 3.0 tuvastada maksimaalselt 2600 meetri kauguselt. &nbsp;","breadcrumb":{"@id":"https:\/\/test.thermshop.ee\/fi\/tuote\/guide-tu635p-3-0\/#breadcrumb"},"inLanguage":"fi","potentialAction":[{"@type":"ReadAction","target":["https:\/\/test.thermshop.ee\/fi\/tuote\/guide-tu635p-3-0\/"]}]},{"@type":"ImageObject","inLanguage":"fi","@id":"https:\/\/test.thermshop.ee\/fi\/tuote\/guide-tu635p-3-0\/#primaryimage","url":"https:\/\/test.thermshop.ee\/wp-content\/uploads\/2026\/02\/Guide-TU635P-3-1.png","contentUrl":"https:\/\/test.thermshop.ee\/wp-content\/uploads\/2026\/02\/Guide-TU635P-3-1.png","width":1000,"height":1000},{"@type":"BreadcrumbList","@id":"https:\/\/test.thermshop.ee\/fi\/tuote\/guide-tu635p-3-0\/#breadcrumb","itemListElement":[{"@type":"ListItem","position":1,"name":"Home","item":"https:\/\/test.thermshop.ee\/fi\/"},{"@type":"ListItem","position":2,"name":"Verkkokauppa","item":"https:\/\/test.thermshop.ee\/e-pood\/"},{"@type":"ListItem","position":3,"name":"Guide TU635 Pro 3.0"}]},{"@type":"WebSite","@id":"https:\/\/test.thermshop.ee\/fi\/#website","url":"https:\/\/test.thermshop.ee\/fi\/","name":"Thermshop pakub kvaliteetseid termoseadmeid","description":"Thermshop","publisher":{"@id":"https:\/\/test.thermshop.ee\/fi\/#organization"},"potentialAction":[{"@type":"SearchAction","target":{"@type":"EntryPoint","urlTemplate":"https:\/\/test.thermshop.ee\/fi\/?s={search_term_string}"},"query-input":{"@type":"PropertyValueSpecification","valueRequired":true,"valueName":"search_term_string"}}],"inLanguage":"fi"},{"@type":"Organization","@id":"https:\/\/test.thermshop.ee\/fi\/#organization","name":"Thermshop","url":"https:\/\/test.thermshop.ee\/fi\/","logo":{"@type":"ImageObject","inLanguage":"fi","@id":"https:\/\/test.thermshop.ee\/fi\/#\/schema\/logo\/image\/","url":"https:\/\/test.thermshop.ee\/wp-content\/uploads\/2024\/10\/Nimetu-kujundus-12.png","contentUrl":"https:\/\/test.thermshop.ee\/wp-content\/uploads\/2024\/10\/Nimetu-kujundus-12.png","width":500,"height":500,"caption":"Thermshop"},"image":{"@id":"https:\/\/test.thermshop.ee\/fi\/#\/schema\/logo\/image\/"},"sameAs":["https:\/\/www.facebook.com\/profile.php?id=61554520052746"]}]}},"_links":{"self":[{"href":"https:\/\/test.thermshop.ee\/fi\/wp-json\/wp\/v2\/product\/15101","targetHints":{"allow":["GET"]}}],"collection":[{"href":"https:\/\/test.thermshop.ee\/fi\/wp-json\/wp\/v2\/product"}],"about":[{"href":"https:\/\/test.thermshop.ee\/fi\/wp-json\/wp\/v2\/types\/product"}],"wp:featuredmedia":[{"embeddable":true,"href":"https:\/\/test.thermshop.ee\/fi\/wp-json\/wp\/v2\/media\/15122"}],"wp:attachment":[{"href":"https:\/\/test.thermshop.ee\/fi\/wp-json\/wp\/v2\/media?parent=15101"}],"wp:term":[{"taxonomy":"product_brand","embeddable":true,"href":"https:\/\/test.thermshop.ee\/fi\/wp-json\/wp\/v2\/product_brand?post=15101"},{"taxonomy":"product_cat","embeddable":true,"href":"https:\/\/test.thermshop.ee\/fi\/wp-json\/wp\/v2\/product_cat?post=15101"},{"taxonomy":"product_tag","embeddable":true,"href":"https:\/\/test.thermshop.ee\/fi\/wp-json\/wp\/v2\/product_tag?post=15101"}],"curies":[{"name":"wp","href":"https:\/\/api.w.org\/{rel}","templated":true}]}}