{"id":16629,"date":"2026-03-06T11:20:24","date_gmt":"2026-03-06T11:20:24","guid":{"rendered":"https:\/\/test.thermshop.ee\/?post_type=product&#038;p=16629"},"modified":"2026-03-07T09:36:06","modified_gmt":"2026-03-07T09:36:06","slug":"conotech-avata-335-liir","status":"publish","type":"product","link":"https:\/\/test.thermshop.ee\/fi\/tuote\/conotech-avata-335-liir\/","title":{"rendered":"Conotech Avata 335 LIIR"},"content":{"rendered":"\t<div class=\"img has-hover x md-x lg-x y md-y lg-y\" id=\"image_736329483\">\n\t\t\t\t\t\t\t\t<div class=\"img-inner dark\" >\n\t\t\t<img loading=\"lazy\" decoding=\"async\" width=\"988\" height=\"536\" src=\"https:\/\/test.thermshop.ee\/wp-content\/uploads\/2026\/03\/Avata-1.png\" class=\"attachment-large size-large\" alt=\"\" srcset=\"https:\/\/test.thermshop.ee\/wp-content\/uploads\/2026\/03\/Avata-1.png 988w, https:\/\/test.thermshop.ee\/wp-content\/uploads\/2026\/03\/Avata-1-737x400.png 737w, https:\/\/test.thermshop.ee\/wp-content\/uploads\/2026\/03\/Avata-1-768x417.png 768w, https:\/\/test.thermshop.ee\/wp-content\/uploads\/2026\/03\/Avata-1-400x217.png 400w\" sizes=\"auto, (max-width: 988px) 100vw, 988px\" \/>\t\t\t\t\t\t\n\t\t\t\t\t<\/div>\n\t\t\t\t\t\t\t\t\n<style>\n#image_736329483 {\n  width: 100%;\n}\n<\/style>\n\t<\/div>\n\t\n\t<div id=\"text-636968817\" class=\"text\">\n\t\t\n<h2><\/h2>\n<h2 class=\"uppercase\">conotech avata 335 LIIR<\/h2>\n<p class=\"thin-font\">Conotech Avata 335 LIIR on clip-on termosihik, mis sobib suurep\u00e4raselt jahiks ja \u00f6iseks vaatlemiseks. Seade on varustatud 384\u00d7288 px VOx-termilise sensoriga, mille NETD on 15 mK, pakkudes v\u00e4ga selget ja kontrastset termopilti. 35 mm objektiiv v\u00f5imaldab t\u00e4pset sihtimist ning LIIR-tehnoloogia integreeritud laser-kaugusm\u00f5\u00f5tjaga aitab hinnata vahemaad kiiresti ja t\u00e4pselt kuni 1200 meetrit. Sihikul on 1024\u00d7768 OLED-ekraan, 64 GB sisem\u00e4lu piltide ja videote salvestamiseks ning aku kestab kuni 7 tundi, v\u00f5imaldades mugavat ja pikaajalist kasutamist ka keerulistes tingimustes.<\/p>\n\t\t\n<style>\n#text-636968817 {\n  font-size: 1rem;\n  text-align: center;\n}\n@media (min-width:550px) {\n  #text-636968817 {\n    text-align: center;\n  }\n}\n<\/style>\n\t<\/div>\n\t\n\t<div id=\"gap-1530963193\" class=\"gap-element clearfix\" style=\"display:block; height:auto;\">\n\t\t\n<style>\n#gap-1530963193 {\n  padding-top: 30px;\n}\n<\/style>\n\t<\/div>\n\t\n<div class=\"text-center\"><div class=\"is-divider divider clearfix\" style=\"max-width:2000px;height:1px;\"><\/div><\/div>\n<div class=\"row align-middle align-center\"  id=\"row-1288355591\">\n\n\t<div id=\"col-754377148\" class=\"col small-12 large-12\"  >\n\t\t\t\t<div class=\"col-inner text-left\"  >\n\t\t\t\n\t\t\t\n\t<div id=\"text-3872135616\" class=\"text\">\n\t\t\n<h2>K\u00f5rge termotundlikkus<\/h2>\n<p data-start=\"29\" data-end=\"497\">Conotech Avata on varustatud k\u00f5rgelt tundliku termosensoriga, mille <strong data-start=\"158\" data-end=\"183\">NETD v\u00e4\u00e4rtus on 15\u202fmK<\/strong>. See tagab selged ja detailirohked pildid isegi madala kontrastsusega keskkondades ning v\u00f5imaldab eristada ka v\u00e4ga v\u00e4ikeseid temperatuurierinevusi.<\/p>\n\t\t\n<style>\n#text-3872135616 {\n  text-align: center;\n}\n<\/style>\n\t<\/div>\n\t\n\t\t<\/div>\n\t\t\t\t\t<\/div>\n\n\t\n<\/div>\n\t<div class=\"img has-hover x md-x lg-x y md-y lg-y\" id=\"image_2088996170\">\n\t\t\t\t\t\t\t\t<div class=\"img-inner dark\" >\n\t\t\t<img loading=\"lazy\" decoding=\"async\" width=\"1020\" height=\"420\" src=\"https:\/\/test.thermshop.ee\/wp-content\/uploads\/2026\/03\/Lipot-6.png\" class=\"attachment-large size-large\" alt=\"\" srcset=\"https:\/\/test.thermshop.ee\/wp-content\/uploads\/2026\/03\/Lipot-6.png 1106w, https:\/\/test.thermshop.ee\/wp-content\/uploads\/2026\/03\/Lipot-6-800x329.png 800w, https:\/\/test.thermshop.ee\/wp-content\/uploads\/2026\/03\/Lipot-6-768x316.png 768w, https:\/\/test.thermshop.ee\/wp-content\/uploads\/2026\/03\/Lipot-6-400x165.png 400w\" sizes=\"auto, (max-width: 1020px) 100vw, 1020px\" \/>\t\t\t\t\t\t\n\t\t\t\t\t<\/div>\n\t\t\t\t\t\t\t\t\n<style>\n#image_2088996170 {\n  width: 100%;\n}\n<\/style>\n\t<\/div>\n\t\n<div class=\"text-center\"><div class=\"is-divider divider clearfix\" style=\"max-width:2000px;height:1px;\"><\/div><\/div>\n<div class=\"row align-middle align-center\"  id=\"row-157203323\">\n\n\t<div id=\"col-279312610\" class=\"col small-12 large-12\"  >\n\t\t\t\t<div class=\"col-inner text-left\"  >\n\t\t\t\n\t\t\t\n\t<div id=\"text-9194832\" class=\"text\">\n\t\t\n<h2>Kontrolleri disain<\/h2>\n<p>Kontroller on loodud kiireks ja efektiivseks kasutamiseks ning selle ergonoomiline kujundus sobib nii parema- kui vasakuk\u00e4elistele.<br \/>\n\t\t\n<style>\n#text-9194832 {\n  text-align: center;\n}\n<\/style>\n\t<\/div>\n\t\n\t\t<\/div>\n\t\t\t\t\t<\/div>\n\n\t\n<\/div>\n\t<div class=\"img has-hover x md-x lg-x y md-y lg-y\" id=\"image_1258728087\">\n\t\t\t\t\t\t\t\t<div class=\"img-inner dark\" >\n\t\t\t<img loading=\"lazy\" decoding=\"async\" width=\"1020\" height=\"473\" src=\"https:\/\/test.thermshop.ee\/wp-content\/uploads\/2026\/03\/Avata-2.png\" class=\"attachment-large size-large\" alt=\"\" srcset=\"https:\/\/test.thermshop.ee\/wp-content\/uploads\/2026\/03\/Avata-2.png 1103w, https:\/\/test.thermshop.ee\/wp-content\/uploads\/2026\/03\/Avata-2-800x371.png 800w, https:\/\/test.thermshop.ee\/wp-content\/uploads\/2026\/03\/Avata-2-768x356.png 768w, https:\/\/test.thermshop.ee\/wp-content\/uploads\/2026\/03\/Avata-2-400x185.png 400w\" sizes=\"auto, (max-width: 1020px) 100vw, 1020px\" \/>\t\t\t\t\t\t\n\t\t\t\t\t<\/div>\n\t\t\t\t\t\t\t\t\n<style>\n#image_1258728087 {\n  width: 100%;\n}\n<\/style>\n\t<\/div>\n\t\n<div class=\"text-center\"><div class=\"is-divider divider clearfix\" style=\"max-width:2000px;height:1px;\"><\/div><\/div>\n<div class=\"row align-middle align-center\"  id=\"row-975749293\">\n\n\t<div id=\"col-1891232221\" class=\"col small-12 large-12\"  >\n\t\t\t\t<div class=\"col-inner\"  >\n\t\t\t\n\t\t\t\n\t<div id=\"text-1173841392\" class=\"text\">\n\t\t\n<h2>Kiire ja mugav laadimine<\/h2>\n<p>Seade on varustatud kiirlaadimisega, mis v\u00f5imaldab aku t\u00e4ielikult laadida vaid \u00fche tunniga. Aku pesast saab akusid ka eraldi laadida, ilma et seadet oleks vaja kasutada. Kuigi pesa mahutab korraga kaks akut, t\u00f6\u00f6tab seade sama h\u00e4sti ka \u00fche akuga, ilma et see m\u00f5jutaks seadme j\u00f5udlust.<br \/>\n\t\t\n<style>\n#text-1173841392 {\n  text-align: center;\n}\n<\/style>\n\t<\/div>\n\t\n\t\t<\/div>\n\t\t\t\t\t<\/div>\n\n\t\n<\/div>\n\t<div class=\"img has-hover x md-x lg-x y md-y lg-y\" id=\"image_503749357\">\n\t\t\t\t\t\t\t\t<div class=\"img-inner dark\" >\n\t\t\t<img loading=\"lazy\" decoding=\"async\" width=\"1020\" height=\"353\" src=\"https:\/\/test.thermshop.ee\/wp-content\/uploads\/2026\/03\/Avata-3.png\" class=\"attachment-large size-large\" alt=\"\" srcset=\"https:\/\/test.thermshop.ee\/wp-content\/uploads\/2026\/03\/Avata-3.png 1105w, https:\/\/test.thermshop.ee\/wp-content\/uploads\/2026\/03\/Avata-3-800x277.png 800w, https:\/\/test.thermshop.ee\/wp-content\/uploads\/2026\/03\/Avata-3-768x265.png 768w, https:\/\/test.thermshop.ee\/wp-content\/uploads\/2026\/03\/Avata-3-400x138.png 400w\" sizes=\"auto, (max-width: 1020px) 100vw, 1020px\" \/>\t\t\t\t\t\t\n\t\t\t\t\t<\/div>\n\t\t\t\t\t\t\t\t\n<style>\n#image_503749357 {\n  width: 100%;\n}\n<\/style>\n\t<\/div>\n\t\n<div class=\"text-center\"><div class=\"is-divider divider clearfix\" style=\"max-width:2000px;height:1px;\"><\/div><\/div>\n<div class=\"row align-middle align-center\"  id=\"row-1323661262\">\n\n\t<div id=\"col-1829429943\" class=\"col small-12 large-12\"  >\n\t\t\t\t<div class=\"col-inner text-left\"  >\n\t\t\t\n\t\t\t\n\t<div id=\"text-1614235865\" class=\"text\">\n\t\t\n<h2>LIIR tehnoloogia<\/h2>\n<p>Maailma esimene laserkaugusm\u00f5\u00f5tja, mis on integreeritud objektiivi sisse. CONOTECHi patenteeritud LIIR-tehnoloogia (patent nr 202023103202) tagab laseri ja infrapunakiire t\u00e4pse joondumise. See ainulaadne lahendus pakub suuremat m\u00f5\u00f5tmist\u00e4psust ning usaldusv\u00e4\u00e4rset ja stabiilset toimimist erinevates kasutusolukordades.<\/p>\n\t\t\n<style>\n#text-1614235865 {\n  text-align: center;\n}\n<\/style>\n\t<\/div>\n\t\n\t<div class=\"img has-hover x md-x lg-x y md-y lg-y\" id=\"image_1453084628\">\n\t\t\t\t\t\t\t\t<div class=\"img-inner dark\" >\n\t\t\t<img loading=\"lazy\" decoding=\"async\" width=\"1020\" height=\"254\" src=\"https:\/\/test.thermshop.ee\/wp-content\/uploads\/2026\/03\/Avata-7.png\" class=\"attachment-large size-large\" alt=\"\" srcset=\"https:\/\/test.thermshop.ee\/wp-content\/uploads\/2026\/03\/Avata-7.png 1147w, https:\/\/test.thermshop.ee\/wp-content\/uploads\/2026\/03\/Avata-7-800x199.png 800w, https:\/\/test.thermshop.ee\/wp-content\/uploads\/2026\/03\/Avata-7-768x191.png 768w, https:\/\/test.thermshop.ee\/wp-content\/uploads\/2026\/03\/Avata-7-400x100.png 400w\" sizes=\"auto, (max-width: 1020px) 100vw, 1020px\" \/>\t\t\t\t\t\t\n\t\t\t\t\t<\/div>\n\t\t\t\t\t\t\t\t\n<style>\n#image_1453084628 {\n  width: 100%;\n}\n<\/style>\n\t<\/div>\n\t\n<div class=\"text-center\"><div class=\"is-divider divider clearfix\" style=\"max-width:2000px;height:1px;\"><\/div><\/div>\n\t<div id=\"text-1460735456\" class=\"text\">\n\t\t\n<h2>\u00dclikerge ja kompaktne disain<\/h2>\n<p>Kompaktne ja kerge konstruktsioon muudab seadme h\u00f5lpsasti kaasaskantavaks ning aitab s\u00e4ilitada relva hea tasakaalu ja t\u00e4psuse. Avata mudelid kaaluvad ligikaudu 450\u2013470 grammi, mis teeb need v\u00e4ga kergeks ja mugavaks kasutada ka pikema jahipidamise v\u00f5i vaatluse ajal.<br \/>\n\t\t\n<style>\n#text-1460735456 {\n  text-align: center;\n}\n<\/style>\n\t<\/div>\n\t\n\t\t<\/div>\n\t\t\t\t\t<\/div>\n\n\t\n<\/div>\n\t<div class=\"img has-hover x md-x lg-x y md-y lg-y\" id=\"image_1511220070\">\n\t\t\t\t\t\t\t\t<div class=\"img-inner dark\" >\n\t\t\t<img loading=\"lazy\" decoding=\"async\" width=\"1020\" height=\"439\" src=\"https:\/\/test.thermshop.ee\/wp-content\/uploads\/2026\/03\/Avata-4.png\" class=\"attachment-large size-large\" alt=\"\" srcset=\"https:\/\/test.thermshop.ee\/wp-content\/uploads\/2026\/03\/Avata-4.png 1163w, https:\/\/test.thermshop.ee\/wp-content\/uploads\/2026\/03\/Avata-4-800x344.png 800w, https:\/\/test.thermshop.ee\/wp-content\/uploads\/2026\/03\/Avata-4-768x330.png 768w, https:\/\/test.thermshop.ee\/wp-content\/uploads\/2026\/03\/Avata-4-400x172.png 400w\" sizes=\"auto, (max-width: 1020px) 100vw, 1020px\" \/>\t\t\t\t\t\t\n\t\t\t\t\t<\/div>\n\t\t\t\t\t\t\t\t\n<style>\n#image_1511220070 {\n  width: 100%;\n}\n<\/style>\n\t<\/div>\n\t\n<div class=\"text-center\"><div class=\"is-divider divider clearfix\" style=\"max-width:2000px;height:1px;\"><\/div><\/div>\n<div class=\"row align-middle align-center\"  id=\"row-122162702\">\n\n\t<div id=\"col-536027824\" class=\"col small-12 large-12\"  >\n\t\t\t\t<div class=\"col-inner\"  >\n\t\t\t\n\t\t\t\n\t<div id=\"text-3783978534\" class=\"text\">\n\t\t\n<h2>L\u00f6\u00f6gikindlus 7000J<\/h2>\n<p>Seade on loodud taluma kuni 7000 J tagasil\u00f6\u00f6gi energiat, mis tagab t\u00f6\u00f6kindluse ka tugevama tagasil\u00f6\u00f6giga relvadel. See sobib kasutamiseks mitmete populaarsete kaliibritega, sealhulgas .223 Rem, .243 Win, .270 Win, .308 Win, .30-06 SPRG, 9.3\u00d762 ja .300 Win Mag.<br \/>\n\t\t\n<style>\n#text-3783978534 {\n  text-align: center;\n}\n<\/style>\n\t<\/div>\n\t\n\t\t<\/div>\n\t\t\t\t\t<\/div>\n\n\t\n<\/div>\n\t<div class=\"img has-hover x md-x lg-x y md-y lg-y\" id=\"image_1717359967\">\n\t\t\t\t\t\t\t\t<div class=\"img-inner dark\" >\n\t\t\t<img loading=\"lazy\" decoding=\"async\" width=\"1020\" height=\"367\" src=\"https:\/\/test.thermshop.ee\/wp-content\/uploads\/2026\/03\/Avata-5.png\" class=\"attachment-large size-large\" alt=\"\" srcset=\"https:\/\/test.thermshop.ee\/wp-content\/uploads\/2026\/03\/Avata-5.png 1065w, https:\/\/test.thermshop.ee\/wp-content\/uploads\/2026\/03\/Avata-5-800x288.png 800w, https:\/\/test.thermshop.ee\/wp-content\/uploads\/2026\/03\/Avata-5-768x276.png 768w, https:\/\/test.thermshop.ee\/wp-content\/uploads\/2026\/03\/Avata-5-400x144.png 400w\" sizes=\"auto, (max-width: 1020px) 100vw, 1020px\" \/>\t\t\t\t\t\t\n\t\t\t\t\t<\/div>\n\t\t\t\t\t\t\t\t\n<style>\n#image_1717359967 {\n  width: 100%;\n}\n<\/style>\n\t<\/div>\n\t\n<div class=\"text-center\"><div class=\"is-divider divider clearfix\" style=\"max-width:2000px;height:1px;\"><\/div><\/div>\n<div class=\"row align-middle align-center\"  id=\"row-1139767880\">\n\n\t<div id=\"col-697052466\" class=\"col small-12 large-12\"  >\n\t\t\t\t<div class=\"col-inner text-left\"  >\n\t\t\t\n\t\t\t\n\t<div id=\"text-3515248765\" class=\"text\">\n\t\t\n<h2>0,67 MOA t\u00e4psus<\/h2>\n<p>Avata pakub 0,67 MOA t\u00e4psust, tagades v\u00e4ga hea sihtimist\u00e4psuse ja usaldusv\u00e4\u00e4rse j\u00f5udluse erinevates kasutusolukordades. T\u00e4nu sellele sobib seade h\u00e4sti nii jahiks kui ka t\u00e4pseks sihtm\u00e4rgi j\u00e4lgimiseks.<br \/>\n\t\t\n<style>\n#text-3515248765 {\n  text-align: center;\n}\n<\/style>\n\t<\/div>\n\t\n\t\t<\/div>\n\t\t\t\t\t<\/div>\n\n\t\n<\/div>\n\t<div class=\"img has-hover x md-x lg-x y md-y lg-y\" id=\"image_1566527164\">\n\t\t\t\t\t\t\t\t<div class=\"img-inner dark\" >\n\t\t\t<img loading=\"lazy\" decoding=\"async\" width=\"902\" height=\"373\" src=\"https:\/\/test.thermshop.ee\/wp-content\/uploads\/2026\/03\/Avata-6.png\" class=\"attachment-large size-large\" alt=\"\" srcset=\"https:\/\/test.thermshop.ee\/wp-content\/uploads\/2026\/03\/Avata-6.png 902w, https:\/\/test.thermshop.ee\/wp-content\/uploads\/2026\/03\/Avata-6-800x331.png 800w, https:\/\/test.thermshop.ee\/wp-content\/uploads\/2026\/03\/Avata-6-768x318.png 768w, https:\/\/test.thermshop.ee\/wp-content\/uploads\/2026\/03\/Avata-6-400x165.png 400w\" sizes=\"auto, (max-width: 902px) 100vw, 902px\" \/>\t\t\t\t\t\t\n\t\t\t\t\t<\/div>\n\t\t\t\t\t\t\t\t\n<style>\n#image_1566527164 {\n  width: 100%;\n}\n<\/style>\n\t<\/div>\n\t\n","protected":false},"excerpt":{"rendered":"<p>Conotech Avata 335 LIIR on clip-on termosihik, mis sobib suurep\u00e4raselt jahiks ja \u00f6iseks vaatlemiseks. Seade on varustatud 384\u00d7288 px VOx-termilise sensoriga, mille NETD on 15 mK, pakkudes v\u00e4ga selget ja kontrastset termopilti. 35 mm objektiiv v\u00f5imaldab t\u00e4pset sihtimist ning LIIR-tehnoloogia integreeritud laser-kaugusm\u00f5\u00f5tjaga aitab hinnata vahemaad kiiresti ja t\u00e4pselt kuni 1200 meetrit. Sihikul on 1024\u00d7768 OLED-ekraan, 64 GB sisem\u00e4lu piltide ja videote salvestamiseks ning aku kestab kuni 7 tundi, v\u00f5imaldades mugavat ja pikaajalist kasutamist ka keerulistes tingimustes.<\/p>\n","protected":false},"featured_media":16638,"template":"","meta":{"_themeisle_gutenberg_block_has_review":false},"product_brand":[],"product_cat":[3029,3016,68],"product_tag":[],"class_list":{"0":"post-16629","1":"product","2":"type-product","3":"status-publish","4":"has-post-thumbnail","6":"product_cat-avata","7":"product_cat-conotech","8":"product_cat-termosihik","10":"first","11":"instock","12":"taxable","13":"shipping-taxable","14":"purchasable","15":"product-type-simple"},"yoast_head":"<!-- This site is optimized with the Yoast SEO plugin v26.7 - https:\/\/yoast.com\/wordpress\/plugins\/seo\/ -->\n<title>Conotech Avata 335 LIIR clip-on termosihik | Thermshop<\/title>\n<meta name=\"description\" content=\"Conotech Avata 335 LIIR clip-on termosihik \u2013 kompaktne, laserkaugusm\u00f5\u00f5tjaga, resolutsioon 384\u00d7288, termiline tundlikkus 15\u202fmK. V\u00f5imekas valik jahimeestele.\" \/>\n<meta name=\"robots\" content=\"index, follow, max-snippet:-1, max-image-preview:large, max-video-preview:-1\" \/>\n<link rel=\"canonical\" href=\"https:\/\/test.thermshop.ee\/fi\/tuote\/conotech-avata-335-liir\/\" \/>\n<meta property=\"og:locale\" content=\"fi_FI\" \/>\n<meta property=\"og:type\" content=\"article\" \/>\n<meta property=\"og:title\" content=\"Conotech Avata 335 LIIR clip-on termosihik | Thermshop\" \/>\n<meta property=\"og:description\" content=\"Conotech Avata 335 LIIR clip-on termosihik \u2013 kompaktne, laserkaugusm\u00f5\u00f5tjaga, resolutsioon 384\u00d7288, termiline tundlikkus 15\u202fmK. V\u00f5imekas valik jahimeestele.\" \/>\n<meta property=\"og:url\" content=\"https:\/\/test.thermshop.ee\/fi\/tuote\/conotech-avata-335-liir\/\" \/>\n<meta property=\"og:site_name\" content=\"Thermshop pakub kvaliteetseid termoseadmeid\" \/>\n<meta property=\"article:publisher\" content=\"https:\/\/www.facebook.com\/profile.php?id=61554520052746\" \/>\n<meta property=\"article:modified_time\" content=\"2026-03-07T09:36:06+00:00\" \/>\n<meta property=\"og:image\" content=\"https:\/\/test.thermshop.ee\/wp-content\/uploads\/2026\/03\/Avatsa-335-LIIR-2.png\" \/>\n\t<meta property=\"og:image:width\" content=\"1000\" \/>\n\t<meta property=\"og:image:height\" content=\"1000\" \/>\n\t<meta property=\"og:image:type\" content=\"image\/png\" \/>\n<meta name=\"twitter:card\" content=\"summary_large_image\" \/>\n<meta name=\"twitter:label1\" content=\"Arvioitu lukuaika\" \/>\n\t<meta name=\"twitter:data1\" content=\"3 minuuttia\" \/>\n<script type=\"application\/ld+json\" class=\"yoast-schema-graph\">{\"@context\":\"https:\/\/schema.org\",\"@graph\":[{\"@type\":\"WebPage\",\"@id\":\"https:\/\/test.thermshop.ee\/fi\/tuote\/conotech-avata-335-liir\/\",\"url\":\"https:\/\/test.thermshop.ee\/fi\/tuote\/conotech-avata-335-liir\/\",\"name\":\"Conotech Avata 335 LIIR clip-on termosihik | Thermshop\",\"isPartOf\":{\"@id\":\"https:\/\/test.thermshop.ee\/fi\/#website\"},\"primaryImageOfPage\":{\"@id\":\"https:\/\/test.thermshop.ee\/fi\/tuote\/conotech-avata-335-liir\/#primaryimage\"},\"image\":{\"@id\":\"https:\/\/test.thermshop.ee\/fi\/tuote\/conotech-avata-335-liir\/#primaryimage\"},\"thumbnailUrl\":\"https:\/\/test.thermshop.ee\/wp-content\/uploads\/2026\/03\/Avatsa-335-LIIR-2.png\",\"datePublished\":\"2026-03-06T11:20:24+00:00\",\"dateModified\":\"2026-03-07T09:36:06+00:00\",\"description\":\"Conotech Avata 335 LIIR clip-on termosihik \u2013 kompaktne, laserkaugusm\u00f5\u00f5tjaga, resolutsioon 384\u00d7288, termiline tundlikkus 15\u202fmK. V\u00f5imekas valik jahimeestele.\",\"breadcrumb\":{\"@id\":\"https:\/\/test.thermshop.ee\/fi\/tuote\/conotech-avata-335-liir\/#breadcrumb\"},\"inLanguage\":\"fi\",\"potentialAction\":[{\"@type\":\"ReadAction\",\"target\":[\"https:\/\/test.thermshop.ee\/fi\/tuote\/conotech-avata-335-liir\/\"]}]},{\"@type\":\"ImageObject\",\"inLanguage\":\"fi\",\"@id\":\"https:\/\/test.thermshop.ee\/fi\/tuote\/conotech-avata-335-liir\/#primaryimage\",\"url\":\"https:\/\/test.thermshop.ee\/wp-content\/uploads\/2026\/03\/Avatsa-335-LIIR-2.png\",\"contentUrl\":\"https:\/\/test.thermshop.ee\/wp-content\/uploads\/2026\/03\/Avatsa-335-LIIR-2.png\",\"width\":1000,\"height\":1000},{\"@type\":\"BreadcrumbList\",\"@id\":\"https:\/\/test.thermshop.ee\/fi\/tuote\/conotech-avata-335-liir\/#breadcrumb\",\"itemListElement\":[{\"@type\":\"ListItem\",\"position\":1,\"name\":\"Home\",\"item\":\"https:\/\/test.thermshop.ee\/fi\/\"},{\"@type\":\"ListItem\",\"position\":2,\"name\":\"Verkkokauppa\",\"item\":\"https:\/\/test.thermshop.ee\/e-pood\/\"},{\"@type\":\"ListItem\",\"position\":3,\"name\":\"Conotech Avata 335 LIIR\"}]},{\"@type\":\"WebSite\",\"@id\":\"https:\/\/test.thermshop.ee\/fi\/#website\",\"url\":\"https:\/\/test.thermshop.ee\/fi\/\",\"name\":\"Thermshop pakub kvaliteetseid termoseadmeid\",\"description\":\"Thermshop\",\"publisher\":{\"@id\":\"https:\/\/test.thermshop.ee\/fi\/#organization\"},\"potentialAction\":[{\"@type\":\"SearchAction\",\"target\":{\"@type\":\"EntryPoint\",\"urlTemplate\":\"https:\/\/test.thermshop.ee\/fi\/?s={search_term_string}\"},\"query-input\":{\"@type\":\"PropertyValueSpecification\",\"valueRequired\":true,\"valueName\":\"search_term_string\"}}],\"inLanguage\":\"fi\"},{\"@type\":\"Organization\",\"@id\":\"https:\/\/test.thermshop.ee\/fi\/#organization\",\"name\":\"Thermshop\",\"url\":\"https:\/\/test.thermshop.ee\/fi\/\",\"logo\":{\"@type\":\"ImageObject\",\"inLanguage\":\"fi\",\"@id\":\"https:\/\/test.thermshop.ee\/fi\/#\/schema\/logo\/image\/\",\"url\":\"https:\/\/test.thermshop.ee\/wp-content\/uploads\/2024\/10\/Nimetu-kujundus-12.png\",\"contentUrl\":\"https:\/\/test.thermshop.ee\/wp-content\/uploads\/2024\/10\/Nimetu-kujundus-12.png\",\"width\":500,\"height\":500,\"caption\":\"Thermshop\"},\"image\":{\"@id\":\"https:\/\/test.thermshop.ee\/fi\/#\/schema\/logo\/image\/\"},\"sameAs\":[\"https:\/\/www.facebook.com\/profile.php?id=61554520052746\"]}]}<\/script>\n<!-- \/ Yoast SEO plugin. -->","yoast_head_json":{"title":"Conotech Avata 335 LIIR clip-on termosihik | Thermshop","description":"Conotech Avata 335 LIIR clip-on termosihik \u2013 kompaktne, laserkaugusm\u00f5\u00f5tjaga, resolutsioon 384\u00d7288, termiline tundlikkus 15\u202fmK. V\u00f5imekas valik jahimeestele.","robots":{"index":"index","follow":"follow","max-snippet":"max-snippet:-1","max-image-preview":"max-image-preview:large","max-video-preview":"max-video-preview:-1"},"canonical":"https:\/\/test.thermshop.ee\/fi\/tuote\/conotech-avata-335-liir\/","og_locale":"fi_FI","og_type":"article","og_title":"Conotech Avata 335 LIIR clip-on termosihik | Thermshop","og_description":"Conotech Avata 335 LIIR clip-on termosihik \u2013 kompaktne, laserkaugusm\u00f5\u00f5tjaga, resolutsioon 384\u00d7288, termiline tundlikkus 15\u202fmK. V\u00f5imekas valik jahimeestele.","og_url":"https:\/\/test.thermshop.ee\/fi\/tuote\/conotech-avata-335-liir\/","og_site_name":"Thermshop pakub kvaliteetseid termoseadmeid","article_publisher":"https:\/\/www.facebook.com\/profile.php?id=61554520052746","article_modified_time":"2026-03-07T09:36:06+00:00","og_image":[{"width":1000,"height":1000,"url":"https:\/\/test.thermshop.ee\/wp-content\/uploads\/2026\/03\/Avatsa-335-LIIR-2.png","type":"image\/png"}],"twitter_card":"summary_large_image","twitter_misc":{"Arvioitu lukuaika":"3 minuuttia"},"schema":{"@context":"https:\/\/schema.org","@graph":[{"@type":"WebPage","@id":"https:\/\/test.thermshop.ee\/fi\/tuote\/conotech-avata-335-liir\/","url":"https:\/\/test.thermshop.ee\/fi\/tuote\/conotech-avata-335-liir\/","name":"Conotech Avata 335 LIIR clip-on termosihik | Thermshop","isPartOf":{"@id":"https:\/\/test.thermshop.ee\/fi\/#website"},"primaryImageOfPage":{"@id":"https:\/\/test.thermshop.ee\/fi\/tuote\/conotech-avata-335-liir\/#primaryimage"},"image":{"@id":"https:\/\/test.thermshop.ee\/fi\/tuote\/conotech-avata-335-liir\/#primaryimage"},"thumbnailUrl":"https:\/\/test.thermshop.ee\/wp-content\/uploads\/2026\/03\/Avatsa-335-LIIR-2.png","datePublished":"2026-03-06T11:20:24+00:00","dateModified":"2026-03-07T09:36:06+00:00","description":"Conotech Avata 335 LIIR clip-on termosihik \u2013 kompaktne, laserkaugusm\u00f5\u00f5tjaga, resolutsioon 384\u00d7288, termiline tundlikkus 15\u202fmK. V\u00f5imekas valik jahimeestele.","breadcrumb":{"@id":"https:\/\/test.thermshop.ee\/fi\/tuote\/conotech-avata-335-liir\/#breadcrumb"},"inLanguage":"fi","potentialAction":[{"@type":"ReadAction","target":["https:\/\/test.thermshop.ee\/fi\/tuote\/conotech-avata-335-liir\/"]}]},{"@type":"ImageObject","inLanguage":"fi","@id":"https:\/\/test.thermshop.ee\/fi\/tuote\/conotech-avata-335-liir\/#primaryimage","url":"https:\/\/test.thermshop.ee\/wp-content\/uploads\/2026\/03\/Avatsa-335-LIIR-2.png","contentUrl":"https:\/\/test.thermshop.ee\/wp-content\/uploads\/2026\/03\/Avatsa-335-LIIR-2.png","width":1000,"height":1000},{"@type":"BreadcrumbList","@id":"https:\/\/test.thermshop.ee\/fi\/tuote\/conotech-avata-335-liir\/#breadcrumb","itemListElement":[{"@type":"ListItem","position":1,"name":"Home","item":"https:\/\/test.thermshop.ee\/fi\/"},{"@type":"ListItem","position":2,"name":"Verkkokauppa","item":"https:\/\/test.thermshop.ee\/e-pood\/"},{"@type":"ListItem","position":3,"name":"Conotech Avata 335 LIIR"}]},{"@type":"WebSite","@id":"https:\/\/test.thermshop.ee\/fi\/#website","url":"https:\/\/test.thermshop.ee\/fi\/","name":"Thermshop pakub kvaliteetseid termoseadmeid","description":"Thermshop","publisher":{"@id":"https:\/\/test.thermshop.ee\/fi\/#organization"},"potentialAction":[{"@type":"SearchAction","target":{"@type":"EntryPoint","urlTemplate":"https:\/\/test.thermshop.ee\/fi\/?s={search_term_string}"},"query-input":{"@type":"PropertyValueSpecification","valueRequired":true,"valueName":"search_term_string"}}],"inLanguage":"fi"},{"@type":"Organization","@id":"https:\/\/test.thermshop.ee\/fi\/#organization","name":"Thermshop","url":"https:\/\/test.thermshop.ee\/fi\/","logo":{"@type":"ImageObject","inLanguage":"fi","@id":"https:\/\/test.thermshop.ee\/fi\/#\/schema\/logo\/image\/","url":"https:\/\/test.thermshop.ee\/wp-content\/uploads\/2024\/10\/Nimetu-kujundus-12.png","contentUrl":"https:\/\/test.thermshop.ee\/wp-content\/uploads\/2024\/10\/Nimetu-kujundus-12.png","width":500,"height":500,"caption":"Thermshop"},"image":{"@id":"https:\/\/test.thermshop.ee\/fi\/#\/schema\/logo\/image\/"},"sameAs":["https:\/\/www.facebook.com\/profile.php?id=61554520052746"]}]}},"_links":{"self":[{"href":"https:\/\/test.thermshop.ee\/fi\/wp-json\/wp\/v2\/product\/16629","targetHints":{"allow":["GET"]}}],"collection":[{"href":"https:\/\/test.thermshop.ee\/fi\/wp-json\/wp\/v2\/product"}],"about":[{"href":"https:\/\/test.thermshop.ee\/fi\/wp-json\/wp\/v2\/types\/product"}],"wp:featuredmedia":[{"embeddable":true,"href":"https:\/\/test.thermshop.ee\/fi\/wp-json\/wp\/v2\/media\/16638"}],"wp:attachment":[{"href":"https:\/\/test.thermshop.ee\/fi\/wp-json\/wp\/v2\/media?parent=16629"}],"wp:term":[{"taxonomy":"product_brand","embeddable":true,"href":"https:\/\/test.thermshop.ee\/fi\/wp-json\/wp\/v2\/product_brand?post=16629"},{"taxonomy":"product_cat","embeddable":true,"href":"https:\/\/test.thermshop.ee\/fi\/wp-json\/wp\/v2\/product_cat?post=16629"},{"taxonomy":"product_tag","embeddable":true,"href":"https:\/\/test.thermshop.ee\/fi\/wp-json\/wp\/v2\/product_tag?post=16629"}],"curies":[{"name":"wp","href":"https:\/\/api.w.org\/{rel}","templated":true}]}}