{"id":16684,"date":"2026-03-06T12:07:33","date_gmt":"2026-03-06T12:07:33","guid":{"rendered":"https:\/\/test.thermshop.ee\/?post_type=product&#038;p=16684"},"modified":"2026-03-07T09:34:06","modified_gmt":"2026-03-07T09:34:06","slug":"conotech-avata-635","status":"publish","type":"product","link":"https:\/\/test.thermshop.ee\/fi\/tuote\/conotech-avata-635\/","title":{"rendered":"Conotech Avata 635"},"content":{"rendered":"\t<div class=\"img has-hover x md-x lg-x y md-y lg-y\" id=\"image_1100083625\">\n\t\t\t\t\t\t\t\t<div class=\"img-inner dark\" >\n\t\t\t<img loading=\"lazy\" decoding=\"async\" width=\"988\" height=\"536\" src=\"https:\/\/test.thermshop.ee\/wp-content\/uploads\/2026\/03\/Avata-1.png\" class=\"attachment-large size-large\" alt=\"\" srcset=\"https:\/\/test.thermshop.ee\/wp-content\/uploads\/2026\/03\/Avata-1.png 988w, https:\/\/test.thermshop.ee\/wp-content\/uploads\/2026\/03\/Avata-1-737x400.png 737w, https:\/\/test.thermshop.ee\/wp-content\/uploads\/2026\/03\/Avata-1-768x417.png 768w, https:\/\/test.thermshop.ee\/wp-content\/uploads\/2026\/03\/Avata-1-400x217.png 400w\" sizes=\"auto, (max-width: 988px) 100vw, 988px\" \/>\t\t\t\t\t\t\n\t\t\t\t\t<\/div>\n\t\t\t\t\t\t\t\t\n<style>\n#image_1100083625 {\n  width: 100%;\n}\n<\/style>\n\t<\/div>\n\t\n\t<div id=\"text-138481748\" class=\"text\">\n\t\t\n<h2><\/h2>\n<h2 class=\"uppercase\">conotech avata 635<\/h2>\n<p class=\"thin-font\"><strong data-start=\"128\" data-end=\"150\">Conotech Avata 635<\/strong> on clip-on termosihik ja see sobib ideaalselt jahiks. Seadme <strong>640\u00d7512 px VOx-termiline sensor<\/strong> koos <strong data-start=\"324\" data-end=\"339\">NETD 15\u202fmK<\/strong> tagab selged ja kontrastirohked pildid, samal ajal kui <strong data-start=\"395\" data-end=\"414\">35\u202fmm objektiiv<\/strong> v\u00f5imaldab t\u00e4pset sihtimist. Seadmel on <strong data-start=\"454\" data-end=\"478\" data-is-only-node=\"\">1024\u00d7768 OLED-ekraan<\/strong>, sisseehitatud <strong data-start=\"494\" data-end=\"513\">64\u202fGB sisem\u00e4lu<\/strong>\u00a0ning aku kestab kuni <strong data-start=\"535\" data-end=\"548\">7 tundi<\/strong>, v\u00f5imaldades pikaajalist ja mugavat vaatlemist ka \u00f6\u00f6sel.<\/p>\n\t\t\n<style>\n#text-138481748 {\n  font-size: 1rem;\n  text-align: center;\n}\n@media (min-width:550px) {\n  #text-138481748 {\n    text-align: center;\n  }\n}\n<\/style>\n\t<\/div>\n\t\n\t<div id=\"gap-1941662520\" class=\"gap-element clearfix\" style=\"display:block; height:auto;\">\n\t\t\n<style>\n#gap-1941662520 {\n  padding-top: 30px;\n}\n<\/style>\n\t<\/div>\n\t\n<div class=\"text-center\"><div class=\"is-divider divider clearfix\" style=\"max-width:2000px;height:1px;\"><\/div><\/div>\n<div class=\"row align-middle align-center\"  id=\"row-1479271876\">\n\n\t<div id=\"col-481672737\" class=\"col small-12 large-12\"  >\n\t\t\t\t<div class=\"col-inner text-left\"  >\n\t\t\t\n\t\t\t\n\t<div id=\"text-3847951351\" class=\"text\">\n\t\t\n<h2>K\u00f5rge termotundlikkus<\/h2>\n<p data-start=\"29\" data-end=\"497\">Conotech Avata on varustatud k\u00f5rgelt tundliku termosensoriga, mille <strong data-start=\"158\" data-end=\"183\">NETD v\u00e4\u00e4rtus on 15\u202fmK<\/strong>. See tagab selged ja detailirohked pildid isegi madala kontrastsusega keskkondades ning v\u00f5imaldab eristada ka v\u00e4ga v\u00e4ikeseid temperatuurierinevusi.<\/p>\n\t\t\n<style>\n#text-3847951351 {\n  text-align: center;\n}\n<\/style>\n\t<\/div>\n\t\n\t\t<\/div>\n\t\t\t\t\t<\/div>\n\n\t\n<\/div>\n\t<div class=\"img has-hover x md-x lg-x y md-y lg-y\" id=\"image_1406757178\">\n\t\t\t\t\t\t\t\t<div class=\"img-inner dark\" >\n\t\t\t<img loading=\"lazy\" decoding=\"async\" width=\"1020\" height=\"420\" src=\"https:\/\/test.thermshop.ee\/wp-content\/uploads\/2026\/03\/Lipot-6.png\" class=\"attachment-large size-large\" alt=\"\" srcset=\"https:\/\/test.thermshop.ee\/wp-content\/uploads\/2026\/03\/Lipot-6.png 1106w, https:\/\/test.thermshop.ee\/wp-content\/uploads\/2026\/03\/Lipot-6-800x329.png 800w, https:\/\/test.thermshop.ee\/wp-content\/uploads\/2026\/03\/Lipot-6-768x316.png 768w, https:\/\/test.thermshop.ee\/wp-content\/uploads\/2026\/03\/Lipot-6-400x165.png 400w\" sizes=\"auto, (max-width: 1020px) 100vw, 1020px\" \/>\t\t\t\t\t\t\n\t\t\t\t\t<\/div>\n\t\t\t\t\t\t\t\t\n<style>\n#image_1406757178 {\n  width: 100%;\n}\n<\/style>\n\t<\/div>\n\t\n<div class=\"text-center\"><div class=\"is-divider divider clearfix\" style=\"max-width:2000px;height:1px;\"><\/div><\/div>\n<div class=\"row align-middle align-center\"  id=\"row-649430934\">\n\n\t<div id=\"col-1722978566\" class=\"col small-12 large-12\"  >\n\t\t\t\t<div class=\"col-inner text-left\"  >\n\t\t\t\n\t\t\t\n\t<div id=\"text-95681520\" class=\"text\">\n\t\t\n<h2>Kontrolleri disain<\/h2>\n<p>Kontroller on loodud kiireks ja efektiivseks kasutamiseks ning selle ergonoomiline kujundus sobib nii parema- kui vasakuk\u00e4elistele.<\/p>\n\t\t\n<style>\n#text-95681520 {\n  text-align: center;\n}\n<\/style>\n\t<\/div>\n\t\n\t\t<\/div>\n\t\t\t\t\t<\/div>\n\n\t\n<\/div>\n\t<div class=\"img has-hover x md-x lg-x y md-y lg-y\" id=\"image_678007601\">\n\t\t\t\t\t\t\t\t<div class=\"img-inner dark\" >\n\t\t\t<img loading=\"lazy\" decoding=\"async\" width=\"1020\" height=\"473\" src=\"https:\/\/test.thermshop.ee\/wp-content\/uploads\/2026\/03\/Avata-2.png\" class=\"attachment-large size-large\" alt=\"\" srcset=\"https:\/\/test.thermshop.ee\/wp-content\/uploads\/2026\/03\/Avata-2.png 1103w, https:\/\/test.thermshop.ee\/wp-content\/uploads\/2026\/03\/Avata-2-800x371.png 800w, https:\/\/test.thermshop.ee\/wp-content\/uploads\/2026\/03\/Avata-2-768x356.png 768w, https:\/\/test.thermshop.ee\/wp-content\/uploads\/2026\/03\/Avata-2-400x185.png 400w\" sizes=\"auto, (max-width: 1020px) 100vw, 1020px\" \/>\t\t\t\t\t\t\n\t\t\t\t\t<\/div>\n\t\t\t\t\t\t\t\t\n<style>\n#image_678007601 {\n  width: 100%;\n}\n<\/style>\n\t<\/div>\n\t\n<div class=\"text-center\"><div class=\"is-divider divider clearfix\" style=\"max-width:2000px;height:1px;\"><\/div><\/div>\n<div class=\"row align-middle align-center\"  id=\"row-168862008\">\n\n\t<div id=\"col-16218854\" class=\"col small-12 large-12\"  >\n\t\t\t\t<div class=\"col-inner\"  >\n\t\t\t\n\t\t\t\n\t<div id=\"text-1883372318\" class=\"text\">\n\t\t\n<h2>Kiire ja mugav laadimine<\/h2>\n<p>Seade on varustatud kiirlaadimisega, mis v\u00f5imaldab aku t\u00e4ielikult laadida vaid \u00fche tunniga. Aku pesast saab akusid ka eraldi laadida, ilma et seadet oleks vaja kasutada. Kuigi pesa mahutab korraga kaks akut, t\u00f6\u00f6tab seade sama h\u00e4sti ka \u00fche akuga, ilma et see m\u00f5jutaks seadme j\u00f5udlust.<\/p>\n\t\t\n<style>\n#text-1883372318 {\n  text-align: center;\n}\n<\/style>\n\t<\/div>\n\t\n\t\t<\/div>\n\t\t\t\t\t<\/div>\n\n\t\n<\/div>\n\t<div class=\"img has-hover x md-x lg-x y md-y lg-y\" id=\"image_572200606\">\n\t\t\t\t\t\t\t\t<div class=\"img-inner dark\" >\n\t\t\t<img loading=\"lazy\" decoding=\"async\" width=\"1020\" height=\"353\" src=\"https:\/\/test.thermshop.ee\/wp-content\/uploads\/2026\/03\/Avata-3.png\" class=\"attachment-large size-large\" alt=\"\" srcset=\"https:\/\/test.thermshop.ee\/wp-content\/uploads\/2026\/03\/Avata-3.png 1105w, https:\/\/test.thermshop.ee\/wp-content\/uploads\/2026\/03\/Avata-3-800x277.png 800w, https:\/\/test.thermshop.ee\/wp-content\/uploads\/2026\/03\/Avata-3-768x265.png 768w, https:\/\/test.thermshop.ee\/wp-content\/uploads\/2026\/03\/Avata-3-400x138.png 400w\" sizes=\"auto, (max-width: 1020px) 100vw, 1020px\" \/>\t\t\t\t\t\t\n\t\t\t\t\t<\/div>\n\t\t\t\t\t\t\t\t\n<style>\n#image_572200606 {\n  width: 100%;\n}\n<\/style>\n\t<\/div>\n\t\n<div class=\"text-center\"><div class=\"is-divider divider clearfix\" style=\"max-width:2000px;height:1px;\"><\/div><\/div>\n<div class=\"row align-middle align-center\"  id=\"row-644037696\">\n\n\t<div id=\"col-1373682331\" class=\"col small-12 large-12\"  >\n\t\t\t\t<div class=\"col-inner text-left\"  >\n\t\t\t\n\t\t\t\n\t<div id=\"text-1184314074\" class=\"text\">\n\t\t\n<h2>\u00dclikerge ja kompaktne disain<\/h2>\n<p>Kompaktne ja kerge konstruktsioon muudab seadme h\u00f5lpsasti kaasaskantavaks ning aitab s\u00e4ilitada relva hea tasakaalu ja t\u00e4psuse. Avata mudelid kaaluvad ligikaudu 450\u2013470 grammi, mis teeb need v\u00e4ga kergeks ja mugavaks kasutada ka pikema jahipidamise v\u00f5i vaatluse ajal.<\/p>\n\t\t\n<style>\n#text-1184314074 {\n  text-align: center;\n}\n<\/style>\n\t<\/div>\n\t\n\t\t<\/div>\n\t\t\t\t\t<\/div>\n\n\t\n<\/div>\n\t<div class=\"img has-hover x md-x lg-x y md-y lg-y\" id=\"image_1313805541\">\n\t\t\t\t\t\t\t\t<div class=\"img-inner dark\" >\n\t\t\t<img loading=\"lazy\" decoding=\"async\" width=\"1020\" height=\"439\" src=\"https:\/\/test.thermshop.ee\/wp-content\/uploads\/2026\/03\/Avata-4.png\" class=\"attachment-large size-large\" alt=\"\" srcset=\"https:\/\/test.thermshop.ee\/wp-content\/uploads\/2026\/03\/Avata-4.png 1163w, https:\/\/test.thermshop.ee\/wp-content\/uploads\/2026\/03\/Avata-4-800x344.png 800w, https:\/\/test.thermshop.ee\/wp-content\/uploads\/2026\/03\/Avata-4-768x330.png 768w, https:\/\/test.thermshop.ee\/wp-content\/uploads\/2026\/03\/Avata-4-400x172.png 400w\" sizes=\"auto, (max-width: 1020px) 100vw, 1020px\" \/>\t\t\t\t\t\t\n\t\t\t\t\t<\/div>\n\t\t\t\t\t\t\t\t\n<style>\n#image_1313805541 {\n  width: 100%;\n}\n<\/style>\n\t<\/div>\n\t\n<div class=\"text-center\"><div class=\"is-divider divider clearfix\" style=\"max-width:2000px;height:1px;\"><\/div><\/div>\n<div class=\"row align-middle align-center\"  id=\"row-1604596631\">\n\n\t<div id=\"col-514851915\" class=\"col small-12 large-12\"  >\n\t\t\t\t<div class=\"col-inner\"  >\n\t\t\t\n\t\t\t\n\t<div id=\"text-11965495\" class=\"text\">\n\t\t\n<h2>L\u00f6\u00f6gikindlus 7000J<\/h2>\n<p>Seade on loodud taluma kuni 7000 J tagasil\u00f6\u00f6gi energiat, mis tagab t\u00f6\u00f6kindluse ka tugevama tagasil\u00f6\u00f6giga relvadel. See sobib kasutamiseks mitmete populaarsete kaliibritega, sealhulgas .223 Rem, .243 Win, .270 Win, .308 Win, .30-06 SPRG, 9.3\u00d762 ja .300 Win Mag.<\/p>\n\t\t\n<style>\n#text-11965495 {\n  text-align: center;\n}\n<\/style>\n\t<\/div>\n\t\n\t\t<\/div>\n\t\t\t\t\t<\/div>\n\n\t\n<\/div>\n\t<div class=\"img has-hover x md-x lg-x y md-y lg-y\" id=\"image_1867476540\">\n\t\t\t\t\t\t\t\t<div class=\"img-inner dark\" >\n\t\t\t<img loading=\"lazy\" decoding=\"async\" width=\"1020\" height=\"367\" src=\"https:\/\/test.thermshop.ee\/wp-content\/uploads\/2026\/03\/Avata-5.png\" class=\"attachment-large size-large\" alt=\"\" srcset=\"https:\/\/test.thermshop.ee\/wp-content\/uploads\/2026\/03\/Avata-5.png 1065w, https:\/\/test.thermshop.ee\/wp-content\/uploads\/2026\/03\/Avata-5-800x288.png 800w, https:\/\/test.thermshop.ee\/wp-content\/uploads\/2026\/03\/Avata-5-768x276.png 768w, https:\/\/test.thermshop.ee\/wp-content\/uploads\/2026\/03\/Avata-5-400x144.png 400w\" sizes=\"auto, (max-width: 1020px) 100vw, 1020px\" \/>\t\t\t\t\t\t\n\t\t\t\t\t<\/div>\n\t\t\t\t\t\t\t\t\n<style>\n#image_1867476540 {\n  width: 100%;\n}\n<\/style>\n\t<\/div>\n\t\n<div class=\"text-center\"><div class=\"is-divider divider clearfix\" style=\"max-width:2000px;height:1px;\"><\/div><\/div>\n<div class=\"row align-middle align-center\"  id=\"row-832426281\">\n\n\t<div id=\"col-1719342909\" class=\"col small-12 large-12\"  >\n\t\t\t\t<div class=\"col-inner text-left\"  >\n\t\t\t\n\t\t\t\n\t<div id=\"text-492458501\" class=\"text\">\n\t\t\n<h2>0,67 MOA t\u00e4psus<\/h2>\n<p>Avata pakub 0,67 MOA t\u00e4psust, tagades v\u00e4ga hea sihtimist\u00e4psuse ja usaldusv\u00e4\u00e4rse j\u00f5udluse erinevates kasutusolukordades. T\u00e4nu sellele sobib seade h\u00e4sti nii jahiks kui ka t\u00e4pseks sihtm\u00e4rgi j\u00e4lgimiseks.<\/p>\n\t\t\n<style>\n#text-492458501 {\n  text-align: center;\n}\n<\/style>\n\t<\/div>\n\t\n\t\t<\/div>\n\t\t\t\t\t<\/div>\n\n\t\n<\/div>\n\t<div class=\"img has-hover x md-x lg-x y md-y lg-y\" id=\"image_1328347037\">\n\t\t\t\t\t\t\t\t<div class=\"img-inner dark\" >\n\t\t\t<img loading=\"lazy\" decoding=\"async\" width=\"902\" height=\"373\" src=\"https:\/\/test.thermshop.ee\/wp-content\/uploads\/2026\/03\/Avata-6.png\" class=\"attachment-large size-large\" alt=\"\" srcset=\"https:\/\/test.thermshop.ee\/wp-content\/uploads\/2026\/03\/Avata-6.png 902w, https:\/\/test.thermshop.ee\/wp-content\/uploads\/2026\/03\/Avata-6-800x331.png 800w, https:\/\/test.thermshop.ee\/wp-content\/uploads\/2026\/03\/Avata-6-768x318.png 768w, https:\/\/test.thermshop.ee\/wp-content\/uploads\/2026\/03\/Avata-6-400x165.png 400w\" sizes=\"auto, (max-width: 902px) 100vw, 902px\" \/>\t\t\t\t\t\t\n\t\t\t\t\t<\/div>\n\t\t\t\t\t\t\t\t\n<style>\n#image_1328347037 {\n  width: 100%;\n}\n<\/style>\n\t<\/div>\n\t\n","protected":false},"excerpt":{"rendered":"<p><strong data-start=\"128\" data-end=\"150\">Conotech Avata 635<\/strong> on clip-on termosihik ja see sobib ideaalselt jahiks. Seadme <strong>640\u00d7512 px VOx-termiline sensor<\/strong> koos <strong data-start=\"324\" data-end=\"339\">NETD 15\u202fmK<\/strong> tagab selged ja kontrastirohked pildid, samal ajal kui <strong data-start=\"395\" data-end=\"414\">35\u202fmm objektiiv<\/strong> v\u00f5imaldab t\u00e4pset sihtimist. Seadmel on <strong data-start=\"454\" data-end=\"478\" data-is-only-node=\"\">1024\u00d7768 OLED-ekraan<\/strong>, sisseehitatud <strong data-start=\"494\" data-end=\"513\">64\u202fGB sisem\u00e4lu<\/strong>\u00a0ning aku kestab kuni <strong data-start=\"535\" data-end=\"548\">7 tundi<\/strong>, v\u00f5imaldades pikaajalist ja mugavat vaatlemist ka \u00f6\u00f6sel.<\/p>\n","protected":false},"featured_media":16686,"template":"","meta":{"_themeisle_gutenberg_block_has_review":false},"product_brand":[],"product_cat":[3029,3016,68],"product_tag":[3030,3017,2353],"class_list":{"0":"post-16684","1":"product","2":"type-product","3":"status-publish","4":"has-post-thumbnail","6":"product_cat-avata","7":"product_cat-conotech","8":"product_cat-termosihik","9":"product_tag-avata","10":"product_tag-conotech","11":"product_tag-termosihikud","13":"first","14":"instock","15":"taxable","16":"shipping-taxable","17":"purchasable","18":"product-type-simple"},"yoast_head":"<!-- This site is optimized with the Yoast SEO plugin v26.7 - https:\/\/yoast.com\/wordpress\/plugins\/seo\/ -->\n<title>Conotech Avata 635 Termosihik | Thermshop<\/title>\n<meta name=\"description\" content=\"Conotech Avata 635 clip-on termosihik \u2013 tipptasemel ja v\u00f5imekas, resolutsioon 640\u00d7512, termiline tundlikkus 15\u202fmK. Vaata l\u00e4hemalt Thermshopist!\" \/>\n<meta name=\"robots\" content=\"index, follow, max-snippet:-1, max-image-preview:large, max-video-preview:-1\" \/>\n<link rel=\"canonical\" href=\"https:\/\/test.thermshop.ee\/fi\/tuote\/conotech-avata-635\/\" \/>\n<meta property=\"og:locale\" content=\"fi_FI\" \/>\n<meta property=\"og:type\" content=\"article\" \/>\n<meta property=\"og:title\" content=\"Conotech Avata 635 Termosihik | Thermshop\" \/>\n<meta property=\"og:description\" content=\"Conotech Avata 635 clip-on termosihik \u2013 tipptasemel ja v\u00f5imekas, resolutsioon 640\u00d7512, termiline tundlikkus 15\u202fmK. Vaata l\u00e4hemalt Thermshopist!\" \/>\n<meta property=\"og:url\" content=\"https:\/\/test.thermshop.ee\/fi\/tuote\/conotech-avata-635\/\" \/>\n<meta property=\"og:site_name\" content=\"Thermshop pakub kvaliteetseid termoseadmeid\" \/>\n<meta property=\"article:publisher\" content=\"https:\/\/www.facebook.com\/profile.php?id=61554520052746\" \/>\n<meta property=\"article:modified_time\" content=\"2026-03-07T09:34:06+00:00\" \/>\n<meta property=\"og:image\" content=\"https:\/\/test.thermshop.ee\/wp-content\/uploads\/2026\/03\/Avata-635-5.png\" \/>\n\t<meta property=\"og:image:width\" content=\"1000\" \/>\n\t<meta property=\"og:image:height\" content=\"1000\" \/>\n\t<meta property=\"og:image:type\" content=\"image\/png\" \/>\n<meta name=\"twitter:card\" content=\"summary_large_image\" \/>\n<meta name=\"twitter:label1\" content=\"Arvioitu lukuaika\" \/>\n\t<meta name=\"twitter:data1\" content=\"3 minuuttia\" \/>\n<script type=\"application\/ld+json\" class=\"yoast-schema-graph\">{\"@context\":\"https:\/\/schema.org\",\"@graph\":[{\"@type\":\"WebPage\",\"@id\":\"https:\/\/test.thermshop.ee\/fi\/tuote\/conotech-avata-635\/\",\"url\":\"https:\/\/test.thermshop.ee\/fi\/tuote\/conotech-avata-635\/\",\"name\":\"Conotech Avata 635 Termosihik | Thermshop\",\"isPartOf\":{\"@id\":\"https:\/\/test.thermshop.ee\/fi\/#website\"},\"primaryImageOfPage\":{\"@id\":\"https:\/\/test.thermshop.ee\/fi\/tuote\/conotech-avata-635\/#primaryimage\"},\"image\":{\"@id\":\"https:\/\/test.thermshop.ee\/fi\/tuote\/conotech-avata-635\/#primaryimage\"},\"thumbnailUrl\":\"https:\/\/test.thermshop.ee\/wp-content\/uploads\/2026\/03\/Avata-635-5.png\",\"datePublished\":\"2026-03-06T12:07:33+00:00\",\"dateModified\":\"2026-03-07T09:34:06+00:00\",\"description\":\"Conotech Avata 635 clip-on termosihik \u2013 tipptasemel ja v\u00f5imekas, resolutsioon 640\u00d7512, termiline tundlikkus 15\u202fmK. Vaata l\u00e4hemalt Thermshopist!\",\"breadcrumb\":{\"@id\":\"https:\/\/test.thermshop.ee\/fi\/tuote\/conotech-avata-635\/#breadcrumb\"},\"inLanguage\":\"fi\",\"potentialAction\":[{\"@type\":\"ReadAction\",\"target\":[\"https:\/\/test.thermshop.ee\/fi\/tuote\/conotech-avata-635\/\"]}]},{\"@type\":\"ImageObject\",\"inLanguage\":\"fi\",\"@id\":\"https:\/\/test.thermshop.ee\/fi\/tuote\/conotech-avata-635\/#primaryimage\",\"url\":\"https:\/\/test.thermshop.ee\/wp-content\/uploads\/2026\/03\/Avata-635-5.png\",\"contentUrl\":\"https:\/\/test.thermshop.ee\/wp-content\/uploads\/2026\/03\/Avata-635-5.png\",\"width\":1000,\"height\":1000},{\"@type\":\"BreadcrumbList\",\"@id\":\"https:\/\/test.thermshop.ee\/fi\/tuote\/conotech-avata-635\/#breadcrumb\",\"itemListElement\":[{\"@type\":\"ListItem\",\"position\":1,\"name\":\"Home\",\"item\":\"https:\/\/test.thermshop.ee\/fi\/\"},{\"@type\":\"ListItem\",\"position\":2,\"name\":\"Verkkokauppa\",\"item\":\"https:\/\/test.thermshop.ee\/e-pood\/\"},{\"@type\":\"ListItem\",\"position\":3,\"name\":\"Conotech Avata 635\"}]},{\"@type\":\"WebSite\",\"@id\":\"https:\/\/test.thermshop.ee\/fi\/#website\",\"url\":\"https:\/\/test.thermshop.ee\/fi\/\",\"name\":\"Thermshop pakub kvaliteetseid termoseadmeid\",\"description\":\"Thermshop\",\"publisher\":{\"@id\":\"https:\/\/test.thermshop.ee\/fi\/#organization\"},\"potentialAction\":[{\"@type\":\"SearchAction\",\"target\":{\"@type\":\"EntryPoint\",\"urlTemplate\":\"https:\/\/test.thermshop.ee\/fi\/?s={search_term_string}\"},\"query-input\":{\"@type\":\"PropertyValueSpecification\",\"valueRequired\":true,\"valueName\":\"search_term_string\"}}],\"inLanguage\":\"fi\"},{\"@type\":\"Organization\",\"@id\":\"https:\/\/test.thermshop.ee\/fi\/#organization\",\"name\":\"Thermshop\",\"url\":\"https:\/\/test.thermshop.ee\/fi\/\",\"logo\":{\"@type\":\"ImageObject\",\"inLanguage\":\"fi\",\"@id\":\"https:\/\/test.thermshop.ee\/fi\/#\/schema\/logo\/image\/\",\"url\":\"https:\/\/test.thermshop.ee\/wp-content\/uploads\/2024\/10\/Nimetu-kujundus-12.png\",\"contentUrl\":\"https:\/\/test.thermshop.ee\/wp-content\/uploads\/2024\/10\/Nimetu-kujundus-12.png\",\"width\":500,\"height\":500,\"caption\":\"Thermshop\"},\"image\":{\"@id\":\"https:\/\/test.thermshop.ee\/fi\/#\/schema\/logo\/image\/\"},\"sameAs\":[\"https:\/\/www.facebook.com\/profile.php?id=61554520052746\"]}]}<\/script>\n<!-- \/ Yoast SEO plugin. -->","yoast_head_json":{"title":"Conotech Avata 635 Termosihik | Thermshop","description":"Conotech Avata 635 clip-on termosihik \u2013 tipptasemel ja v\u00f5imekas, resolutsioon 640\u00d7512, termiline tundlikkus 15\u202fmK. Vaata l\u00e4hemalt Thermshopist!","robots":{"index":"index","follow":"follow","max-snippet":"max-snippet:-1","max-image-preview":"max-image-preview:large","max-video-preview":"max-video-preview:-1"},"canonical":"https:\/\/test.thermshop.ee\/fi\/tuote\/conotech-avata-635\/","og_locale":"fi_FI","og_type":"article","og_title":"Conotech Avata 635 Termosihik | Thermshop","og_description":"Conotech Avata 635 clip-on termosihik \u2013 tipptasemel ja v\u00f5imekas, resolutsioon 640\u00d7512, termiline tundlikkus 15\u202fmK. Vaata l\u00e4hemalt Thermshopist!","og_url":"https:\/\/test.thermshop.ee\/fi\/tuote\/conotech-avata-635\/","og_site_name":"Thermshop pakub kvaliteetseid termoseadmeid","article_publisher":"https:\/\/www.facebook.com\/profile.php?id=61554520052746","article_modified_time":"2026-03-07T09:34:06+00:00","og_image":[{"width":1000,"height":1000,"url":"https:\/\/test.thermshop.ee\/wp-content\/uploads\/2026\/03\/Avata-635-5.png","type":"image\/png"}],"twitter_card":"summary_large_image","twitter_misc":{"Arvioitu lukuaika":"3 minuuttia"},"schema":{"@context":"https:\/\/schema.org","@graph":[{"@type":"WebPage","@id":"https:\/\/test.thermshop.ee\/fi\/tuote\/conotech-avata-635\/","url":"https:\/\/test.thermshop.ee\/fi\/tuote\/conotech-avata-635\/","name":"Conotech Avata 635 Termosihik | Thermshop","isPartOf":{"@id":"https:\/\/test.thermshop.ee\/fi\/#website"},"primaryImageOfPage":{"@id":"https:\/\/test.thermshop.ee\/fi\/tuote\/conotech-avata-635\/#primaryimage"},"image":{"@id":"https:\/\/test.thermshop.ee\/fi\/tuote\/conotech-avata-635\/#primaryimage"},"thumbnailUrl":"https:\/\/test.thermshop.ee\/wp-content\/uploads\/2026\/03\/Avata-635-5.png","datePublished":"2026-03-06T12:07:33+00:00","dateModified":"2026-03-07T09:34:06+00:00","description":"Conotech Avata 635 clip-on termosihik \u2013 tipptasemel ja v\u00f5imekas, resolutsioon 640\u00d7512, termiline tundlikkus 15\u202fmK. Vaata l\u00e4hemalt Thermshopist!","breadcrumb":{"@id":"https:\/\/test.thermshop.ee\/fi\/tuote\/conotech-avata-635\/#breadcrumb"},"inLanguage":"fi","potentialAction":[{"@type":"ReadAction","target":["https:\/\/test.thermshop.ee\/fi\/tuote\/conotech-avata-635\/"]}]},{"@type":"ImageObject","inLanguage":"fi","@id":"https:\/\/test.thermshop.ee\/fi\/tuote\/conotech-avata-635\/#primaryimage","url":"https:\/\/test.thermshop.ee\/wp-content\/uploads\/2026\/03\/Avata-635-5.png","contentUrl":"https:\/\/test.thermshop.ee\/wp-content\/uploads\/2026\/03\/Avata-635-5.png","width":1000,"height":1000},{"@type":"BreadcrumbList","@id":"https:\/\/test.thermshop.ee\/fi\/tuote\/conotech-avata-635\/#breadcrumb","itemListElement":[{"@type":"ListItem","position":1,"name":"Home","item":"https:\/\/test.thermshop.ee\/fi\/"},{"@type":"ListItem","position":2,"name":"Verkkokauppa","item":"https:\/\/test.thermshop.ee\/e-pood\/"},{"@type":"ListItem","position":3,"name":"Conotech Avata 635"}]},{"@type":"WebSite","@id":"https:\/\/test.thermshop.ee\/fi\/#website","url":"https:\/\/test.thermshop.ee\/fi\/","name":"Thermshop pakub kvaliteetseid termoseadmeid","description":"Thermshop","publisher":{"@id":"https:\/\/test.thermshop.ee\/fi\/#organization"},"potentialAction":[{"@type":"SearchAction","target":{"@type":"EntryPoint","urlTemplate":"https:\/\/test.thermshop.ee\/fi\/?s={search_term_string}"},"query-input":{"@type":"PropertyValueSpecification","valueRequired":true,"valueName":"search_term_string"}}],"inLanguage":"fi"},{"@type":"Organization","@id":"https:\/\/test.thermshop.ee\/fi\/#organization","name":"Thermshop","url":"https:\/\/test.thermshop.ee\/fi\/","logo":{"@type":"ImageObject","inLanguage":"fi","@id":"https:\/\/test.thermshop.ee\/fi\/#\/schema\/logo\/image\/","url":"https:\/\/test.thermshop.ee\/wp-content\/uploads\/2024\/10\/Nimetu-kujundus-12.png","contentUrl":"https:\/\/test.thermshop.ee\/wp-content\/uploads\/2024\/10\/Nimetu-kujundus-12.png","width":500,"height":500,"caption":"Thermshop"},"image":{"@id":"https:\/\/test.thermshop.ee\/fi\/#\/schema\/logo\/image\/"},"sameAs":["https:\/\/www.facebook.com\/profile.php?id=61554520052746"]}]}},"_links":{"self":[{"href":"https:\/\/test.thermshop.ee\/fi\/wp-json\/wp\/v2\/product\/16684","targetHints":{"allow":["GET"]}}],"collection":[{"href":"https:\/\/test.thermshop.ee\/fi\/wp-json\/wp\/v2\/product"}],"about":[{"href":"https:\/\/test.thermshop.ee\/fi\/wp-json\/wp\/v2\/types\/product"}],"wp:featuredmedia":[{"embeddable":true,"href":"https:\/\/test.thermshop.ee\/fi\/wp-json\/wp\/v2\/media\/16686"}],"wp:attachment":[{"href":"https:\/\/test.thermshop.ee\/fi\/wp-json\/wp\/v2\/media?parent=16684"}],"wp:term":[{"taxonomy":"product_brand","embeddable":true,"href":"https:\/\/test.thermshop.ee\/fi\/wp-json\/wp\/v2\/product_brand?post=16684"},{"taxonomy":"product_cat","embeddable":true,"href":"https:\/\/test.thermshop.ee\/fi\/wp-json\/wp\/v2\/product_cat?post=16684"},{"taxonomy":"product_tag","embeddable":true,"href":"https:\/\/test.thermshop.ee\/fi\/wp-json\/wp\/v2\/product_tag?post=16684"}],"curies":[{"name":"wp","href":"https:\/\/api.w.org\/{rel}","templated":true}]}}