{"id":5342,"date":"2024-10-14T08:24:47","date_gmt":"2024-10-14T08:24:47","guid":{"rendered":"https:\/\/test.thermshop.ee\/toode\/rusan-mar-fx-moduuliadapteri-kiintealla-kiinnityksella\/"},"modified":"2024-10-14T08:24:47","modified_gmt":"2024-10-14T08:24:47","slug":"rusan-mar-fx-moduuliadapteri-kiintealla-kiinnityksella","status":"publish","type":"product","link":"https:\/\/test.thermshop.ee\/fi\/tuote\/rusan-mar-fx-moduuliadapteri-kiintealla-kiinnityksella\/","title":{"rendered":"Rusan MAR-FX moduuliadapteri kiinte\u00e4ll\u00e4 kiinnityksell\u00e4"},"content":{"rendered":"<p>Rusan moduuliadapteri &#8211; kiinte\u00e4 kiinnitys 3 pultilla<\/p>\n<p style=\"text-align: left;\"><strong>Koodin: Mitat: Sopivat tuotteelle:<\/strong><\/p>\n<p style=\"text-align: left;\">30ZM-1* 36,7 Zeiss Conquest V6 1.1-6&#215;24 kiskon kanssa<\/p>\n<p style=\"text-align: left;\">30ZM-2** 35,8 Zeiss Diavari-ZM 1,25-4&#215;24 \/ Varipoint VM 1,1-4&#215;24 kiskon kanssa<\/p>\n<p style=\"text-align: left;\">30ZM-3*** 37,5 Leica Magnus 1-6,3x24i \/ Fortis 6 1-6x24i kiskon kanssa<\/p>\n<p style=\"text-align: left;\">30ZM-4**** 37,2 Zeiss Victory V8 1.1-8&#215;24 kiskon kanssa<\/p>\n","protected":false},"excerpt":{"rendered":"<p>Rusan moduuliadapteri &#8211; kiinte\u00e4 kiinnitys 3 pultilla Koodin: Mitat: Sopivat tuotteelle: 30ZM-1* 36,7 Zeiss Conquest V6 1.1-6&#215;24 kiskon kanssa 30ZM-2** 35,8 Zeiss Diavari-ZM 1,25-4&#215;24 \/ Varipoint VM 1,1-4&#215;24 kiskon kanssa 30ZM-3*** 37,5 Leica Magnus 1-6,3x24i \/ Fortis 6 1-6x24i kiskon kanssa 30ZM-4**** 37,2 Zeiss Victory V8 1.1-8&#215;24 kiskon kanssa<\/p>\n","protected":false},"featured_media":4482,"template":"","meta":{"_themeisle_gutenberg_block_has_review":false},"product_brand":[],"product_cat":[491,519,511],"product_tag":[],"class_list":{"0":"post-5342","1":"product","2":"type-product","3":"status-publish","4":"has-post-thumbnail","6":"product_cat-tarvikkeet","7":"product_cat-rusan-fi","8":"product_cat-clip-on-adapterit","10":"first","11":"instock","12":"taxable","13":"shipping-taxable","14":"purchasable","15":"product-type-variable"},"yoast_head":"<!-- This site is optimized with the Yoast SEO plugin v26.7 - https:\/\/yoast.com\/wordpress\/plugins\/seo\/ -->\n<title>Rusan MAR-FX moduuliadapteri kiinte\u00e4ll\u00e4 kiinnityksell\u00e4<\/title>\n<meta name=\"description\" content=\"Rusan moduuliadapteri - kiinte\u00e4 kiinnitys 3 pultilla Koodin: Mitat: Sopivat tuotteelle: 30ZM-1* 36,7 Zeiss Conquest V6 1.1-6x24 kiskon kanssa 30ZM-2**\" \/>\n<meta name=\"robots\" content=\"index, follow, max-snippet:-1, max-image-preview:large, max-video-preview:-1\" \/>\n<link rel=\"canonical\" href=\"https:\/\/test.thermshop.ee\/fi\/tuote\/rusan-mar-fx-moduuliadapteri-kiintealla-kiinnityksella\/\" \/>\n<meta property=\"og:locale\" content=\"fi_FI\" \/>\n<meta property=\"og:type\" content=\"article\" \/>\n<meta property=\"og:title\" content=\"Rusan MAR-FX moduuliadapteri kiinte\u00e4ll\u00e4 kiinnityksell\u00e4\" \/>\n<meta property=\"og:description\" content=\"Rusan moduuliadapteri - kiinte\u00e4 kiinnitys 3 pultilla Koodin: Mitat: Sopivat tuotteelle: 30ZM-1* 36,7 Zeiss Conquest V6 1.1-6x24 kiskon kanssa 30ZM-2**\" \/>\n<meta property=\"og:url\" content=\"https:\/\/test.thermshop.ee\/fi\/tuote\/rusan-mar-fx-moduuliadapteri-kiintealla-kiinnityksella\/\" \/>\n<meta property=\"og:site_name\" content=\"Thermshop pakub kvaliteetseid termoseadmeid\" \/>\n<meta property=\"article:publisher\" content=\"https:\/\/www.facebook.com\/profile.php?id=61554520052746\" \/>\n<meta property=\"og:image\" content=\"https:\/\/test.thermshop.ee\/wp-content\/uploads\/2024\/10\/Kuj.-Kuj.-Kuj.-Hunt-335-1-koopia-koopia-koopia-26.jpg\" \/>\n\t<meta property=\"og:image:width\" content=\"1000\" \/>\n\t<meta property=\"og:image:height\" content=\"1000\" \/>\n\t<meta property=\"og:image:type\" content=\"image\/jpeg\" \/>\n<meta name=\"twitter:card\" content=\"summary_large_image\" \/>\n<script type=\"application\/ld+json\" class=\"yoast-schema-graph\">{\"@context\":\"https:\/\/schema.org\",\"@graph\":[{\"@type\":\"WebPage\",\"@id\":\"https:\/\/test.thermshop.ee\/fi\/tuote\/rusan-mar-fx-moduuliadapteri-kiintealla-kiinnityksella\/\",\"url\":\"https:\/\/test.thermshop.ee\/fi\/tuote\/rusan-mar-fx-moduuliadapteri-kiintealla-kiinnityksella\/\",\"name\":\"Rusan MAR-FX moduuliadapteri kiinte\u00e4ll\u00e4 kiinnityksell\u00e4\",\"isPartOf\":{\"@id\":\"https:\/\/test.thermshop.ee\/fi\/#website\"},\"primaryImageOfPage\":{\"@id\":\"https:\/\/test.thermshop.ee\/fi\/tuote\/rusan-mar-fx-moduuliadapteri-kiintealla-kiinnityksella\/#primaryimage\"},\"image\":{\"@id\":\"https:\/\/test.thermshop.ee\/fi\/tuote\/rusan-mar-fx-moduuliadapteri-kiintealla-kiinnityksella\/#primaryimage\"},\"thumbnailUrl\":\"https:\/\/test.thermshop.ee\/wp-content\/uploads\/2024\/10\/Kuj.-Kuj.-Kuj.-Hunt-335-1-koopia-koopia-koopia-26.jpg\",\"datePublished\":\"2024-10-14T08:24:47+00:00\",\"description\":\"Rusan moduuliadapteri - kiinte\u00e4 kiinnitys 3 pultilla Koodin: Mitat: Sopivat tuotteelle: 30ZM-1* 36,7 Zeiss Conquest V6 1.1-6x24 kiskon kanssa 30ZM-2**\",\"breadcrumb\":{\"@id\":\"https:\/\/test.thermshop.ee\/fi\/tuote\/rusan-mar-fx-moduuliadapteri-kiintealla-kiinnityksella\/#breadcrumb\"},\"inLanguage\":\"fi\",\"potentialAction\":[{\"@type\":\"ReadAction\",\"target\":[\"https:\/\/test.thermshop.ee\/fi\/tuote\/rusan-mar-fx-moduuliadapteri-kiintealla-kiinnityksella\/\"]}]},{\"@type\":\"ImageObject\",\"inLanguage\":\"fi\",\"@id\":\"https:\/\/test.thermshop.ee\/fi\/tuote\/rusan-mar-fx-moduuliadapteri-kiintealla-kiinnityksella\/#primaryimage\",\"url\":\"https:\/\/test.thermshop.ee\/wp-content\/uploads\/2024\/10\/Kuj.-Kuj.-Kuj.-Hunt-335-1-koopia-koopia-koopia-26.jpg\",\"contentUrl\":\"https:\/\/test.thermshop.ee\/wp-content\/uploads\/2024\/10\/Kuj.-Kuj.-Kuj.-Hunt-335-1-koopia-koopia-koopia-26.jpg\",\"width\":1000,\"height\":1000},{\"@type\":\"BreadcrumbList\",\"@id\":\"https:\/\/test.thermshop.ee\/fi\/tuote\/rusan-mar-fx-moduuliadapteri-kiintealla-kiinnityksella\/#breadcrumb\",\"itemListElement\":[{\"@type\":\"ListItem\",\"position\":1,\"name\":\"Home\",\"item\":\"https:\/\/test.thermshop.ee\/fi\/\"},{\"@type\":\"ListItem\",\"position\":2,\"name\":\"Verkkokauppa\",\"item\":\"https:\/\/test.thermshop.ee\/e-pood\/\"},{\"@type\":\"ListItem\",\"position\":3,\"name\":\"Rusan MAR-FX moduuliadapteri kiinte\u00e4ll\u00e4 kiinnityksell\u00e4\"}]},{\"@type\":\"WebSite\",\"@id\":\"https:\/\/test.thermshop.ee\/fi\/#website\",\"url\":\"https:\/\/test.thermshop.ee\/fi\/\",\"name\":\"Thermshop pakub kvaliteetseid termoseadmeid\",\"description\":\"Thermshop\",\"publisher\":{\"@id\":\"https:\/\/test.thermshop.ee\/fi\/#organization\"},\"potentialAction\":[{\"@type\":\"SearchAction\",\"target\":{\"@type\":\"EntryPoint\",\"urlTemplate\":\"https:\/\/test.thermshop.ee\/fi\/?s={search_term_string}\"},\"query-input\":{\"@type\":\"PropertyValueSpecification\",\"valueRequired\":true,\"valueName\":\"search_term_string\"}}],\"inLanguage\":\"fi\"},{\"@type\":\"Organization\",\"@id\":\"https:\/\/test.thermshop.ee\/fi\/#organization\",\"name\":\"Thermshop\",\"url\":\"https:\/\/test.thermshop.ee\/fi\/\",\"logo\":{\"@type\":\"ImageObject\",\"inLanguage\":\"fi\",\"@id\":\"https:\/\/test.thermshop.ee\/fi\/#\/schema\/logo\/image\/\",\"url\":\"https:\/\/test.thermshop.ee\/wp-content\/uploads\/2024\/10\/Nimetu-kujundus-12.png\",\"contentUrl\":\"https:\/\/test.thermshop.ee\/wp-content\/uploads\/2024\/10\/Nimetu-kujundus-12.png\",\"width\":500,\"height\":500,\"caption\":\"Thermshop\"},\"image\":{\"@id\":\"https:\/\/test.thermshop.ee\/fi\/#\/schema\/logo\/image\/\"},\"sameAs\":[\"https:\/\/www.facebook.com\/profile.php?id=61554520052746\"]}]}<\/script>\n<!-- \/ Yoast SEO plugin. -->","yoast_head_json":{"title":"Rusan MAR-FX moduuliadapteri kiinte\u00e4ll\u00e4 kiinnityksell\u00e4","description":"Rusan moduuliadapteri - kiinte\u00e4 kiinnitys 3 pultilla Koodin: Mitat: Sopivat tuotteelle: 30ZM-1* 36,7 Zeiss Conquest V6 1.1-6x24 kiskon kanssa 30ZM-2**","robots":{"index":"index","follow":"follow","max-snippet":"max-snippet:-1","max-image-preview":"max-image-preview:large","max-video-preview":"max-video-preview:-1"},"canonical":"https:\/\/test.thermshop.ee\/fi\/tuote\/rusan-mar-fx-moduuliadapteri-kiintealla-kiinnityksella\/","og_locale":"fi_FI","og_type":"article","og_title":"Rusan MAR-FX moduuliadapteri kiinte\u00e4ll\u00e4 kiinnityksell\u00e4","og_description":"Rusan moduuliadapteri - kiinte\u00e4 kiinnitys 3 pultilla Koodin: Mitat: Sopivat tuotteelle: 30ZM-1* 36,7 Zeiss Conquest V6 1.1-6x24 kiskon kanssa 30ZM-2**","og_url":"https:\/\/test.thermshop.ee\/fi\/tuote\/rusan-mar-fx-moduuliadapteri-kiintealla-kiinnityksella\/","og_site_name":"Thermshop pakub kvaliteetseid termoseadmeid","article_publisher":"https:\/\/www.facebook.com\/profile.php?id=61554520052746","og_image":[{"width":1000,"height":1000,"url":"https:\/\/test.thermshop.ee\/wp-content\/uploads\/2024\/10\/Kuj.-Kuj.-Kuj.-Hunt-335-1-koopia-koopia-koopia-26.jpg","type":"image\/jpeg"}],"twitter_card":"summary_large_image","schema":{"@context":"https:\/\/schema.org","@graph":[{"@type":"WebPage","@id":"https:\/\/test.thermshop.ee\/fi\/tuote\/rusan-mar-fx-moduuliadapteri-kiintealla-kiinnityksella\/","url":"https:\/\/test.thermshop.ee\/fi\/tuote\/rusan-mar-fx-moduuliadapteri-kiintealla-kiinnityksella\/","name":"Rusan MAR-FX moduuliadapteri kiinte\u00e4ll\u00e4 kiinnityksell\u00e4","isPartOf":{"@id":"https:\/\/test.thermshop.ee\/fi\/#website"},"primaryImageOfPage":{"@id":"https:\/\/test.thermshop.ee\/fi\/tuote\/rusan-mar-fx-moduuliadapteri-kiintealla-kiinnityksella\/#primaryimage"},"image":{"@id":"https:\/\/test.thermshop.ee\/fi\/tuote\/rusan-mar-fx-moduuliadapteri-kiintealla-kiinnityksella\/#primaryimage"},"thumbnailUrl":"https:\/\/test.thermshop.ee\/wp-content\/uploads\/2024\/10\/Kuj.-Kuj.-Kuj.-Hunt-335-1-koopia-koopia-koopia-26.jpg","datePublished":"2024-10-14T08:24:47+00:00","description":"Rusan moduuliadapteri - kiinte\u00e4 kiinnitys 3 pultilla Koodin: Mitat: Sopivat tuotteelle: 30ZM-1* 36,7 Zeiss Conquest V6 1.1-6x24 kiskon kanssa 30ZM-2**","breadcrumb":{"@id":"https:\/\/test.thermshop.ee\/fi\/tuote\/rusan-mar-fx-moduuliadapteri-kiintealla-kiinnityksella\/#breadcrumb"},"inLanguage":"fi","potentialAction":[{"@type":"ReadAction","target":["https:\/\/test.thermshop.ee\/fi\/tuote\/rusan-mar-fx-moduuliadapteri-kiintealla-kiinnityksella\/"]}]},{"@type":"ImageObject","inLanguage":"fi","@id":"https:\/\/test.thermshop.ee\/fi\/tuote\/rusan-mar-fx-moduuliadapteri-kiintealla-kiinnityksella\/#primaryimage","url":"https:\/\/test.thermshop.ee\/wp-content\/uploads\/2024\/10\/Kuj.-Kuj.-Kuj.-Hunt-335-1-koopia-koopia-koopia-26.jpg","contentUrl":"https:\/\/test.thermshop.ee\/wp-content\/uploads\/2024\/10\/Kuj.-Kuj.-Kuj.-Hunt-335-1-koopia-koopia-koopia-26.jpg","width":1000,"height":1000},{"@type":"BreadcrumbList","@id":"https:\/\/test.thermshop.ee\/fi\/tuote\/rusan-mar-fx-moduuliadapteri-kiintealla-kiinnityksella\/#breadcrumb","itemListElement":[{"@type":"ListItem","position":1,"name":"Home","item":"https:\/\/test.thermshop.ee\/fi\/"},{"@type":"ListItem","position":2,"name":"Verkkokauppa","item":"https:\/\/test.thermshop.ee\/e-pood\/"},{"@type":"ListItem","position":3,"name":"Rusan MAR-FX moduuliadapteri kiinte\u00e4ll\u00e4 kiinnityksell\u00e4"}]},{"@type":"WebSite","@id":"https:\/\/test.thermshop.ee\/fi\/#website","url":"https:\/\/test.thermshop.ee\/fi\/","name":"Thermshop pakub kvaliteetseid termoseadmeid","description":"Thermshop","publisher":{"@id":"https:\/\/test.thermshop.ee\/fi\/#organization"},"potentialAction":[{"@type":"SearchAction","target":{"@type":"EntryPoint","urlTemplate":"https:\/\/test.thermshop.ee\/fi\/?s={search_term_string}"},"query-input":{"@type":"PropertyValueSpecification","valueRequired":true,"valueName":"search_term_string"}}],"inLanguage":"fi"},{"@type":"Organization","@id":"https:\/\/test.thermshop.ee\/fi\/#organization","name":"Thermshop","url":"https:\/\/test.thermshop.ee\/fi\/","logo":{"@type":"ImageObject","inLanguage":"fi","@id":"https:\/\/test.thermshop.ee\/fi\/#\/schema\/logo\/image\/","url":"https:\/\/test.thermshop.ee\/wp-content\/uploads\/2024\/10\/Nimetu-kujundus-12.png","contentUrl":"https:\/\/test.thermshop.ee\/wp-content\/uploads\/2024\/10\/Nimetu-kujundus-12.png","width":500,"height":500,"caption":"Thermshop"},"image":{"@id":"https:\/\/test.thermshop.ee\/fi\/#\/schema\/logo\/image\/"},"sameAs":["https:\/\/www.facebook.com\/profile.php?id=61554520052746"]}]}},"_links":{"self":[{"href":"https:\/\/test.thermshop.ee\/fi\/wp-json\/wp\/v2\/product\/5342","targetHints":{"allow":["GET"]}}],"collection":[{"href":"https:\/\/test.thermshop.ee\/fi\/wp-json\/wp\/v2\/product"}],"about":[{"href":"https:\/\/test.thermshop.ee\/fi\/wp-json\/wp\/v2\/types\/product"}],"wp:featuredmedia":[{"embeddable":true,"href":"https:\/\/test.thermshop.ee\/fi\/wp-json\/wp\/v2\/media\/4482"}],"wp:attachment":[{"href":"https:\/\/test.thermshop.ee\/fi\/wp-json\/wp\/v2\/media?parent=5342"}],"wp:term":[{"taxonomy":"product_brand","embeddable":true,"href":"https:\/\/test.thermshop.ee\/fi\/wp-json\/wp\/v2\/product_brand?post=5342"},{"taxonomy":"product_cat","embeddable":true,"href":"https:\/\/test.thermshop.ee\/fi\/wp-json\/wp\/v2\/product_cat?post=5342"},{"taxonomy":"product_tag","embeddable":true,"href":"https:\/\/test.thermshop.ee\/fi\/wp-json\/wp\/v2\/product_tag?post=5342"}],"curies":[{"name":"wp","href":"https:\/\/api.w.org\/{rel}","templated":true}]}}