{"id":5642,"date":"2024-09-26T03:49:14","date_gmt":"2024-09-26T03:49:14","guid":{"rendered":"https:\/\/test.thermshop.ee\/toode\/vidar-650-lrf\/"},"modified":"2024-10-29T09:37:51","modified_gmt":"2024-10-29T09:37:51","slug":"vidar-650-lrf","status":"publish","type":"product","link":"https:\/\/test.thermshop.ee\/fi\/tuote\/vidar-650-lrf\/","title":{"rendered":"VIDAR 650 LRF"},"content":{"rendered":"\t<div id=\"text-3499744684\" class=\"text\">\n\t\t\n<h2 class=\"uppercase\">Vidar 650 LRF<\/h2>\n<h3 class=\"thin-font\">ThermTec Vidar 650 LRF on kompakti ja suurilla akkuvoimakkuuksilla varustettu t\u00e4ht\u00e4in. 640\u00d7512, 12 \u00b5m (NETD \u226425 mK) anturi tuottaa k\u00e4ytt\u00e4j\u00e4lle ter\u00e4v\u00e4n kuvan. 50 Hz kuvataajuus ja 1024\u00d7768 resoluution OLED-n\u00e4ytt\u00f6 takaavat sulavan, katkeamattoman ja laadukkaan kuvan. Kohteiden et\u00e4isyys mitataan lasersiteerausmittarilla aina 1200 metriin asti. Laitteessa on 6 vaihdettavaa v\u00e4ripalettia, 5 tallennettavaa ballistista profiilia, kuva-kuvassa-toiminto, ballistinen laskin, 7 erilaista t\u00e4ht\u00e4inkohdistinvalintaa ja 64 Gt sis\u00e4ist\u00e4 muistia, mik\u00e4 tekee Vidar 650 LRF\u00e4 t\u00e4ydellisen kumppanin.    <\/h3>\n\t\t\n<style>\n#text-3499744684 {\n  font-size: 0.8rem;\n}\n<\/style>\n\t<\/div>\n\t\n\t<div id=\"gap-1167861885\" class=\"gap-element clearfix\" style=\"display:block; height:auto;\">\n\t\t\n<style>\n#gap-1167861885 {\n  padding-top: 30px;\n}\n<\/style>\n\t<\/div>\n\t\n\n\t<section class=\"section\" id=\"section_1516766682\">\n\t\t<div class=\"section-bg fill\" >\n\t\t\t\t\t\t\t\t\t\n\t\t\t\n\n\t\t<\/div>\n\n\t\t\n\n\t\t<div class=\"section-content relative\">\n\t\t\t\n<div class=\"text-center\"><div class=\"is-divider divider clearfix\" style=\"max-width:2000px;height:1px;\"><\/div><\/div>\n<div class=\"row row-large align-middle align-center\"  id=\"row-716792266\">\n\n\t<div id=\"col-52921297\" class=\"col medium-6 small-12 large-6\"  >\n\t\t\t\t<div class=\"col-inner text-left\"  >\n\t\t\t\n\t\t\t\n\t<div id=\"text-1492332353\" class=\"text\">\n\t\t\n<h2>V\u00e4ripalettivaihtoehdot<\/h2>\n<p>Miellytt\u00e4v\u00e4n visuaalisen l\u00e4mp\u00f6kuvakokemuksen saamiseksi on mahdollista k\u00e4ytt\u00e4\u00e4 kuutta eri v\u00e4ri\u00e4 ymp\u00e4rist\u00f6n ja s\u00e4\u00e4olosuhteiden mukaan. T\u00e4m\u00e4 ominaisuus helpottaa k\u00e4ytt\u00e4j\u00e4n n\u00e4k\u00f6kent\u00e4n tarkkailua, jolloin laite voidaan optimoida tietty\u00e4 teht\u00e4v\u00e4\u00e4 varten sek\u00e4 reagoida muuttuviin katseluolosuhteisiin.<br \/>\n\t\t\n<style>\n#text-1492332353 {\n  text-align: center;\n}\n<\/style>\n\t<\/div>\n\t\n\t\t<\/div>\n\t\t\t\t\t<\/div>\n\n\t\n\n\t<div id=\"col-859885380\" class=\"col medium-6 small-12 large-6\"  >\n\t\t\t\t<div class=\"col-inner\"  >\n\t\t\t\n\t\t\t\n\t<div class=\"img has-hover x md-x lg-x y md-y lg-y\" id=\"image_1600126302\">\n\t\t\t\t\t\t\t\t<div class=\"img-inner dark\" >\n\t\t\t<img loading=\"lazy\" decoding=\"async\" width=\"662\" height=\"400\" src=\"https:\/\/test.thermshop.ee\/wp-content\/uploads\/2024\/10\/Varvivalikud-Wild-662x400-1.jpg\" class=\"attachment-large size-large\" alt=\"\" srcset=\"https:\/\/test.thermshop.ee\/wp-content\/uploads\/2024\/10\/Varvivalikud-Wild-662x400-1.jpg 662w, https:\/\/test.thermshop.ee\/wp-content\/uploads\/2024\/10\/Varvivalikud-Wild-662x400-1-400x242.jpg 400w\" sizes=\"auto, (max-width: 662px) 100vw, 662px\" \/>\t\t\t\t\t\t\n\t\t\t\t\t<\/div>\n\t\t\t\t\t\t\t\t\n<style>\n#image_1600126302 {\n  width: 100%;\n}\n<\/style>\n\t<\/div>\n\t\n\t\t<\/div>\n\t\t\t\t\t<\/div>\n\n\t\n<\/div>\n<div class=\"text-center\"><div class=\"is-divider divider clearfix\" style=\"max-width:2000px;height:1px;\"><\/div><\/div>\n<div class=\"row row-large row-full-width align-middle\"  id=\"row-1263004608\">\n\n\t<div id=\"col-1667581807\" class=\"col medium-6 small-12 large-6\"  >\n\t\t\t\t<div class=\"col-inner\"  >\n\t\t\t\n\t\t\t\n\t<div class=\"img has-hover x md-x lg-x y md-y lg-y\" id=\"image_1809221931\">\n\t\t\t\t\t\t\t\t<div class=\"img-inner dark\" >\n\t\t\t<img loading=\"lazy\" decoding=\"async\" width=\"463\" height=\"250\" src=\"https:\/\/test.thermshop.ee\/wp-content\/uploads\/2024\/09\/Screenshot-2024-09-17-at-11.37.28.png\" class=\"attachment-large size-large\" alt=\"\" srcset=\"https:\/\/test.thermshop.ee\/wp-content\/uploads\/2024\/09\/Screenshot-2024-09-17-at-11.37.28.png 463w, https:\/\/test.thermshop.ee\/wp-content\/uploads\/2024\/09\/Screenshot-2024-09-17-at-11.37.28-400x216.png 400w\" sizes=\"auto, (max-width: 463px) 100vw, 463px\" \/>\t\t\t\t\t\t\n\t\t\t\t\t<\/div>\n\t\t\t\t\t\t\t\t\n<style>\n#image_1809221931 {\n  width: 100%;\n}\n<\/style>\n\t<\/div>\n\t\n\t\t<\/div>\n\t\t\t\t\t<\/div>\n\n\t\n\n\t<div id=\"col-252944151\" class=\"col medium-6 small-12 large-6 small-col-first\"  >\n\t\t\t\t<div class=\"col-inner text-left\"  >\n\t\t\t\n\t\t\t\n\t<div id=\"text-3256630269\" class=\"text\">\n\t\t\n<h2>T\u00e4ht\u00e4imen automaattinen nollaaminen<\/h2>\n<p>T\u00e4ht\u00e4inkohdistin siirtyy automaattisesti osumapintaan.<br \/>\n\t\t\n<style>\n#text-3256630269 {\n  text-align: center;\n}\n<\/style>\n\t<\/div>\n\t\n\t\t<\/div>\n\t\t\t\t\t<\/div>\n\n\t\n<\/div>\n<div class=\"text-center\"><div class=\"is-divider divider clearfix\" style=\"max-width:2000px;height:1px;\"><\/div><\/div>\n<div class=\"row\"  id=\"row-1466977243\">\n\n\t<div id=\"col-819622268\" class=\"col small-12 large-12\"  >\n\t\t\t\t<div class=\"col-inner\"  >\n\t\t\t\n\t\t\t\n\t<div id=\"text-4175067333\" class=\"text\">\n\t\t\n<h2>Laseret\u00e4isyysmittari<\/h2>\n<p>Lasersiteerausmittarin avulla on mahdollista mitata kohteiden et\u00e4isyys jopa 1200 metriin.<br \/>\n\t\t\n<style>\n#text-4175067333 {\n  text-align: center;\n}\n<\/style>\n\t<\/div>\n\t\n\t\t<\/div>\n\t\t\t\t\t<\/div>\n\n\t\n<\/div>\n<div class=\"text-center\"><div class=\"is-divider divider clearfix\" style=\"max-width:2000px;height:1px;\"><\/div><\/div>\n<div class=\"row\"  id=\"row-1751724514\">\n\n\t<div id=\"col-1538519933\" class=\"col small-12 large-12\"  >\n\t\t\t\t<div class=\"col-inner\"  >\n\t\t\t\n\t\t\t\n\t<div id=\"text-1376048552\" class=\"text\">\n\t\t\n<h2>Automaattinen kohteen tunnistus tai kohteen seuranta<\/h2>\n<p>Automaattisessa kohteen tunnistustilassa laite alkaa etsi\u00e4 kohteita, joiden l\u00e4mp\u00f6tila on korkein. On mahdollista vastaanottaa ilmoituksia muodostamalla yhteys ThermTec Outdoor sovellusohjelman kautta.<br \/>\n\t\t\n<style>\n#text-1376048552 {\n  text-align: center;\n}\n<\/style>\n\t<\/div>\n\t\n\t\t<\/div>\n\t\t\t\t\t<\/div>\n\n\t\n<\/div>\n<div class=\"text-center\"><div class=\"is-divider divider clearfix\" style=\"max-width:2000px;height:1px;\"><\/div><\/div>\n<div class=\"row\"  id=\"row-1529971344\">\n\n\t<div id=\"col-1983133738\" class=\"col small-12 large-12\"  >\n\t\t\t\t<div class=\"col-inner\"  >\n\t\t\t\n\t\t\t\n\t<div id=\"text-3923061111\" class=\"text\">\n\t\t\n<h2>Havaintoet\u00e4isyys jopa 3000 metri\u00e4<\/h2>\n<p>Vidar 650 LRF pystyy havaitsemaan ihmisen kokoisen kohteen (1,8\u00d70,5 m) jopa 3000 metrin et\u00e4isyydelt\u00e4.<br \/>\n\t\t\n<style>\n#text-3923061111 {\n  text-align: center;\n}\n<\/style>\n\t<\/div>\n\t\n\t\t<\/div>\n\t\t\t\t\t<\/div>\n\n\t\n<\/div>\n<div class=\"text-center\"><div class=\"is-divider divider clearfix\" style=\"max-width:2000px;height:1px;\"><\/div><\/div>\n<div class=\"row\"  id=\"row-532071788\">\n\n\t<div id=\"col-1231398038\" class=\"col small-12 large-12\"  >\n\t\t\t\t<div class=\"col-inner\"  >\n\t\t\t\n\t\t\t\n\t<div id=\"text-3992014216\" class=\"text\">\n\t\t\n<h2>Korkea l\u00e4mp\u00f6herkkyys<\/h2>\n<p>Eritt\u00e4in herkk\u00e4 l\u00e4mp\u00f6kuvasensori NEDT\u2264 25 mK (mit\u00e4 pienempi luku, sit\u00e4 herkempi sensori) takaa poikkeuksellisen kuvan selkeyden ja laadun. Thermtec Vidar 650 LRF voi havaita piilotetut kohteet ja vangita pienimm\u00e4tkin l\u00e4mp\u00f6tilan vaihtelut ankarissa s\u00e4\u00e4olosuhteissa, kuten sumussa ja sateessa.<br \/>\n\t\t\n<style>\n#text-3992014216 {\n  text-align: center;\n}\n<\/style>\n\t<\/div>\n\t\n\t\t<\/div>\n\t\t\t\t\t<\/div>\n\n\t\n<\/div>\n<div class=\"text-center\"><div class=\"is-divider divider clearfix\" style=\"max-width:2000px;height:1px;\"><\/div><\/div>\n<div class=\"row row-large row-full-width align-middle\"  id=\"row-1435621934\">\n\n\t<div id=\"col-1731181509\" class=\"col medium-6 small-12 large-6\"  >\n\t\t\t\t<div class=\"col-inner\"  >\n\t\t\t\n\t\t\t\n\t<div class=\"img has-hover x md-x lg-x y md-y lg-y\" id=\"image_262151190\">\n\t\t\t\t\t\t\t\t<div class=\"img-inner dark\" >\n\t\t\t<img loading=\"lazy\" decoding=\"async\" width=\"600\" height=\"443\" src=\"https:\/\/test.thermshop.ee\/wp-content\/uploads\/2024\/09\/pilt2-600x443-1.png\" class=\"attachment-large size-large\" alt=\"\" srcset=\"https:\/\/test.thermshop.ee\/wp-content\/uploads\/2024\/09\/pilt2-600x443-1.png 600w, https:\/\/test.thermshop.ee\/wp-content\/uploads\/2024\/09\/pilt2-600x443-1-400x295.png 400w, https:\/\/test.thermshop.ee\/wp-content\/uploads\/2024\/09\/pilt2-600x443-1-542x400.png 542w\" sizes=\"auto, (max-width: 600px) 100vw, 600px\" \/>\t\t\t\t\t\t\n\t\t\t\t\t<\/div>\n\t\t\t\t\t\t\t\t\n<style>\n#image_262151190 {\n  width: 100%;\n}\n<\/style>\n\t<\/div>\n\t\n\t\t<\/div>\n\t\t\t\t\t<\/div>\n\n\t\n\n\t<div id=\"col-399671379\" class=\"col medium-6 small-12 large-6 small-col-first\"  >\n\t\t\t\t<div class=\"col-inner text-left\"  >\n\t\t\t\n\t\t\t\n\t<div id=\"text-1436931484\" class=\"text\">\n\t\t\n<h2>Kuva-kuvassa-toiminto (Picture in picture)<\/h2>\n<p>Kuva-kuvassa-toiminnossa tarkasteltavaa kohdetta voi n\u00e4hd\u00e4 suurennettuna. Sit\u00e4 n\u00e4ytet\u00e4\u00e4n kuvan yl\u00e4osassa pienell\u00e4 alueella, joten n\u00e4k\u00f6kentt\u00e4 ei h\u00e4iri, vaikka kaksi kuvaa n\u00e4ytet\u00e4\u00e4n samanaikaisesti.<br \/>\n\t\t\n<style>\n#text-1436931484 {\n  text-align: center;\n}\n<\/style>\n\t<\/div>\n\t\n\t\t<\/div>\n\t\t\t\t\t<\/div>\n\n\t\n<\/div>\n<div class=\"text-center\"><div class=\"is-divider divider clearfix\" style=\"max-width:2000px;height:1px;\"><\/div><\/div>\n<div class=\"row row-large align-middle\"  id=\"row-393179063\">\n\n\t<div id=\"col-744589297\" class=\"col medium-6 small-12 large-6\"  >\n\t\t\t\t<div class=\"col-inner text-left\"  >\n\t\t\t\n\t\t\t\n\t<div id=\"text-3659613497\" class=\"text\">\n\t\t\n<h2>Tallentaminen ja liit\u00e4nn\u00e4t<\/h2>\n<p>Videon ja valokuvien ottaminen ei ole koskaan ollut n\u00e4in helppoa. Kevyell\u00e4 napin painalluksella voit tallentaa termokuvasi valokuvana tai videona. Lis\u00e4ksi voit jakaa tallennettuja videoita\/valokuvia sek\u00e4 reaaliaikaista kuvasiirtoa k\u00e4tev\u00e4sti \u201eSmart Thermal\u201c mobiilisovelluksen kautta muille. Laitteen 64 Gt sis\u00e4muistiin voi tallentaa tunteja videoita ja tuhansia kuvia. Mobiilisovelluksen kautta on eritt\u00e4in k\u00e4tev\u00e4\u00e4 p\u00e4ivitt\u00e4\u00e4 laitteen ohjelmistoa. Laite tukee kaksisuuntaista WiFi- ja Hotspot-yhteytt\u00e4.<\/p>\n\t\t\n<style>\n#text-3659613497 {\n  text-align: center;\n}\n<\/style>\n\t<\/div>\n\t\n\t\t<\/div>\n\t\t\t\t\t<\/div>\n\n\t\n\n\t<div id=\"col-472469148\" class=\"col medium-6 small-12 large-6\"  >\n\t\t\t\t<div class=\"col-inner\"  >\n\t\t\t\n\t\t\t\n\t<div class=\"img has-hover x md-x lg-x y md-y lg-y\" id=\"image_1478542010\">\n\t\t\t\t\t\t\t\t<div class=\"img-inner dark\" >\n\t\t\t<img loading=\"lazy\" decoding=\"async\" width=\"600\" height=\"247\" src=\"https:\/\/test.thermshop.ee\/wp-content\/uploads\/2024\/09\/Screenshot-2024-01-02-at-11.05.34-600x247-1.png\" class=\"attachment-large size-large\" alt=\"\" srcset=\"https:\/\/test.thermshop.ee\/wp-content\/uploads\/2024\/09\/Screenshot-2024-01-02-at-11.05.34-600x247-1.png 600w, https:\/\/test.thermshop.ee\/wp-content\/uploads\/2024\/09\/Screenshot-2024-01-02-at-11.05.34-600x247-1-400x165.png 400w\" sizes=\"auto, (max-width: 600px) 100vw, 600px\" \/>\t\t\t\t\t\t\n\t\t\t\t\t<\/div>\n\t\t\t\t\t\t\t\t\n<style>\n#image_1478542010 {\n  width: 100%;\n}\n<\/style>\n\t<\/div>\n\t\n\t\t<\/div>\n\t\t\t\t\t<\/div>\n\n\t\n<\/div>\n<div class=\"text-center\"><div class=\"is-divider divider clearfix\" style=\"max-width:2000px;height:1px;\"><\/div><\/div>\n<div class=\"row row-large row-full-width align-middle\"  id=\"row-204495477\">\n\n\t<div id=\"col-50070047\" class=\"col medium-6 small-12 large-6\"  >\n\t\t\t\t<div class=\"col-inner text-center\"  >\n\t\t\t\n\t\t\t\n\t<div class=\"img has-hover x md-x lg-x y md-y lg-y\" id=\"image_341514868\">\n\t\t\t\t\t\t\t\t<div class=\"img-inner dark\" >\n\t\t\t<img loading=\"lazy\" decoding=\"async\" width=\"293\" height=\"383\" src=\"https:\/\/test.thermshop.ee\/wp-content\/uploads\/2024\/09\/Picture-1.png\" class=\"attachment-large size-large\" alt=\"\" \/>\t\t\t\t\t\t\n\t\t\t\t\t<\/div>\n\t\t\t\t\t\t\t\t\n<style>\n#image_341514868 {\n  width: 39%;\n}\n<\/style>\n\t<\/div>\n\t\n\t\t<\/div>\n\t\t\t\t\t<\/div>\n\n\t\n\n\t<div id=\"col-929492193\" class=\"col medium-6 small-12 large-6 small-col-first\"  >\n\t\t\t\t<div class=\"col-inner text-left\"  >\n\t\t\t\n\t\t\t\n\t<div id=\"text-2160340151\" class=\"text\">\n\t\t\n<h2>Korkea suojausluokka IP67<\/h2>\n<p>Tuotteen runko on vedenpit\u00e4v\u00e4 1 metriin vedess\u00e4 (30 minuuttiin asti). Pudotuskest\u00e4vyys 1 metrin korkeudelta.<br \/>\n\t\t\n<style>\n#text-2160340151 {\n  text-align: center;\n}\n<\/style>\n\t<\/div>\n\t\n\t\t<\/div>\n\t\t\t\t\t<\/div>\n\n\t\n<\/div>\n<div class=\"text-center\"><div class=\"is-divider divider clearfix\" style=\"max-width:2000px;height:1px;\"><\/div><\/div>\n<div class=\"row\"  id=\"row-626738536\">\n\n\t<div id=\"col-1038093768\" class=\"col small-12 large-12\"  >\n\t\t\t\t<div class=\"col-inner\"  >\n\t\t\t\n\t\t\t\n\t<div id=\"text-1276979764\" class=\"text\">\n\t\t\n<h2>T\u00e4ydellinen muotoilu<\/h2>\n<p>Laite on suunniteltu kest\u00e4m\u00e4\u00e4n my\u00f6s kaikkein vaikeimmissa s\u00e4\u00e4olosuhteissa. Hyvin harkittujen painikkeiden avulla on helppo suorittaa erilaisia toimintoja laitteen valikoissa.<br \/>\n\t\t\n<style>\n#text-1276979764 {\n  text-align: center;\n}\n<\/style>\n\t<\/div>\n\t\n\t\t<\/div>\n\t\t\t\t\t<\/div>\n\n\t\n<\/div>\n<div class=\"text-center\"><div class=\"is-divider divider clearfix\" style=\"max-width:2000px;height:1px;\"><\/div><\/div>\n<div class=\"row\"  id=\"row-14591553\">\n\n\t<div id=\"col-506639782\" class=\"col small-12 large-12\"  >\n\t\t\t\t<div class=\"col-inner\"  >\n\t\t\t\n\t\t\t\n\t<div id=\"text-1252218603\" class=\"text\">\n\t\t\n<h2>Suuret tehoakut<\/h2>\n<p>Vaihdettavat suuret kapasiteetti omaavat akut takaavat huoletonta aktiivista k\u00e4ytt\u00f6kokemusta jopa 11 tunniksi. Tyhjien akkujen vuoksi ei j\u00e4\u00e4 en\u00e4\u00e4 yht\u00e4k\u00e4\u00e4n j\u00e4nnitt\u00e4v\u00e4\u00e4 hetke\u00e4 tallentamatta.<br \/>\n\t\t\n<style>\n#text-1252218603 {\n  text-align: center;\n}\n<\/style>\n\t<\/div>\n\t\n\t\t<\/div>\n\t\t\t\t\t<\/div>\n\n\t\n<\/div>\n<div class=\"text-center\"><div class=\"is-divider divider clearfix\" style=\"max-width:2000px;height:1px;\"><\/div><\/div>\n<div class=\"row\"  id=\"row-1548734244\">\n\n\t<div id=\"col-195842361\" class=\"col small-12 large-12\"  >\n\t\t\t\t<div class=\"col-inner\"  >\n\t\t\t\n\t\t\t\n\t<div id=\"text-813062182\" class=\"text\">\n\t\t\n<h2>T\u00e4ht\u00e4inkohdistimet<\/h2>\n<p>Voit valita itsellesi sopivimman t\u00e4ht\u00e4inkohdistimen seitsem\u00e4st\u00e4 eri vaihtoehdosta. T\u00e4ht\u00e4inkohdistimen v\u00e4rivaihtoehdot ovat musta tai valkoinen.<br \/>\n\t\t\n<style>\n#text-813062182 {\n  text-align: center;\n}\n<\/style>\n\t<\/div>\n\t\n\t\t<\/div>\n\t\t\t\t\t<\/div>\n\n\t\n<\/div>\n\t\t<\/div>\n\n\t\t\n<style>\n#section_1516766682 {\n  padding-top: 30px;\n  padding-bottom: 30px;\n}\n<\/style>\n\t<\/section>\n\t\n\t<div id=\"gap-1596386586\" class=\"gap-element clearfix\" style=\"display:block; height:auto;\">\n\t\t\n<style>\n#gap-1596386586 {\n  padding-top: 30px;\n}\n<\/style>\n\t<\/div>\n\t\n","protected":false},"excerpt":{"rendered":"<p>Monilla lis\u00e4ominaisuuksilla suorituskykyiset kiikarit\u00e4ht\u00e4imen l\u00e4mp\u00f6lis\u00e4osat, jotka eiv\u00e4t pet\u00e4 vaikeissa maastoissa tai ankarissa s\u00e4\u00e4olosuhteissa.<\/p>\n<p>&nbsp;<\/p>\n","protected":false},"featured_media":3265,"template":"","meta":{"_themeisle_gutenberg_block_has_review":false},"product_brand":[],"product_cat":[2191,490,722],"product_tag":[682,1722,525],"class_list":{"0":"post-5642","1":"product","2":"type-product","3":"status-publish","4":"has-post-thumbnail","6":"product_cat-thermtec-fi","7":"product_cat-lampokiikaritahtaimet","8":"product_cat-vidar-sarja","9":"product_tag-alennus","10":"product_tag-thermtec-fi","11":"product_tag-vidar-sarja","13":"first","14":"instock","15":"sale","16":"taxable","17":"shipping-taxable","18":"purchasable","19":"product-type-simple"},"yoast_head":"<!-- This site is optimized with the Yoast SEO plugin v26.7 - https:\/\/yoast.com\/wordpress\/plugins\/seo\/ -->\n<title>VIDAR 650 LRF<\/title>\n<meta name=\"description\" content=\"Monilla lis\u00e4ominaisuuksilla suorituskykyiset kiikarit\u00e4ht\u00e4imen l\u00e4mp\u00f6lis\u00e4osat, jotka eiv\u00e4t pet\u00e4 vaikeissa maastoissa tai ankarissa s\u00e4\u00e4olosuhteissa. &nbsp;\" \/>\n<meta name=\"robots\" content=\"index, follow, max-snippet:-1, max-image-preview:large, max-video-preview:-1\" \/>\n<link rel=\"canonical\" href=\"https:\/\/test.thermshop.ee\/fi\/tuote\/vidar-650-lrf\/\" \/>\n<meta property=\"og:locale\" content=\"fi_FI\" \/>\n<meta property=\"og:type\" content=\"article\" \/>\n<meta property=\"og:title\" content=\"VIDAR 650 LRF\" \/>\n<meta property=\"og:description\" content=\"Monilla lis\u00e4ominaisuuksilla suorituskykyiset kiikarit\u00e4ht\u00e4imen l\u00e4mp\u00f6lis\u00e4osat, jotka eiv\u00e4t pet\u00e4 vaikeissa maastoissa tai ankarissa s\u00e4\u00e4olosuhteissa. &nbsp;\" \/>\n<meta property=\"og:url\" content=\"https:\/\/test.thermshop.ee\/fi\/tuote\/vidar-650-lrf\/\" \/>\n<meta property=\"og:site_name\" content=\"Thermshop pakub kvaliteetseid termoseadmeid\" \/>\n<meta property=\"article:publisher\" content=\"https:\/\/www.facebook.com\/profile.php?id=61554520052746\" \/>\n<meta property=\"article:modified_time\" content=\"2024-10-29T09:37:51+00:00\" \/>\n<meta property=\"og:image\" content=\"https:\/\/test.thermshop.ee\/wp-content\/uploads\/2024\/09\/Thermtec-Vidar-650LRF-10.png\" \/>\n\t<meta property=\"og:image:width\" content=\"1000\" \/>\n\t<meta property=\"og:image:height\" content=\"1000\" \/>\n\t<meta property=\"og:image:type\" content=\"image\/png\" \/>\n<meta name=\"twitter:card\" content=\"summary_large_image\" \/>\n<meta name=\"twitter:label1\" content=\"Arvioitu lukuaika\" \/>\n\t<meta name=\"twitter:data1\" content=\"4 minuuttia\" \/>\n<script type=\"application\/ld+json\" class=\"yoast-schema-graph\">{\"@context\":\"https:\/\/schema.org\",\"@graph\":[{\"@type\":\"WebPage\",\"@id\":\"https:\/\/test.thermshop.ee\/fi\/tuote\/vidar-650-lrf\/\",\"url\":\"https:\/\/test.thermshop.ee\/fi\/tuote\/vidar-650-lrf\/\",\"name\":\"VIDAR 650 LRF\",\"isPartOf\":{\"@id\":\"https:\/\/test.thermshop.ee\/fi\/#website\"},\"primaryImageOfPage\":{\"@id\":\"https:\/\/test.thermshop.ee\/fi\/tuote\/vidar-650-lrf\/#primaryimage\"},\"image\":{\"@id\":\"https:\/\/test.thermshop.ee\/fi\/tuote\/vidar-650-lrf\/#primaryimage\"},\"thumbnailUrl\":\"https:\/\/test.thermshop.ee\/wp-content\/uploads\/2024\/09\/Thermtec-Vidar-650LRF-10.png\",\"datePublished\":\"2024-09-26T03:49:14+00:00\",\"dateModified\":\"2024-10-29T09:37:51+00:00\",\"description\":\"Monilla lis\u00e4ominaisuuksilla suorituskykyiset kiikarit\u00e4ht\u00e4imen l\u00e4mp\u00f6lis\u00e4osat, jotka eiv\u00e4t pet\u00e4 vaikeissa maastoissa tai ankarissa s\u00e4\u00e4olosuhteissa. &nbsp;\",\"breadcrumb\":{\"@id\":\"https:\/\/test.thermshop.ee\/fi\/tuote\/vidar-650-lrf\/#breadcrumb\"},\"inLanguage\":\"fi\",\"potentialAction\":[{\"@type\":\"ReadAction\",\"target\":[\"https:\/\/test.thermshop.ee\/fi\/tuote\/vidar-650-lrf\/\"]}]},{\"@type\":\"ImageObject\",\"inLanguage\":\"fi\",\"@id\":\"https:\/\/test.thermshop.ee\/fi\/tuote\/vidar-650-lrf\/#primaryimage\",\"url\":\"https:\/\/test.thermshop.ee\/wp-content\/uploads\/2024\/09\/Thermtec-Vidar-650LRF-10.png\",\"contentUrl\":\"https:\/\/test.thermshop.ee\/wp-content\/uploads\/2024\/09\/Thermtec-Vidar-650LRF-10.png\",\"width\":1000,\"height\":1000},{\"@type\":\"BreadcrumbList\",\"@id\":\"https:\/\/test.thermshop.ee\/fi\/tuote\/vidar-650-lrf\/#breadcrumb\",\"itemListElement\":[{\"@type\":\"ListItem\",\"position\":1,\"name\":\"Home\",\"item\":\"https:\/\/test.thermshop.ee\/fi\/\"},{\"@type\":\"ListItem\",\"position\":2,\"name\":\"Verkkokauppa\",\"item\":\"https:\/\/test.thermshop.ee\/e-pood\/\"},{\"@type\":\"ListItem\",\"position\":3,\"name\":\"VIDAR 650 LRF\"}]},{\"@type\":\"WebSite\",\"@id\":\"https:\/\/test.thermshop.ee\/fi\/#website\",\"url\":\"https:\/\/test.thermshop.ee\/fi\/\",\"name\":\"Thermshop pakub kvaliteetseid termoseadmeid\",\"description\":\"Thermshop\",\"publisher\":{\"@id\":\"https:\/\/test.thermshop.ee\/fi\/#organization\"},\"potentialAction\":[{\"@type\":\"SearchAction\",\"target\":{\"@type\":\"EntryPoint\",\"urlTemplate\":\"https:\/\/test.thermshop.ee\/fi\/?s={search_term_string}\"},\"query-input\":{\"@type\":\"PropertyValueSpecification\",\"valueRequired\":true,\"valueName\":\"search_term_string\"}}],\"inLanguage\":\"fi\"},{\"@type\":\"Organization\",\"@id\":\"https:\/\/test.thermshop.ee\/fi\/#organization\",\"name\":\"Thermshop\",\"url\":\"https:\/\/test.thermshop.ee\/fi\/\",\"logo\":{\"@type\":\"ImageObject\",\"inLanguage\":\"fi\",\"@id\":\"https:\/\/test.thermshop.ee\/fi\/#\/schema\/logo\/image\/\",\"url\":\"https:\/\/test.thermshop.ee\/wp-content\/uploads\/2024\/10\/Nimetu-kujundus-12.png\",\"contentUrl\":\"https:\/\/test.thermshop.ee\/wp-content\/uploads\/2024\/10\/Nimetu-kujundus-12.png\",\"width\":500,\"height\":500,\"caption\":\"Thermshop\"},\"image\":{\"@id\":\"https:\/\/test.thermshop.ee\/fi\/#\/schema\/logo\/image\/\"},\"sameAs\":[\"https:\/\/www.facebook.com\/profile.php?id=61554520052746\"]}]}<\/script>\n<!-- \/ Yoast SEO plugin. -->","yoast_head_json":{"title":"VIDAR 650 LRF","description":"Monilla lis\u00e4ominaisuuksilla suorituskykyiset kiikarit\u00e4ht\u00e4imen l\u00e4mp\u00f6lis\u00e4osat, jotka eiv\u00e4t pet\u00e4 vaikeissa maastoissa tai ankarissa s\u00e4\u00e4olosuhteissa. &nbsp;","robots":{"index":"index","follow":"follow","max-snippet":"max-snippet:-1","max-image-preview":"max-image-preview:large","max-video-preview":"max-video-preview:-1"},"canonical":"https:\/\/test.thermshop.ee\/fi\/tuote\/vidar-650-lrf\/","og_locale":"fi_FI","og_type":"article","og_title":"VIDAR 650 LRF","og_description":"Monilla lis\u00e4ominaisuuksilla suorituskykyiset kiikarit\u00e4ht\u00e4imen l\u00e4mp\u00f6lis\u00e4osat, jotka eiv\u00e4t pet\u00e4 vaikeissa maastoissa tai ankarissa s\u00e4\u00e4olosuhteissa. &nbsp;","og_url":"https:\/\/test.thermshop.ee\/fi\/tuote\/vidar-650-lrf\/","og_site_name":"Thermshop pakub kvaliteetseid termoseadmeid","article_publisher":"https:\/\/www.facebook.com\/profile.php?id=61554520052746","article_modified_time":"2024-10-29T09:37:51+00:00","og_image":[{"width":1000,"height":1000,"url":"https:\/\/test.thermshop.ee\/wp-content\/uploads\/2024\/09\/Thermtec-Vidar-650LRF-10.png","type":"image\/png"}],"twitter_card":"summary_large_image","twitter_misc":{"Arvioitu lukuaika":"4 minuuttia"},"schema":{"@context":"https:\/\/schema.org","@graph":[{"@type":"WebPage","@id":"https:\/\/test.thermshop.ee\/fi\/tuote\/vidar-650-lrf\/","url":"https:\/\/test.thermshop.ee\/fi\/tuote\/vidar-650-lrf\/","name":"VIDAR 650 LRF","isPartOf":{"@id":"https:\/\/test.thermshop.ee\/fi\/#website"},"primaryImageOfPage":{"@id":"https:\/\/test.thermshop.ee\/fi\/tuote\/vidar-650-lrf\/#primaryimage"},"image":{"@id":"https:\/\/test.thermshop.ee\/fi\/tuote\/vidar-650-lrf\/#primaryimage"},"thumbnailUrl":"https:\/\/test.thermshop.ee\/wp-content\/uploads\/2024\/09\/Thermtec-Vidar-650LRF-10.png","datePublished":"2024-09-26T03:49:14+00:00","dateModified":"2024-10-29T09:37:51+00:00","description":"Monilla lis\u00e4ominaisuuksilla suorituskykyiset kiikarit\u00e4ht\u00e4imen l\u00e4mp\u00f6lis\u00e4osat, jotka eiv\u00e4t pet\u00e4 vaikeissa maastoissa tai ankarissa s\u00e4\u00e4olosuhteissa. &nbsp;","breadcrumb":{"@id":"https:\/\/test.thermshop.ee\/fi\/tuote\/vidar-650-lrf\/#breadcrumb"},"inLanguage":"fi","potentialAction":[{"@type":"ReadAction","target":["https:\/\/test.thermshop.ee\/fi\/tuote\/vidar-650-lrf\/"]}]},{"@type":"ImageObject","inLanguage":"fi","@id":"https:\/\/test.thermshop.ee\/fi\/tuote\/vidar-650-lrf\/#primaryimage","url":"https:\/\/test.thermshop.ee\/wp-content\/uploads\/2024\/09\/Thermtec-Vidar-650LRF-10.png","contentUrl":"https:\/\/test.thermshop.ee\/wp-content\/uploads\/2024\/09\/Thermtec-Vidar-650LRF-10.png","width":1000,"height":1000},{"@type":"BreadcrumbList","@id":"https:\/\/test.thermshop.ee\/fi\/tuote\/vidar-650-lrf\/#breadcrumb","itemListElement":[{"@type":"ListItem","position":1,"name":"Home","item":"https:\/\/test.thermshop.ee\/fi\/"},{"@type":"ListItem","position":2,"name":"Verkkokauppa","item":"https:\/\/test.thermshop.ee\/e-pood\/"},{"@type":"ListItem","position":3,"name":"VIDAR 650 LRF"}]},{"@type":"WebSite","@id":"https:\/\/test.thermshop.ee\/fi\/#website","url":"https:\/\/test.thermshop.ee\/fi\/","name":"Thermshop pakub kvaliteetseid termoseadmeid","description":"Thermshop","publisher":{"@id":"https:\/\/test.thermshop.ee\/fi\/#organization"},"potentialAction":[{"@type":"SearchAction","target":{"@type":"EntryPoint","urlTemplate":"https:\/\/test.thermshop.ee\/fi\/?s={search_term_string}"},"query-input":{"@type":"PropertyValueSpecification","valueRequired":true,"valueName":"search_term_string"}}],"inLanguage":"fi"},{"@type":"Organization","@id":"https:\/\/test.thermshop.ee\/fi\/#organization","name":"Thermshop","url":"https:\/\/test.thermshop.ee\/fi\/","logo":{"@type":"ImageObject","inLanguage":"fi","@id":"https:\/\/test.thermshop.ee\/fi\/#\/schema\/logo\/image\/","url":"https:\/\/test.thermshop.ee\/wp-content\/uploads\/2024\/10\/Nimetu-kujundus-12.png","contentUrl":"https:\/\/test.thermshop.ee\/wp-content\/uploads\/2024\/10\/Nimetu-kujundus-12.png","width":500,"height":500,"caption":"Thermshop"},"image":{"@id":"https:\/\/test.thermshop.ee\/fi\/#\/schema\/logo\/image\/"},"sameAs":["https:\/\/www.facebook.com\/profile.php?id=61554520052746"]}]}},"_links":{"self":[{"href":"https:\/\/test.thermshop.ee\/fi\/wp-json\/wp\/v2\/product\/5642","targetHints":{"allow":["GET"]}}],"collection":[{"href":"https:\/\/test.thermshop.ee\/fi\/wp-json\/wp\/v2\/product"}],"about":[{"href":"https:\/\/test.thermshop.ee\/fi\/wp-json\/wp\/v2\/types\/product"}],"wp:featuredmedia":[{"embeddable":true,"href":"https:\/\/test.thermshop.ee\/fi\/wp-json\/wp\/v2\/media\/3265"}],"wp:attachment":[{"href":"https:\/\/test.thermshop.ee\/fi\/wp-json\/wp\/v2\/media?parent=5642"}],"wp:term":[{"taxonomy":"product_brand","embeddable":true,"href":"https:\/\/test.thermshop.ee\/fi\/wp-json\/wp\/v2\/product_brand?post=5642"},{"taxonomy":"product_cat","embeddable":true,"href":"https:\/\/test.thermshop.ee\/fi\/wp-json\/wp\/v2\/product_cat?post=5642"},{"taxonomy":"product_tag","embeddable":true,"href":"https:\/\/test.thermshop.ee\/fi\/wp-json\/wp\/v2\/product_tag?post=5642"}],"curies":[{"name":"wp","href":"https:\/\/api.w.org\/{rel}","templated":true}]}}