{"id":6896,"date":"2024-12-08T13:36:10","date_gmt":"2024-12-08T13:36:10","guid":{"rendered":"https:\/\/test.thermshop.ee\/?post_type=product&#038;p=6896"},"modified":"2025-01-07T09:03:15","modified_gmt":"2025-01-07T09:03:15","slug":"infiray-finder-sarjan-lampokameran-akku","status":"publish","type":"product","link":"https:\/\/test.thermshop.ee\/fi\/tuote\/infiray-finder-sarjan-lampokameran-akku\/","title":{"rendered":"InfiRay Finder-sarjan l\u00e4mp\u00f6kameran akku"},"content":{"rendered":"<p>Akun kapasiteetti 3100 mAh, sopii InfiRay Finder -sarjan l\u00e4mp\u00f6kameroille.<\/p>\n","protected":false},"excerpt":{"rendered":"<p>Akun kapasiteetti 3100 mAh, sopii InfiRay Finder -sarjan l\u00e4mp\u00f6kameroille.<\/p>\n","protected":false},"featured_media":6900,"template":"","meta":{"_themeisle_gutenberg_block_has_review":false},"product_brand":[],"product_cat":[491,505],"product_tag":[],"class_list":{"0":"post-6896","1":"product","2":"type-product","3":"status-publish","4":"has-post-thumbnail","6":"product_cat-tarvikkeet","7":"product_cat-virtapankit","9":"first","10":"instock","11":"taxable","12":"shipping-taxable","13":"purchasable","14":"product-type-simple"},"yoast_head":"<!-- This site is optimized with the Yoast SEO plugin v26.7 - https:\/\/yoast.com\/wordpress\/plugins\/seo\/ -->\n<title>InfiRay Finder-sarjan l\u00e4mp\u00f6kameran akku<\/title>\n<meta name=\"description\" content=\"Akun kapasiteetti 3100 mAh, sopii InfiRay Finder -sarjan l\u00e4mp\u00f6kameroille.\" \/>\n<meta name=\"robots\" content=\"index, follow, max-snippet:-1, max-image-preview:large, max-video-preview:-1\" \/>\n<link rel=\"canonical\" href=\"https:\/\/test.thermshop.ee\/fi\/tuote\/infiray-finder-sarjan-lampokameran-akku\/\" \/>\n<meta property=\"og:locale\" content=\"fi_FI\" \/>\n<meta property=\"og:type\" content=\"article\" \/>\n<meta property=\"og:title\" content=\"InfiRay Finder-sarjan l\u00e4mp\u00f6kameran akku\" \/>\n<meta property=\"og:description\" content=\"Akun kapasiteetti 3100 mAh, sopii InfiRay Finder -sarjan l\u00e4mp\u00f6kameroille.\" \/>\n<meta property=\"og:url\" content=\"https:\/\/test.thermshop.ee\/fi\/tuote\/infiray-finder-sarjan-lampokameran-akku\/\" \/>\n<meta property=\"og:site_name\" content=\"Thermshop pakub kvaliteetseid termoseadmeid\" \/>\n<meta property=\"article:publisher\" content=\"https:\/\/www.facebook.com\/profile.php?id=61554520052746\" \/>\n<meta property=\"article:modified_time\" content=\"2025-01-07T09:03:15+00:00\" \/>\n<meta property=\"og:image\" content=\"https:\/\/test.thermshop.ee\/wp-content\/uploads\/2024\/12\/finder-aku.png\" \/>\n\t<meta property=\"og:image:width\" content=\"400\" \/>\n\t<meta property=\"og:image:height\" content=\"332\" \/>\n\t<meta property=\"og:image:type\" content=\"image\/png\" \/>\n<meta name=\"twitter:card\" content=\"summary_large_image\" \/>\n<script type=\"application\/ld+json\" class=\"yoast-schema-graph\">{\"@context\":\"https:\/\/schema.org\",\"@graph\":[{\"@type\":\"WebPage\",\"@id\":\"https:\/\/test.thermshop.ee\/fi\/tuote\/infiray-finder-sarjan-lampokameran-akku\/\",\"url\":\"https:\/\/test.thermshop.ee\/fi\/tuote\/infiray-finder-sarjan-lampokameran-akku\/\",\"name\":\"InfiRay Finder-sarjan l\u00e4mp\u00f6kameran akku\",\"isPartOf\":{\"@id\":\"https:\/\/test.thermshop.ee\/fi\/#website\"},\"primaryImageOfPage\":{\"@id\":\"https:\/\/test.thermshop.ee\/fi\/tuote\/infiray-finder-sarjan-lampokameran-akku\/#primaryimage\"},\"image\":{\"@id\":\"https:\/\/test.thermshop.ee\/fi\/tuote\/infiray-finder-sarjan-lampokameran-akku\/#primaryimage\"},\"thumbnailUrl\":\"https:\/\/test.thermshop.ee\/wp-content\/uploads\/2024\/12\/finder-aku.png\",\"datePublished\":\"2024-12-08T13:36:10+00:00\",\"dateModified\":\"2025-01-07T09:03:15+00:00\",\"description\":\"Akun kapasiteetti 3100 mAh, sopii InfiRay Finder -sarjan l\u00e4mp\u00f6kameroille.\",\"breadcrumb\":{\"@id\":\"https:\/\/test.thermshop.ee\/fi\/tuote\/infiray-finder-sarjan-lampokameran-akku\/#breadcrumb\"},\"inLanguage\":\"fi\",\"potentialAction\":[{\"@type\":\"ReadAction\",\"target\":[\"https:\/\/test.thermshop.ee\/fi\/tuote\/infiray-finder-sarjan-lampokameran-akku\/\"]}]},{\"@type\":\"ImageObject\",\"inLanguage\":\"fi\",\"@id\":\"https:\/\/test.thermshop.ee\/fi\/tuote\/infiray-finder-sarjan-lampokameran-akku\/#primaryimage\",\"url\":\"https:\/\/test.thermshop.ee\/wp-content\/uploads\/2024\/12\/finder-aku.png\",\"contentUrl\":\"https:\/\/test.thermshop.ee\/wp-content\/uploads\/2024\/12\/finder-aku.png\",\"width\":400,\"height\":332},{\"@type\":\"BreadcrumbList\",\"@id\":\"https:\/\/test.thermshop.ee\/fi\/tuote\/infiray-finder-sarjan-lampokameran-akku\/#breadcrumb\",\"itemListElement\":[{\"@type\":\"ListItem\",\"position\":1,\"name\":\"Home\",\"item\":\"https:\/\/test.thermshop.ee\/fi\/\"},{\"@type\":\"ListItem\",\"position\":2,\"name\":\"Verkkokauppa\",\"item\":\"https:\/\/test.thermshop.ee\/e-pood\/\"},{\"@type\":\"ListItem\",\"position\":3,\"name\":\"InfiRay Finder-sarjan l\u00e4mp\u00f6kameran akku\"}]},{\"@type\":\"WebSite\",\"@id\":\"https:\/\/test.thermshop.ee\/fi\/#website\",\"url\":\"https:\/\/test.thermshop.ee\/fi\/\",\"name\":\"Thermshop pakub kvaliteetseid termoseadmeid\",\"description\":\"Thermshop\",\"publisher\":{\"@id\":\"https:\/\/test.thermshop.ee\/fi\/#organization\"},\"potentialAction\":[{\"@type\":\"SearchAction\",\"target\":{\"@type\":\"EntryPoint\",\"urlTemplate\":\"https:\/\/test.thermshop.ee\/fi\/?s={search_term_string}\"},\"query-input\":{\"@type\":\"PropertyValueSpecification\",\"valueRequired\":true,\"valueName\":\"search_term_string\"}}],\"inLanguage\":\"fi\"},{\"@type\":\"Organization\",\"@id\":\"https:\/\/test.thermshop.ee\/fi\/#organization\",\"name\":\"Thermshop\",\"url\":\"https:\/\/test.thermshop.ee\/fi\/\",\"logo\":{\"@type\":\"ImageObject\",\"inLanguage\":\"fi\",\"@id\":\"https:\/\/test.thermshop.ee\/fi\/#\/schema\/logo\/image\/\",\"url\":\"https:\/\/test.thermshop.ee\/wp-content\/uploads\/2024\/10\/Nimetu-kujundus-12.png\",\"contentUrl\":\"https:\/\/test.thermshop.ee\/wp-content\/uploads\/2024\/10\/Nimetu-kujundus-12.png\",\"width\":500,\"height\":500,\"caption\":\"Thermshop\"},\"image\":{\"@id\":\"https:\/\/test.thermshop.ee\/fi\/#\/schema\/logo\/image\/\"},\"sameAs\":[\"https:\/\/www.facebook.com\/profile.php?id=61554520052746\"]}]}<\/script>\n<!-- \/ Yoast SEO plugin. -->","yoast_head_json":{"title":"InfiRay Finder-sarjan l\u00e4mp\u00f6kameran akku","description":"Akun kapasiteetti 3100 mAh, sopii InfiRay Finder -sarjan l\u00e4mp\u00f6kameroille.","robots":{"index":"index","follow":"follow","max-snippet":"max-snippet:-1","max-image-preview":"max-image-preview:large","max-video-preview":"max-video-preview:-1"},"canonical":"https:\/\/test.thermshop.ee\/fi\/tuote\/infiray-finder-sarjan-lampokameran-akku\/","og_locale":"fi_FI","og_type":"article","og_title":"InfiRay Finder-sarjan l\u00e4mp\u00f6kameran akku","og_description":"Akun kapasiteetti 3100 mAh, sopii InfiRay Finder -sarjan l\u00e4mp\u00f6kameroille.","og_url":"https:\/\/test.thermshop.ee\/fi\/tuote\/infiray-finder-sarjan-lampokameran-akku\/","og_site_name":"Thermshop pakub kvaliteetseid termoseadmeid","article_publisher":"https:\/\/www.facebook.com\/profile.php?id=61554520052746","article_modified_time":"2025-01-07T09:03:15+00:00","og_image":[{"width":400,"height":332,"url":"https:\/\/test.thermshop.ee\/wp-content\/uploads\/2024\/12\/finder-aku.png","type":"image\/png"}],"twitter_card":"summary_large_image","schema":{"@context":"https:\/\/schema.org","@graph":[{"@type":"WebPage","@id":"https:\/\/test.thermshop.ee\/fi\/tuote\/infiray-finder-sarjan-lampokameran-akku\/","url":"https:\/\/test.thermshop.ee\/fi\/tuote\/infiray-finder-sarjan-lampokameran-akku\/","name":"InfiRay Finder-sarjan l\u00e4mp\u00f6kameran akku","isPartOf":{"@id":"https:\/\/test.thermshop.ee\/fi\/#website"},"primaryImageOfPage":{"@id":"https:\/\/test.thermshop.ee\/fi\/tuote\/infiray-finder-sarjan-lampokameran-akku\/#primaryimage"},"image":{"@id":"https:\/\/test.thermshop.ee\/fi\/tuote\/infiray-finder-sarjan-lampokameran-akku\/#primaryimage"},"thumbnailUrl":"https:\/\/test.thermshop.ee\/wp-content\/uploads\/2024\/12\/finder-aku.png","datePublished":"2024-12-08T13:36:10+00:00","dateModified":"2025-01-07T09:03:15+00:00","description":"Akun kapasiteetti 3100 mAh, sopii InfiRay Finder -sarjan l\u00e4mp\u00f6kameroille.","breadcrumb":{"@id":"https:\/\/test.thermshop.ee\/fi\/tuote\/infiray-finder-sarjan-lampokameran-akku\/#breadcrumb"},"inLanguage":"fi","potentialAction":[{"@type":"ReadAction","target":["https:\/\/test.thermshop.ee\/fi\/tuote\/infiray-finder-sarjan-lampokameran-akku\/"]}]},{"@type":"ImageObject","inLanguage":"fi","@id":"https:\/\/test.thermshop.ee\/fi\/tuote\/infiray-finder-sarjan-lampokameran-akku\/#primaryimage","url":"https:\/\/test.thermshop.ee\/wp-content\/uploads\/2024\/12\/finder-aku.png","contentUrl":"https:\/\/test.thermshop.ee\/wp-content\/uploads\/2024\/12\/finder-aku.png","width":400,"height":332},{"@type":"BreadcrumbList","@id":"https:\/\/test.thermshop.ee\/fi\/tuote\/infiray-finder-sarjan-lampokameran-akku\/#breadcrumb","itemListElement":[{"@type":"ListItem","position":1,"name":"Home","item":"https:\/\/test.thermshop.ee\/fi\/"},{"@type":"ListItem","position":2,"name":"Verkkokauppa","item":"https:\/\/test.thermshop.ee\/e-pood\/"},{"@type":"ListItem","position":3,"name":"InfiRay Finder-sarjan l\u00e4mp\u00f6kameran akku"}]},{"@type":"WebSite","@id":"https:\/\/test.thermshop.ee\/fi\/#website","url":"https:\/\/test.thermshop.ee\/fi\/","name":"Thermshop pakub kvaliteetseid termoseadmeid","description":"Thermshop","publisher":{"@id":"https:\/\/test.thermshop.ee\/fi\/#organization"},"potentialAction":[{"@type":"SearchAction","target":{"@type":"EntryPoint","urlTemplate":"https:\/\/test.thermshop.ee\/fi\/?s={search_term_string}"},"query-input":{"@type":"PropertyValueSpecification","valueRequired":true,"valueName":"search_term_string"}}],"inLanguage":"fi"},{"@type":"Organization","@id":"https:\/\/test.thermshop.ee\/fi\/#organization","name":"Thermshop","url":"https:\/\/test.thermshop.ee\/fi\/","logo":{"@type":"ImageObject","inLanguage":"fi","@id":"https:\/\/test.thermshop.ee\/fi\/#\/schema\/logo\/image\/","url":"https:\/\/test.thermshop.ee\/wp-content\/uploads\/2024\/10\/Nimetu-kujundus-12.png","contentUrl":"https:\/\/test.thermshop.ee\/wp-content\/uploads\/2024\/10\/Nimetu-kujundus-12.png","width":500,"height":500,"caption":"Thermshop"},"image":{"@id":"https:\/\/test.thermshop.ee\/fi\/#\/schema\/logo\/image\/"},"sameAs":["https:\/\/www.facebook.com\/profile.php?id=61554520052746"]}]}},"_links":{"self":[{"href":"https:\/\/test.thermshop.ee\/fi\/wp-json\/wp\/v2\/product\/6896","targetHints":{"allow":["GET"]}}],"collection":[{"href":"https:\/\/test.thermshop.ee\/fi\/wp-json\/wp\/v2\/product"}],"about":[{"href":"https:\/\/test.thermshop.ee\/fi\/wp-json\/wp\/v2\/types\/product"}],"wp:featuredmedia":[{"embeddable":true,"href":"https:\/\/test.thermshop.ee\/fi\/wp-json\/wp\/v2\/media\/6900"}],"wp:attachment":[{"href":"https:\/\/test.thermshop.ee\/fi\/wp-json\/wp\/v2\/media?parent=6896"}],"wp:term":[{"taxonomy":"product_brand","embeddable":true,"href":"https:\/\/test.thermshop.ee\/fi\/wp-json\/wp\/v2\/product_brand?post=6896"},{"taxonomy":"product_cat","embeddable":true,"href":"https:\/\/test.thermshop.ee\/fi\/wp-json\/wp\/v2\/product_cat?post=6896"},{"taxonomy":"product_tag","embeddable":true,"href":"https:\/\/test.thermshop.ee\/fi\/wp-json\/wp\/v2\/product_tag?post=6896"}],"curies":[{"name":"wp","href":"https:\/\/api.w.org\/{rel}","templated":true}]}}