{"id":8712,"date":"2025-01-19T06:39:36","date_gmt":"2025-01-19T06:39:36","guid":{"rendered":"https:\/\/test.thermshop.ee\/?post_type=product&#038;p=8712"},"modified":"2026-03-04T13:37:42","modified_gmt":"2026-03-04T13:37:42","slug":"infiray-mate-seeria-laserkaugusmootja","status":"publish","type":"product","link":"https:\/\/test.thermshop.ee\/fi\/tuote\/infiray-mate-seeria-laserkaugusmootja\/","title":{"rendered":"InfiRay MATE seeria laserkaugusm\u00f5\u00f5tja"},"content":{"rendered":"\t<div id=\"text-2608429456\" class=\"text\">\n\t\t\n<h2>Universaalsus<\/h2>\n<p>InfiRay ILR-1200-2 kaugusm\u00f5\u00f5tja ei ole lihtsalt t\u00e4pne vahend kauguse m\u00e4\u00e4ramiseks, vaid pakub ka mitmek\u00fclgseid lisav\u00f5imalusi. Seade v\u00f5ib toimida t\u00e4iendava toiteallikana Mate seeria tarvikute laadimiseks, mis muudab selle eriti praktiliseks pikemate kasutussessioonide korral. Kaugusm\u00f5\u00f5dik on varustatud vahetatava 18650 akuga, mida saab kasutada lisatoiteallikana, pikendades Mate seadme t\u00f6\u00f6aega kuni 5 tunni v\u00f5rra. See funktsionaalsus teeb sellest v\u00e4\u00e4rtusliku t\u00f6\u00f6riista mitte ainult m\u00f5\u00f5tmiste tegemiseks, vaid ka seadmete t\u00f6\u00f6kindluse tagamiseks n\u00f5udlikes olukordades.<br \/>\n\t\t\n<style>\n#text-2608429456 {\n  text-align: center;\n}\n<\/style>\n\t<\/div>\n\t\n<div class=\"text-center\"><div class=\"is-divider divider clearfix\" style=\"max-width:2000px;height:1px;\"><\/div><\/div>\n<div class=\"row row-large row-full-width align-middle\"  id=\"row-976912425\">\n\n\t<div id=\"col-69406209\" class=\"col medium-6 small-12 large-6\"  >\n\t\t\t\t<div class=\"col-inner text-center\"  >\n\t\t\t\n\t\t\t\n\t<div id=\"text-3444776435\" class=\"text\">\n\t\t\n<h2>T\u00e4psus<\/h2>\n<p>InfiRay ILR-1200-2 kaugusm\u00f5\u00f5tja on t\u00f5hus ja t\u00e4pne vahend, mis v\u00f5imaldab m\u00f5\u00f5ta kaugust sihtm\u00e4rgist maksimaalselt kuni 1200 meetrit, t\u00e4psusega \u00b11 m. See on usaldusv\u00e4\u00e4rne t\u00f6\u00f6riist erinevates tingimustes, pakkudes kiiret ja t\u00e4pset m\u00f5\u00f5tetulemust nii professionaalseks kui ka harrastuskasutuseks.<br \/>\n\t\t\n<style>\n#text-3444776435 {\n  text-align: center;\n}\n<\/style>\n\t<\/div>\n\t\n\t\t<\/div>\n\t\t\t\t\t<\/div>\n\n\t\n\n\t<div id=\"col-1119655992\" class=\"col medium-6 small-12 large-6 small-col-first\"  >\n\t\t\t\t<div class=\"col-inner text-left\"  >\n\t\t\t\n\t\t\t\n\t<div class=\"img has-hover x md-x lg-x y md-y lg-y\" id=\"image_838547812\">\n\t\t\t\t\t\t\t\t<div class=\"img-inner dark\" >\n\t\t\t<img loading=\"lazy\" decoding=\"async\" width=\"1020\" height=\"255\" src=\"https:\/\/test.thermshop.ee\/wp-content\/uploads\/2024\/12\/lrk-kaugus.png\" class=\"attachment-large size-large\" alt=\"\" srcset=\"https:\/\/test.thermshop.ee\/wp-content\/uploads\/2024\/12\/lrk-kaugus.png 1026w, https:\/\/test.thermshop.ee\/wp-content\/uploads\/2024\/12\/lrk-kaugus-800x200.png 800w, https:\/\/test.thermshop.ee\/wp-content\/uploads\/2024\/12\/lrk-kaugus-768x192.png 768w, https:\/\/test.thermshop.ee\/wp-content\/uploads\/2024\/12\/lrk-kaugus-400x100.png 400w\" sizes=\"auto, (max-width: 1020px) 100vw, 1020px\" \/>\t\t\t\t\t\t\n\t\t\t\t\t<\/div>\n\t\t\t\t\t\t\t\t\n<style>\n#image_838547812 {\n  width: 100%;\n}\n<\/style>\n\t<\/div>\n\t\n\t\t<\/div>\n\t\t\t\t\t<\/div>\n\n\t\n<\/div>\n<div class=\"row row-large row-full-width align-middle\"  id=\"row-493298801\">\n\n\t<div id=\"col-556169829\" class=\"col medium-6 small-12 large-6\"  >\n\t\t\t\t<div class=\"col-inner text-center\"  >\n\t\t\t\n\t\t\t\n\t<div class=\"img has-hover x md-x lg-x y md-y lg-y\" id=\"image_458169488\">\n\t\t\t\t\t\t\t\t<div class=\"img-inner dark\" >\n\t\t\t<img loading=\"lazy\" decoding=\"async\" width=\"800\" height=\"800\" src=\"https:\/\/test.thermshop.ee\/wp-content\/uploads\/2024\/12\/MATE-LRF-lisana-5-800x800.jpg\" class=\"attachment-large size-large\" alt=\"\" srcset=\"https:\/\/test.thermshop.ee\/wp-content\/uploads\/2024\/12\/MATE-LRF-lisana-5-800x800.jpg 800w, https:\/\/test.thermshop.ee\/wp-content\/uploads\/2024\/12\/MATE-LRF-lisana-5-400x400.jpg 400w, https:\/\/test.thermshop.ee\/wp-content\/uploads\/2024\/12\/MATE-LRF-lisana-5-280x280.jpg 280w, https:\/\/test.thermshop.ee\/wp-content\/uploads\/2024\/12\/MATE-LRF-lisana-5-768x768.jpg 768w, https:\/\/test.thermshop.ee\/wp-content\/uploads\/2024\/12\/MATE-LRF-lisana-5-300x300.jpg 300w, https:\/\/test.thermshop.ee\/wp-content\/uploads\/2024\/12\/MATE-LRF-lisana-5-100x100.jpg 100w, https:\/\/test.thermshop.ee\/wp-content\/uploads\/2024\/12\/MATE-LRF-lisana-5.jpg 1000w\" sizes=\"auto, (max-width: 800px) 100vw, 800px\" \/>\t\t\t\t\t\t\n\t\t\t\t\t<\/div>\n\t\t\t\t\t\t\t\t\n<style>\n#image_458169488 {\n  width: 58%;\n}\n<\/style>\n\t<\/div>\n\t\n\t\t<\/div>\n\t\t\t\t\t<\/div>\n\n\t\n\n\t<div id=\"col-127561154\" class=\"col medium-6 small-12 large-6 small-col-first\"  >\n\t\t\t\t<div class=\"col-inner text-left\"  >\n\t\t\t\n\t\t\t\n\t<div id=\"text-1497619331\" class=\"text\">\n\t\t\n<h2>\u00dchilduvus<\/h2>\n<p>InfiRay ILR-1200-2 kaugusm\u00f5\u00f5tur on spetsiaalselt loodud kasutamiseks koos MATE-seeria termoseadmetega, pakkudes nendele t\u00e4iendavat funktsionaalsust ja kasutusmugavust. T\u00e4nu oma t\u00e4psele kaugusem\u00f5\u00f5tmise v\u00f5imekusele, mis ulatub kuni 1200 meetrini t\u00e4psusega \u00b11 m, t\u00e4iendab see seade MATE-seeria termokaamerate v\u00f5imalusi.<\/p>\n\t\t\n<style>\n#text-1497619331 {\n  text-align: center;\n}\n<\/style>\n\t<\/div>\n\t\n\t\t<\/div>\n\t\t\t\t\t<\/div>\n\n\t\n<\/div>\n","protected":false},"excerpt":{"rendered":"<p>Universaalne Infiray laserkaugusm\u00f5\u00f5tja adapter on m\u00f5eldud MATE ja Clip seeria seadmetele. Sobib erineva l\u00e4bim\u00f5\u00f5duga optiliste sihikute jaoks.<\/p>\n","protected":false},"featured_media":6965,"template":"","meta":{"_themeisle_gutenberg_block_has_review":false},"product_brand":[],"product_cat":[321],"product_tag":[1588],"class_list":{"0":"post-8712","1":"product","2":"type-product","3":"status-publish","4":"has-post-thumbnail","6":"product_cat-lisatarvikud","7":"product_tag-infiray","9":"first","10":"outofstock","11":"taxable","12":"shipping-taxable","13":"purchasable","14":"product-type-simple"},"yoast_head":"<!-- This site is optimized with the Yoast SEO plugin v26.7 - https:\/\/yoast.com\/wordpress\/plugins\/seo\/ -->\n<title>InfiRay MATE seeria laserkaugusm\u00f5\u00f5tja<\/title>\n<meta name=\"description\" content=\"Universaalne Infiray laserkaugusm\u00f5\u00f5tja adapter on m\u00f5eldud MATE ja Clip seeria seadmetele. Sobib erineva l\u00e4bim\u00f5\u00f5duga optiliste sihikute jaoks.\" \/>\n<meta name=\"robots\" content=\"index, follow, max-snippet:-1, max-image-preview:large, max-video-preview:-1\" \/>\n<link rel=\"canonical\" href=\"https:\/\/test.thermshop.ee\/fi\/tuote\/infiray-mate-seeria-laserkaugusmootja\/\" \/>\n<meta property=\"og:locale\" content=\"fi_FI\" \/>\n<meta property=\"og:type\" content=\"article\" \/>\n<meta property=\"og:title\" content=\"InfiRay MATE seeria laserkaugusm\u00f5\u00f5tja\" \/>\n<meta property=\"og:description\" content=\"Universaalne Infiray laserkaugusm\u00f5\u00f5tja adapter on m\u00f5eldud MATE ja Clip seeria seadmetele. Sobib erineva l\u00e4bim\u00f5\u00f5duga optiliste sihikute jaoks.\" \/>\n<meta property=\"og:url\" content=\"https:\/\/test.thermshop.ee\/fi\/tuote\/infiray-mate-seeria-laserkaugusmootja\/\" \/>\n<meta property=\"og:site_name\" content=\"Thermshop pakub kvaliteetseid termoseadmeid\" \/>\n<meta property=\"article:publisher\" content=\"https:\/\/www.facebook.com\/profile.php?id=61554520052746\" \/>\n<meta property=\"article:modified_time\" content=\"2026-03-04T13:37:42+00:00\" \/>\n<meta property=\"og:image\" content=\"https:\/\/test.thermshop.ee\/wp-content\/uploads\/2024\/12\/MATE-LRF-lisana-6.png\" \/>\n\t<meta property=\"og:image:width\" content=\"1000\" \/>\n\t<meta property=\"og:image:height\" content=\"1000\" \/>\n\t<meta property=\"og:image:type\" content=\"image\/png\" \/>\n<meta name=\"twitter:card\" content=\"summary_large_image\" \/>\n<meta name=\"twitter:label1\" content=\"Arvioitu lukuaika\" \/>\n\t<meta name=\"twitter:data1\" content=\"2 minuuttia\" \/>\n<script type=\"application\/ld+json\" class=\"yoast-schema-graph\">{\"@context\":\"https:\/\/schema.org\",\"@graph\":[{\"@type\":\"WebPage\",\"@id\":\"https:\/\/test.thermshop.ee\/fi\/tuote\/infiray-mate-seeria-laserkaugusmootja\/\",\"url\":\"https:\/\/test.thermshop.ee\/fi\/tuote\/infiray-mate-seeria-laserkaugusmootja\/\",\"name\":\"InfiRay MATE seeria laserkaugusm\u00f5\u00f5tja\",\"isPartOf\":{\"@id\":\"https:\/\/test.thermshop.ee\/fi\/#website\"},\"primaryImageOfPage\":{\"@id\":\"https:\/\/test.thermshop.ee\/fi\/tuote\/infiray-mate-seeria-laserkaugusmootja\/#primaryimage\"},\"image\":{\"@id\":\"https:\/\/test.thermshop.ee\/fi\/tuote\/infiray-mate-seeria-laserkaugusmootja\/#primaryimage\"},\"thumbnailUrl\":\"https:\/\/test.thermshop.ee\/wp-content\/uploads\/2024\/12\/MATE-LRF-lisana-6.png\",\"datePublished\":\"2025-01-19T06:39:36+00:00\",\"dateModified\":\"2026-03-04T13:37:42+00:00\",\"description\":\"Universaalne Infiray laserkaugusm\u00f5\u00f5tja adapter on m\u00f5eldud MATE ja Clip seeria seadmetele. Sobib erineva l\u00e4bim\u00f5\u00f5duga optiliste sihikute jaoks.\",\"breadcrumb\":{\"@id\":\"https:\/\/test.thermshop.ee\/fi\/tuote\/infiray-mate-seeria-laserkaugusmootja\/#breadcrumb\"},\"inLanguage\":\"fi\",\"potentialAction\":[{\"@type\":\"ReadAction\",\"target\":[\"https:\/\/test.thermshop.ee\/fi\/tuote\/infiray-mate-seeria-laserkaugusmootja\/\"]}]},{\"@type\":\"ImageObject\",\"inLanguage\":\"fi\",\"@id\":\"https:\/\/test.thermshop.ee\/fi\/tuote\/infiray-mate-seeria-laserkaugusmootja\/#primaryimage\",\"url\":\"https:\/\/test.thermshop.ee\/wp-content\/uploads\/2024\/12\/MATE-LRF-lisana-6.png\",\"contentUrl\":\"https:\/\/test.thermshop.ee\/wp-content\/uploads\/2024\/12\/MATE-LRF-lisana-6.png\",\"width\":1000,\"height\":1000},{\"@type\":\"BreadcrumbList\",\"@id\":\"https:\/\/test.thermshop.ee\/fi\/tuote\/infiray-mate-seeria-laserkaugusmootja\/#breadcrumb\",\"itemListElement\":[{\"@type\":\"ListItem\",\"position\":1,\"name\":\"Home\",\"item\":\"https:\/\/test.thermshop.ee\/fi\/\"},{\"@type\":\"ListItem\",\"position\":2,\"name\":\"Verkkokauppa\",\"item\":\"https:\/\/test.thermshop.ee\/e-pood\/\"},{\"@type\":\"ListItem\",\"position\":3,\"name\":\"InfiRay MATE seeria laserkaugusm\u00f5\u00f5tja\"}]},{\"@type\":\"WebSite\",\"@id\":\"https:\/\/test.thermshop.ee\/fi\/#website\",\"url\":\"https:\/\/test.thermshop.ee\/fi\/\",\"name\":\"Thermshop pakub kvaliteetseid termoseadmeid\",\"description\":\"Thermshop\",\"publisher\":{\"@id\":\"https:\/\/test.thermshop.ee\/fi\/#organization\"},\"potentialAction\":[{\"@type\":\"SearchAction\",\"target\":{\"@type\":\"EntryPoint\",\"urlTemplate\":\"https:\/\/test.thermshop.ee\/fi\/?s={search_term_string}\"},\"query-input\":{\"@type\":\"PropertyValueSpecification\",\"valueRequired\":true,\"valueName\":\"search_term_string\"}}],\"inLanguage\":\"fi\"},{\"@type\":\"Organization\",\"@id\":\"https:\/\/test.thermshop.ee\/fi\/#organization\",\"name\":\"Thermshop\",\"url\":\"https:\/\/test.thermshop.ee\/fi\/\",\"logo\":{\"@type\":\"ImageObject\",\"inLanguage\":\"fi\",\"@id\":\"https:\/\/test.thermshop.ee\/fi\/#\/schema\/logo\/image\/\",\"url\":\"https:\/\/test.thermshop.ee\/wp-content\/uploads\/2024\/10\/Nimetu-kujundus-12.png\",\"contentUrl\":\"https:\/\/test.thermshop.ee\/wp-content\/uploads\/2024\/10\/Nimetu-kujundus-12.png\",\"width\":500,\"height\":500,\"caption\":\"Thermshop\"},\"image\":{\"@id\":\"https:\/\/test.thermshop.ee\/fi\/#\/schema\/logo\/image\/\"},\"sameAs\":[\"https:\/\/www.facebook.com\/profile.php?id=61554520052746\"]}]}<\/script>\n<!-- \/ Yoast SEO plugin. -->","yoast_head_json":{"title":"InfiRay MATE seeria laserkaugusm\u00f5\u00f5tja","description":"Universaalne Infiray laserkaugusm\u00f5\u00f5tja adapter on m\u00f5eldud MATE ja Clip seeria seadmetele. Sobib erineva l\u00e4bim\u00f5\u00f5duga optiliste sihikute jaoks.","robots":{"index":"index","follow":"follow","max-snippet":"max-snippet:-1","max-image-preview":"max-image-preview:large","max-video-preview":"max-video-preview:-1"},"canonical":"https:\/\/test.thermshop.ee\/fi\/tuote\/infiray-mate-seeria-laserkaugusmootja\/","og_locale":"fi_FI","og_type":"article","og_title":"InfiRay MATE seeria laserkaugusm\u00f5\u00f5tja","og_description":"Universaalne Infiray laserkaugusm\u00f5\u00f5tja adapter on m\u00f5eldud MATE ja Clip seeria seadmetele. Sobib erineva l\u00e4bim\u00f5\u00f5duga optiliste sihikute jaoks.","og_url":"https:\/\/test.thermshop.ee\/fi\/tuote\/infiray-mate-seeria-laserkaugusmootja\/","og_site_name":"Thermshop pakub kvaliteetseid termoseadmeid","article_publisher":"https:\/\/www.facebook.com\/profile.php?id=61554520052746","article_modified_time":"2026-03-04T13:37:42+00:00","og_image":[{"width":1000,"height":1000,"url":"https:\/\/test.thermshop.ee\/wp-content\/uploads\/2024\/12\/MATE-LRF-lisana-6.png","type":"image\/png"}],"twitter_card":"summary_large_image","twitter_misc":{"Arvioitu lukuaika":"2 minuuttia"},"schema":{"@context":"https:\/\/schema.org","@graph":[{"@type":"WebPage","@id":"https:\/\/test.thermshop.ee\/fi\/tuote\/infiray-mate-seeria-laserkaugusmootja\/","url":"https:\/\/test.thermshop.ee\/fi\/tuote\/infiray-mate-seeria-laserkaugusmootja\/","name":"InfiRay MATE seeria laserkaugusm\u00f5\u00f5tja","isPartOf":{"@id":"https:\/\/test.thermshop.ee\/fi\/#website"},"primaryImageOfPage":{"@id":"https:\/\/test.thermshop.ee\/fi\/tuote\/infiray-mate-seeria-laserkaugusmootja\/#primaryimage"},"image":{"@id":"https:\/\/test.thermshop.ee\/fi\/tuote\/infiray-mate-seeria-laserkaugusmootja\/#primaryimage"},"thumbnailUrl":"https:\/\/test.thermshop.ee\/wp-content\/uploads\/2024\/12\/MATE-LRF-lisana-6.png","datePublished":"2025-01-19T06:39:36+00:00","dateModified":"2026-03-04T13:37:42+00:00","description":"Universaalne Infiray laserkaugusm\u00f5\u00f5tja adapter on m\u00f5eldud MATE ja Clip seeria seadmetele. Sobib erineva l\u00e4bim\u00f5\u00f5duga optiliste sihikute jaoks.","breadcrumb":{"@id":"https:\/\/test.thermshop.ee\/fi\/tuote\/infiray-mate-seeria-laserkaugusmootja\/#breadcrumb"},"inLanguage":"fi","potentialAction":[{"@type":"ReadAction","target":["https:\/\/test.thermshop.ee\/fi\/tuote\/infiray-mate-seeria-laserkaugusmootja\/"]}]},{"@type":"ImageObject","inLanguage":"fi","@id":"https:\/\/test.thermshop.ee\/fi\/tuote\/infiray-mate-seeria-laserkaugusmootja\/#primaryimage","url":"https:\/\/test.thermshop.ee\/wp-content\/uploads\/2024\/12\/MATE-LRF-lisana-6.png","contentUrl":"https:\/\/test.thermshop.ee\/wp-content\/uploads\/2024\/12\/MATE-LRF-lisana-6.png","width":1000,"height":1000},{"@type":"BreadcrumbList","@id":"https:\/\/test.thermshop.ee\/fi\/tuote\/infiray-mate-seeria-laserkaugusmootja\/#breadcrumb","itemListElement":[{"@type":"ListItem","position":1,"name":"Home","item":"https:\/\/test.thermshop.ee\/fi\/"},{"@type":"ListItem","position":2,"name":"Verkkokauppa","item":"https:\/\/test.thermshop.ee\/e-pood\/"},{"@type":"ListItem","position":3,"name":"InfiRay MATE seeria laserkaugusm\u00f5\u00f5tja"}]},{"@type":"WebSite","@id":"https:\/\/test.thermshop.ee\/fi\/#website","url":"https:\/\/test.thermshop.ee\/fi\/","name":"Thermshop pakub kvaliteetseid termoseadmeid","description":"Thermshop","publisher":{"@id":"https:\/\/test.thermshop.ee\/fi\/#organization"},"potentialAction":[{"@type":"SearchAction","target":{"@type":"EntryPoint","urlTemplate":"https:\/\/test.thermshop.ee\/fi\/?s={search_term_string}"},"query-input":{"@type":"PropertyValueSpecification","valueRequired":true,"valueName":"search_term_string"}}],"inLanguage":"fi"},{"@type":"Organization","@id":"https:\/\/test.thermshop.ee\/fi\/#organization","name":"Thermshop","url":"https:\/\/test.thermshop.ee\/fi\/","logo":{"@type":"ImageObject","inLanguage":"fi","@id":"https:\/\/test.thermshop.ee\/fi\/#\/schema\/logo\/image\/","url":"https:\/\/test.thermshop.ee\/wp-content\/uploads\/2024\/10\/Nimetu-kujundus-12.png","contentUrl":"https:\/\/test.thermshop.ee\/wp-content\/uploads\/2024\/10\/Nimetu-kujundus-12.png","width":500,"height":500,"caption":"Thermshop"},"image":{"@id":"https:\/\/test.thermshop.ee\/fi\/#\/schema\/logo\/image\/"},"sameAs":["https:\/\/www.facebook.com\/profile.php?id=61554520052746"]}]}},"_links":{"self":[{"href":"https:\/\/test.thermshop.ee\/fi\/wp-json\/wp\/v2\/product\/8712","targetHints":{"allow":["GET"]}}],"collection":[{"href":"https:\/\/test.thermshop.ee\/fi\/wp-json\/wp\/v2\/product"}],"about":[{"href":"https:\/\/test.thermshop.ee\/fi\/wp-json\/wp\/v2\/types\/product"}],"wp:featuredmedia":[{"embeddable":true,"href":"https:\/\/test.thermshop.ee\/fi\/wp-json\/wp\/v2\/media\/6965"}],"wp:attachment":[{"href":"https:\/\/test.thermshop.ee\/fi\/wp-json\/wp\/v2\/media?parent=8712"}],"wp:term":[{"taxonomy":"product_brand","embeddable":true,"href":"https:\/\/test.thermshop.ee\/fi\/wp-json\/wp\/v2\/product_brand?post=8712"},{"taxonomy":"product_cat","embeddable":true,"href":"https:\/\/test.thermshop.ee\/fi\/wp-json\/wp\/v2\/product_cat?post=8712"},{"taxonomy":"product_tag","embeddable":true,"href":"https:\/\/test.thermshop.ee\/fi\/wp-json\/wp\/v2\/product_tag?post=8712"}],"curies":[{"name":"wp","href":"https:\/\/api.w.org\/{rel}","templated":true}]}}